{"id":8278,"date":"2021-02-03T17:09:58","date_gmt":"2021-02-03T16:09:58","guid":{"rendered":"https:\/\/cream-deluxe.com\/?page_id=8278"},"modified":"2021-02-03T17:13:14","modified_gmt":"2021-02-03T16:13:14","slug":"legal-policy","status":"publish","type":"page","link":"https:\/\/cream-deluxe.com\/se\/legal-policy\/","title":{"rendered":"Juridisk politik"},"content":{"rendered":"<div data-elementor-type=\"wp-page\" data-elementor-id=\"8278\" class=\"elementor elementor-8278\" data-elementor-post-type=\"page\">\n\t\t\t\t\t\t<section class=\"elementor-section elementor-top-section elementor-element elementor-element-2cbe0128 elementor-section-boxed elementor-section-height-default elementor-section-height-default\" data-id=\"2cbe0128\" data-element_type=\"section\">\n\t\t\t\t\t\t<div class=\"elementor-container elementor-column-gap-default\">\n\t\t\t\t\t<div class=\"elementor-column elementor-col-100 elementor-top-column elementor-element elementor-element-c5ae15b\" data-id=\"c5ae15b\" data-element_type=\"column\">\n\t\t\t<div class=\"elementor-widget-wrap\">\n\t\t\t\t\t\t\t<\/div>\n\t\t<\/div>\n\t\t\t\t\t<\/div>\n\t\t<\/section>\n\t\t\t\t<section class=\"elementor-section elementor-top-section elementor-element elementor-element-9680bd7 elementor-section-boxed elementor-section-height-default elementor-section-height-default\" data-id=\"9680bd7\" data-element_type=\"section\">\n\t\t\t\t\t\t<div class=\"elementor-container elementor-column-gap-default\">\n\t\t\t\t\t<div class=\"elementor-column elementor-col-100 elementor-top-column elementor-element elementor-element-dcf421e\" data-id=\"dcf421e\" data-element_type=\"column\">\n\t\t\t<div class=\"elementor-widget-wrap elementor-element-populated\">\n\t\t\t\t\t\t<div class=\"elementor-element elementor-element-29972ac elementor-widget elementor-widget-heading\" data-id=\"29972ac\" data-element_type=\"widget\" data-widget_type=\"heading.default\">\n\t\t\t\t<div class=\"elementor-widget-container\">\n\t\t\t<style>\/*! elementor - v3.21.0 - 30-04-2024 *\/\n.elementor-heading-title{padding:0;margin:0;line-height:1}.elementor-widget-heading .elementor-heading-title[class*=elementor-size-]>a{color:inherit;font-size:inherit;line-height:inherit}.elementor-widget-heading .elementor-heading-title.elementor-size-small{font-size:15px}.elementor-widget-heading .elementor-heading-title.elementor-size-medium{font-size:19px}.elementor-widget-heading .elementor-heading-title.elementor-size-large{font-size:29px}.elementor-widget-heading .elementor-heading-title.elementor-size-xl{font-size:39px}.elementor-widget-heading .elementor-heading-title.elementor-size-xxl{font-size:59px}<\/style><h1 class=\"elementor-heading-title elementor-size-default\">Juridisk politik<\/h1>\t\t<\/div>\n\t\t\t\t<\/div>\n\t\t\t\t<div class=\"elementor-element elementor-element-031647e elementor-widget elementor-widget-text-editor\" data-id=\"031647e\" data-element_type=\"widget\" data-widget_type=\"text-editor.default\">\n\t\t\t\t<div class=\"elementor-widget-container\">\n\t\t\t<style>\/*! elementor - v3.21.0 - 30-04-2024 *\/\n.elementor-widget-text-editor.elementor-drop-cap-view-stacked .elementor-drop-cap{background-color:#69727d;color:#fff}.elementor-widget-text-editor.elementor-drop-cap-view-framed .elementor-drop-cap{color:#69727d;border:3px solid;background-color:transparent}.elementor-widget-text-editor:not(.elementor-drop-cap-view-default) .elementor-drop-cap{margin-top:8px}.elementor-widget-text-editor:not(.elementor-drop-cap-view-default) .elementor-drop-cap-letter{width:1em;height:1em}.elementor-widget-text-editor .elementor-drop-cap{float:left;text-align:center;line-height:1;font-size:50px}.elementor-widget-text-editor .elementor-drop-cap-letter{display:inline-block}<\/style>\t\t\t\t<p><strong>Uttalande 1.<\/strong> Jag bekr\u00e4ftar att jag f\u00f6rst\u00e5r att inandning av lustgas inneb\u00e4r en risk f\u00f6r allvarlig<br \/>konsekvenser f\u00f6r h\u00e4lsan. Riskerna omfattar narkos, kv\u00e4vning och eventuellt d\u00f6d.<\/p><p>\u00a0<\/p><p><strong>Uttalande 2.<\/strong> Jag bekr\u00e4ftar att jag \u00e4r den namngivna k\u00f6paren och att jag \u00e4r \u00f6ver 18 \u00e5r och agerar p\u00e5 uppdrag av det angivna f\u00f6retaget eller handelsf\u00f6retaget.<\/p><p>\u00a0<\/p><p><strong>Uttalande 3.<\/strong> Jag bekr\u00e4ftar att jag inte har f\u00f6r avsikt att missbruka varorna eller att jag inte har f\u00f6r avsikt att leverera varorna till n\u00e5gon som jag tror (i) har f\u00f6r avsikt att missbruka dessa produkter eller (ii) \u00e4r under 18 \u00e5r.<\/p><p>\u00a0<\/p><p><strong>Uttalande 4.<\/strong> Jag bekr\u00e4ftar att jag inte medvetet kommer att anv\u00e4nda eller s\u00e4lja dessa varor f\u00f6r deras psykoaktiva eller medicinska effekter.<\/p><p>\u00a0<\/p><p><strong>Uttalande 5.<\/strong> Jag bekr\u00e4ftar att jag kommer att vidta alla rimliga \u00e5tg\u00e4rder f\u00f6r att se till att varorna anv\u00e4nds.<br \/>endast i enlighet med tillverkarens anvisningar.<\/p><p>\u00a0<\/p><p><strong>Uttalande 6.<\/strong> Jag bekr\u00e4ftar att jag kommer att vidta alla rimliga \u00e5tg\u00e4rder f\u00f6r att se till att varorna f\u00f6rvaras p\u00e5 ett s\u00e4kert s\u00e4tt s\u00e5 att de inte \u00e4r tillg\u00e4ngliga f\u00f6r minder\u00e5riga eller missbrukare.<\/p><p>\u00a0<\/p><p><strong>Uttalande 7.<\/strong> Jag bekr\u00e4ftar att om jag planerar att s\u00e4lja varorna vidare, att all n\u00f6dv\u00e4ndig skyltning, m\u00e4rkning och m\u00e4rkning av varorna<br \/>och\/eller i den information som h\u00f6r till eller \u00e5tf\u00f6ljer varorna f\u00f6rklaras att de \u00e4r avsedda f\u00f6r cateringbruk.<br \/>och f\u00f6resl\u00e5r inte n\u00e5gon annan anv\u00e4ndning.<\/p><p>\u00a0<\/p><p><strong>Uttalande 8.<\/strong> Jag bekr\u00e4ftar att jag \u00e4r medveten om att lustgas \u00e4r farligt och att jag inte kommer att<br \/>att inte g\u00f6ra ingrepp i f\u00f6rpackningen f\u00f6r att d\u00f6lja n\u00e5gon av s\u00e4kerhetsuppgifterna och kommer att vidta alla n\u00f6dv\u00e4ndiga \u00e5tg\u00e4rder f\u00f6r att<br \/>\u00e5tg\u00e4rder f\u00f6r lagring och transport.<\/p><p>\u00a0<\/p><p><strong>Uttalande 9.<\/strong> Jag bekr\u00e4ftar att varorna ALDRIG kommer att tas ombord p\u00e5 n\u00e5gon typ av flygplan och jag kommer att vidta l\u00e4mpliga \u00e5tg\u00e4rder f\u00f6r att se till att alla som jag levererar varorna till i enlighet med detta uttalande vidtar samma f\u00f6rsiktighets\u00e5tg\u00e4rder.<\/p><p>\u00a0<\/p><p><strong>Uttalande 10.<\/strong> Jag bekr\u00e4ftar att N2O-laddningarna aldrig kommer att upphettas p\u00e5 n\u00e5got s\u00e4tt eller genomborras av<br \/>n\u00e5got annat \u00e4n en certifierad vispgr\u00e4ddemaskin och jag kommer att vidta vederb\u00f6rliga \u00e5tg\u00e4rder f\u00f6r att se till att alla som jag levererar Varorna till i enlighet med detta uttalande kommer att vidta samma \u00e5tg\u00e4rder.<br \/>f\u00f6rsiktighets\u00e5tg\u00e4rder.<\/p><p>\u00a0<\/p><p><strong>Uttalande 11.<\/strong> Jag bekr\u00e4ftar att jag f\u00f6rst\u00e5r att anv\u00e4ndningen av dessa Varor \u00e4r strikt begr\u00e4nsad till legitima och lagliga \u00e4ndam\u00e5l och jag samtycker till att f\u00f6lja fransk lag ... i till\u00e4mpliga delar.<br \/>och som uppdateras fr\u00e5n tid till annan.<\/p>\t\t\t\t\t\t<\/div>\n\t\t\t\t<\/div>\n\t\t\t\t\t<\/div>\n\t\t<\/div>\n\t\t\t\t\t<\/div>\n\t\t<\/section>\n\t\t\t\t<\/div>","protected":false},"excerpt":{"rendered":"<p>R\u00e4ttsligt st\u00e4llningstagande 1. Jag bekr\u00e4ftar att jag f\u00f6rst\u00e5r att inandning av lustgas medf\u00f6r risk f\u00f6r allvarliga h\u00e4lsokonsekvenser. Riskerna omfattar narkos, kv\u00e4vning och eventuellt d\u00f6d.   Uttalande 2. Jag bekr\u00e4ftar att jag \u00e4r den namngivna k\u00f6paren och att jag \u00e4r \u00f6ver 18 \u00e5r och agerar p\u00e5 uppdrag av [...].<\/p>","protected":false},"author":3022,"featured_media":0,"parent":0,"menu_order":0,"comment_status":"closed","ping_status":"closed","template":"","meta":{"_acf_changed":false,"footnotes":""},"categories":[],"tags":[],"class_list":["post-8278","page","type-page","status-publish","hentry"],"acf":[],"_links":{"self":[{"href":"https:\/\/cream-deluxe.com\/se\/wp-json\/wp\/v2\/pages\/8278","targetHints":{"allow":["GET"]}}],"collection":[{"href":"https:\/\/cream-deluxe.com\/se\/wp-json\/wp\/v2\/pages"}],"about":[{"href":"https:\/\/cream-deluxe.com\/se\/wp-json\/wp\/v2\/types\/page"}],"author":[{"embeddable":true,"href":"https:\/\/cream-deluxe.com\/se\/wp-json\/wp\/v2\/users\/3022"}],"replies":[{"embeddable":true,"href":"https:\/\/cream-deluxe.com\/se\/wp-json\/wp\/v2\/comments?post=8278"}],"version-history":[{"count":3,"href":"https:\/\/cream-deluxe.com\/se\/wp-json\/wp\/v2\/pages\/8278\/revisions"}],"predecessor-version":[{"id":8281,"href":"https:\/\/cream-deluxe.com\/se\/wp-json\/wp\/v2\/pages\/8278\/revisions\/8281"}],"wp:attachment":[{"href":"https:\/\/cream-deluxe.com\/se\/wp-json\/wp\/v2\/media?parent=8278"}],"wp:term":[{"taxonomy":"category","embeddable":true,"href":"https:\/\/cream-deluxe.com\/se\/wp-json\/wp\/v2\/categories?post=8278"},{"taxonomy":"post_tag","embeddable":true,"href":"https:\/\/cream-deluxe.com\/se\/wp-json\/wp\/v2\/tags?post=8278"}],"curies":[{"name":"wp","href":"https:\/\/api.w.org\/{rel}","templated":true}]}}