{"id":1212,"date":"2020-04-29T15:19:01","date_gmt":"2020-04-29T15:19:01","guid":{"rendered":"https:\/\/cream-deluxe.com\/?page_id=1212"},"modified":"2020-09-02T17:13:44","modified_gmt":"2020-09-02T15:13:44","slug":"privacy-policy","status":"publish","type":"page","link":"https:\/\/cream-deluxe.com\/se\/privacy-policy\/","title":{"rendered":"Integritetspolicy"},"content":{"rendered":"<div data-elementor-type=\"wp-page\" data-elementor-id=\"1212\" class=\"elementor elementor-1212\" data-elementor-post-type=\"page\">\n\t\t\t\t\t\t<section class=\"elementor-section elementor-top-section elementor-element elementor-element-2cbe0128 elementor-section-boxed elementor-section-height-default elementor-section-height-default\" data-id=\"2cbe0128\" data-element_type=\"section\">\n\t\t\t\t\t\t<div class=\"elementor-container elementor-column-gap-default\">\n\t\t\t\t\t<div class=\"elementor-column elementor-col-100 elementor-top-column elementor-element elementor-element-c5ae15b\" data-id=\"c5ae15b\" data-element_type=\"column\">\n\t\t\t<div class=\"elementor-widget-wrap\">\n\t\t\t\t\t\t\t<\/div>\n\t\t<\/div>\n\t\t\t\t\t<\/div>\n\t\t<\/section>\n\t\t\t\t<section class=\"elementor-section elementor-top-section elementor-element elementor-element-9680bd7 elementor-section-boxed elementor-section-height-default elementor-section-height-default\" data-id=\"9680bd7\" data-element_type=\"section\">\n\t\t\t\t\t\t<div class=\"elementor-container elementor-column-gap-default\">\n\t\t\t\t\t<div class=\"elementor-column elementor-col-100 elementor-top-column elementor-element elementor-element-dcf421e\" data-id=\"dcf421e\" data-element_type=\"column\">\n\t\t\t<div class=\"elementor-widget-wrap elementor-element-populated\">\n\t\t\t\t\t\t<div class=\"elementor-element elementor-element-29972ac elementor-widget elementor-widget-heading\" data-id=\"29972ac\" data-element_type=\"widget\" data-widget_type=\"heading.default\">\n\t\t\t\t<div class=\"elementor-widget-container\">\n\t\t\t<style>\/*! elementor - v3.21.0 - 30-04-2024 *\/\n.elementor-heading-title{padding:0;margin:0;line-height:1}.elementor-widget-heading .elementor-heading-title[class*=elementor-size-]>a{color:inherit;font-size:inherit;line-height:inherit}.elementor-widget-heading .elementor-heading-title.elementor-size-small{font-size:15px}.elementor-widget-heading .elementor-heading-title.elementor-size-medium{font-size:19px}.elementor-widget-heading .elementor-heading-title.elementor-size-large{font-size:29px}.elementor-widget-heading .elementor-heading-title.elementor-size-xl{font-size:39px}.elementor-widget-heading .elementor-heading-title.elementor-size-xxl{font-size:59px}<\/style><h1 class=\"elementor-heading-title elementor-size-default\">Integritetspolicy<\/h1>\t\t<\/div>\n\t\t\t\t<\/div>\n\t\t\t\t<div class=\"elementor-element elementor-element-031647e elementor-widget elementor-widget-text-editor\" data-id=\"031647e\" data-element_type=\"widget\" data-widget_type=\"text-editor.default\">\n\t\t\t\t<div class=\"elementor-widget-container\">\n\t\t\t<style>\/*! elementor - v3.21.0 - 30-04-2024 *\/\n.elementor-widget-text-editor.elementor-drop-cap-view-stacked .elementor-drop-cap{background-color:#69727d;color:#fff}.elementor-widget-text-editor.elementor-drop-cap-view-framed .elementor-drop-cap{color:#69727d;border:3px solid;background-color:transparent}.elementor-widget-text-editor:not(.elementor-drop-cap-view-default) .elementor-drop-cap{margin-top:8px}.elementor-widget-text-editor:not(.elementor-drop-cap-view-default) .elementor-drop-cap-letter{width:1em;height:1em}.elementor-widget-text-editor .elementor-drop-cap{float:left;text-align:center;line-height:1;font-size:50px}.elementor-widget-text-editor .elementor-drop-cap-letter{display:inline-block}<\/style>\t\t\t\t<p>Den h\u00e4r sidan anv\u00e4nds f\u00f6r att informera webbplatsbes\u00f6kare om v\u00e5r policy f\u00f6r insamling, anv\u00e4ndning och utl\u00e4mnande av personlig information om n\u00e5gon beslutar att anv\u00e4nda v\u00e5r tj\u00e4nst, webbplatsen Cream Deluxe.<\/p><p>Om du v\u00e4ljer att anv\u00e4nda v\u00e5r tj\u00e4nst godk\u00e4nner du att vi samlar in och anv\u00e4nder information i enlighet med denna policy. De personuppgifter som vi samlar in anv\u00e4nds f\u00f6r att tillhandah\u00e5lla och f\u00f6rb\u00e4ttra tj\u00e4nsten. Vi kommer inte att anv\u00e4nda eller dela din information med n\u00e5gon annan \u00e4n vad som beskrivs i denna integritetspolicy.<\/p><p>De termer som anv\u00e4nds i denna integritetspolicy har samma betydelse som i v\u00e5ra villkor, som finns tillg\u00e4ngliga p\u00e5 https:\/\/cream-deluxe.com, om inte annat definieras i denna integritetspolicy.<br \/><br \/><\/p><h2>Insamling och anv\u00e4ndning av information<\/h2><p>F\u00f6r att f\u00e5 en b\u00e4ttre upplevelse n\u00e4r du anv\u00e4nder v\u00e5r tj\u00e4nst kan vi kr\u00e4va att du ger oss viss personligt identifierbar information, inklusive men inte begr\u00e4nsat till ditt namn, telefonnummer och postadress. Den information som vi samlar in kommer att anv\u00e4ndas f\u00f6r att kontakta eller identifiera dig.<br \/><br \/><\/p><h2>Logguppgifter<\/h2><p>Vi vill informera dig om att n\u00e4r du bes\u00f6ker v\u00e5r tj\u00e4nst samlar vi in information som din webbl\u00e4sare skickar till oss och som kallas loggdata. Dessa logguppgifter kan inneh\u00e5lla information som din dators Internet Protocol-adress (\"IP\"), webbl\u00e4sarversion, sidor i v\u00e5r tj\u00e4nst som du bes\u00f6ker, tid och datum f\u00f6r ditt bes\u00f6k, den tid som spenderas p\u00e5 dessa sidor och annan statistik.<br \/><br \/><\/p><h2>Cookies<\/h2><p>Cookies \u00e4r filer med en liten m\u00e4ngd data som vanligtvis anv\u00e4nds som en anonym unik identifierare. De skickas till din webbl\u00e4sare fr\u00e5n den webbplats som du bes\u00f6ker och lagras p\u00e5 din dators h\u00e5rddisk.<\/p><p>V\u00e5r webbplats anv\u00e4nder dessa \"cookies\" f\u00f6r att samla in information och f\u00f6r att f\u00f6rb\u00e4ttra v\u00e5r tj\u00e4nst. Du har m\u00f6jlighet att antingen acceptera eller v\u00e4gra dessa cookies, och att veta n\u00e4r en cookie skickas till din dator. Om du v\u00e4ljer att v\u00e4gra v\u00e5ra cookies kan det h\u00e4nda att du inte kan anv\u00e4nda vissa delar av v\u00e5r tj\u00e4nst.<\/p><p>F\u00f6r mer information om cookies, v\u00e4nligen l\u00e4s\u00a0<a href=\"https:\/\/cream-deluxe.com\/se\/cookie-policy\/\" target=\"_blank\" rel=\"noopener\">v\u00e5r cookiepolicy<\/a>.<br \/><br \/><\/p><h2>Tj\u00e4nsteleverant\u00f6rer<\/h2><p>Vi kan anlita tredjepartsf\u00f6retag och personer av f\u00f6ljande sk\u00e4l:<\/p><ul><li>F\u00f6r att underl\u00e4tta v\u00e5r tj\u00e4nst;<\/li><li>F\u00f6r att tillhandah\u00e5lla tj\u00e4nsten f\u00f6r v\u00e5r r\u00e4kning;<\/li><li>F\u00f6r att utf\u00f6ra tj\u00e4nster som \u00e4r relaterade till tj\u00e4nsten, eller<\/li><li>F\u00f6r att hj\u00e4lpa oss att analysera hur v\u00e5r tj\u00e4nst anv\u00e4nds.<\/li><\/ul><p>Vi vill informera v\u00e5ra tj\u00e4nsteanv\u00e4ndare om att dessa tredje parter har tillg\u00e5ng till dina personuppgifter. Sk\u00e4let \u00e4r att de ska utf\u00f6ra de uppgifter som de tilldelats p\u00e5 v\u00e5ra v\u00e4gnar. De \u00e4r dock skyldiga att inte avsl\u00f6ja eller anv\u00e4nda informationen i n\u00e5got annat syfte.<br \/><br \/><\/p><h2>S\u00e4kerhet<\/h2><p>Vi v\u00e4rdes\u00e4tter ditt f\u00f6rtroende n\u00e4r du ger oss dina personuppgifter och d\u00e4rf\u00f6r str\u00e4var vi efter att anv\u00e4nda kommersiellt acceptabla metoder f\u00f6r att skydda dem. Kom dock ih\u00e5g att ingen \u00f6verf\u00f6ringsmetod \u00f6ver internet eller elektronisk lagringsmetod \u00e4r 100% s\u00e4ker och tillf\u00f6rlitlig, och vi kan inte garantera absolut s\u00e4kerhet.<br \/><br \/><\/p><h2>L\u00e4nkar till andra webbplatser<\/h2><p>V\u00e5r tj\u00e4nst kan inneh\u00e5lla l\u00e4nkar till andra webbplatser. Om du klickar p\u00e5 en l\u00e4nk fr\u00e5n en tredje part kommer du att h\u00e4nvisas till den webbplatsen. Observera att dessa externa webbplatser inte drivs av oss. Vi rekommenderar d\u00e4rf\u00f6r starkt att du l\u00e4ser dessa webbplatsers sekretesspolicy. Vi har ingen kontroll \u00f6ver och tar inget ansvar f\u00f6r inneh\u00e5llet, sekretesspolicyn eller praxis p\u00e5 tredje parts webbplatser eller tj\u00e4nster.<\/p><p>Barns integritet<\/p><p>V\u00e5ra tj\u00e4nster riktar sig inte till personer under 13 \u00e5r. Vi samlar inte medvetet in personligt identifierbar information fr\u00e5n barn under 13 \u00e5r. Om vi uppt\u00e4cker att ett barn under 13 \u00e5r har gett oss personlig information raderar vi den omedelbart fr\u00e5n v\u00e5ra servrar. Om du \u00e4r f\u00f6r\u00e4lder eller v\u00e5rdnadshavare och k\u00e4nner till att ditt barn har l\u00e4mnat personuppgifter till oss, v\u00e4nligen kontakta oss s\u00e5 att vi kan vidta n\u00f6dv\u00e4ndiga \u00e5tg\u00e4rder.<br \/><br \/><\/p><h2>\u00c4ndringar i denna integritetspolicy<\/h2><p>Vi kan komma att uppdatera v\u00e5r sekretesspolicy fr\u00e5n tid till annan. Vi rekommenderar d\u00e4rf\u00f6r att du regelbundet granskar den h\u00e4r sidan f\u00f6r att se eventuella \u00e4ndringar. Vi kommer att meddela dig om eventuella \u00e4ndringar genom att publicera den nya sekretesspolicyn p\u00e5 denna sida. Dessa \u00e4ndringar tr\u00e4der i kraft omedelbart efter det att de har publicerats p\u00e5 denna sida.<br \/><br \/><\/p><h2>Kontakta oss<\/h2><p>Om du har n\u00e5gra fr\u00e5gor eller f\u00f6rslag om v\u00e5r sekretesspolicy, tveka inte att kontakta oss.<\/p>\t\t\t\t\t\t<\/div>\n\t\t\t\t<\/div>\n\t\t\t\t\t<\/div>\n\t\t<\/div>\n\t\t\t\t\t<\/div>\n\t\t<\/section>\n\t\t\t\t<\/div>","protected":false},"excerpt":{"rendered":"<p>Integritetspolicy Denna sida anv\u00e4nds f\u00f6r att informera webbplatsbes\u00f6kare om v\u00e5r policy f\u00f6r insamling, anv\u00e4ndning och utl\u00e4mnande av personlig information om n\u00e5gon beslutar sig f\u00f6r att anv\u00e4nda v\u00e5r tj\u00e4nst, Cream Deluxe-webbplatsen. Om du v\u00e4ljer att anv\u00e4nda v\u00e5r tj\u00e4nst godk\u00e4nner du insamling och anv\u00e4ndning av information i f\u00f6rh\u00e5llande till denna policy. [...]<\/p>","protected":false},"author":3022,"featured_media":0,"parent":0,"menu_order":0,"comment_status":"closed","ping_status":"closed","template":"","meta":{"_acf_changed":false,"footnotes":""},"categories":[],"tags":[],"class_list":["post-1212","page","type-page","status-publish","hentry"],"acf":[],"_links":{"self":[{"href":"https:\/\/cream-deluxe.com\/se\/wp-json\/wp\/v2\/pages\/1212","targetHints":{"allow":["GET"]}}],"collection":[{"href":"https:\/\/cream-deluxe.com\/se\/wp-json\/wp\/v2\/pages"}],"about":[{"href":"https:\/\/cream-deluxe.com\/se\/wp-json\/wp\/v2\/types\/page"}],"author":[{"embeddable":true,"href":"https:\/\/cream-deluxe.com\/se\/wp-json\/wp\/v2\/users\/3022"}],"replies":[{"embeddable":true,"href":"https:\/\/cream-deluxe.com\/se\/wp-json\/wp\/v2\/comments?post=1212"}],"version-history":[{"count":10,"href":"https:\/\/cream-deluxe.com\/se\/wp-json\/wp\/v2\/pages\/1212\/revisions"}],"predecessor-version":[{"id":3981,"href":"https:\/\/cream-deluxe.com\/se\/wp-json\/wp\/v2\/pages\/1212\/revisions\/3981"}],"wp:attachment":[{"href":"https:\/\/cream-deluxe.com\/se\/wp-json\/wp\/v2\/media?parent=1212"}],"wp:term":[{"taxonomy":"category","embeddable":true,"href":"https:\/\/cream-deluxe.com\/se\/wp-json\/wp\/v2\/categories?post=1212"},{"taxonomy":"post_tag","embeddable":true,"href":"https:\/\/cream-deluxe.com\/se\/wp-json\/wp\/v2\/tags?post=1212"}],"curies":[{"name":"wp","href":"https:\/\/api.w.org\/{rel}","templated":true}]}}