{"id":1207,"date":"2020-04-29T15:11:46","date_gmt":"2020-04-29T15:11:46","guid":{"rendered":"https:\/\/cream-deluxe.com\/?page_id=1207"},"modified":"2020-04-30T19:31:24","modified_gmt":"2020-04-30T19:31:24","slug":"cookie-policy","status":"publish","type":"page","link":"https:\/\/cream-deluxe.com\/se\/cookie-policy\/","title":{"rendered":"Policy f\u00f6r cookies"},"content":{"rendered":"<div data-elementor-type=\"wp-page\" data-elementor-id=\"1207\" class=\"elementor elementor-1207\" data-elementor-post-type=\"page\">\n\t\t\t\t\t\t<section class=\"elementor-section elementor-top-section elementor-element elementor-element-27c33d16 elementor-section-boxed elementor-section-height-default elementor-section-height-default\" data-id=\"27c33d16\" data-element_type=\"section\">\n\t\t\t\t\t\t<div class=\"elementor-container elementor-column-gap-default\">\n\t\t\t\t\t<div class=\"elementor-column elementor-col-100 elementor-top-column elementor-element elementor-element-449a840b\" data-id=\"449a840b\" data-element_type=\"column\">\n\t\t\t<div class=\"elementor-widget-wrap elementor-element-populated\">\n\t\t\t\t\t\t<div class=\"elementor-element elementor-element-3fafe4c1 elementor-align-left elementor-widget elementor-widget-breadcrumbs\" data-id=\"3fafe4c1\" data-element_type=\"widget\" data-widget_type=\"breadcrumbs.default\">\n\t\t\t\t<div class=\"elementor-widget-container\">\n\t\t\t<nav aria-label=\"br\u00f6dsmulor\" class=\"rank-math-breadcrumb\"><p><span class=\"last\">Hem<\/span><\/p><\/nav>\t\t<\/div>\n\t\t\t\t<\/div>\n\t\t\t\t\t<\/div>\n\t\t<\/div>\n\t\t\t\t\t<\/div>\n\t\t<\/section>\n\t\t\t\t<section class=\"elementor-section elementor-top-section elementor-element elementor-element-9680bd7 elementor-section-boxed elementor-section-height-default elementor-section-height-default\" data-id=\"9680bd7\" data-element_type=\"section\">\n\t\t\t\t\t\t<div class=\"elementor-container elementor-column-gap-default\">\n\t\t\t\t\t<div class=\"elementor-column elementor-col-100 elementor-top-column elementor-element elementor-element-dcf421e\" data-id=\"dcf421e\" data-element_type=\"column\">\n\t\t\t<div class=\"elementor-widget-wrap elementor-element-populated\">\n\t\t\t\t\t\t<div class=\"elementor-element elementor-element-29972ac elementor-widget elementor-widget-heading\" data-id=\"29972ac\" data-element_type=\"widget\" data-widget_type=\"heading.default\">\n\t\t\t\t<div class=\"elementor-widget-container\">\n\t\t\t<style>\/*! elementor - v3.21.0 - 30-04-2024 *\/\n.elementor-heading-title{padding:0;margin:0;line-height:1}.elementor-widget-heading .elementor-heading-title[class*=elementor-size-]>a{color:inherit;font-size:inherit;line-height:inherit}.elementor-widget-heading .elementor-heading-title.elementor-size-small{font-size:15px}.elementor-widget-heading .elementor-heading-title.elementor-size-medium{font-size:19px}.elementor-widget-heading .elementor-heading-title.elementor-size-large{font-size:29px}.elementor-widget-heading .elementor-heading-title.elementor-size-xl{font-size:39px}.elementor-widget-heading .elementor-heading-title.elementor-size-xxl{font-size:59px}<\/style><h1 class=\"elementor-heading-title elementor-size-default\">Policy f\u00f6r cookies<\/h1>\t\t<\/div>\n\t\t\t\t<\/div>\n\t\t\t\t<div class=\"elementor-element elementor-element-031647e elementor-widget elementor-widget-text-editor\" data-id=\"031647e\" data-element_type=\"widget\" data-widget_type=\"text-editor.default\">\n\t\t\t\t<div class=\"elementor-widget-container\">\n\t\t\t<style>\/*! elementor - v3.21.0 - 30-04-2024 *\/\n.elementor-widget-text-editor.elementor-drop-cap-view-stacked .elementor-drop-cap{background-color:#69727d;color:#fff}.elementor-widget-text-editor.elementor-drop-cap-view-framed .elementor-drop-cap{color:#69727d;border:3px solid;background-color:transparent}.elementor-widget-text-editor:not(.elementor-drop-cap-view-default) .elementor-drop-cap{margin-top:8px}.elementor-widget-text-editor:not(.elementor-drop-cap-view-default) .elementor-drop-cap-letter{width:1em;height:1em}.elementor-widget-text-editor .elementor-drop-cap{float:left;text-align:center;line-height:1;font-size:50px}.elementor-widget-text-editor .elementor-drop-cap-letter{display:inline-block}<\/style>\t\t\t\t<h2>Vad \u00e4r kakor?<\/h2><p>Cookies \u00e4r sm\u00e5 textfiler som lagras i din webbl\u00e4sare och som g\u00f6r det m\u00f6jligt att\u00a0<span class=\"website_name\">Cream Deluxe<\/span>\u00a0eller en tredje part att k\u00e4nna igen dig. Cookies kan anv\u00e4ndas f\u00f6r att samla in, lagra och dela information om dina aktiviteter p\u00e5 olika webbplatser, bland annat p\u00e5 f\u00f6ljande webbplatser\u00a0<span class=\"website_name\">Cream Deluxe<\/span>\u00a0webbplats.<\/p><p>Cookies kan anv\u00e4ndas f\u00f6r f\u00f6ljande \u00e4ndam\u00e5l:<\/p><ul><li>F\u00f6r att aktivera vissa funktioner<\/li><li>F\u00f6r att tillhandah\u00e5lla analyser<\/li><li>F\u00f6r att lagra dina inst\u00e4llningar<\/li><li>F\u00f6r att m\u00f6jligg\u00f6ra annonsering och beteendebaserad reklam<\/li><\/ul><p><span class=\"website_name\">Cream Deluxe<\/span>\u00a0anv\u00e4nder b\u00e5de sessionscookies och permanenta cookies.<\/p><p>En sessionscookie anv\u00e4nds f\u00f6r att identifiera ett visst bes\u00f6k p\u00e5 v\u00e5r webbplats. Dessa cookies upph\u00f6r att g\u00e4lla efter en kort tid eller n\u00e4r du st\u00e4nger din webbl\u00e4sare efter att ha anv\u00e4nt v\u00e5r webbplats. Vi anv\u00e4nder dessa cookies f\u00f6r att identifiera dig under en enskild webbl\u00e4sarsession, till exempel n\u00e4r du loggar in p\u00e5 v\u00e5r webbplats.<\/p><p>En permanent cookie finns kvar p\u00e5 dina enheter under en viss tidsperiod som anges i cookien. Vi anv\u00e4nder dessa cookies n\u00e4r vi beh\u00f6ver identifiera dig under en l\u00e4ngre tid. Vi skulle till exempel anv\u00e4nda en permanent cookie om du bad oss att h\u00e5lla dig inloggad.<br \/><br \/><\/p><h2>Hur anv\u00e4nder tredje part cookies p\u00e5 webbplatsen?\u00a0<span class=\"website_name\">Cream Deluxe<\/span>\u00a0Webbplats?<\/h2><p>Tredjepartsf\u00f6retag som analysf\u00f6retag och annonsn\u00e4tverk anv\u00e4nder i allm\u00e4nhet cookies f\u00f6r att samla in anv\u00e4ndarinformation p\u00e5 anonym basis. De kan anv\u00e4nda denna information f\u00f6r att skapa en profil av dina aktiviteter p\u00e5 webbplatsen.\u00a0<span class=\"website_name\">Cream Deluxe<\/span>\u00a0Webbplatsen och andra webbplatser som du har bes\u00f6kt.<br \/><br \/><\/p><h2>Vilka \u00e4r dina alternativ f\u00f6r kakor?<\/h2><p>Om du inte gillar tanken p\u00e5 cookies eller vissa typer av cookies kan du \u00e4ndra inst\u00e4llningarna i din webbl\u00e4sare s\u00e5 att du raderar cookies som redan har satts och inte accepterar nya cookies. Du kan l\u00e4sa mer om hur du g\u00f6r detta p\u00e5 din webbl\u00e4sares hj\u00e4lpsidor.<\/p><p>Observera dock att om du raderar cookies eller inte accepterar dem, kanske du inte kan anv\u00e4nda alla funktioner som vi erbjuder, du kanske inte kan lagra dina inst\u00e4llningar och vissa av v\u00e5ra sidor kanske inte visas korrekt.<\/p>\t\t\t\t\t\t<\/div>\n\t\t\t\t<\/div>\n\t\t\t\t\t<\/div>\n\t\t<\/div>\n\t\t\t\t\t<\/div>\n\t\t<\/section>\n\t\t\t\t<\/div>","protected":false},"excerpt":{"rendered":"<p>Cookiepolicy Vad \u00e4r cookies? Cookies \u00e4r sm\u00e5 textfiler som lagras i din webbl\u00e4sare och som g\u00f6r att Cream Deluxe eller en tredje part kan k\u00e4nna igen dig. Cookies kan anv\u00e4ndas f\u00f6r att samla in, lagra och dela bitar av information om dina aktiviteter p\u00e5 olika webbplatser, \u00e4ven p\u00e5 Cream Deluxe:s webbplats. Cookies kan anv\u00e4ndas f\u00f6r f\u00f6ljande \u00e4ndam\u00e5l: [...]<\/p>","protected":false},"author":3022,"featured_media":0,"parent":0,"menu_order":0,"comment_status":"closed","ping_status":"closed","template":"","meta":{"_acf_changed":false,"footnotes":""},"categories":[],"tags":[],"class_list":["post-1207","page","type-page","status-publish","hentry"],"acf":[],"_links":{"self":[{"href":"https:\/\/cream-deluxe.com\/se\/wp-json\/wp\/v2\/pages\/1207","targetHints":{"allow":["GET"]}}],"collection":[{"href":"https:\/\/cream-deluxe.com\/se\/wp-json\/wp\/v2\/pages"}],"about":[{"href":"https:\/\/cream-deluxe.com\/se\/wp-json\/wp\/v2\/types\/page"}],"author":[{"embeddable":true,"href":"https:\/\/cream-deluxe.com\/se\/wp-json\/wp\/v2\/users\/3022"}],"replies":[{"embeddable":true,"href":"https:\/\/cream-deluxe.com\/se\/wp-json\/wp\/v2\/comments?post=1207"}],"version-history":[{"count":9,"href":"https:\/\/cream-deluxe.com\/se\/wp-json\/wp\/v2\/pages\/1207\/revisions"}],"predecessor-version":[{"id":1236,"href":"https:\/\/cream-deluxe.com\/se\/wp-json\/wp\/v2\/pages\/1207\/revisions\/1236"}],"wp:attachment":[{"href":"https:\/\/cream-deluxe.com\/se\/wp-json\/wp\/v2\/media?parent=1207"}],"wp:term":[{"taxonomy":"category","embeddable":true,"href":"https:\/\/cream-deluxe.com\/se\/wp-json\/wp\/v2\/categories?post=1207"},{"taxonomy":"post_tag","embeddable":true,"href":"https:\/\/cream-deluxe.com\/se\/wp-json\/wp\/v2\/tags?post=1207"}],"curies":[{"name":"wp","href":"https:\/\/api.w.org\/{rel}","templated":true}]}}