{"id":11505,"date":"2021-04-20T14:14:53","date_gmt":"2021-04-20T12:14:53","guid":{"rendered":"https:\/\/cream-deluxe.com\/?page_id=11505"},"modified":"2022-01-25T14:56:06","modified_gmt":"2022-01-25T13:56:06","slug":"track-my-order","status":"publish","type":"page","link":"https:\/\/cream-deluxe.com\/se\/track-my-order\/","title":{"rendered":"Sp\u00e5ra min best\u00e4llning"},"content":{"rendered":"<div data-elementor-type=\"wp-page\" data-elementor-id=\"11505\" class=\"elementor elementor-11505\" data-elementor-post-type=\"page\">\n\t\t\t\t\t\t<section class=\"elementor-section elementor-top-section elementor-element elementor-element-449dee34 elementor-section-boxed elementor-section-height-default elementor-section-height-default\" data-id=\"449dee34\" data-element_type=\"section\" data-settings=\"{&quot;background_background&quot;:&quot;classic&quot;}\">\n\t\t\t\t\t\t<div class=\"elementor-container elementor-column-gap-default\">\n\t\t\t\t\t<div class=\"elementor-column elementor-col-100 elementor-top-column elementor-element elementor-element-b25c304\" data-id=\"b25c304\" data-element_type=\"column\" data-settings=\"{&quot;background_background&quot;:&quot;classic&quot;}\">\n\t\t\t<div class=\"elementor-widget-wrap elementor-element-populated\">\n\t\t\t\t\t\t<div class=\"elementor-element elementor-element-227e558 elementor-widget elementor-widget-spacer\" data-id=\"227e558\" data-element_type=\"widget\" data-widget_type=\"spacer.default\">\n\t\t\t\t<div class=\"elementor-widget-container\">\n\t\t\t<style>\/*! elementor - v3.21.0 - 30-04-2024 *\/\n.elementor-column .elementor-spacer-inner{height:var(--spacer-size)}.e-con{--container-widget-width:100%}.e-con-inner>.elementor-widget-spacer,.e-con>.elementor-widget-spacer{width:var(--container-widget-width,var(--spacer-size));--align-self:var(--container-widget-align-self,initial);--flex-shrink:0}.e-con-inner>.elementor-widget-spacer>.elementor-widget-container,.e-con>.elementor-widget-spacer>.elementor-widget-container{height:100%;width:100%}.e-con-inner>.elementor-widget-spacer>.elementor-widget-container>.elementor-spacer,.e-con>.elementor-widget-spacer>.elementor-widget-container>.elementor-spacer{height:100%}.e-con-inner>.elementor-widget-spacer>.elementor-widget-container>.elementor-spacer>.elementor-spacer-inner,.e-con>.elementor-widget-spacer>.elementor-widget-container>.elementor-spacer>.elementor-spacer-inner{height:var(--container-widget-height,var(--spacer-size))}.e-con-inner>.elementor-widget-spacer.elementor-widget-empty,.e-con>.elementor-widget-spacer.elementor-widget-empty{position:relative;min-height:22px;min-width:22px}.e-con-inner>.elementor-widget-spacer.elementor-widget-empty .elementor-widget-empty-icon,.e-con>.elementor-widget-spacer.elementor-widget-empty .elementor-widget-empty-icon{position:absolute;top:0;bottom:0;left:0;right:0;margin:auto;padding:0;width:22px;height:22px}<\/style>\t\t<div class=\"elementor-spacer\">\n\t\t\t<div class=\"elementor-spacer-inner\"><\/div>\n\t\t<\/div>\n\t\t\t\t<\/div>\n\t\t\t\t<\/div>\n\t\t\t\t<section class=\"elementor-section elementor-inner-section elementor-element elementor-element-2e11d97 elementor-section-boxed elementor-section-height-default elementor-section-height-default\" data-id=\"2e11d97\" data-element_type=\"section\">\n\t\t\t\t\t\t<div class=\"elementor-container elementor-column-gap-default\">\n\t\t\t\t\t<div class=\"elementor-column elementor-col-100 elementor-inner-column elementor-element elementor-element-40a2ed0\" data-id=\"40a2ed0\" data-element_type=\"column\">\n\t\t\t<div class=\"elementor-widget-wrap elementor-element-populated\">\n\t\t\t\t\t\t<div class=\"elementor-element elementor-element-4036d34 elementor-widget elementor-widget-button\" data-id=\"4036d34\" data-element_type=\"widget\" data-widget_type=\"button.default\">\n\t\t\t\t<div class=\"elementor-widget-container\">\n\t\t\t\t\t<div class=\"elementor-button-wrapper\">\n\t\t\t<a class=\"elementor-button elementor-button-link elementor-size-md\" href=\"\/se\/\">\n\t\t\t\t\t\t<span class=\"elementor-button-content-wrapper\">\n\t\t\t\t\t\t\t\t\t<span class=\"elementor-button-text\">\u2190 cream-deluxe.com<\/span>\n\t\t\t\t\t<\/span>\n\t\t\t\t\t<\/a>\n\t\t<\/div>\n\t\t\t\t<\/div>\n\t\t\t\t<\/div>\n\t\t\t\t\t<\/div>\n\t\t<\/div>\n\t\t\t\t\t<\/div>\n\t\t<\/section>\n\t\t\t\t<div class=\"elementor-element elementor-element-467def6 elementor-widget elementor-widget-image\" data-id=\"467def6\" data-element_type=\"widget\" data-widget_type=\"image.default\">\n\t\t\t\t<div class=\"elementor-widget-container\">\n\t\t\t<style>\/*! elementor - v3.21.0 - 30-04-2024 *\/\n.elementor-widget-image{text-align:center}.elementor-widget-image a{display:inline-block}.elementor-widget-image a img[src$=\".svg\"]{width:48px}.elementor-widget-image img{vertical-align:middle;display:inline-block}<\/style>\t\t\t\t\t\t\t\t\t\t<img fetchpriority=\"high\" decoding=\"async\" width=\"800\" height=\"450\" src=\"https:\/\/cream-deluxe.com\/wp-content\/uploads\/2022\/01\/Cream-Deluxe-TT-Header-2-1024x576.jpg\" class=\"attachment-large size-large wp-image-27787\" alt=\"\" srcset=\"https:\/\/cream-deluxe.com\/wp-content\/uploads\/2022\/01\/Cream-Deluxe-TT-Header-2-1024x576.jpg 1024w, https:\/\/cream-deluxe.com\/wp-content\/uploads\/2022\/01\/Cream-Deluxe-TT-Header-2-300x169.jpg 300w, https:\/\/cream-deluxe.com\/wp-content\/uploads\/2022\/01\/Cream-Deluxe-TT-Header-2-768x432.jpg 768w, https:\/\/cream-deluxe.com\/wp-content\/uploads\/2022\/01\/Cream-Deluxe-TT-Header-2-1536x864.jpg 1536w, https:\/\/cream-deluxe.com\/wp-content\/uploads\/2022\/01\/Cream-Deluxe-TT-Header-2-18x10.jpg 18w, https:\/\/cream-deluxe.com\/wp-content\/uploads\/2022\/01\/Cream-Deluxe-TT-Header-2-600x338.jpg 600w, https:\/\/cream-deluxe.com\/wp-content\/uploads\/2022\/01\/Cream-Deluxe-TT-Header-2.jpg 1920w\" sizes=\"(max-width: 800px) 100vw, 800px\" \/>\t\t\t\t\t\t\t\t\t\t\t\t\t<\/div>\n\t\t\t\t<\/div>\n\t\t\t\t<div class=\"elementor-element elementor-element-59775bd elementor-widget elementor-widget-heading\" data-id=\"59775bd\" data-element_type=\"widget\" data-widget_type=\"heading.default\">\n\t\t\t\t<div class=\"elementor-widget-container\">\n\t\t\t<style>\/*! elementor - v3.21.0 - 30-04-2024 *\/\n.elementor-heading-title{padding:0;margin:0;line-height:1}.elementor-widget-heading .elementor-heading-title[class*=elementor-size-]>a{color:inherit;font-size:inherit;line-height:inherit}.elementor-widget-heading .elementor-heading-title.elementor-size-small{font-size:15px}.elementor-widget-heading .elementor-heading-title.elementor-size-medium{font-size:19px}.elementor-widget-heading .elementor-heading-title.elementor-size-large{font-size:29px}.elementor-widget-heading .elementor-heading-title.elementor-size-xl{font-size:39px}.elementor-widget-heading .elementor-heading-title.elementor-size-xxl{font-size:59px}<\/style><h1 class=\"elementor-heading-title elementor-size-default\">Sp\u00e5ra min Cream Deluxe-best\u00e4llning<\/h1>\t\t<\/div>\n\t\t\t\t<\/div>\n\t\t\t\t<div class=\"elementor-element elementor-element-2bbcfc3 elementor-widget elementor-widget-text-editor\" data-id=\"2bbcfc3\" data-element_type=\"widget\" data-widget_type=\"text-editor.default\">\n\t\t\t\t<div class=\"elementor-widget-container\">\n\t\t\t<style>\/*! elementor - v3.21.0 - 30-04-2024 *\/\n.elementor-widget-text-editor.elementor-drop-cap-view-stacked .elementor-drop-cap{background-color:#69727d;color:#fff}.elementor-widget-text-editor.elementor-drop-cap-view-framed .elementor-drop-cap{color:#69727d;border:3px solid;background-color:transparent}.elementor-widget-text-editor:not(.elementor-drop-cap-view-default) .elementor-drop-cap{margin-top:8px}.elementor-widget-text-editor:not(.elementor-drop-cap-view-default) .elementor-drop-cap-letter{width:1em;height:1em}.elementor-widget-text-editor .elementor-drop-cap{float:left;text-align:center;line-height:1;font-size:50px}.elementor-widget-text-editor .elementor-drop-cap-letter{display:inline-block}<\/style>\t\t\t\t<p>1. <b>Ta reda p\u00e5 sp\u00e5rningsnumret<\/b> fr\u00e5n det e-postmeddelande som skickades till dig som bekr\u00e4ftelse p\u00e5 att leveransen skickats av <strong>no-reply@shippypro.com<\/strong>. Den b\u00f6r b\u00f6rja med <strong>TYPQMRN. <\/strong><\/p><p><a href=\"#cbd00766d1\">Visa exempel p\u00e5 e-postbekr\u00e4ftelse med sp\u00e5rningsnummer f\u00f6r TYPQMRN\u2192<\/a><\/p>\t\t\t\t\t\t<\/div>\n\t\t\t\t<\/div>\n\t\t\t\t<div class=\"elementor-element elementor-element-a5fd0d4 elementor-widget elementor-widget-text-editor\" data-id=\"a5fd0d4\" data-element_type=\"widget\" data-widget_type=\"text-editor.default\">\n\t\t\t\t<div class=\"elementor-widget-container\">\n\t\t\t\t\t\t\t<p><span style=\"color: var( --e-global-color-text ); font-family: var( --e-global-typography-text-font-family ), \\;;\">2. <\/span><strong style=\"color: var( --e-global-color-text ); font-family: var( --e-global-typography-text-font-family ), \\;;\">Fyll i postnummer<\/strong><span style=\"color: var( --e-global-color-text ); font-family: var( --e-global-typography-text-font-family ), \\;;\"> som anv\u00e4ndes i leveransadressen f\u00f6r din best\u00e4llning.<\/span><\/p><p>3. <strong>Sp\u00e5rning inte hittad?<\/strong> Det betyder att ditt paket \u00e4r p\u00e5 v\u00e4g men att det \u00e4nnu inte har skannats av v\u00e5rt lokala distributionscenter. N\u00e4r du har f\u00e5tt ditt sp\u00e5rningsnummer b\u00f6r det inte ta mer \u00e4n 36 arbetstimmar innan ditt sp\u00e5rningsnummer b\u00f6rjar f\u00e5 uppdateringar.<\/p><p>Har du fyllt i fel information nedan? <a href=\"https:\/\/cream-deluxe.com\/se\/track-my-order\/\">F\u00f6rs\u00f6k att uppdatera den h\u00e4r sidan<\/a>.<\/p>\t\t\t\t\t\t<\/div>\n\t\t\t\t<\/div>\n\t\t\t\t<div class=\"elementor-element elementor-element-8fbbb8e elementor-widget elementor-widget-html\" data-id=\"8fbbb8e\" data-element_type=\"widget\" data-widget_type=\"html.default\">\n\t\t\t\t<div class=\"elementor-widget-container\">\n\t\t\t<div id=\"trackingPageDiv\"><\/div><iframe id=\"trackingPageIframe\"><\/iframe><script>var trackingNumber='';var zipCode='';(function(e,t,n){var r,i=e.getElementsByTagName(t)[0];if(e.getElementById(n))return;r=e.createElement(t);r.id=n;r.src=\"https:\/\/www.shippypro.com\/embed-tracking-page.js\";i.parentNode.insertBefore(r,i)})(document,\"script\",\"shippypro-embedtrackingpage-sdk\")<\/script>\t\t<\/div>\n\t\t\t\t<\/div>\n\t\t\t\t\t<\/div>\n\t\t<\/div>\n\t\t\t\t\t<\/div>\n\t\t<\/section>\n\t\t\t\t<\/div>","protected":false},"excerpt":{"rendered":"<p>\u2190 cream-deluxe.com Sp\u00e5ra min Cream Deluxe-best\u00e4llning 1. Ta fram sp\u00e5rningsnumret fr\u00e5n e-postmeddelandet med bekr\u00e4ftelse p\u00e5 f\u00f6rs\u00e4ndelsen som skickades till dig av no-reply@shippypro.com. Det ska b\u00f6rja med TYPQMRN. Visa exempel p\u00e5 e-postbekr\u00e4ftelse f\u00f6r f\u00f6rs\u00e4ndelse med sp\u00e5rningsnummer TYPQMRN\u2192 2. Fyll i den postnummer\/postkod som anv\u00e4ndes i leveransadressinformationen f\u00f6r din [...]<\/p>","protected":false},"author":3022,"featured_media":0,"parent":0,"menu_order":0,"comment_status":"closed","ping_status":"closed","template":"elementor_canvas","meta":{"_acf_changed":false,"footnotes":""},"categories":[],"tags":[],"class_list":["post-11505","page","type-page","status-publish","hentry"],"acf":[],"_links":{"self":[{"href":"https:\/\/cream-deluxe.com\/se\/wp-json\/wp\/v2\/pages\/11505","targetHints":{"allow":["GET"]}}],"collection":[{"href":"https:\/\/cream-deluxe.com\/se\/wp-json\/wp\/v2\/pages"}],"about":[{"href":"https:\/\/cream-deluxe.com\/se\/wp-json\/wp\/v2\/types\/page"}],"author":[{"embeddable":true,"href":"https:\/\/cream-deluxe.com\/se\/wp-json\/wp\/v2\/users\/3022"}],"replies":[{"embeddable":true,"href":"https:\/\/cream-deluxe.com\/se\/wp-json\/wp\/v2\/comments?post=11505"}],"version-history":[{"count":10,"href":"https:\/\/cream-deluxe.com\/se\/wp-json\/wp\/v2\/pages\/11505\/revisions"}],"predecessor-version":[{"id":27866,"href":"https:\/\/cream-deluxe.com\/se\/wp-json\/wp\/v2\/pages\/11505\/revisions\/27866"}],"wp:attachment":[{"href":"https:\/\/cream-deluxe.com\/se\/wp-json\/wp\/v2\/media?parent=11505"}],"wp:term":[{"taxonomy":"category","embeddable":true,"href":"https:\/\/cream-deluxe.com\/se\/wp-json\/wp\/v2\/categories?post=11505"},{"taxonomy":"post_tag","embeddable":true,"href":"https:\/\/cream-deluxe.com\/se\/wp-json\/wp\/v2\/tags?post=11505"}],"curies":[{"name":"wp","href":"https:\/\/api.w.org\/{rel}","templated":true}]}}