{"id":8278,"date":"2021-02-03T17:09:58","date_gmt":"2021-02-03T16:09:58","guid":{"rendered":"https:\/\/cream-deluxe.com\/?page_id=8278"},"modified":"2021-02-03T17:13:14","modified_gmt":"2021-02-03T16:13:14","slug":"legal-policy","status":"publish","type":"page","link":"https:\/\/cream-deluxe.com\/fr\/legal-policy\/","title":{"rendered":"Politique L\u00e9gale"},"content":{"rendered":"<div data-elementor-type=\"wp-page\" data-elementor-id=\"8278\" class=\"elementor elementor-8278\" data-elementor-post-type=\"page\">\n\t\t\t\t\t\t<section class=\"elementor-section elementor-top-section elementor-element elementor-element-2cbe0128 elementor-section-boxed elementor-section-height-default elementor-section-height-default\" data-id=\"2cbe0128\" data-element_type=\"section\">\n\t\t\t\t\t\t<div class=\"elementor-container elementor-column-gap-default\">\n\t\t\t\t\t<div class=\"elementor-column elementor-col-100 elementor-top-column elementor-element elementor-element-c5ae15b\" data-id=\"c5ae15b\" data-element_type=\"column\">\n\t\t\t<div class=\"elementor-widget-wrap\">\n\t\t\t\t\t\t\t<\/div>\n\t\t<\/div>\n\t\t\t\t\t<\/div>\n\t\t<\/section>\n\t\t\t\t<section class=\"elementor-section elementor-top-section elementor-element elementor-element-9680bd7 elementor-section-boxed elementor-section-height-default elementor-section-height-default\" data-id=\"9680bd7\" data-element_type=\"section\">\n\t\t\t\t\t\t<div class=\"elementor-container elementor-column-gap-default\">\n\t\t\t\t\t<div class=\"elementor-column elementor-col-100 elementor-top-column elementor-element elementor-element-dcf421e\" data-id=\"dcf421e\" data-element_type=\"column\">\n\t\t\t<div class=\"elementor-widget-wrap elementor-element-populated\">\n\t\t\t\t\t\t<div class=\"elementor-element elementor-element-29972ac elementor-widget elementor-widget-heading\" data-id=\"29972ac\" data-element_type=\"widget\" data-widget_type=\"heading.default\">\n\t\t\t\t<div class=\"elementor-widget-container\">\n\t\t\t<style>\/*! elementor - v3.21.0 - 30-04-2024 *\/\n.elementor-heading-title{padding:0;margin:0;line-height:1}.elementor-widget-heading .elementor-heading-title[class*=elementor-size-]>a{color:inherit;font-size:inherit;line-height:inherit}.elementor-widget-heading .elementor-heading-title.elementor-size-small{font-size:15px}.elementor-widget-heading .elementor-heading-title.elementor-size-medium{font-size:19px}.elementor-widget-heading .elementor-heading-title.elementor-size-large{font-size:29px}.elementor-widget-heading .elementor-heading-title.elementor-size-xl{font-size:39px}.elementor-widget-heading .elementor-heading-title.elementor-size-xxl{font-size:59px}<\/style><h1 class=\"elementor-heading-title elementor-size-default\">Politique L\u00e9gale<\/h1>\t\t<\/div>\n\t\t\t\t<\/div>\n\t\t\t\t<div class=\"elementor-element elementor-element-031647e elementor-widget elementor-widget-text-editor\" data-id=\"031647e\" data-element_type=\"widget\" data-widget_type=\"text-editor.default\">\n\t\t\t\t<div class=\"elementor-widget-container\">\n\t\t\t<style>\/*! elementor - v3.21.0 - 30-04-2024 *\/\n.elementor-widget-text-editor.elementor-drop-cap-view-stacked .elementor-drop-cap{background-color:#69727d;color:#fff}.elementor-widget-text-editor.elementor-drop-cap-view-framed .elementor-drop-cap{color:#69727d;border:3px solid;background-color:transparent}.elementor-widget-text-editor:not(.elementor-drop-cap-view-default) .elementor-drop-cap{margin-top:8px}.elementor-widget-text-editor:not(.elementor-drop-cap-view-default) .elementor-drop-cap-letter{width:1em;height:1em}.elementor-widget-text-editor .elementor-drop-cap{float:left;text-align:center;line-height:1;font-size:50px}.elementor-widget-text-editor .elementor-drop-cap-letter{display:inline-block}<\/style>\t\t\t\t<p><strong>D\u00e9claration 1.<\/strong> Je confirme que je comprends que l'inhalation de protoxyde d'azote comporte un risque de cons\u00e9quences s\u00e9rieuses sur la sant\u00e9.<br \/>Les risques comprennent la narcose, l'asphyxie et, potentiellement, la mort.<\/p><p>\u00a0<\/p><p><strong>D\u00e9claration 2.<\/strong> Je confirme que je suis l'acheteur d\u00e9sign\u00e9 et que j'ai plus de 18 ans et que j'agis au nom de la soci\u00e9t\u00e9 ou du commerce indiqu\u00e9.<\/p><p>\u00a0<\/p><p><strong>D\u00e9claration 3.<\/strong> Je confirme que je n'ai pas l'intention de faire un usage abusif des biens ou de fournir les biens \u00e0 quiconque je pense (i) avoir l'intention de faire un usage abusif de ces produits ou (ii) d'\u00eatre \u00e2g\u00e9 de moins de 18 ans.<\/p><p>\u00a0<\/p><p><strong>D\u00e9claration 4.<\/strong> Je confirme que je n'utiliserai ni ne vendrai sciemment ces biens pour leurs effets psychoactifs ou m\u00e9dicaux.<\/p><p>\u00a0<\/p><p class=\" translation-block\"><strong>D\u00e9claration 5. <\/strong>Je confirme que je prendrai toutes les mesures n\u00e9cessaires pour garantir que les marchandises soient utilis\u00e9es uniquement en conformit\u00e9 avec les instructions du fabricant.<\/p><p>\u00a0<\/p><p><strong>D\u00e9claration 6.<\/strong> Je confirme que je prendrai toutes les mesures n\u00e9cessaires pour garantir que les marchandises soient conserv\u00e9es en lieu s\u00fbr, de mani\u00e8re \u00e0 ce qu'elles ne soient pas accessibles aux mineurs ou aux utilisateurs abusifs.<\/p><p>\u00a0<\/p><p class=\" translation-block\"><strong>D\u00e9claration 7.<\/strong> Je confirme que si j'envisage de revendre les marchandises, que tous les panneaux, l'\u00e9tiquetage\net\/ou les informations qui concernent ou accompagnent les marchandises expliquent qu'elles sont destin\u00e9es \u00e0 la restauration\net ne sugg\u00e8rent aucune autre utilisation.<\/p><p>\u00a0<\/p><p class=\" translation-block\"><strong>D\u00e9claration 8.<\/strong>  Je confirme que je suis conscient de la nature DANGEREUSE du protoxyde d'azote et que je n'interf\u00e9rerai pas avec l'emballage pour masquer les informations de s\u00e9curit\u00e9 et prendrai toutes les mesures n\u00e9cessaires en mati\u00e8re de stockage et de transport.<\/p><p>\u00a0<\/p><p><strong>D\u00e9claration 9.<\/strong> Je confirme que les marchandises ne seront JAMAIS mises \u00e0 bord d'aucun type d'avion et je prendrai des mesures strictes pour garantir que toute personne \u00e0 qui je fournirai les marchandises conform\u00e9ment \u00e0 la pr\u00e9sente d\u00e9claration prendra les m\u00eames pr\u00e9cautions.<\/p><p>\u00a0<\/p><p class=\" translation-block\"><strong>D\u00e9claration 10.<\/strong> Je confirme que les chargeurs N2O ne seront jamais chauff\u00e9s de quelque mani\u00e8re que ce soit ni perc\u00e9s par autre qu'un distributeur de cr\u00e8me \u00e0 fouetter certifi\u00e9 et je prendrai des mesures pour m'assurer que toute personne \u00e0 qui je fournirai les biens conform\u00e9ment \u00e0 la pr\u00e9sente d\u00e9claration prendra les m\u00eames pr\u00e9cautions.<\/p><p>\u00a0<\/p><p class=\" translation-block\"><strong>D\u00e9claration 11.<\/strong> Je confirme que je comprends que l'utilisation de ces biens est strictement limit\u00e9e \u00e0 des fins l\u00e9gitimes et l\u00e9gales et j'accepte de me conformer \u00e0 la loi fran\u00e7aise applicable.<\/p>\t\t\t\t\t\t<\/div>\n\t\t\t\t<\/div>\n\t\t\t\t\t<\/div>\n\t\t<\/div>\n\t\t\t\t\t<\/div>\n\t\t<\/section>\n\t\t\t\t<\/div>","protected":false},"excerpt":{"rendered":"<p>D\u00e9claration de politique juridique 1. Je confirme que je comprends que l'inhalation d'oxyde nitreux comporte un risque de cons\u00e9quences graves pour la sant\u00e9. Ces risques comprennent la narcose, l'asphyxie et potentiellement la mort.   D\u00e9claration 2. Je confirme que je suis l'acheteur d\u00e9sign\u00e9, que j'ai plus de 18 ans et que j'agis au nom de [...].<\/p>","protected":false},"author":3022,"featured_media":0,"parent":0,"menu_order":0,"comment_status":"closed","ping_status":"closed","template":"","meta":{"_acf_changed":false,"footnotes":""},"categories":[],"tags":[],"class_list":["post-8278","page","type-page","status-publish","hentry"],"acf":[],"_links":{"self":[{"href":"https:\/\/cream-deluxe.com\/fr\/wp-json\/wp\/v2\/pages\/8278","targetHints":{"allow":["GET"]}}],"collection":[{"href":"https:\/\/cream-deluxe.com\/fr\/wp-json\/wp\/v2\/pages"}],"about":[{"href":"https:\/\/cream-deluxe.com\/fr\/wp-json\/wp\/v2\/types\/page"}],"author":[{"embeddable":true,"href":"https:\/\/cream-deluxe.com\/fr\/wp-json\/wp\/v2\/users\/3022"}],"replies":[{"embeddable":true,"href":"https:\/\/cream-deluxe.com\/fr\/wp-json\/wp\/v2\/comments?post=8278"}],"version-history":[{"count":3,"href":"https:\/\/cream-deluxe.com\/fr\/wp-json\/wp\/v2\/pages\/8278\/revisions"}],"predecessor-version":[{"id":8281,"href":"https:\/\/cream-deluxe.com\/fr\/wp-json\/wp\/v2\/pages\/8278\/revisions\/8281"}],"wp:attachment":[{"href":"https:\/\/cream-deluxe.com\/fr\/wp-json\/wp\/v2\/media?parent=8278"}],"wp:term":[{"taxonomy":"category","embeddable":true,"href":"https:\/\/cream-deluxe.com\/fr\/wp-json\/wp\/v2\/categories?post=8278"},{"taxonomy":"post_tag","embeddable":true,"href":"https:\/\/cream-deluxe.com\/fr\/wp-json\/wp\/v2\/tags?post=8278"}],"curies":[{"name":"wp","href":"https:\/\/api.w.org\/{rel}","templated":true}]}}