{"id":33847,"date":"2025-09-16T10:38:28","date_gmt":"2025-09-16T08:38:28","guid":{"rendered":"https:\/\/cream-deluxe.com\/?page_id=33847"},"modified":"2026-02-10T09:03:54","modified_gmt":"2026-02-10T08:03:54","slug":"our-story","status":"publish","type":"page","link":"https:\/\/cream-deluxe.com\/fr\/our-story\/","title":{"rendered":"Our Story-z-2"},"content":{"rendered":"<div data-elementor-type=\"wp-page\" data-elementor-id=\"33847\" class=\"elementor elementor-33847\" data-elementor-post-type=\"page\">\n\t\t\t\t<div class=\"elementor-element elementor-element-585646c e-con-full elementor-hidden-mobile e-flex e-con e-parent\" data-id=\"585646c\" data-element_type=\"container\" data-settings=\"{&quot;background_background&quot;:&quot;classic&quot;}\">\n\t\t<div class=\"elementor-element elementor-element-ef5aab8 e-con-full e-flex e-con e-child\" data-id=\"ef5aab8\" data-element_type=\"container\">\n\t\t\t\t<div class=\"elementor-element elementor-element-0328036 elementor-widget elementor-widget-heading\" data-id=\"0328036\" data-element_type=\"widget\" data-widget_type=\"heading.default\">\n\t\t\t\t<div class=\"elementor-widget-container\">\n\t\t\t<style>\/*! elementor - v3.21.0 - 30-04-2024 *\/\n.elementor-heading-title{padding:0;margin:0;line-height:1}.elementor-widget-heading .elementor-heading-title[class*=elementor-size-]>a{color:inherit;font-size:inherit;line-height:inherit}.elementor-widget-heading .elementor-heading-title.elementor-size-small{font-size:15px}.elementor-widget-heading .elementor-heading-title.elementor-size-medium{font-size:19px}.elementor-widget-heading .elementor-heading-title.elementor-size-large{font-size:29px}.elementor-widget-heading .elementor-heading-title.elementor-size-xl{font-size:39px}.elementor-widget-heading .elementor-heading-title.elementor-size-xxl{font-size:59px}<\/style><h1 class=\"elementor-heading-title elementor-size-default\">Notre histoire<\/h1>\t\t<\/div>\n\t\t\t\t<\/div>\n\t\t\t\t<div class=\"elementor-element elementor-element-6b6a450 elementor-widget elementor-widget-heading\" data-id=\"6b6a450\" data-element_type=\"widget\" data-widget_type=\"heading.default\">\n\t\t\t\t<div class=\"elementor-widget-container\">\n\t\t\t<h2 class=\"elementor-heading-title elementor-size-default\">Transforming the ordinary into the extraordinary since our first day.<\/h2>\t\t<\/div>\n\t\t\t\t<\/div>\n\t\t\t\t<\/div>\n\t\t\t\t<\/div>\n\t\t<div class=\"elementor-element elementor-element-cebc773 elementor-hidden-mobile e-con-full e-flex e-con e-parent\" data-id=\"cebc773\" data-element_type=\"container\" data-settings=\"{&quot;background_background&quot;:&quot;classic&quot;}\">\n\t\t<div class=\"elementor-element elementor-element-0133027 e-con-full e-flex e-con e-child\" data-id=\"0133027\" data-element_type=\"container\" data-settings=\"{&quot;background_background&quot;:&quot;classic&quot;}\">\n\t\t\t\t<div class=\"elementor-element elementor-element-d3b54c3 elementor-widget elementor-widget-heading\" data-id=\"d3b54c3\" data-element_type=\"widget\" data-widget_type=\"heading.default\">\n\t\t\t\t<div class=\"elementor-widget-container\">\n\t\t\t<h1 class=\"elementor-heading-title elementor-size-default\">Notre histoire<\/h1>\t\t<\/div>\n\t\t\t\t<\/div>\n\t\t\t\t<div class=\"elementor-element elementor-element-043cd3a elementor-widget elementor-widget-text-editor\" data-id=\"043cd3a\" data-element_type=\"widget\" data-widget_type=\"text-editor.default\">\n\t\t\t\t<div class=\"elementor-widget-container\">\n\t\t\t<style>\/*! elementor - v3.21.0 - 30-04-2024 *\/\n.elementor-widget-text-editor.elementor-drop-cap-view-stacked .elementor-drop-cap{background-color:#69727d;color:#fff}.elementor-widget-text-editor.elementor-drop-cap-view-framed .elementor-drop-cap{color:#69727d;border:3px solid;background-color:transparent}.elementor-widget-text-editor:not(.elementor-drop-cap-view-default) .elementor-drop-cap{margin-top:8px}.elementor-widget-text-editor:not(.elementor-drop-cap-view-default) .elementor-drop-cap-letter{width:1em;height:1em}.elementor-widget-text-editor .elementor-drop-cap{float:left;text-align:center;line-height:1;font-size:50px}.elementor-widget-text-editor .elementor-drop-cap-letter{display:inline-block}<\/style>\t\t\t\t<p>We are Cream Deluxe \u2013 an ambitious start-up bringing life to the food-grade gas industry. Life is seen in all sorts and forms, but here at Cream Deluxe we mean showing to the world the exquisite ways of combining the most premium resources to create breathtaking experiences.<\/p><p>Que ce soit dans un restaurant ou un bar : Les meilleures et les plus belles choses du monde ne peuvent \u00eatre vues ou touch\u00e9es, mais doivent \u00eatre ressenties avec le c\u0153ur. Cr\u00e9er les boissons les plus uniques \u00e0 partager avec des amis n'est qu'une partie de l'\u00e9quation.<\/p><p>Cream Deluxe est l\u00e0 pour vous aider \u00e0 vous connecter et \u00e0 cr\u00e9er des liens pr\u00e9cieux pour renforcer ces exp\u00e9riences pr\u00e9cieuses. Chaque aventure avec nous est destin\u00e9e \u00e0 devenir un souvenir que vous n'oublierez jamais.<\/p><p>Avec notre kit de chargement de cr\u00e8me r\u00e9volutionnaire, Cream Deluxe d\u00e9poussi\u00e8re cette industrie d\u00e9mod\u00e9e et conquiert le monde pour tous ceux qui cherchent \u00e0 acc\u00e9l\u00e9rer le chargement de la cr\u00e8me \u00e0 une vitesse ridicule. En fin de compte, cela vous aidera \u00e0 atteindre des sommets inconnus.<\/p><p>Ce qui n'est pas sans importance, c'est que nous fabriquons \u00e9galement des produits d'une qualit\u00e9 exceptionnelle. <br \/>What\u2019s not to like?<\/p>\t\t\t\t\t\t<\/div>\n\t\t\t\t<\/div>\n\t\t\t\t<\/div>\n\t\t\t\t<\/div>\n\t\t<div class=\"elementor-element elementor-element-597ec7f e-con-full elementor-hidden-desktop e-flex e-con e-parent\" data-id=\"597ec7f\" data-element_type=\"container\" data-settings=\"{&quot;background_background&quot;:&quot;classic&quot;}\">\n\t\t<div class=\"elementor-element elementor-element-0ee4c61 e-con-full e-flex e-con e-child\" data-id=\"0ee4c61\" data-element_type=\"container\">\n\t\t\t\t<div class=\"elementor-element elementor-element-4183b02 elementor-widget elementor-widget-heading\" data-id=\"4183b02\" data-element_type=\"widget\" data-widget_type=\"heading.default\">\n\t\t\t\t<div class=\"elementor-widget-container\">\n\t\t\t<h1 class=\"elementor-heading-title elementor-size-default\">Notre histoire<\/h1>\t\t<\/div>\n\t\t\t\t<\/div>\n\t\t\t\t<div class=\"elementor-element elementor-element-376852f elementor-widget elementor-widget-heading\" data-id=\"376852f\" data-element_type=\"widget\" data-widget_type=\"heading.default\">\n\t\t\t\t<div class=\"elementor-widget-container\">\n\t\t\t<h2 class=\"elementor-heading-title elementor-size-default\">Creating breathtaking experience since 2019<\/h2>\t\t<\/div>\n\t\t\t\t<\/div>\n\t\t\t\t<\/div>\n\t\t\t\t<\/div>\n\t\t<div class=\"elementor-element elementor-element-fbe1d46 elementor-hidden-desktop e-flex e-con-boxed e-con e-parent\" data-id=\"fbe1d46\" data-element_type=\"container\" id=\"story-box\" data-settings=\"{&quot;background_background&quot;:&quot;classic&quot;}\">\n\t\t\t\t\t<div class=\"e-con-inner\">\n\t\t<div class=\"elementor-element elementor-element-b74e605 e-con-full elementor-hidden-desktop e-flex e-con e-child\" data-id=\"b74e605\" data-element_type=\"container\" id=\"daa\" data-settings=\"{&quot;background_background&quot;:&quot;classic&quot;}\">\n\t\t\t\t<div class=\"elementor-element elementor-element-ac45dfc elementor-widget elementor-widget-heading\" data-id=\"ac45dfc\" data-element_type=\"widget\" data-widget_type=\"heading.default\">\n\t\t\t\t<div class=\"elementor-widget-container\">\n\t\t\t<h1 class=\"elementor-heading-title elementor-size-default\">Notre histoire<\/h1>\t\t<\/div>\n\t\t\t\t<\/div>\n\t\t\t\t<div class=\"elementor-element elementor-element-48a404a elementor-widget elementor-widget-text-editor\" data-id=\"48a404a\" data-element_type=\"widget\" data-widget_type=\"text-editor.default\">\n\t\t\t\t<div class=\"elementor-widget-container\">\n\t\t\t\t\t\t\t<p>We are Cream Deluxe \u2013 an ambitious start-up bringing life to the food-grade gas industry. Life is seen in all sorts and forms, but here at Cream Deluxe we mean showing to the world the exquisite ways of combining the most premium resources to create breathtaking experiences.<\/p><p>Que ce soit dans un restaurant ou un bar : Les meilleures et les plus belles choses du monde ne peuvent \u00eatre vues ou touch\u00e9es, mais doivent \u00eatre ressenties avec le c\u0153ur. Cr\u00e9er les boissons les plus uniques \u00e0 partager avec des amis n'est qu'une partie de l'\u00e9quation.<\/p><p>Cream Deluxe est l\u00e0 pour vous aider \u00e0 vous connecter et \u00e0 cr\u00e9er des liens pr\u00e9cieux pour renforcer ces exp\u00e9riences pr\u00e9cieuses. Chaque aventure avec nous est destin\u00e9e \u00e0 devenir un souvenir que vous n'oublierez jamais.<\/p><p>Avec notre kit de chargement de cr\u00e8me r\u00e9volutionnaire, Cream Deluxe d\u00e9poussi\u00e8re cette industrie d\u00e9mod\u00e9e et conquiert le monde pour tous ceux qui cherchent \u00e0 acc\u00e9l\u00e9rer le chargement de la cr\u00e8me \u00e0 une vitesse ridicule. En fin de compte, cela vous aidera \u00e0 atteindre des sommets inconnus.<\/p><p>Ce qui n'est pas sans importance, c'est que nous fabriquons \u00e9galement des produits d'une qualit\u00e9 exceptionnelle. <br \/>What\u2019s not to like?<\/p>\t\t\t\t\t\t<\/div>\n\t\t\t\t<\/div>\n\t\t\t\t<\/div>\n\t\t\t\t\t<\/div>\n\t\t\t\t<\/div>\n\t\t\t\t<\/div>","protected":false},"excerpt":{"rendered":"<p>Our Story Transforming the ordinary into the extraordinary since our first day. Our story We are Cream Deluxe \u2013 an ambitious start-up bringing life to the food-grade gas industry. Life is seen in all sorts and forms, but here at Cream Deluxe we mean showing to the world the exquisite ways of combining the most [&hellip;]<\/p>","protected":false},"author":3028,"featured_media":0,"parent":0,"menu_order":0,"comment_status":"closed","ping_status":"closed","template":"","meta":{"_acf_changed":false,"footnotes":""},"categories":[],"tags":[],"class_list":["post-33847","page","type-page","status-publish","hentry"],"acf":[],"_links":{"self":[{"href":"https:\/\/cream-deluxe.com\/fr\/wp-json\/wp\/v2\/pages\/33847","targetHints":{"allow":["GET"]}}],"collection":[{"href":"https:\/\/cream-deluxe.com\/fr\/wp-json\/wp\/v2\/pages"}],"about":[{"href":"https:\/\/cream-deluxe.com\/fr\/wp-json\/wp\/v2\/types\/page"}],"author":[{"embeddable":true,"href":"https:\/\/cream-deluxe.com\/fr\/wp-json\/wp\/v2\/users\/3028"}],"replies":[{"embeddable":true,"href":"https:\/\/cream-deluxe.com\/fr\/wp-json\/wp\/v2\/comments?post=33847"}],"version-history":[{"count":9,"href":"https:\/\/cream-deluxe.com\/fr\/wp-json\/wp\/v2\/pages\/33847\/revisions"}],"predecessor-version":[{"id":34679,"href":"https:\/\/cream-deluxe.com\/fr\/wp-json\/wp\/v2\/pages\/33847\/revisions\/34679"}],"wp:attachment":[{"href":"https:\/\/cream-deluxe.com\/fr\/wp-json\/wp\/v2\/media?parent=33847"}],"wp:term":[{"taxonomy":"category","embeddable":true,"href":"https:\/\/cream-deluxe.com\/fr\/wp-json\/wp\/v2\/categories?post=33847"},{"taxonomy":"post_tag","embeddable":true,"href":"https:\/\/cream-deluxe.com\/fr\/wp-json\/wp\/v2\/tags?post=33847"}],"curies":[{"name":"wp","href":"https:\/\/api.w.org\/{rel}","templated":true}]}}