{"id":31201,"date":"2025-04-21T07:55:39","date_gmt":"2025-04-21T05:55:39","guid":{"rendered":"https:\/\/cream-deluxe.com\/?page_id=31201"},"modified":"2025-04-21T07:55:42","modified_gmt":"2025-04-21T05:55:42","slug":"whipped-cream-charger-vs-traditional-hand-whipping-which-is-better","status":"publish","type":"page","link":"https:\/\/cream-deluxe.com\/fr\/whipped-cream-charger-vs-traditional-hand-whipping-which-is-better\/","title":{"rendered":"Chargeur de cr\u00e8me fouett\u00e9e ou fouet traditionnel \u00e0 la main : Qu'est-ce qui est le mieux ?"},"content":{"rendered":"<p>Avez-vous d\u00e9j\u00e0 v\u00e9cu cette exp\u00e9rience ? Vous \u00eates en train de pr\u00e9parer un magnifique dessert pour une r\u00e9union entre amis et vous vous dites, <em>\"Le fait maison est toujours plus sinc\u00e8re.<\/em>&nbsp;Vous retroussez donc vos manches et commencez \u00e0 fouetter la cr\u00e8me \u00e0 la main, la sueur d\u00e9goulinant, les bras br\u00fblants - pour finir avec une cr\u00e8me trop peu fouett\u00e9e, un temps insuffisant et des desserts qui n'arriveront jamais sur la table. L'ambiance ? G\u00eanante, c'est le moins que l'on puisse dire.<\/p>\n\n\n\n<p><strong>En termes de texture, de gain de temps et de consistance, les chargeurs de cr\u00e8me fouett\u00e9e sont nettement plus performants que le fouettage traditionnel \u00e0 la main, qui conserve tout son charme pour les pr\u00e9parations en petites quantit\u00e9s et l'exp\u00e9rience artisanale.<\/strong><\/p>\n\n\n\n<p>Dans un monde o\u00f9 <strong>r\u00e8gles d'efficacit\u00e9<\/strong>Le choix du bon outil n'est pas qu'un d\u00e9tail, c'est le premier pas vers la ma\u00eetrise de l'art du dessert.<\/p>\n\n\n\n<h2 class=\"wp-block-heading\"><strong>I<\/strong><strong>\u3001<\/strong><strong>Rou<\/strong><strong>nd 1 : <\/strong><strong>Chargeurs de cr\u00e8me ou fouet \u00e0 main<\/strong><strong>- <\/strong><strong>Texture<\/strong><strong><\/strong><\/h2>\n\n\n\n<figure class=\"wp-block-image size-full\"><img fetchpriority=\"high\" decoding=\"async\" width=\"607\" height=\"418\" src=\"https:\/\/cream-deluxe.com\/wp-content\/uploads\/2025\/04\/\u56fe\u72471_proc-3.jpg\" alt=\"\" class=\"wp-image-31202\" srcset=\"https:\/\/cream-deluxe.com\/wp-content\/uploads\/2025\/04\/\u56fe\u72471_proc-3.jpg 607w, https:\/\/cream-deluxe.com\/wp-content\/uploads\/2025\/04\/\u56fe\u72471_proc-3-300x207.jpg 300w, https:\/\/cream-deluxe.com\/wp-content\/uploads\/2025\/04\/\u56fe\u72471_proc-3-18x12.jpg 18w\" sizes=\"(max-width: 607px) 100vw, 607px\" \/><\/figure>\n\n\n\n<p><strong>Fouet traditionnel \u00e0 la main<\/strong><br>Il y a du charme \u00e0 faire les choses \u00e0 l'ancienne. Mais le fouet \u00e0 la main n'est pas du tout homog\u00e8ne. Trop peu et c'est liquide. S'il y en a trop, il se transforme en beurre.<br>La structure ? Souvent instable. La forme ? Un pari.<br>Si vous recherchez un d\u00e9cor de dessert complexe, la cr\u00e8me fouett\u00e9e \u00e0 la main risque de ne pas faire l'affaire.<\/p>\n\n\n\n<p><strong>Chargeurs de cr\u00e8me<\/strong><br>Entrez dans la peau du h\u00e9ros moderne : Avec un <a href=\"https:\/\/www.sciencedirect.com\/science\/article\/abs\/pii\/B9780443190698000081\" target=\"_blank\" rel=\"noreferrer noopener nofollow\">oxyde nitreux<\/a> et un distributeur de cr\u00e8me fouett\u00e9e, vous obtiendrez une cr\u00e8me mousseuse, semblable \u00e0 un nuage, avec une texture de cr\u00e8me fouett\u00e9e. <strong>coh\u00e9rence professionnelle<\/strong>\u00a0\u00e0 chaque fois. Il conserve sa forme, ce qui est parfait pour faire des pipettes, des nappages, des tourbillons, bref, pour r\u00e9aliser des desserts artistiques \u00e0 la demande.<\/p>\n\n\n\n<p><strong>La diff\u00e9rence Feel<\/strong>: L'un est un joker, l'autre est de la soie sur une cuill\u00e8re.<\/p>\n\n\n\n<hr class=\"wp-block-separator has-alpha-channel-opacity\"\/>\n\n\n\n<h2 class=\"wp-block-heading\"><strong>II<\/strong><strong>\u3001<\/strong><strong>Roun<\/strong><strong>d 2 : <\/strong><strong>Chargeurs de cr\u00e8me ou fouet \u00e0 main<\/strong><strong>-<\/strong><strong>L'heure<\/strong><strong><\/strong><\/h2>\n\n\n\n<figure class=\"wp-block-image size-full\"><img decoding=\"async\" width=\"600\" height=\"407\" src=\"https:\/\/cream-deluxe.com\/wp-content\/uploads\/2025\/04\/\u56fe\u72472_proc-3.jpg\" alt=\"\" class=\"wp-image-31203\" srcset=\"https:\/\/cream-deluxe.com\/wp-content\/uploads\/2025\/04\/\u56fe\u72472_proc-3.jpg 600w, https:\/\/cream-deluxe.com\/wp-content\/uploads\/2025\/04\/\u56fe\u72472_proc-3-300x204.jpg 300w, https:\/\/cream-deluxe.com\/wp-content\/uploads\/2025\/04\/\u56fe\u72472_proc-3-18x12.jpg 18w\" sizes=\"(max-width: 600px) 100vw, 600px\" \/><\/figure>\n\n\n\n<p><strong>Fouet \u00e0 main<\/strong><br>5 \u00e0 10 minutes de mouvement constant, avec un risque important d'exc\u00e8s ou de manque de fouet. Ce n'est pas l'id\u00e9al pour les cuisines occup\u00e9es ou les desserts de derni\u00e8re minute.<\/p>\n\n\n\n<p><strong>Chargeurs de cr\u00e8me<\/strong><br>Charger, charger, secouer, pulv\u00e9riser - termin\u00e9 <strong>moins d'une minute<\/strong>. Que vous soyez dans une cuisine professionnelle ou que vous souhaitiez simplement pr\u00e9parer quelque chose apr\u00e8s le d\u00eener, c'est la rapidit\u00e9 et la facilit\u00e9 qui ont \u00e9t\u00e9 red\u00e9finies.<\/p>\n\n\n\n<p><strong>Parlons vrai<\/strong>: Il ne s'agit pas d'\u00eatre paresseux. Il s'agit d'\u00eatre intelligent avec son temps.<\/p>\n\n\n\n<hr class=\"wp-block-separator has-alpha-channel-opacity\"\/>\n\n\n\n<h2 class=\"wp-block-heading\"><strong>III<\/strong><strong>\u3001<\/strong><strong>Ro<\/strong><strong>et 3 :<\/strong><strong>Chargeurs de cr\u00e8me ou fouet \u00e0 main<\/strong><strong>-<\/strong><strong>Le go\u00fbt<\/strong><strong><\/strong><\/h2>\n\n\n\n<p><strong>Cr\u00e8me fouett\u00e9e \u00e0 la main<\/strong><br>S'il est bien fait, il est frais et cr\u00e9meux. Mais ce \"parfait\" est une fronti\u00e8re t\u00e9nue, qui peut facilement \u00eatre franchie pour devenir plate ou grasse.<\/p>\n\n\n\n<p><strong>Chargeurs de cr\u00e8me<\/strong><br>Le protoxyde d'azote n'alt\u00e8re pas le go\u00fbt - en fait, il pr\u00e9serve la fra\u00eecheur de la cr\u00e8me plus longtemps en emp\u00eachant l'oxyg\u00e8ne d'y p\u00e9n\u00e9trer. Vous obtenez une <strong>sensation en bouche plus l\u00e9g\u00e8re et plus douce<\/strong>&nbsp;et une meilleure perception du go\u00fbt sucr\u00e9, surtout si la cr\u00e8me est aromatis\u00e9e.<\/p>\n\n\n\n<p><strong>Le verdict du go\u00fbt<\/strong>: Les deux ont bon go\u00fbt, mais seul l'un d'entre eux est fiable. <em>\u00e0 chaque fois.<\/em><\/p>\n\n\n\n<hr class=\"wp-block-separator has-alpha-channel-opacity\"\/>\n\n\n\n<h2 class=\"wp-block-heading\"><strong>IV<\/strong><strong>\u3001<\/strong><strong>W<\/strong><strong>ourquoi choisir Cream Deluxe pour vos chargeurs de cr\u00e8me ?<\/strong><strong><\/strong><\/h2>\n\n\n\n<p>Si vous vous lancez dans le monde des chargeurs de cr\u00e8me, choisissez une marque qui rehausse l'ensemble de l'exp\u00e9rience. <strong>Cream Deluxe<\/strong>.<\/p>\n\n\n\n<p><strong>Oxyde nitreux de haute puret\u00e9<\/strong>&nbsp;pour une meilleure texture et un go\u00fbt plus pur<\/p>\n\n\n\n<p><strong>Cylindres \u00e9l\u00e9gants et durables<\/strong>&nbsp;qui existent en diff\u00e9rentes tailles<\/p>\n\n\n\n<p><strong>Compatibilit\u00e9 rapide et facile<\/strong>&nbsp;avec la plupart des distributeurs<\/p>\n\n\n\n<p><strong>Emballage respectueux de l'environnement<\/strong>&nbsp;qui r\u00e9duit les d\u00e9chets<\/p>\n\n\n\n<p>Que vous soyez cuisinier \u00e0 domicile, barista ou que vous organisiez un brunch \u00e9pique, Cream Deluxe vous permet d'obtenir des r\u00e9sultats de niveau professionnel sans aucun stress.<\/p>\n\n\n\n<hr class=\"wp-block-separator has-alpha-channel-opacity\"\/>\n\n\n\n<h2 class=\"wp-block-heading\"><strong>V<\/strong><strong>\u3001<\/strong><strong>\u2705 <\/strong><strong>Verdict final : Charme de la vieille \u00e9cole ou magie moderne ?<\/strong><strong><\/strong><\/h2>\n\n\n\n<p>Le fouettage traditionnel \u00e0 la main peut encore avoir sa place pour les moments de nostalgie ou les petits lots. Mais lorsqu'il s'agit de <strong>coh\u00e9rence, vitesse, contr\u00f4le et potentiel cr\u00e9atif<\/strong>Les chargeurs de cr\u00e8me fouett\u00e9e ont une longueur d'avance.<\/p>\n\n\n\n<p>Alors, la prochaine fois que vous prendrez votre fouet, faites une pause et r\u00e9fl\u00e9chissez :<br>Ne serait-il pas plus doux, plus rapide et plus moelleux avec un peu d'aide de la part de<a href=\"https:\/\/cream-deluxe.com\/fr\/\" target=\"_blank\" rel=\"noreferrer noopener\"> Cream Deluxe<\/a>?<\/p>\n\n\n\n<p><\/p>","protected":false},"excerpt":{"rendered":"<p>Have you ever had this experience? You\u2019re prepping a beautiful dessert spread for a get-together with friends, thinking, \u201cHomemade always feels more sincere.\u201d&nbsp;So you roll up your sleeves and start whisking cream by hand, sweat dripping, arms burning \u2014 only to end up with under-whipped cream, no time left, and desserts that never make it [&hellip;]<\/p>","protected":false},"author":3028,"featured_media":31140,"parent":0,"menu_order":0,"comment_status":"closed","ping_status":"closed","template":"","meta":{"_acf_changed":false,"footnotes":""},"categories":[42],"tags":[],"class_list":["post-31201","page","type-page","status-publish","has-post-thumbnail","hentry","category-blog"],"acf":[],"_links":{"self":[{"href":"https:\/\/cream-deluxe.com\/fr\/wp-json\/wp\/v2\/pages\/31201","targetHints":{"allow":["GET"]}}],"collection":[{"href":"https:\/\/cream-deluxe.com\/fr\/wp-json\/wp\/v2\/pages"}],"about":[{"href":"https:\/\/cream-deluxe.com\/fr\/wp-json\/wp\/v2\/types\/page"}],"author":[{"embeddable":true,"href":"https:\/\/cream-deluxe.com\/fr\/wp-json\/wp\/v2\/users\/3028"}],"replies":[{"embeddable":true,"href":"https:\/\/cream-deluxe.com\/fr\/wp-json\/wp\/v2\/comments?post=31201"}],"version-history":[{"count":1,"href":"https:\/\/cream-deluxe.com\/fr\/wp-json\/wp\/v2\/pages\/31201\/revisions"}],"predecessor-version":[{"id":31204,"href":"https:\/\/cream-deluxe.com\/fr\/wp-json\/wp\/v2\/pages\/31201\/revisions\/31204"}],"wp:featuredmedia":[{"embeddable":true,"href":"https:\/\/cream-deluxe.com\/fr\/wp-json\/wp\/v2\/media\/31140"}],"wp:attachment":[{"href":"https:\/\/cream-deluxe.com\/fr\/wp-json\/wp\/v2\/media?parent=31201"}],"wp:term":[{"taxonomy":"category","embeddable":true,"href":"https:\/\/cream-deluxe.com\/fr\/wp-json\/wp\/v2\/categories?post=31201"},{"taxonomy":"post_tag","embeddable":true,"href":"https:\/\/cream-deluxe.com\/fr\/wp-json\/wp\/v2\/tags?post=31201"}],"curies":[{"name":"wp","href":"https:\/\/api.w.org\/{rel}","templated":true}]}}