{"id":31145,"date":"2025-03-13T09:32:21","date_gmt":"2025-03-13T08:32:21","guid":{"rendered":"https:\/\/cream-deluxe.com\/?page_id=31145"},"modified":"2025-03-13T09:37:32","modified_gmt":"2025-03-13T08:37:32","slug":"how-to-choose-the-best-whipped-cream-dispenser-5-key-factors-to-avoid-pitfalls","status":"publish","type":"page","link":"https:\/\/cream-deluxe.com\/fr\/how-to-choose-the-best-whipped-cream-dispenser-5-key-factors-to-avoid-pitfalls\/","title":{"rendered":"Comment choisir le meilleur chargeur de cr\u00e8me fouett\u00e9e ? 5 facteurs cl\u00e9s pour \u00e9viter les pi\u00e8ges"},"content":{"rendered":"<p>En mars 2025, les n\u00e9gociations sur le cessez-le-feu entre les \u00c9tats-Unis et la Russie en Arabie saoudite ont attir\u00e9 l'attention du monde entier. L'\u00e9quipe de Trump a propos\u00e9 un \"accord temporaire de 30 jours\" pour remodeler la situation entre la Russie et l'Ukraine, tandis que Poutine a insist\u00e9 sur \"l'\u00e9limination des causes profondes de la crise\". Cette partie d'\u00e9checs diplomatique r\u00e9v\u00e8le une v\u00e9rit\u00e9 fondamentale : chaque choix est en fin de compte un \u00e9quilibre entre <strong>la s\u00e9curit\u00e9, l'efficacit\u00e9 et l'adaptabilit\u00e9.<\/strong>Comme l'ont soulign\u00e9 les chefs p\u00e2tissiers occidentaux lors du lancement d'un nouveau produit en 2025 : lorsque votre chargeur de cr\u00e8me fouett\u00e9e se d\u00e9pressurise soudain dans une<strong> <\/strong>32\u00b0C, ou que des cartouches de gaz m\u00e9lang\u00e9es g\u00e2chent le parfait nappage \u00e0 la cr\u00e8me, la frustration \u00e0 ce moment-l\u00e0 n'est rien de moins qu'un mauvais calcul strat\u00e9gique \u00e0 la table des n\u00e9gociations.<\/p>\n\n\n\n<p><strong>Cependant, en mettant l'accent sur la qualit\u00e9 des mat\u00e9riaux, l'\u00e9tanch\u00e9it\u00e9 et l'exp\u00e9rience de l'utilisateur lors de l'achat, vous pouvez r\u00e9duire ces risques de mani\u00e8re significative.<\/strong><\/p>\n\n\n\n<p>Analysons maintenant ces facteurs cl\u00e9s pour vous aider \u00e0 \u00e9viter les pi\u00e8ges les plus fr\u00e9quents.<strong><\/strong><\/p>\n\n\n\n<h2 class=\"wp-block-heading\"><strong>1. S\u00e9curit\u00e9 des mat\u00e9riaux : Acier inoxydable 304 \u2260 de qualit\u00e9 alimentaire, les d\u00e9tails comptent pour la sant\u00e9<\/strong><strong><\/strong><\/h2>\n\n\n\n<p>Sc\u00e9nario : si un distributeur en aluminium est utilis\u00e9 par erreur pour fouetter de la cr\u00e8me acide, des taches noires peuvent appara\u00eetre \u00e0 l'int\u00e9rieur apr\u00e8s trois mois. Les tests pourraient r\u00e9v\u00e9ler une migration d'ions d'aluminium d\u00e9passant trois fois la limite.<\/p>\n\n\n<div class=\"wp-block-image\">\n<figure class=\"aligncenter size-large\"><img fetchpriority=\"high\" decoding=\"async\" width=\"1024\" height=\"596\" src=\"https:\/\/cream-deluxe.com\/wp-content\/uploads\/2025\/03\/\u907f\u5751_proc-1024x596.jpg\" alt=\"\" class=\"wp-image-31146\" srcset=\"https:\/\/cream-deluxe.com\/wp-content\/uploads\/2025\/03\/\u907f\u5751_proc-1024x596.jpg 1024w, https:\/\/cream-deluxe.com\/wp-content\/uploads\/2025\/03\/\u907f\u5751_proc-300x175.jpg 300w, https:\/\/cream-deluxe.com\/wp-content\/uploads\/2025\/03\/\u907f\u5751_proc-768x447.jpg 768w, https:\/\/cream-deluxe.com\/wp-content\/uploads\/2025\/03\/\u907f\u5751_proc-18x10.jpg 18w, https:\/\/cream-deluxe.com\/wp-content\/uploads\/2025\/03\/\u907f\u5751_proc.jpg 1032w\" sizes=\"(max-width: 1024px) 100vw, 1024px\" \/><\/figure><\/div>\n\n\n<p>\u2705 Normes cl\u00e9s :<\/p>\n\n\n\n<ul class=\"wp-block-list\">\n<li>Certification du contact alimentaire : Choisir <a href=\"https:\/\/food.ec.europa.eu\/food-safety\/chemical-safety\/food-contact-materials\/legislation_en\" target=\"_blank\" rel=\"noreferrer noopener nofollow\"><strong>Certifi\u00e9 FDA\/EC 1935\/2004<\/strong>\u00a0<\/a>Distributeurs en acier inoxydable 304 (tels que <strong>Buffet de cr\u00e8me<\/strong>\u00a0et <strong>iSi<\/strong>) pour la r\u00e9sistance \u00e0 l'acide et \u00e0 la corrosion, garantissant un contact s\u00fbr avec la cr\u00e8me.<\/li>\n\n\n\n<li>Attention aux \"fausses 304\" : Utilisez un <strong>test de l'aimant<\/strong>-L'acier inoxydable 304 authentique est non magn\u00e9tique, alors que les versions contrefaites contiennent du fer et sont donc attir\u00e9es.<\/li>\n\n\n\n<li>Les distributeurs en aluminium ne conviennent que pour <strong>utilisation \u00e0 court terme, non acide<\/strong>\u00a0(comme la cr\u00e8me laiti\u00e8re pure \u00e0 usage unique). Pour une utilisation \u00e0 long terme, <strong>Il est recommand\u00e9 d'utiliser de l'acier inoxydable.<\/strong><\/li>\n<\/ul>\n\n\n\n<h2 class=\"wp-block-heading\"><strong>2. L'\u00e9tanch\u00e9it\u00e9 \u00e0 l'air : Un taux de fuite de 0,01MPa\/24h peut vous co\u00fbter plus cher \u00e0 long terme<\/strong><strong><\/strong><\/h2>\n\n\n\n<p>M\u00e9thodes d'essai :<\/p>\n\n\n\n<ul class=\"wp-block-list\">\n<li>V\u00e9rifier la certification : Le <strong>Norme europ\u00e9enne EN286-1<\/strong>\u00a0n\u00e9cessite un taux de fuite de <strong>moins de 0,01MPa\/24h<\/strong>\u00a0(pour les mod\u00e8les de qualit\u00e9 commerciale, il devrait s'agir de <strong>moins de 0,005MPa<\/strong>).<\/li>\n\n\n\n<li>Mat\u00e9riau du joint : <strong>Le silicone de qualit\u00e9 m\u00e9dicale (-40\u00b0C \u00e0 230\u00b0C) est sup\u00e9rieur<\/strong>\u00a0au caoutchouc nitrile (qui ne convient qu'\u00e0 la temp\u00e9rature ambiante). Appuyer sur pour tester...<strong>un rebond lent indique un vieillissement.<\/strong><\/li>\n\n\n\n<li>Test de remplissage : Apr\u00e8s avoir charg\u00e9 le distributeur, <strong>le renverser dans l'eau pendant 5 secondes<\/strong>. Si aucune bulle n'appara\u00eet, il est conforme \u00e0 la norme.<\/li>\n<\/ul>\n\n\n\n<h2 class=\"wp-block-heading\"><strong>3. Adaptation de la capacit\u00e9 : 600 ml pour un usage domestique, 1 l ou plus pour un usage commercial, attention aux fausses d\u00e9clarations de capacit\u00e9<\/strong><strong><\/strong><\/h2>\n\n\n\n<p>Comparaison d'utilisation :<\/p>\n\n\n\n<figure class=\"wp-block-table\"><table class=\"has-fixed-layout\"><tbody><tr><td><strong>Sc\u00e9nario<\/strong><strong><\/strong><\/td><td><strong>Capacit\u00e9 recommand\u00e9e<\/strong><strong><\/strong><\/td><td><strong>Co\u00fbt par utilisation<\/strong><strong><\/strong><\/td><td><strong>Fr\u00e9quence de recharge<\/strong><strong><\/strong><\/td><\/tr><tr><td>P\u00e2tisserie maison (2x\/semaine)<\/td><td>600ml<\/td><td>$0,8 par portion<\/td><td>Une fois par mois<\/td><\/tr><tr><td>Caf\u00e9 (50 tasses\/jour)<\/td><td>1.2L<\/td><td>$0,5 par portion<\/td><td>Deux fois par jour<\/td><\/tr><\/tbody><\/table><\/figure>\n\n\n\n<p>Attention : certains distributeurs bon march\u00e9 revendiquent une capacit\u00e9 de \"800 ml\", mais en raison de l'absence d'un syst\u00e8me de contr\u00f4le de la qualit\u00e9, il n'est pas possible d'obtenir un r\u00e9sultat satisfaisant. <strong>structures internes occupant de l'espace<\/strong>le volume utilisable r\u00e9el peut n'\u00eatre que de <strong>650ml.<\/strong><\/p>\n\n\n\n<h2 class=\"wp-block-heading\"><strong>4. Compatibilit\u00e9 des cartouches de gaz : Compatibilit\u00e9 N2O\/CO\u2082 \u2260 Utilisation interchangeable<\/strong><strong><\/strong><\/h2>\n\n\n\n<p>Aper\u00e7u technique :<\/p>\n\n\n\n<ul class=\"wp-block-list\">\n<li><strong>N2O (oxyde nitreux)<\/strong>\u00a0\u00e9largit <strong>trois fois plus<\/strong>\u00a0que le CO\u2082, ce qui le rend id\u00e9al pour les <strong>la cr\u00e8me fouett\u00e9e.<\/strong><\/li>\n\n\n\n<li><strong>CO\u2082<\/strong>\u00a0est mieux adapt\u00e9 pour <strong>les boissons gazeuses.<\/strong><\/li>\n<\/ul>\n\n\n\n<p>Guide d'achat :<\/p>\n\n\n\n<ul class=\"wp-block-list\">\n<li>Un distributeur r\u00e9ellement compatible doit \u00eatre \u00e9tiquet\u00e9 <strong>\"Robinet \u00e0 gaz double\"<\/strong>\u00a0et comprennent <strong>directives sur la compatibilit\u00e9 des pressions<\/strong>\u00a0pour les deux gaz (comme le <strong>KitchenAid S\u00e9rie Pro<\/strong>).<\/li>\n\n\n\n<li>\u00c9vitez les marques non certifi\u00e9es : Tests sur un <strong>1688 distributeur de places de march\u00e9<\/strong>\u00a0a montr\u00e9 <strong>pression instable avec CO\u2082<\/strong>, provoquant une <strong>30% taux de d\u00e9faillance<\/strong>\u00a0(la cr\u00e8me est devenue aqueuse).<\/li>\n\n\n\n<li>Pour un usage commercial, optez pour <strong>Distributeurs sp\u00e9cifiques au N2O<\/strong>\u00a0(par exemple <strong>Buffet de cr\u00e8me<\/strong>) afin de garantir la coh\u00e9rence des r\u00e9sultats.<\/li>\n<\/ul>\n\n\n\n<h2 class=\"wp-block-heading\"><strong>5. Facilit\u00e9 d'utilisation : Texture antid\u00e9rapante \u2260 True Grip, ces caract\u00e9ristiques de conception sont importantes<\/strong><strong><\/strong><\/h2>\n\n\n\n<p>La recherche sur les utilisateurs montre que <strong>72% de boulangers d\u00e9butants<\/strong>&nbsp;se plaignent que les distributeurs sont <strong>trop glissant<\/strong>&nbsp;ou <strong>sont difficiles \u00e0 presser.<\/strong><\/p>\n\n\n\n<p>Caract\u00e9ristiques utiles :<\/p>\n\n\n\n<ul class=\"wp-block-list\">\n<li><strong>Poign\u00e9e en forme de diamant avec rainures ergonomiques pour les doigts<\/strong>\u00a0(comme le <strong>Waring Pro<\/strong>) emp\u00eache de glisser, m\u00eame avec des mains mouill\u00e9es.<\/li>\n\n\n\n<li><strong>Bouton de rel\u00e2chement de la pression \u00e0 une touche<\/strong>\u00a0permet de ventiler en toute s\u00e9curit\u00e9 \u00e0 l'int\u00e9rieur <strong>trois secondes<\/strong>, \u00e9liminant ainsi le <strong>risque de doigts pinc\u00e9s<\/strong>\u00a0des boutons traditionnels. <strong>40% plus facile \u00e0 utiliser pour les d\u00e9butants.<\/strong><\/li>\n\n\n\n<li><strong>Fen\u00eatre transparente avec \u00e9chelle de mesure<\/strong>\u00a0permet aux utilisateurs de <strong>voir la cr\u00e8me restante<\/strong>\u00a0et \u00e9viter les ruptures de stock inattendues.<\/li>\n<\/ul>\n\n\n\n<h2 class=\"wp-block-heading\"><strong>2025 Meilleurs et pires choix<\/strong><strong><\/strong><\/h2>\n\n\n<div class=\"wp-block-image\">\n<figure class=\"aligncenter size-full is-resized\"><img decoding=\"async\" width=\"764\" height=\"965\" src=\"https:\/\/cream-deluxe.com\/wp-content\/uploads\/2025\/03\/\u907f\u57512_proc.jpg\" alt=\"\" class=\"wp-image-31147\" style=\"width:326px;height:auto\" srcset=\"https:\/\/cream-deluxe.com\/wp-content\/uploads\/2025\/03\/\u907f\u57512_proc.jpg 764w, https:\/\/cream-deluxe.com\/wp-content\/uploads\/2025\/03\/\u907f\u57512_proc-238x300.jpg 238w, https:\/\/cream-deluxe.com\/wp-content\/uploads\/2025\/03\/\u907f\u57512_proc-10x12.jpg 10w\" sizes=\"(max-width: 764px) 100vw, 764px\" \/><\/figure><\/div>\n\n\n<p>\u2705 <strong>Meilleur choix :<a href=\"https:\/\/cream-deluxe.com\/fr\/\" target=\"_blank\" rel=\"noreferrer noopener\">Cream Deluxe<\/a><\/strong>(acier inoxydable 304, certifi\u00e9 EN286, rel\u00e2chement de la pression par une seule touche) - id\u00e9al pour la maison et les petits commerces<br>\u2705 <strong>Meilleur rapport qualit\u00e9-prix :<\/strong>\u00a0<strong>Buffet de cr\u00e8me<\/strong>(compatibilit\u00e9 bi-gaz, \u00e9chelle de mesure visible) - convient aussi bien pour la cr\u00e8me fouett\u00e9e que pour les boissons gazeuses<br>\u274c <strong>\u00c9viter :<\/strong>\u00a0Certains distributeurs \"style Instagram\" des plateformes d'achat group\u00e9 (<strong>Construction en aluminium, pas de certification, 38% avis n\u00e9gatifs<\/strong>)<\/p>\n\n\n\n<h2 class=\"wp-block-heading\"><strong>Id\u00e9es re\u00e7ues<\/strong><strong><\/strong><\/h2>\n\n\n\n<p>\u00d7 Mythe 1 : \"Les distributeurs plus lourds sont meilleurs\" \u2192 L'acier inoxydable est dense, mais les distributeurs plus lourds sont plus efficaces. <strong>l'\u00e9paisseur de la paroi est importante<\/strong>. <strong>0,8 mm est suffisant<\/strong>-Une \u00e9paisseur trop importante r\u00e9duit le transfert de chaleur.<br>\u00d7 Mythe 2 : \"Toutes les cartouches sont interchangeables\" \u2192 Les cartouches bon march\u00e9 ont souvent un prix \u00e9lev\u00e9. <strong>une teneur en cuivre insuffisante<\/strong>, ce qui conduit \u00e0 <strong>corrosion de la vanne de gaz.<\/strong>&nbsp;Toujours utiliser <strong>Cartouches OEM<\/strong>.<\/p>\n\n\n\n<h2 class=\"wp-block-heading\"><strong>Conclusion<\/strong><strong><\/strong><\/h2>\n\n\n\n<p>Le choix d'un distributeur de cr\u00e8me fouett\u00e9e est une question de <strong>l'\u00e9quilibre entre la s\u00e9curit\u00e9, l'efficacit\u00e9 et le co\u00fbt.<\/strong>\u00a0La s\u00e9curit\u00e9 alimentaire est cruciale - les certifications comptent plus que l'apparence, et les sp\u00e9cifications sont plus fiables que le prix. Avant de faire votre prochain achat, v\u00e9rifiez ces cinq facteurs cl\u00e9s<strong>\u00a0<\/strong>pour \u00e9viter une erreur co\u00fbteuse !<\/p>\n\n\n\n<p><\/p>","protected":false},"excerpt":{"rendered":"<p>In March 2025, the ceasefire negotiations between the U.S. and Russia in Saudi Arabia drew global attention. Trump\u2019s team proposed a &#8220;30-day temporary agreement&#8221; to reshape the Russia-Ukraine situation, while Putin insisted on &#8220;eliminating the root causes of the crisis.&#8221; This diplomatic chess game reveals a fundamental truth: every choice is ultimately a balance between [&hellip;]<\/p>","protected":false},"author":3028,"featured_media":31081,"parent":0,"menu_order":0,"comment_status":"closed","ping_status":"closed","template":"","meta":{"_acf_changed":false,"footnotes":""},"categories":[42],"tags":[],"class_list":["post-31145","page","type-page","status-publish","has-post-thumbnail","hentry","category-blog"],"acf":[],"_links":{"self":[{"href":"https:\/\/cream-deluxe.com\/fr\/wp-json\/wp\/v2\/pages\/31145","targetHints":{"allow":["GET"]}}],"collection":[{"href":"https:\/\/cream-deluxe.com\/fr\/wp-json\/wp\/v2\/pages"}],"about":[{"href":"https:\/\/cream-deluxe.com\/fr\/wp-json\/wp\/v2\/types\/page"}],"author":[{"embeddable":true,"href":"https:\/\/cream-deluxe.com\/fr\/wp-json\/wp\/v2\/users\/3028"}],"replies":[{"embeddable":true,"href":"https:\/\/cream-deluxe.com\/fr\/wp-json\/wp\/v2\/comments?post=31145"}],"version-history":[{"count":3,"href":"https:\/\/cream-deluxe.com\/fr\/wp-json\/wp\/v2\/pages\/31145\/revisions"}],"predecessor-version":[{"id":31152,"href":"https:\/\/cream-deluxe.com\/fr\/wp-json\/wp\/v2\/pages\/31145\/revisions\/31152"}],"wp:featuredmedia":[{"embeddable":true,"href":"https:\/\/cream-deluxe.com\/fr\/wp-json\/wp\/v2\/media\/31081"}],"wp:attachment":[{"href":"https:\/\/cream-deluxe.com\/fr\/wp-json\/wp\/v2\/media?parent=31145"}],"wp:term":[{"taxonomy":"category","embeddable":true,"href":"https:\/\/cream-deluxe.com\/fr\/wp-json\/wp\/v2\/categories?post=31145"},{"taxonomy":"post_tag","embeddable":true,"href":"https:\/\/cream-deluxe.com\/fr\/wp-json\/wp\/v2\/tags?post=31145"}],"curies":[{"name":"wp","href":"https:\/\/api.w.org\/{rel}","templated":true}]}}