{"id":2584,"date":"2020-06-17T08:23:52","date_gmt":"2020-06-17T08:23:52","guid":{"rendered":"https:\/\/cream-deluxe.com\/?page_id=2584"},"modified":"2022-11-02T15:50:29","modified_gmt":"2022-11-02T14:50:29","slug":"cream-chargers-wholesale","status":"publish","type":"page","link":"https:\/\/cream-deluxe.com\/fr\/cartouche-n2o-grossiste\/","title":{"rendered":"Cartouches N2O pour grossistes : Commandez ici - Cream Deluxe"},"content":{"rendered":"<div data-elementor-type=\"wp-page\" data-elementor-id=\"2584\" class=\"elementor elementor-2584\" data-elementor-post-type=\"page\">\n\t\t\t\t\t\t<section class=\"elementor-section elementor-top-section elementor-element elementor-element-6319be3 elementor-section-boxed elementor-section-height-default elementor-section-height-default\" data-id=\"6319be3\" data-element_type=\"section\">\n\t\t\t\t\t\t<div class=\"elementor-container elementor-column-gap-default\">\n\t\t\t\t\t<div class=\"elementor-column elementor-col-100 elementor-top-column elementor-element elementor-element-d594725\" data-id=\"d594725\" data-element_type=\"column\">\n\t\t\t<div class=\"elementor-widget-wrap elementor-element-populated\">\n\t\t\t\t\t\t<div class=\"elementor-element elementor-element-2412112 elementor-widget elementor-widget-shortcode\" data-id=\"2412112\" data-element_type=\"widget\" data-widget_type=\"shortcode.default\">\n\t\t\t\t<div class=\"elementor-widget-container\">\n\t\t\t\t\t<div class=\"elementor-shortcode\"><nav aria-label=\"chapelure\" class=\"rank-math-breadcrumb\"><p><span class=\"last\">Accueil<\/span><\/p><\/nav><\/div>\n\t\t\t\t<\/div>\n\t\t\t\t<\/div>\n\t\t\t\t\t<\/div>\n\t\t<\/div>\n\t\t\t\t\t<\/div>\n\t\t<\/section>\n\t\t\t\t<section class=\"elementor-section elementor-top-section elementor-element elementor-element-b156834 elementor-section-boxed elementor-section-height-default elementor-section-height-default\" data-id=\"b156834\" data-element_type=\"section\">\n\t\t\t\t\t\t<div class=\"elementor-container elementor-column-gap-default\">\n\t\t\t\t\t<div class=\"elementor-column elementor-col-100 elementor-top-column elementor-element elementor-element-47ef4a4\" data-id=\"47ef4a4\" data-element_type=\"column\">\n\t\t\t<div class=\"elementor-widget-wrap elementor-element-populated\">\n\t\t\t\t\t\t<div class=\"elementor-element elementor-element-aea2e4b elementor-widget elementor-widget-heading\" data-id=\"aea2e4b\" data-element_type=\"widget\" data-widget_type=\"heading.default\">\n\t\t\t\t<div class=\"elementor-widget-container\">\n\t\t\t<style>\/*! elementor - v3.21.0 - 30-04-2024 *\/\n.elementor-heading-title{padding:0;margin:0;line-height:1}.elementor-widget-heading .elementor-heading-title[class*=elementor-size-]>a{color:inherit;font-size:inherit;line-height:inherit}.elementor-widget-heading .elementor-heading-title.elementor-size-small{font-size:15px}.elementor-widget-heading .elementor-heading-title.elementor-size-medium{font-size:19px}.elementor-widget-heading .elementor-heading-title.elementor-size-large{font-size:29px}.elementor-widget-heading .elementor-heading-title.elementor-size-xl{font-size:39px}.elementor-widget-heading .elementor-heading-title.elementor-size-xxl{font-size:59px}<\/style><h1 class=\"elementor-heading-title elementor-size-default\">Cartouche N2O pour grossistes<\/h1>\t\t<\/div>\n\t\t\t\t<\/div>\n\t\t\t\t<div class=\"elementor-element elementor-element-68aee81 elementor-widget elementor-widget-heading\" data-id=\"68aee81\" data-element_type=\"widget\" data-widget_type=\"heading.default\">\n\t\t\t\t<div class=\"elementor-widget-container\">\n\t\t\t<h2 class=\"elementor-heading-title elementor-size-default\">Acheter des cartouches de gaz N2O en tant que grossiste et ne payez pas la TVA<\/h2>\t\t<\/div>\n\t\t\t\t<\/div>\n\t\t\t\t<div class=\"elementor-element elementor-element-d1c4cf2 elementor-mobile-align-justify elementor-hidden-desktop elementor-hidden-tablet elementor-widget elementor-widget-button\" data-id=\"d1c4cf2\" data-element_type=\"widget\" data-widget_type=\"button.default\">\n\t\t\t\t<div class=\"elementor-widget-container\">\n\t\t\t\t\t<div class=\"elementor-button-wrapper\">\n\t\t\t<a class=\"elementor-button elementor-button-link elementor-size-xs\" href=\"#send-inquiry\">\n\t\t\t\t\t\t<span class=\"elementor-button-content-wrapper\">\n\t\t\t\t\t\t\t\t\t<span class=\"elementor-button-text\">Envoyer une demande<\/span>\n\t\t\t\t\t<\/span>\n\t\t\t\t\t<\/a>\n\t\t<\/div>\n\t\t\t\t<\/div>\n\t\t\t\t<\/div>\n\t\t\t\t\t<\/div>\n\t\t<\/div>\n\t\t\t\t\t<\/div>\n\t\t<\/section>\n\t\t\t\t<section class=\"elementor-section elementor-top-section elementor-element elementor-element-6d2e2e9 elementor-section-boxed elementor-section-height-default elementor-section-height-default\" data-id=\"6d2e2e9\" data-element_type=\"section\">\n\t\t\t\t\t\t<div class=\"elementor-container elementor-column-gap-default\">\n\t\t\t\t\t<div class=\"elementor-column elementor-col-100 elementor-top-column elementor-element elementor-element-ba5e9f1\" data-id=\"ba5e9f1\" data-element_type=\"column\">\n\t\t\t<div class=\"elementor-widget-wrap elementor-element-populated\">\n\t\t\t\t\t\t<section class=\"elementor-section elementor-inner-section elementor-element elementor-element-ec2d547 elementor-section-boxed elementor-section-height-default elementor-section-height-default\" data-id=\"ec2d547\" data-element_type=\"section\">\n\t\t\t\t\t\t<div class=\"elementor-container elementor-column-gap-default\">\n\t\t\t\t\t<div class=\"elementor-column elementor-col-50 elementor-inner-column elementor-element elementor-element-0f6426b\" data-id=\"0f6426b\" data-element_type=\"column\">\n\t\t\t<div class=\"elementor-widget-wrap elementor-element-populated\">\n\t\t\t\t\t\t<div class=\"elementor-element elementor-element-400ee54 elementor-widget elementor-widget-image\" data-id=\"400ee54\" data-element_type=\"widget\" data-widget_type=\"image.default\">\n\t\t\t\t<div class=\"elementor-widget-container\">\n\t\t\t<style>\/*! elementor - v3.21.0 - 30-04-2024 *\/\n.elementor-widget-image{text-align:center}.elementor-widget-image a{display:inline-block}.elementor-widget-image a img[src$=\".svg\"]{width:48px}.elementor-widget-image img{vertical-align:middle;display:inline-block}<\/style>\t\t\t\t\t\t\t\t\t\t<img fetchpriority=\"high\" decoding=\"async\" width=\"800\" height=\"800\" src=\"https:\/\/cream-deluxe.com\/wp-content\/uploads\/2022\/07\/CREAMDELUXE-MAXXI-PHOTOSHOOT-5OCT2022-38-scaled-e1666344400389-1024x1024.jpg\" class=\"attachment-large size-large wp-image-29887\" alt=\"Cream Deluxe Maxxi rose bleu n\u00e9on d\u00e9co lumi\u00e8re\" srcset=\"https:\/\/cream-deluxe.com\/wp-content\/uploads\/2022\/07\/CREAMDELUXE-MAXXI-PHOTOSHOOT-5OCT2022-38-scaled-e1666344400389-1024x1024.jpg 1024w, https:\/\/cream-deluxe.com\/wp-content\/uploads\/2022\/07\/CREAMDELUXE-MAXXI-PHOTOSHOOT-5OCT2022-38-scaled-e1666344400389-300x300.jpg 300w, https:\/\/cream-deluxe.com\/wp-content\/uploads\/2022\/07\/CREAMDELUXE-MAXXI-PHOTOSHOOT-5OCT2022-38-scaled-e1666344400389-150x150.jpg 150w, https:\/\/cream-deluxe.com\/wp-content\/uploads\/2022\/07\/CREAMDELUXE-MAXXI-PHOTOSHOOT-5OCT2022-38-scaled-e1666344400389-768x769.jpg 768w, https:\/\/cream-deluxe.com\/wp-content\/uploads\/2022\/07\/CREAMDELUXE-MAXXI-PHOTOSHOOT-5OCT2022-38-scaled-e1666344400389-1534x1536.jpg 1534w, https:\/\/cream-deluxe.com\/wp-content\/uploads\/2022\/07\/CREAMDELUXE-MAXXI-PHOTOSHOOT-5OCT2022-38-scaled-e1666344400389-12x12.jpg 12w, https:\/\/cream-deluxe.com\/wp-content\/uploads\/2022\/07\/CREAMDELUXE-MAXXI-PHOTOSHOOT-5OCT2022-38-scaled-e1666344400389-400x400.jpg 400w, https:\/\/cream-deluxe.com\/wp-content\/uploads\/2022\/07\/CREAMDELUXE-MAXXI-PHOTOSHOOT-5OCT2022-38-scaled-e1666344400389-600x601.jpg 600w, https:\/\/cream-deluxe.com\/wp-content\/uploads\/2022\/07\/CREAMDELUXE-MAXXI-PHOTOSHOOT-5OCT2022-38-scaled-e1666344400389-100x100.jpg 100w, https:\/\/cream-deluxe.com\/wp-content\/uploads\/2022\/07\/CREAMDELUXE-MAXXI-PHOTOSHOOT-5OCT2022-38-scaled-e1666344400389.jpg 1706w\" sizes=\"(max-width: 800px) 100vw, 800px\" \/>\t\t\t\t\t\t\t\t\t\t\t\t\t<\/div>\n\t\t\t\t<\/div>\n\t\t\t\t<div class=\"elementor-element elementor-element-a14273a elementor-widget elementor-widget-heading\" data-id=\"a14273a\" data-element_type=\"widget\" data-widget_type=\"heading.default\">\n\t\t\t\t<div class=\"elementor-widget-container\">\n\t\t\t<h2 class=\"elementor-heading-title elementor-size-default\">Notre page de vente pour grossistes de cartouche N2O Cream Deluxe<\/h2>\t\t<\/div>\n\t\t\t\t<\/div>\n\t\t\t\t<div class=\"elementor-element elementor-element-17c9672 elementor-widget elementor-widget-text-editor\" data-id=\"17c9672\" data-element_type=\"widget\" data-widget_type=\"text-editor.default\">\n\t\t\t\t<div class=\"elementor-widget-container\">\n\t\t\t<style>\/*! elementor - v3.21.0 - 30-04-2024 *\/\n.elementor-widget-text-editor.elementor-drop-cap-view-stacked .elementor-drop-cap{background-color:#69727d;color:#fff}.elementor-widget-text-editor.elementor-drop-cap-view-framed .elementor-drop-cap{color:#69727d;border:3px solid;background-color:transparent}.elementor-widget-text-editor:not(.elementor-drop-cap-view-default) .elementor-drop-cap{margin-top:8px}.elementor-widget-text-editor:not(.elementor-drop-cap-view-default) .elementor-drop-cap-letter{width:1em;height:1em}.elementor-widget-text-editor .elementor-drop-cap{float:left;text-align:center;line-height:1;font-size:50px}.elementor-widget-text-editor .elementor-drop-cap-letter{display:inline-block}<\/style>\t\t\t\t<p>Toutes nos cartouches de gaz N2O sont vendues en gros au prix hors taxes. Vous pouvez commander nos cartouches de N2O \u00e0 partir de 108 bonbonnes et jusqu'\u00e0 plusieurs palettes. Vous souhaitez acheter des cartouches de gaz en grande quantit\u00e9 pour votre entreprise ? Dans ce cas, inscrivez-vous sur notre site en tant qu'entreprise pour profiter de notre tarif sp\u00e9cial pour nos cartouche N2O grossiste.&nbsp;<\/p><p>Commandez des cartouches N2O en gros avec Cream Deluxe via notre formulaire de commande et profitez de nos tarifs avantageux.&nbsp;<\/p>\t\t\t\t\t\t<\/div>\n\t\t\t\t<\/div>\n\t\t\t\t<div class=\"elementor-element elementor-element-a547b82 elementor-widget elementor-widget-heading\" data-id=\"a547b82\" data-element_type=\"widget\" data-widget_type=\"heading.default\">\n\t\t\t\t<div class=\"elementor-widget-container\">\n\t\t\t<h2 class=\"elementor-heading-title elementor-size-default\">Cartouche de gaz N2O de 580g pour grossistes<\/h2>\t\t<\/div>\n\t\t\t\t<\/div>\n\t\t\t\t<div class=\"elementor-element elementor-element-96f3407 elementor-widget elementor-widget-text-editor\" data-id=\"96f3407\" data-element_type=\"widget\" data-widget_type=\"text-editor.default\">\n\t\t\t\t<div class=\"elementor-widget-container\">\n\t\t\t\t\t\t\t<p>Nos chargeurs de cr\u00e8me remplis de 580 grammes de gaz N2O sont compl\u00e8tement diff\u00e9rent par rapport aux chargeurs de cr\u00e8me traditionnels de 8 grammes. Les traiteurs et les restaurants et grossistes sont d\u00e9sormais en mesure de charger efficacement les distributeurs de cr\u00e8me avec plus de rapidit\u00e9 et de pr\u00e9cision, gr\u00e2ce \u00e0 un r\u00e9gulateur de pression et \u00e0 la bouteille contenant jusqu'\u00e0 78 fois plus de gaz. Le gaspillage excessif de gaz est \u00e9galement r\u00e9duit de mani\u00e8re significative par un contr\u00f4le pr\u00e9cis des portions avec nos cartouches de N2O. Achetez d\u00e8s maintenant en gros sur notre site.<\/p>\t\t\t\t\t\t<\/div>\n\t\t\t\t<\/div>\n\t\t\t\t\t<\/div>\n\t\t<\/div>\n\t\t\t\t<div class=\"elementor-column elementor-col-50 elementor-inner-column elementor-element elementor-element-1ef8d7f\" data-id=\"1ef8d7f\" data-element_type=\"column\">\n\t\t\t<div class=\"elementor-widget-wrap elementor-element-populated\">\n\t\t\t\t\t\t<div class=\"elementor-element elementor-element-dac9683 elementor-widget elementor-widget-shortcode\" data-id=\"dac9683\" data-element_type=\"widget\" id=\"send-inquiry\" data-widget_type=\"shortcode.default\">\n\t\t\t\t<div class=\"elementor-widget-container\">\n\t\t\t\t\t<div class=\"elementor-shortcode\"><div id=\"cbox-37LDQeJZM1CKlEsl\"><\/div><\/div>\n\t\t\t\t<\/div>\n\t\t\t\t<\/div>\n\t\t\t\t\t<\/div>\n\t\t<\/div>\n\t\t\t\t\t<\/div>\n\t\t<\/section>\n\t\t\t\t\t<\/div>\n\t\t<\/div>\n\t\t\t\t\t<\/div>\n\t\t<\/section>\n\t\t\t\t<\/div>","protected":false},"excerpt":{"rendered":"<p>Chargeurs de cr\u00e8me en gros ACHETEZ DES CHARGEURS DE CR\u00c8ME POUR VOTRE ENTREPRISE EN GRANDE QUANTIT\u00c9 Envoyez une demande de renseignements Cream Deluxe Wholesale Les chargeurs de cr\u00e8me sont vendus en gros dans une vari\u00e9t\u00e9 de couleurs, de tailles et de marques. Achetez-vous des chargeurs de cr\u00e8me en grandes quantit\u00e9s pour votre entreprise ? Si oui, vous pourriez \u00e9conomiser jusqu'\u00e0 des milliers d'euros [...].<\/p>","protected":false},"author":3022,"featured_media":2611,"parent":0,"menu_order":0,"comment_status":"closed","ping_status":"closed","template":"elementor_header_footer","meta":{"_acf_changed":false,"footnotes":""},"categories":[42],"tags":[],"class_list":["post-2584","page","type-page","status-publish","has-post-thumbnail","hentry","category-blog"],"acf":[],"_links":{"self":[{"href":"https:\/\/cream-deluxe.com\/fr\/wp-json\/wp\/v2\/pages\/2584","targetHints":{"allow":["GET"]}}],"collection":[{"href":"https:\/\/cream-deluxe.com\/fr\/wp-json\/wp\/v2\/pages"}],"about":[{"href":"https:\/\/cream-deluxe.com\/fr\/wp-json\/wp\/v2\/types\/page"}],"author":[{"embeddable":true,"href":"https:\/\/cream-deluxe.com\/fr\/wp-json\/wp\/v2\/users\/3022"}],"replies":[{"embeddable":true,"href":"https:\/\/cream-deluxe.com\/fr\/wp-json\/wp\/v2\/comments?post=2584"}],"version-history":[{"count":10,"href":"https:\/\/cream-deluxe.com\/fr\/wp-json\/wp\/v2\/pages\/2584\/revisions"}],"predecessor-version":[{"id":29964,"href":"https:\/\/cream-deluxe.com\/fr\/wp-json\/wp\/v2\/pages\/2584\/revisions\/29964"}],"wp:featuredmedia":[{"embeddable":true,"href":"https:\/\/cream-deluxe.com\/fr\/wp-json\/wp\/v2\/media\/2611"}],"wp:attachment":[{"href":"https:\/\/cream-deluxe.com\/fr\/wp-json\/wp\/v2\/media?parent=2584"}],"wp:term":[{"taxonomy":"category","embeddable":true,"href":"https:\/\/cream-deluxe.com\/fr\/wp-json\/wp\/v2\/categories?post=2584"},{"taxonomy":"post_tag","embeddable":true,"href":"https:\/\/cream-deluxe.com\/fr\/wp-json\/wp\/v2\/tags?post=2584"}],"curies":[{"name":"wp","href":"https:\/\/api.w.org\/{rel}","templated":true}]}}