{"id":1207,"date":"2020-04-29T15:11:46","date_gmt":"2020-04-29T15:11:46","guid":{"rendered":"https:\/\/cream-deluxe.com\/?page_id=1207"},"modified":"2020-04-30T19:31:24","modified_gmt":"2020-04-30T19:31:24","slug":"cookie-policy","status":"publish","type":"page","link":"https:\/\/cream-deluxe.com\/fr\/cookie-policy\/","title":{"rendered":"Politique en mati\u00e8re de cookies"},"content":{"rendered":"<div data-elementor-type=\"wp-page\" data-elementor-id=\"1207\" class=\"elementor elementor-1207\" data-elementor-post-type=\"page\">\n\t\t\t\t\t\t<section class=\"elementor-section elementor-top-section elementor-element elementor-element-27c33d16 elementor-section-boxed elementor-section-height-default elementor-section-height-default\" data-id=\"27c33d16\" data-element_type=\"section\">\n\t\t\t\t\t\t<div class=\"elementor-container elementor-column-gap-default\">\n\t\t\t\t\t<div class=\"elementor-column elementor-col-100 elementor-top-column elementor-element elementor-element-449a840b\" data-id=\"449a840b\" data-element_type=\"column\">\n\t\t\t<div class=\"elementor-widget-wrap elementor-element-populated\">\n\t\t\t\t\t\t<div class=\"elementor-element elementor-element-3fafe4c1 elementor-align-left elementor-widget elementor-widget-breadcrumbs\" data-id=\"3fafe4c1\" data-element_type=\"widget\" data-widget_type=\"breadcrumbs.default\">\n\t\t\t\t<div class=\"elementor-widget-container\">\n\t\t\t<nav aria-label=\"chapelure\" class=\"rank-math-breadcrumb\"><p><span class=\"last\">Accueil<\/span><\/p><\/nav>\t\t<\/div>\n\t\t\t\t<\/div>\n\t\t\t\t\t<\/div>\n\t\t<\/div>\n\t\t\t\t\t<\/div>\n\t\t<\/section>\n\t\t\t\t<section class=\"elementor-section elementor-top-section elementor-element elementor-element-9680bd7 elementor-section-boxed elementor-section-height-default elementor-section-height-default\" data-id=\"9680bd7\" data-element_type=\"section\">\n\t\t\t\t\t\t<div class=\"elementor-container elementor-column-gap-default\">\n\t\t\t\t\t<div class=\"elementor-column elementor-col-100 elementor-top-column elementor-element elementor-element-dcf421e\" data-id=\"dcf421e\" data-element_type=\"column\">\n\t\t\t<div class=\"elementor-widget-wrap elementor-element-populated\">\n\t\t\t\t\t\t<div class=\"elementor-element elementor-element-29972ac elementor-widget elementor-widget-heading\" data-id=\"29972ac\" data-element_type=\"widget\" data-widget_type=\"heading.default\">\n\t\t\t\t<div class=\"elementor-widget-container\">\n\t\t\t<style>\/*! elementor - v3.21.0 - 30-04-2024 *\/\n.elementor-heading-title{padding:0;margin:0;line-height:1}.elementor-widget-heading .elementor-heading-title[class*=elementor-size-]>a{color:inherit;font-size:inherit;line-height:inherit}.elementor-widget-heading .elementor-heading-title.elementor-size-small{font-size:15px}.elementor-widget-heading .elementor-heading-title.elementor-size-medium{font-size:19px}.elementor-widget-heading .elementor-heading-title.elementor-size-large{font-size:29px}.elementor-widget-heading .elementor-heading-title.elementor-size-xl{font-size:39px}.elementor-widget-heading .elementor-heading-title.elementor-size-xxl{font-size:59px}<\/style><h1 class=\"elementor-heading-title elementor-size-default\">Politique en mati\u00e8re de cookies<\/h1>\t\t<\/div>\n\t\t\t\t<\/div>\n\t\t\t\t<div class=\"elementor-element elementor-element-031647e elementor-widget elementor-widget-text-editor\" data-id=\"031647e\" data-element_type=\"widget\" data-widget_type=\"text-editor.default\">\n\t\t\t\t<div class=\"elementor-widget-container\">\n\t\t\t<style>\/*! elementor - v3.21.0 - 30-04-2024 *\/\n.elementor-widget-text-editor.elementor-drop-cap-view-stacked .elementor-drop-cap{background-color:#69727d;color:#fff}.elementor-widget-text-editor.elementor-drop-cap-view-framed .elementor-drop-cap{color:#69727d;border:3px solid;background-color:transparent}.elementor-widget-text-editor:not(.elementor-drop-cap-view-default) .elementor-drop-cap{margin-top:8px}.elementor-widget-text-editor:not(.elementor-drop-cap-view-default) .elementor-drop-cap-letter{width:1em;height:1em}.elementor-widget-text-editor .elementor-drop-cap{float:left;text-align:center;line-height:1;font-size:50px}.elementor-widget-text-editor .elementor-drop-cap-letter{display:inline-block}<\/style>\t\t\t\t<h2>Que sont les cookies ?<\/h2><p>Les cookies sont de petits fichiers texte stock\u00e9s dans votre navigateur web qui permettent de\u00a0<span class=\"website_name\">Cream Deluxe<\/span>\u00a0ou un tiers pour vous reconna\u00eetre. Les cookies peuvent \u00eatre utilis\u00e9s pour collecter, stocker et partager des \u00e9l\u00e9ments d'information sur vos activit\u00e9s sur diff\u00e9rents sites web, notamment sur\u00a0<span class=\"website_name\">Cream Deluxe<\/span>\u00a0site web.<\/p><p>Les cookies peuvent \u00eatre utilis\u00e9s aux fins suivantes :<\/p><ul><li>Pour activer certaines fonctions<\/li><li>Pour fournir des analyses<\/li><li>Pour stocker vos pr\u00e9f\u00e9rences<\/li><li>Pour permettre la diffusion d'annonces et la publicit\u00e9 comportementale<\/li><\/ul><p><span class=\"website_name\">Cream Deluxe<\/span>\u00a0utilise \u00e0 la fois des cookies de session et des cookies persistants.<\/p><p>Un cookie de session est utilis\u00e9 pour identifier une visite particuli\u00e8re de notre site Web. Ces cookies expirent apr\u00e8s un court laps de temps, ou lorsque vous fermez votre navigateur web apr\u00e8s avoir utilis\u00e9 notre site web. Nous utilisons ces cookies pour vous identifier au cours d'une seule session de navigation, par exemple lorsque vous vous connectez \u00e0 notre site Web.<\/p><p>Un cookie persistant restera sur vos appareils pendant une p\u00e9riode d\u00e9termin\u00e9e sp\u00e9cifi\u00e9e dans le cookie. Nous utilisons ces cookies lorsque nous devons vous identifier sur une p\u00e9riode plus longue. Par exemple, nous utiliserions un cookie persistant si vous nous demandiez de vous garder connect\u00e9.<br \/><br \/><\/p><h2>Comment les tiers utilisent-ils les cookies sur le site\u00a0<span class=\"website_name\">Cream Deluxe<\/span>\u00a0Site web ?<\/h2><p>Les soci\u00e9t\u00e9s tierces, comme les soci\u00e9t\u00e9s d'analyse et les r\u00e9seaux publicitaires, utilisent g\u00e9n\u00e9ralement des cookies pour collecter des informations sur les utilisateurs sur une base anonyme. Elles peuvent utiliser ces informations pour \u00e9tablir un profil de vos activit\u00e9s sur le site Web.\u00a0<span class=\"website_name\">Cream Deluxe<\/span>\u00a0Site web et autres sites web que vous avez visit\u00e9s.<br \/><br \/><\/p><h2>Quelles sont vos options en mati\u00e8re de cookies ?<\/h2><p>Si vous n'aimez pas l'id\u00e9e des cookies ou de certains types de cookies, vous pouvez modifier les param\u00e8tres de votre navigateur pour supprimer les cookies qui ont d\u00e9j\u00e0 \u00e9t\u00e9 d\u00e9finis et ne pas accepter de nouveaux cookies. Pour en savoir plus sur la mani\u00e8re de proc\u00e9der, consultez les pages d'aide de votre navigateur.<\/p><p>Veuillez noter, toutefois, que si vous supprimez les cookies ou si vous ne les acceptez pas, il se peut que vous ne puissiez pas utiliser toutes les fonctions que nous proposons, que vous ne puissiez pas enregistrer vos pr\u00e9f\u00e9rences et que certaines de nos pages ne s'affichent pas correctement.<\/p>\t\t\t\t\t\t<\/div>\n\t\t\t\t<\/div>\n\t\t\t\t\t<\/div>\n\t\t<\/div>\n\t\t\t\t\t<\/div>\n\t\t<\/section>\n\t\t\t\t<\/div>","protected":false},"excerpt":{"rendered":"<p>Politique en mati\u00e8re de cookies Que sont les cookies ? Les cookies sont de petits fichiers texte qui sont stock\u00e9s dans votre navigateur web et qui permettent \u00e0 Cream Deluxe ou \u00e0 un tiers de vous reconna\u00eetre. Les cookies peuvent \u00eatre utilis\u00e9s pour collecter, stocker et partager des \u00e9l\u00e9ments d'information sur vos activit\u00e9s sur diff\u00e9rents sites web, y compris sur le site web de Cream Deluxe. Les cookies peuvent \u00eatre utilis\u00e9s aux fins suivantes : [...]<\/p>","protected":false},"author":3022,"featured_media":0,"parent":0,"menu_order":0,"comment_status":"closed","ping_status":"closed","template":"","meta":{"_acf_changed":false,"footnotes":""},"categories":[],"tags":[],"class_list":["post-1207","page","type-page","status-publish","hentry"],"acf":[],"_links":{"self":[{"href":"https:\/\/cream-deluxe.com\/fr\/wp-json\/wp\/v2\/pages\/1207","targetHints":{"allow":["GET"]}}],"collection":[{"href":"https:\/\/cream-deluxe.com\/fr\/wp-json\/wp\/v2\/pages"}],"about":[{"href":"https:\/\/cream-deluxe.com\/fr\/wp-json\/wp\/v2\/types\/page"}],"author":[{"embeddable":true,"href":"https:\/\/cream-deluxe.com\/fr\/wp-json\/wp\/v2\/users\/3022"}],"replies":[{"embeddable":true,"href":"https:\/\/cream-deluxe.com\/fr\/wp-json\/wp\/v2\/comments?post=1207"}],"version-history":[{"count":9,"href":"https:\/\/cream-deluxe.com\/fr\/wp-json\/wp\/v2\/pages\/1207\/revisions"}],"predecessor-version":[{"id":1236,"href":"https:\/\/cream-deluxe.com\/fr\/wp-json\/wp\/v2\/pages\/1207\/revisions\/1236"}],"wp:attachment":[{"href":"https:\/\/cream-deluxe.com\/fr\/wp-json\/wp\/v2\/media?parent=1207"}],"wp:term":[{"taxonomy":"category","embeddable":true,"href":"https:\/\/cream-deluxe.com\/fr\/wp-json\/wp\/v2\/categories?post=1207"},{"taxonomy":"post_tag","embeddable":true,"href":"https:\/\/cream-deluxe.com\/fr\/wp-json\/wp\/v2\/tags?post=1207"}],"curies":[{"name":"wp","href":"https:\/\/api.w.org\/{rel}","templated":true}]}}