{"id":8278,"date":"2021-02-03T17:09:58","date_gmt":"2021-02-03T16:09:58","guid":{"rendered":"https:\/\/cream-deluxe.com\/?page_id=8278"},"modified":"2021-02-03T17:13:14","modified_gmt":"2021-02-03T16:13:14","slug":"legal-policy","status":"publish","type":"page","link":"https:\/\/cream-deluxe.com\/fi\/legal-policy\/","title":{"rendered":"Oikeuspolitiikka"},"content":{"rendered":"<div data-elementor-type=\"wp-page\" data-elementor-id=\"8278\" class=\"elementor elementor-8278\" data-elementor-post-type=\"page\">\n\t\t\t\t\t\t<section class=\"elementor-section elementor-top-section elementor-element elementor-element-2cbe0128 elementor-section-boxed elementor-section-height-default elementor-section-height-default\" data-id=\"2cbe0128\" data-element_type=\"section\">\n\t\t\t\t\t\t<div class=\"elementor-container elementor-column-gap-default\">\n\t\t\t\t\t<div class=\"elementor-column elementor-col-100 elementor-top-column elementor-element elementor-element-c5ae15b\" data-id=\"c5ae15b\" data-element_type=\"column\">\n\t\t\t<div class=\"elementor-widget-wrap\">\n\t\t\t\t\t\t\t<\/div>\n\t\t<\/div>\n\t\t\t\t\t<\/div>\n\t\t<\/section>\n\t\t\t\t<section class=\"elementor-section elementor-top-section elementor-element elementor-element-9680bd7 elementor-section-boxed elementor-section-height-default elementor-section-height-default\" data-id=\"9680bd7\" data-element_type=\"section\">\n\t\t\t\t\t\t<div class=\"elementor-container elementor-column-gap-default\">\n\t\t\t\t\t<div class=\"elementor-column elementor-col-100 elementor-top-column elementor-element elementor-element-dcf421e\" data-id=\"dcf421e\" data-element_type=\"column\">\n\t\t\t<div class=\"elementor-widget-wrap elementor-element-populated\">\n\t\t\t\t\t\t<div class=\"elementor-element elementor-element-29972ac elementor-widget elementor-widget-heading\" data-id=\"29972ac\" data-element_type=\"widget\" data-widget_type=\"heading.default\">\n\t\t\t\t<div class=\"elementor-widget-container\">\n\t\t\t<style>\/*! elementor - v3.21.0 - 30-04-2024 *\/\n.elementor-heading-title{padding:0;margin:0;line-height:1}.elementor-widget-heading .elementor-heading-title[class*=elementor-size-]>a{color:inherit;font-size:inherit;line-height:inherit}.elementor-widget-heading .elementor-heading-title.elementor-size-small{font-size:15px}.elementor-widget-heading .elementor-heading-title.elementor-size-medium{font-size:19px}.elementor-widget-heading .elementor-heading-title.elementor-size-large{font-size:29px}.elementor-widget-heading .elementor-heading-title.elementor-size-xl{font-size:39px}.elementor-widget-heading .elementor-heading-title.elementor-size-xxl{font-size:59px}<\/style><h1 class=\"elementor-heading-title elementor-size-default\">Oikeuspolitiikka<\/h1>\t\t<\/div>\n\t\t\t\t<\/div>\n\t\t\t\t<div class=\"elementor-element elementor-element-031647e elementor-widget elementor-widget-text-editor\" data-id=\"031647e\" data-element_type=\"widget\" data-widget_type=\"text-editor.default\">\n\t\t\t\t<div class=\"elementor-widget-container\">\n\t\t\t<style>\/*! elementor - v3.21.0 - 30-04-2024 *\/\n.elementor-widget-text-editor.elementor-drop-cap-view-stacked .elementor-drop-cap{background-color:#69727d;color:#fff}.elementor-widget-text-editor.elementor-drop-cap-view-framed .elementor-drop-cap{color:#69727d;border:3px solid;background-color:transparent}.elementor-widget-text-editor:not(.elementor-drop-cap-view-default) .elementor-drop-cap{margin-top:8px}.elementor-widget-text-editor:not(.elementor-drop-cap-view-default) .elementor-drop-cap-letter{width:1em;height:1em}.elementor-widget-text-editor .elementor-drop-cap{float:left;text-align:center;line-height:1;font-size:50px}.elementor-widget-text-editor .elementor-drop-cap-letter{display:inline-block}<\/style>\t\t\t\t<p><strong>V\u00e4ite 1.<\/strong> Vahvistan ymm\u00e4rt\u00e4v\u00e4ni, ett\u00e4 typpioksidin hengitt\u00e4miseen liittyy vakavan vaaran riski.<br \/>terveysvaikutukset. Riskit ovat narkoosi, tukehtuminen ja mahdollisesti kuolema.<\/p><p>\u00a0<\/p><p><strong>Lausunto 2.<\/strong> Vahvistan, ett\u00e4 olen nimetty ostaja ja ett\u00e4 olen yli 18-vuotias ja toimin ilmoitetun yrityksen tai elinkeinonharjoittajan puolesta.<\/p><p>\u00a0<\/p><p><strong>Lausunto 3.<\/strong> Vahvistan, etten aio k\u00e4ytt\u00e4\u00e4 tavaroita v\u00e4\u00e4rin enk\u00e4 aio toimittaa tavaroita kenellek\u00e4\u00e4n, jonka uskon (i) aikovan k\u00e4ytt\u00e4\u00e4 n\u00e4it\u00e4 tuotteita v\u00e4\u00e4rin tai (ii) olevan alle 18-vuotias.<\/p><p>\u00a0<\/p><p><strong>Lausunto 4.<\/strong> Vahvistan, etten tietoisesti k\u00e4yt\u00e4 tai myy n\u00e4it\u00e4 tavaroita niiden psykoaktiivisten tai l\u00e4\u00e4ketieteellisten vaikutusten vuoksi.<\/p><p>\u00a0<\/p><p><strong>Lausunto 5.<\/strong> Vahvistan, ett\u00e4 ryhdyn kaikkiin kohtuullisiin toimenpiteisiin varmistaakseni, ett\u00e4 tavaroita k\u00e4ytet\u00e4\u00e4n seuraavilla tavoilla<br \/>vain valmistajan ohjeiden mukaisesti.<\/p><p>\u00a0<\/p><p><strong>Lausunto 6.<\/strong> Vahvistan, ett\u00e4 ryhdyn kaikkiin kohtuullisiin toimenpiteisiin varmistaakseni, ett\u00e4 tavarat s\u00e4ilytet\u00e4\u00e4n turvallisessa tilassa, jotta ne eiv\u00e4t ole alaik\u00e4isten tai v\u00e4\u00e4rink\u00e4ytt\u00e4jien saatavilla.<\/p><p>\u00a0<\/p><p><strong>Lausunto 7.<\/strong> Vahvistan, ett\u00e4 jos aion myyd\u00e4 tavarat edelleen, kaikki vaaditut merkinn\u00e4t, etiketit ja merkinn\u00e4t<br \/>ja\/tai tavaroihin liittyviss\u00e4 tai niiden mukana seuraavissa tiedoissa kerrotaan, ett\u00e4 ne on tarkoitettu ateriapalveluk\u00e4ytt\u00f6\u00f6n.<br \/>eik\u00e4 se suosittele mit\u00e4\u00e4n muuta k\u00e4ytt\u00f6\u00e4.<\/p><p>\u00a0<\/p><p><strong>Lausunto 8.<\/strong> Vahvistan, ett\u00e4 olen tietoinen typpioksidin vaarallisesta luonteesta enk\u00e4 aio...<br \/>h\u00e4irit\u00e4 pakkausta siten, ett\u00e4 turvallisuustiedot peittyv\u00e4t, ja ryhtyy kaikkiin tarvittaviin toimenpiteisiin.<br \/>varastointia ja kuljetusta koskevat toimenpiteet.<\/p><p>\u00a0<\/p><p><strong>Lausunto 9.<\/strong> Vahvistan, ett\u00e4 tavaroita EI KOSKAAN siirret\u00e4 mink\u00e4\u00e4n tyyppisiin lentokoneisiin, ja toteutan asianmukaiset toimenpiteet varmistaakseni, ett\u00e4 kaikki, joille toimitan tavaroita t\u00e4m\u00e4n lausuman mukaisesti, noudattavat samoja varotoimia.<\/p><p>\u00a0<\/p><p><strong>Lausunto 10.<\/strong> Vahvistan, ett\u00e4 N2O-latauslaitteita ei koskaan kuumenneta mill\u00e4\u00e4n tavalla eik\u00e4 niit\u00e4 l\u00e4vistet\u00e4 seuraavilla laitteilla<br \/>mit\u00e4\u00e4n muuta kuin sertifioitua kermavaahdon annostelijaa, ja ryhdyn asianmukaisiin huolellisuustoimenpiteisiin varmistaakseni, ett\u00e4 kaikki, joille toimitan tavaroita t\u00e4m\u00e4n lausuman mukaisesti, noudattavat samaa menettely\u00e4.<br \/>varotoimet.<\/p><p>\u00a0<\/p><p><strong>Lausunto 11.<\/strong> Vahvistan ymm\u00e4rt\u00e4v\u00e4ni, ett\u00e4 n\u00e4iden tavaroiden k\u00e4ytt\u00f6 on tiukasti rajoitettu laillisiin ja oikeutettuihin tarkoituksiin, ja sitoudun noudattamaan Ranskan lakia ... soveltuvin osin.<br \/>ja sellaisena kuin se on ajoittain p\u00e4ivitetty.<\/p>\t\t\t\t\t\t<\/div>\n\t\t\t\t<\/div>\n\t\t\t\t\t<\/div>\n\t\t<\/div>\n\t\t\t\t\t<\/div>\n\t\t<\/section>\n\t\t\t\t<\/div>","protected":false},"excerpt":{"rendered":"<p>Oikeuspoliittinen lausuma 1. Vahvistan ymm\u00e4rt\u00e4v\u00e4ni, ett\u00e4 typpioksidin hengitt\u00e4miseen liittyy vakavien terveysvaikutusten riski. Riskit ovat narkoosi, tukehtuminen ja mahdollisesti kuolema.   Lausunto 2. Vahvistan, ett\u00e4 olen nimetty ostaja ja ett\u00e4 olen yli 18-vuotias ja toimin [...] puolesta.<\/p>","protected":false},"author":3022,"featured_media":0,"parent":0,"menu_order":0,"comment_status":"closed","ping_status":"closed","template":"","meta":{"_acf_changed":false,"footnotes":""},"categories":[],"tags":[],"class_list":["post-8278","page","type-page","status-publish","hentry"],"acf":[],"_links":{"self":[{"href":"https:\/\/cream-deluxe.com\/fi\/wp-json\/wp\/v2\/pages\/8278","targetHints":{"allow":["GET"]}}],"collection":[{"href":"https:\/\/cream-deluxe.com\/fi\/wp-json\/wp\/v2\/pages"}],"about":[{"href":"https:\/\/cream-deluxe.com\/fi\/wp-json\/wp\/v2\/types\/page"}],"author":[{"embeddable":true,"href":"https:\/\/cream-deluxe.com\/fi\/wp-json\/wp\/v2\/users\/3022"}],"replies":[{"embeddable":true,"href":"https:\/\/cream-deluxe.com\/fi\/wp-json\/wp\/v2\/comments?post=8278"}],"version-history":[{"count":3,"href":"https:\/\/cream-deluxe.com\/fi\/wp-json\/wp\/v2\/pages\/8278\/revisions"}],"predecessor-version":[{"id":8281,"href":"https:\/\/cream-deluxe.com\/fi\/wp-json\/wp\/v2\/pages\/8278\/revisions\/8281"}],"wp:attachment":[{"href":"https:\/\/cream-deluxe.com\/fi\/wp-json\/wp\/v2\/media?parent=8278"}],"wp:term":[{"taxonomy":"category","embeddable":true,"href":"https:\/\/cream-deluxe.com\/fi\/wp-json\/wp\/v2\/categories?post=8278"},{"taxonomy":"post_tag","embeddable":true,"href":"https:\/\/cream-deluxe.com\/fi\/wp-json\/wp\/v2\/tags?post=8278"}],"curies":[{"name":"wp","href":"https:\/\/api.w.org\/{rel}","templated":true}]}}