{"id":1212,"date":"2020-04-29T15:19:01","date_gmt":"2020-04-29T15:19:01","guid":{"rendered":"https:\/\/cream-deluxe.com\/?page_id=1212"},"modified":"2020-09-02T17:13:44","modified_gmt":"2020-09-02T15:13:44","slug":"privacy-policy","status":"publish","type":"page","link":"https:\/\/cream-deluxe.com\/fi\/privacy-policy\/","title":{"rendered":"Tietosuojak\u00e4yt\u00e4nt\u00f6"},"content":{"rendered":"<div data-elementor-type=\"wp-page\" data-elementor-id=\"1212\" class=\"elementor elementor-1212\" data-elementor-post-type=\"page\">\n\t\t\t\t\t\t<section class=\"elementor-section elementor-top-section elementor-element elementor-element-2cbe0128 elementor-section-boxed elementor-section-height-default elementor-section-height-default\" data-id=\"2cbe0128\" data-element_type=\"section\">\n\t\t\t\t\t\t<div class=\"elementor-container elementor-column-gap-default\">\n\t\t\t\t\t<div class=\"elementor-column elementor-col-100 elementor-top-column elementor-element elementor-element-c5ae15b\" data-id=\"c5ae15b\" data-element_type=\"column\">\n\t\t\t<div class=\"elementor-widget-wrap\">\n\t\t\t\t\t\t\t<\/div>\n\t\t<\/div>\n\t\t\t\t\t<\/div>\n\t\t<\/section>\n\t\t\t\t<section class=\"elementor-section elementor-top-section elementor-element elementor-element-9680bd7 elementor-section-boxed elementor-section-height-default elementor-section-height-default\" data-id=\"9680bd7\" data-element_type=\"section\">\n\t\t\t\t\t\t<div class=\"elementor-container elementor-column-gap-default\">\n\t\t\t\t\t<div class=\"elementor-column elementor-col-100 elementor-top-column elementor-element elementor-element-dcf421e\" data-id=\"dcf421e\" data-element_type=\"column\">\n\t\t\t<div class=\"elementor-widget-wrap elementor-element-populated\">\n\t\t\t\t\t\t<div class=\"elementor-element elementor-element-29972ac elementor-widget elementor-widget-heading\" data-id=\"29972ac\" data-element_type=\"widget\" data-widget_type=\"heading.default\">\n\t\t\t\t<div class=\"elementor-widget-container\">\n\t\t\t<style>\/*! elementor - v3.21.0 - 30-04-2024 *\/\n.elementor-heading-title{padding:0;margin:0;line-height:1}.elementor-widget-heading .elementor-heading-title[class*=elementor-size-]>a{color:inherit;font-size:inherit;line-height:inherit}.elementor-widget-heading .elementor-heading-title.elementor-size-small{font-size:15px}.elementor-widget-heading .elementor-heading-title.elementor-size-medium{font-size:19px}.elementor-widget-heading .elementor-heading-title.elementor-size-large{font-size:29px}.elementor-widget-heading .elementor-heading-title.elementor-size-xl{font-size:39px}.elementor-widget-heading .elementor-heading-title.elementor-size-xxl{font-size:59px}<\/style><h1 class=\"elementor-heading-title elementor-size-default\">Tietosuojak\u00e4yt\u00e4nt\u00f6<\/h1>\t\t<\/div>\n\t\t\t\t<\/div>\n\t\t\t\t<div class=\"elementor-element elementor-element-031647e elementor-widget elementor-widget-text-editor\" data-id=\"031647e\" data-element_type=\"widget\" data-widget_type=\"text-editor.default\">\n\t\t\t\t<div class=\"elementor-widget-container\">\n\t\t\t<style>\/*! elementor - v3.21.0 - 30-04-2024 *\/\n.elementor-widget-text-editor.elementor-drop-cap-view-stacked .elementor-drop-cap{background-color:#69727d;color:#fff}.elementor-widget-text-editor.elementor-drop-cap-view-framed .elementor-drop-cap{color:#69727d;border:3px solid;background-color:transparent}.elementor-widget-text-editor:not(.elementor-drop-cap-view-default) .elementor-drop-cap{margin-top:8px}.elementor-widget-text-editor:not(.elementor-drop-cap-view-default) .elementor-drop-cap-letter{width:1em;height:1em}.elementor-widget-text-editor .elementor-drop-cap{float:left;text-align:center;line-height:1;font-size:50px}.elementor-widget-text-editor .elementor-drop-cap-letter{display:inline-block}<\/style>\t\t\t\t<p>T\u00e4t\u00e4 sivua k\u00e4ytet\u00e4\u00e4n tiedottamaan verkkosivuston k\u00e4vij\u00f6ille henkil\u00f6kohtaisten tietojen ker\u00e4\u00e4mist\u00e4, k\u00e4ytt\u00f6\u00e4 ja luovuttamista koskevista k\u00e4yt\u00e4nn\u00f6ist\u00e4mme, jos joku p\u00e4\u00e4tt\u00e4\u00e4 k\u00e4ytt\u00e4\u00e4 palveluitamme, Cream Deluxe-verkkosivustoa.<\/p><p>Jos p\u00e4\u00e4t\u00e4t k\u00e4ytt\u00e4\u00e4 palvelua, hyv\u00e4ksyt tietojen ker\u00e4\u00e4misen ja k\u00e4yt\u00f6n t\u00e4m\u00e4n k\u00e4yt\u00e4nn\u00f6n mukaisesti. Ker\u00e4\u00e4mi\u00e4mme henkil\u00f6tietoja k\u00e4ytet\u00e4\u00e4n palvelun tarjoamiseen ja parantamiseen. Emme k\u00e4yt\u00e4 tai jaa tietojasi kenenk\u00e4\u00e4n kanssa muuten kuin t\u00e4ss\u00e4 tietosuojak\u00e4yt\u00e4nn\u00f6ss\u00e4 kuvatulla tavalla.<\/p><p>T\u00e4ss\u00e4 tietosuojak\u00e4yt\u00e4nn\u00f6ss\u00e4 k\u00e4ytetyill\u00e4 termeill\u00e4 on sama merkitys kuin k\u00e4ytt\u00f6ehdoissamme, jotka ovat saatavilla osoitteessa https:\/\/cream-deluxe.com, ellei t\u00e4ss\u00e4 tietosuojak\u00e4yt\u00e4nn\u00f6ss\u00e4 ole toisin m\u00e4\u00e4ritelty.<br \/><br \/><\/p><h2>Tietojen ker\u00e4\u00e4minen ja k\u00e4ytt\u00f6<\/h2><p>Paremman k\u00e4ytt\u00f6kokemuksen saamiseksi saatamme pyyt\u00e4\u00e4 sinua antamaan meille tiettyj\u00e4 henkil\u00f6kohtaisesti tunnistettavia tietoja, kuten nimesi, puhelinnumerosi ja postiosoitteesi. Ker\u00e4\u00e4mi\u00e4mme tietoja k\u00e4ytet\u00e4\u00e4n yhteydenottoon tai tunnistamiseen.<br \/><br \/><\/p><h2>Lokitiedot<\/h2><p>Haluamme kertoa sinulle, ett\u00e4 aina kun vierailet palvelussamme, ker\u00e4\u00e4mme tietoja, jotka selaimesi l\u00e4hett\u00e4\u00e4 meille ja joita kutsutaan lokitiedoiksi. N\u00e4m\u00e4 lokitiedot voivat sis\u00e4lt\u00e4\u00e4 tietoja, kuten tietokoneesi Internet Protocol (\"IP\") -osoitteen, selaimen version, palvelumme sivut, joilla vierailet, vierailusi kellonajan ja p\u00e4iv\u00e4m\u00e4\u00e4r\u00e4n, kyseisill\u00e4 sivuilla vietetyn ajan ja muita tilastoja.<br \/><br \/><\/p><h2>Ev\u00e4steet<\/h2><p>Ev\u00e4steet ovat tiedostoja, jotka sis\u00e4lt\u00e4v\u00e4t pienen m\u00e4\u00e4r\u00e4n tietoa, jota k\u00e4ytet\u00e4\u00e4n yleisesti nimett\u00f6m\u00e4n\u00e4 yksil\u00f6llisen\u00e4 tunnisteena. Ne l\u00e4hetet\u00e4\u00e4n selaimellesi verkkosivustolta, jolla vierailet, ja ne tallennetaan tietokoneesi kiintolevylle.<\/p><p>Verkkosivustomme k\u00e4ytt\u00e4\u00e4 n\u00e4it\u00e4 \"ev\u00e4steit\u00e4\" tietojen ker\u00e4\u00e4miseen ja palvelumme parantamiseen. Sinulla on mahdollisuus joko hyv\u00e4ksy\u00e4 tai hyl\u00e4t\u00e4 n\u00e4m\u00e4 ev\u00e4steet ja tiet\u00e4\u00e4, milloin tietokoneellesi l\u00e4hetet\u00e4\u00e4n ev\u00e4ste. Jos p\u00e4\u00e4t\u00e4t kielt\u00e4yty\u00e4 ev\u00e4steist\u00e4, et ehk\u00e4 pysty k\u00e4ytt\u00e4m\u00e4\u00e4n joitakin palvelumme osia.<\/p><p>Lis\u00e4tietoja ev\u00e4steist\u00e4 saat lukemalla\u00a0<a href=\"https:\/\/cream-deluxe.com\/fi\/cookie-policy\/\" target=\"_blank\" rel=\"noopener\">ev\u00e4stek\u00e4yt\u00e4nt\u00f6mme<\/a>.<br \/><br \/><\/p><h2>Palveluntarjoajat<\/h2><p>Saatamme k\u00e4ytt\u00e4\u00e4 kolmansien osapuolten yrityksi\u00e4 ja henkil\u00f6it\u00e4 seuraavista syist\u00e4:<\/p><ul><li>Palvelumme helpottamiseksi;<\/li><li>Palvelun tarjoaminen puolestamme;<\/li><li>Palveluun liittyvien palvelujen suorittamiseksi; tai<\/li><li>Auttaa meit\u00e4 analysoimaan palvelumme k\u00e4ytt\u00f6\u00e4.<\/li><\/ul><p>Haluamme ilmoittaa palvelun k\u00e4ytt\u00e4jillemme, ett\u00e4 n\u00e4ill\u00e4 kolmansilla osapuolilla on p\u00e4\u00e4sy henkil\u00f6tietoihisi. Syyn\u00e4 on se, ett\u00e4 he voivat suorittaa heille osoitettuja teht\u00e4vi\u00e4 puolestamme. He ovat kuitenkin velvollisia olemaan luovuttamatta tai k\u00e4ytt\u00e4m\u00e4tt\u00e4 tietoja mihink\u00e4\u00e4n muuhun tarkoitukseen.<br \/><br \/><\/p><h2>Turvallisuus<\/h2><p>Arvostamme luottamustasi siihen, ett\u00e4 annat meille henkil\u00f6kohtaisia tietojasi, joten pyrimme k\u00e4ytt\u00e4m\u00e4\u00e4n kaupallisesti hyv\u00e4ksytt\u00e4vi\u00e4 keinoja niiden suojaamiseksi. Muista kuitenkin, ett\u00e4 mik\u00e4\u00e4n internetin v\u00e4lityksell\u00e4 tapahtuva siirtomenetelm\u00e4 tai s\u00e4hk\u00f6inen tallennusmenetelm\u00e4 ei ole 100% turvallinen ja luotettava, emmek\u00e4 voi taata sen ehdotonta turvallisuutta.<br \/><br \/><\/p><h2>Linkit muille sivustoille<\/h2><p>Palvelumme voi sis\u00e4lt\u00e4\u00e4 linkkej\u00e4 muille sivustoille. Jos napsautat kolmannen osapuolen linkki\u00e4, sinut ohjataan kyseiselle sivustolle. Huomaa, ett\u00e4 n\u00e4m\u00e4 ulkopuoliset sivustot eiv\u00e4t ole meid\u00e4n yll\u00e4pit\u00e4mi\u00e4mme. Siksi suosittelemme sinua tutustumaan n\u00e4iden sivustojen tietosuojak\u00e4yt\u00e4nt\u00f6ihin. Meill\u00e4 ei ole m\u00e4\u00e4r\u00e4ysvaltaa, emmek\u00e4 ota vastuuta kolmansien osapuolten sivustojen tai palveluiden sis\u00e4ll\u00f6st\u00e4, tietosuojak\u00e4yt\u00e4nn\u00f6ist\u00e4 tai k\u00e4yt\u00e4nn\u00f6ist\u00e4.<\/p><p>Lasten yksityisyys<\/p><p>Palvelumme eiv\u00e4t ole tarkoitettu alle 13-vuotiaille. Emme tietoisesti ker\u00e4\u00e4 henkil\u00f6tietoja alle 13-vuotiailta lapsilta. Jos huomaamme, ett\u00e4 alle 13-vuotias lapsi on antanut meille henkil\u00f6tietoja, poistamme ne v\u00e4litt\u00f6m\u00e4sti palvelimiltamme. Jos olet vanhempi tai huoltaja ja tied\u00e4t, ett\u00e4 lapsesi on antanut meille henkil\u00f6tietoja, ota meihin yhteytt\u00e4, jotta voimme tehd\u00e4 tarvittavat toimenpiteet.<br \/><br \/><\/p><h2>Muutokset t\u00e4h\u00e4n tietosuojak\u00e4yt\u00e4nt\u00f6\u00f6n<\/h2><p>Saatamme p\u00e4ivitt\u00e4\u00e4 tietosuojak\u00e4yt\u00e4nt\u00f6\u00e4mme aika ajoin. N\u00e4in ollen suosittelemme, ett\u00e4 tarkistat t\u00e4m\u00e4n sivun s\u00e4\u00e4nn\u00f6llisesti mahdollisten muutosten varalta. Ilmoitamme sinulle kaikista muutoksista julkaisemalla uuden tietosuojak\u00e4yt\u00e4nn\u00f6n t\u00e4ll\u00e4 sivulla. Muutokset tulevat voimaan v\u00e4litt\u00f6m\u00e4sti sen j\u00e4lkeen, kun ne on julkaistu t\u00e4ll\u00e4 sivulla.<br \/><br \/><\/p><h2>Ota yhteytt\u00e4<\/h2><p>Jos sinulla on kysytt\u00e4v\u00e4\u00e4 tai ehdotuksia tietosuojak\u00e4yt\u00e4nn\u00f6st\u00e4mme, \u00e4l\u00e4 ep\u00e4r\u00f6i ottaa meihin yhteytt\u00e4.<\/p>\t\t\t\t\t\t<\/div>\n\t\t\t\t<\/div>\n\t\t\t\t\t<\/div>\n\t\t<\/div>\n\t\t\t\t\t<\/div>\n\t\t<\/section>\n\t\t\t\t<\/div>","protected":false},"excerpt":{"rendered":"<p>Tietosuojak\u00e4yt\u00e4nt\u00f6\u00e4 T\u00e4t\u00e4 sivua k\u00e4ytet\u00e4\u00e4n tiedottamaan verkkosivuston k\u00e4vij\u00f6ille politiikastamme, joka koskee henkil\u00f6kohtaisten tietojen ker\u00e4\u00e4mist\u00e4, k\u00e4ytt\u00f6\u00e4 ja luovuttamista, jos joku p\u00e4\u00e4tt\u00e4\u00e4 k\u00e4ytt\u00e4\u00e4 palveluitamme, Cream Deluxe-verkkosivustoa. Jos p\u00e4\u00e4t\u00e4t k\u00e4ytt\u00e4\u00e4 palveluamme, hyv\u00e4ksyt tietojen ker\u00e4\u00e4misen ja k\u00e4yt\u00f6n t\u00e4m\u00e4n politiikan mukaisesti. [...]<\/p>","protected":false},"author":3022,"featured_media":0,"parent":0,"menu_order":0,"comment_status":"closed","ping_status":"closed","template":"","meta":{"_acf_changed":false,"footnotes":""},"categories":[],"tags":[],"class_list":["post-1212","page","type-page","status-publish","hentry"],"acf":[],"_links":{"self":[{"href":"https:\/\/cream-deluxe.com\/fi\/wp-json\/wp\/v2\/pages\/1212","targetHints":{"allow":["GET"]}}],"collection":[{"href":"https:\/\/cream-deluxe.com\/fi\/wp-json\/wp\/v2\/pages"}],"about":[{"href":"https:\/\/cream-deluxe.com\/fi\/wp-json\/wp\/v2\/types\/page"}],"author":[{"embeddable":true,"href":"https:\/\/cream-deluxe.com\/fi\/wp-json\/wp\/v2\/users\/3022"}],"replies":[{"embeddable":true,"href":"https:\/\/cream-deluxe.com\/fi\/wp-json\/wp\/v2\/comments?post=1212"}],"version-history":[{"count":10,"href":"https:\/\/cream-deluxe.com\/fi\/wp-json\/wp\/v2\/pages\/1212\/revisions"}],"predecessor-version":[{"id":3981,"href":"https:\/\/cream-deluxe.com\/fi\/wp-json\/wp\/v2\/pages\/1212\/revisions\/3981"}],"wp:attachment":[{"href":"https:\/\/cream-deluxe.com\/fi\/wp-json\/wp\/v2\/media?parent=1212"}],"wp:term":[{"taxonomy":"category","embeddable":true,"href":"https:\/\/cream-deluxe.com\/fi\/wp-json\/wp\/v2\/categories?post=1212"},{"taxonomy":"post_tag","embeddable":true,"href":"https:\/\/cream-deluxe.com\/fi\/wp-json\/wp\/v2\/tags?post=1212"}],"curies":[{"name":"wp","href":"https:\/\/api.w.org\/{rel}","templated":true}]}}