{"id":1207,"date":"2020-04-29T15:11:46","date_gmt":"2020-04-29T15:11:46","guid":{"rendered":"https:\/\/cream-deluxe.com\/?page_id=1207"},"modified":"2020-04-30T19:31:24","modified_gmt":"2020-04-30T19:31:24","slug":"cookie-policy","status":"publish","type":"page","link":"https:\/\/cream-deluxe.com\/fi\/cookie-policy\/","title":{"rendered":"Ev\u00e4stek\u00e4yt\u00e4nt\u00f6"},"content":{"rendered":"<div data-elementor-type=\"wp-page\" data-elementor-id=\"1207\" class=\"elementor elementor-1207\" data-elementor-post-type=\"page\">\n\t\t\t\t\t\t<section class=\"elementor-section elementor-top-section elementor-element elementor-element-27c33d16 elementor-section-boxed elementor-section-height-default elementor-section-height-default\" data-id=\"27c33d16\" data-element_type=\"section\">\n\t\t\t\t\t\t<div class=\"elementor-container elementor-column-gap-default\">\n\t\t\t\t\t<div class=\"elementor-column elementor-col-100 elementor-top-column elementor-element elementor-element-449a840b\" data-id=\"449a840b\" data-element_type=\"column\">\n\t\t\t<div class=\"elementor-widget-wrap elementor-element-populated\">\n\t\t\t\t\t\t<div class=\"elementor-element elementor-element-3fafe4c1 elementor-align-left elementor-widget elementor-widget-breadcrumbs\" data-id=\"3fafe4c1\" data-element_type=\"widget\" data-widget_type=\"breadcrumbs.default\">\n\t\t\t\t<div class=\"elementor-widget-container\">\n\t\t\t<nav aria-label=\"korppujauhot\" class=\"rank-math-breadcrumb\"><p><span class=\"last\">Etusivu<\/span><\/p><\/nav>\t\t<\/div>\n\t\t\t\t<\/div>\n\t\t\t\t\t<\/div>\n\t\t<\/div>\n\t\t\t\t\t<\/div>\n\t\t<\/section>\n\t\t\t\t<section class=\"elementor-section elementor-top-section elementor-element elementor-element-9680bd7 elementor-section-boxed elementor-section-height-default elementor-section-height-default\" data-id=\"9680bd7\" data-element_type=\"section\">\n\t\t\t\t\t\t<div class=\"elementor-container elementor-column-gap-default\">\n\t\t\t\t\t<div class=\"elementor-column elementor-col-100 elementor-top-column elementor-element elementor-element-dcf421e\" data-id=\"dcf421e\" data-element_type=\"column\">\n\t\t\t<div class=\"elementor-widget-wrap elementor-element-populated\">\n\t\t\t\t\t\t<div class=\"elementor-element elementor-element-29972ac elementor-widget elementor-widget-heading\" data-id=\"29972ac\" data-element_type=\"widget\" data-widget_type=\"heading.default\">\n\t\t\t\t<div class=\"elementor-widget-container\">\n\t\t\t<style>\/*! elementor - v3.21.0 - 30-04-2024 *\/\n.elementor-heading-title{padding:0;margin:0;line-height:1}.elementor-widget-heading .elementor-heading-title[class*=elementor-size-]>a{color:inherit;font-size:inherit;line-height:inherit}.elementor-widget-heading .elementor-heading-title.elementor-size-small{font-size:15px}.elementor-widget-heading .elementor-heading-title.elementor-size-medium{font-size:19px}.elementor-widget-heading .elementor-heading-title.elementor-size-large{font-size:29px}.elementor-widget-heading .elementor-heading-title.elementor-size-xl{font-size:39px}.elementor-widget-heading .elementor-heading-title.elementor-size-xxl{font-size:59px}<\/style><h1 class=\"elementor-heading-title elementor-size-default\">Ev\u00e4stek\u00e4yt\u00e4nt\u00f6<\/h1>\t\t<\/div>\n\t\t\t\t<\/div>\n\t\t\t\t<div class=\"elementor-element elementor-element-031647e elementor-widget elementor-widget-text-editor\" data-id=\"031647e\" data-element_type=\"widget\" data-widget_type=\"text-editor.default\">\n\t\t\t\t<div class=\"elementor-widget-container\">\n\t\t\t<style>\/*! elementor - v3.21.0 - 30-04-2024 *\/\n.elementor-widget-text-editor.elementor-drop-cap-view-stacked .elementor-drop-cap{background-color:#69727d;color:#fff}.elementor-widget-text-editor.elementor-drop-cap-view-framed .elementor-drop-cap{color:#69727d;border:3px solid;background-color:transparent}.elementor-widget-text-editor:not(.elementor-drop-cap-view-default) .elementor-drop-cap{margin-top:8px}.elementor-widget-text-editor:not(.elementor-drop-cap-view-default) .elementor-drop-cap-letter{width:1em;height:1em}.elementor-widget-text-editor .elementor-drop-cap{float:left;text-align:center;line-height:1;font-size:50px}.elementor-widget-text-editor .elementor-drop-cap-letter{display:inline-block}<\/style>\t\t\t\t<h2>Mit\u00e4 ev\u00e4steet ovat?<\/h2><p>Ev\u00e4steet ovat pieni\u00e4 tekstitiedostoja, jotka tallennetaan selaimeesi ja joiden avulla voidaan\u00a0<span class=\"website_name\">Cream Deluxe<\/span>\u00a0tai kolmannen osapuolen tunnistaa sinut. Ev\u00e4steit\u00e4 voidaan k\u00e4ytt\u00e4\u00e4 ker\u00e4\u00e4m\u00e4\u00e4n, tallentamaan ja jakamaan tietoja toiminnoistasi eri verkkosivustoilla, mukaan lukien\u00a0<span class=\"website_name\">Cream Deluxe<\/span>\u00a0verkkosivusto.<\/p><p>Ev\u00e4steit\u00e4 voidaan k\u00e4ytt\u00e4\u00e4 seuraaviin tarkoituksiin:<\/p><ul><li>Tiettyjen toimintojen ottaminen k\u00e4ytt\u00f6\u00f6n<\/li><li>Analytiikan tarjoaminen<\/li><li>Asetusten tallentaminen<\/li><li>Mainosten toimittamisen ja k\u00e4ytt\u00e4ytymiseen perustuvan mainonnan mahdollistaminen<\/li><\/ul><p><span class=\"website_name\">Cream Deluxe<\/span>\u00a0k\u00e4ytt\u00e4\u00e4 sek\u00e4 istuntoev\u00e4stej\u00e4 ett\u00e4 pysyvi\u00e4 ev\u00e4steit\u00e4.<\/p><p>Istuntoev\u00e4steen avulla tunnistetaan tietty vierailu verkkosivustollamme. N\u00e4m\u00e4 ev\u00e4steet vanhentuvat lyhyen ajan kuluttua tai kun suljet selaimesi verkkosivuston k\u00e4yt\u00f6n j\u00e4lkeen. K\u00e4yt\u00e4mme n\u00e4it\u00e4 ev\u00e4steit\u00e4 tunnistamaan sinut yksitt\u00e4isen selausistunnon aikana, esimerkiksi kun kirjaudut verkkosivustollemme.<\/p><p>Pysyv\u00e4 ev\u00e4ste s\u00e4ilyy laitteissasi ev\u00e4steess\u00e4 m\u00e4\u00e4ritellyn ajanjakson ajan. K\u00e4yt\u00e4mme n\u00e4it\u00e4 ev\u00e4steit\u00e4 silloin, kun meid\u00e4n on tunnistettava sinut pidemm\u00e4n aikaa. K\u00e4yt\u00e4mme pysyv\u00e4\u00e4 ev\u00e4stett\u00e4 esimerkiksi, jos pyyd\u00e4t, ett\u00e4 pid\u00e4mme sinut kirjautuneena sis\u00e4\u00e4n.<br \/><br \/><\/p><h2>Miten kolmannet osapuolet k\u00e4ytt\u00e4v\u00e4t ev\u00e4steit\u00e4\u00a0<span class=\"website_name\">Cream Deluxe<\/span>\u00a0Verkkosivusto?<\/h2><p>Kolmannen osapuolen yritykset, kuten analyysiyritykset ja mainosverkostot, k\u00e4ytt\u00e4v\u00e4t yleens\u00e4 ev\u00e4steit\u00e4 ker\u00e4t\u00e4kseen k\u00e4ytt\u00e4j\u00e4tietoja nimett\u00f6m\u00e4n\u00e4. Ne voivat k\u00e4ytt\u00e4\u00e4 n\u00e4it\u00e4 tietoja luodakseen profiilin toiminnoistasi sivustolla.\u00a0<span class=\"website_name\">Cream Deluxe<\/span>\u00a0Verkkosivusto ja muut verkkosivustot, joilla olet vieraillut.<br \/><br \/><\/p><h2>Mitk\u00e4 ovat ev\u00e4stevaihtoehtosi?<\/h2><p>Jos et pid\u00e4 ev\u00e4steist\u00e4 tai tietyntyyppisist\u00e4 ev\u00e4steist\u00e4, voit muuttaa selaimesi asetuksia niin, ett\u00e4 poistat jo asetetut ev\u00e4steet ja et hyv\u00e4ksy uusia ev\u00e4steit\u00e4. Lis\u00e4tietoja t\u00e4st\u00e4 saat selaimesi ohjesivuilta.<\/p><p>Huomaa kuitenkin, ett\u00e4 jos poistat ev\u00e4steet tai et hyv\u00e4ksy niit\u00e4, et ehk\u00e4 pysty k\u00e4ytt\u00e4m\u00e4\u00e4n kaikkia tarjoamiamme toimintoja, et ehk\u00e4 pysty tallentamaan asetuksiasi ja jotkin sivumme eiv\u00e4t ehk\u00e4 n\u00e4y oikein.<\/p>\t\t\t\t\t\t<\/div>\n\t\t\t\t<\/div>\n\t\t\t\t\t<\/div>\n\t\t<\/div>\n\t\t\t\t\t<\/div>\n\t\t<\/section>\n\t\t\t\t<\/div>","protected":false},"excerpt":{"rendered":"<p>Ev\u00e4stek\u00e4yt\u00e4nt\u00f6 Mit\u00e4 ev\u00e4steet ovat? Ev\u00e4steet ovat pieni\u00e4 tekstitiedostoja, jotka tallennetaan selaimeesi ja joiden avulla Cream Deluxe tai kolmas osapuoli voi tunnistaa sinut. Ev\u00e4steit\u00e4 voidaan k\u00e4ytt\u00e4\u00e4 ker\u00e4\u00e4m\u00e4\u00e4n, tallentamaan ja jakamaan tietoja toiminnastasi eri verkkosivustoilla, my\u00f6s Cream Deluxe:n verkkosivustolla. Ev\u00e4steit\u00e4 voidaan k\u00e4ytt\u00e4\u00e4 seuraaviin tarkoituksiin: [...]<\/p>","protected":false},"author":3022,"featured_media":0,"parent":0,"menu_order":0,"comment_status":"closed","ping_status":"closed","template":"","meta":{"_acf_changed":false,"footnotes":""},"categories":[],"tags":[],"class_list":["post-1207","page","type-page","status-publish","hentry"],"acf":[],"_links":{"self":[{"href":"https:\/\/cream-deluxe.com\/fi\/wp-json\/wp\/v2\/pages\/1207","targetHints":{"allow":["GET"]}}],"collection":[{"href":"https:\/\/cream-deluxe.com\/fi\/wp-json\/wp\/v2\/pages"}],"about":[{"href":"https:\/\/cream-deluxe.com\/fi\/wp-json\/wp\/v2\/types\/page"}],"author":[{"embeddable":true,"href":"https:\/\/cream-deluxe.com\/fi\/wp-json\/wp\/v2\/users\/3022"}],"replies":[{"embeddable":true,"href":"https:\/\/cream-deluxe.com\/fi\/wp-json\/wp\/v2\/comments?post=1207"}],"version-history":[{"count":9,"href":"https:\/\/cream-deluxe.com\/fi\/wp-json\/wp\/v2\/pages\/1207\/revisions"}],"predecessor-version":[{"id":1236,"href":"https:\/\/cream-deluxe.com\/fi\/wp-json\/wp\/v2\/pages\/1207\/revisions\/1236"}],"wp:attachment":[{"href":"https:\/\/cream-deluxe.com\/fi\/wp-json\/wp\/v2\/media?parent=1207"}],"wp:term":[{"taxonomy":"category","embeddable":true,"href":"https:\/\/cream-deluxe.com\/fi\/wp-json\/wp\/v2\/categories?post=1207"},{"taxonomy":"post_tag","embeddable":true,"href":"https:\/\/cream-deluxe.com\/fi\/wp-json\/wp\/v2\/tags?post=1207"}],"curies":[{"name":"wp","href":"https:\/\/api.w.org\/{rel}","templated":true}]}}