{"id":8278,"date":"2021-02-03T17:09:58","date_gmt":"2021-02-03T16:09:58","guid":{"rendered":"https:\/\/cream-deluxe.com\/?page_id=8278"},"modified":"2021-02-03T17:13:14","modified_gmt":"2021-02-03T16:13:14","slug":"legal-policy","status":"publish","type":"page","link":"https:\/\/cream-deluxe.com\/es\/legal-policy\/","title":{"rendered":"Pol\u00edtica legal"},"content":{"rendered":"<div data-elementor-type=\"wp-page\" data-elementor-id=\"8278\" class=\"elementor elementor-8278\" data-elementor-post-type=\"page\">\n\t\t\t\t\t\t<section class=\"elementor-section elementor-top-section elementor-element elementor-element-2cbe0128 elementor-section-boxed elementor-section-height-default elementor-section-height-default\" data-id=\"2cbe0128\" data-element_type=\"section\">\n\t\t\t\t\t\t<div class=\"elementor-container elementor-column-gap-default\">\n\t\t\t\t\t<div class=\"elementor-column elementor-col-100 elementor-top-column elementor-element elementor-element-c5ae15b\" data-id=\"c5ae15b\" data-element_type=\"column\">\n\t\t\t<div class=\"elementor-widget-wrap\">\n\t\t\t\t\t\t\t<\/div>\n\t\t<\/div>\n\t\t\t\t\t<\/div>\n\t\t<\/section>\n\t\t\t\t<section class=\"elementor-section elementor-top-section elementor-element elementor-element-9680bd7 elementor-section-boxed elementor-section-height-default elementor-section-height-default\" data-id=\"9680bd7\" data-element_type=\"section\">\n\t\t\t\t\t\t<div class=\"elementor-container elementor-column-gap-default\">\n\t\t\t\t\t<div class=\"elementor-column elementor-col-100 elementor-top-column elementor-element elementor-element-dcf421e\" data-id=\"dcf421e\" data-element_type=\"column\">\n\t\t\t<div class=\"elementor-widget-wrap elementor-element-populated\">\n\t\t\t\t\t\t<div class=\"elementor-element elementor-element-29972ac elementor-widget elementor-widget-heading\" data-id=\"29972ac\" data-element_type=\"widget\" data-widget_type=\"heading.default\">\n\t\t\t\t<div class=\"elementor-widget-container\">\n\t\t\t<style>\/*! elementor - v3.21.0 - 30-04-2024 *\/\n.elementor-heading-title{padding:0;margin:0;line-height:1}.elementor-widget-heading .elementor-heading-title[class*=elementor-size-]>a{color:inherit;font-size:inherit;line-height:inherit}.elementor-widget-heading .elementor-heading-title.elementor-size-small{font-size:15px}.elementor-widget-heading .elementor-heading-title.elementor-size-medium{font-size:19px}.elementor-widget-heading .elementor-heading-title.elementor-size-large{font-size:29px}.elementor-widget-heading .elementor-heading-title.elementor-size-xl{font-size:39px}.elementor-widget-heading .elementor-heading-title.elementor-size-xxl{font-size:59px}<\/style><h1 class=\"elementor-heading-title elementor-size-default\">Pol\u00edtica legal<\/h1>\t\t<\/div>\n\t\t\t\t<\/div>\n\t\t\t\t<div class=\"elementor-element elementor-element-031647e elementor-widget elementor-widget-text-editor\" data-id=\"031647e\" data-element_type=\"widget\" data-widget_type=\"text-editor.default\">\n\t\t\t\t<div class=\"elementor-widget-container\">\n\t\t\t<style>\/*! elementor - v3.21.0 - 30-04-2024 *\/\n.elementor-widget-text-editor.elementor-drop-cap-view-stacked .elementor-drop-cap{background-color:#69727d;color:#fff}.elementor-widget-text-editor.elementor-drop-cap-view-framed .elementor-drop-cap{color:#69727d;border:3px solid;background-color:transparent}.elementor-widget-text-editor:not(.elementor-drop-cap-view-default) .elementor-drop-cap{margin-top:8px}.elementor-widget-text-editor:not(.elementor-drop-cap-view-default) .elementor-drop-cap-letter{width:1em;height:1em}.elementor-widget-text-editor .elementor-drop-cap{float:left;text-align:center;line-height:1;font-size:50px}.elementor-widget-text-editor .elementor-drop-cap-letter{display:inline-block}<\/style>\t\t\t\t<p><strong>Declaraci\u00f3n 1.<\/strong> Confirmo que entiendo que la inhalaci\u00f3n de \u00d3xido Nitroso conlleva un riesgo de<br \/>consecuencias para la salud. Los riesgos incluyen narcosis, asfixia y potencialmente, la muerte.<\/p><p>\u00a0<\/p><p><strong>Declaraci\u00f3n 2.<\/strong> Confirmo que soy el comprador designado y que soy mayor de 18 a\u00f1os y que act\u00fao en nombre de la empresa o comercio indicado.<\/p><p>\u00a0<\/p><p><strong>Declaraci\u00f3n 3.<\/strong> Confirmo que no me propongo hacer un mal uso de los productos ni me propongo suministrar los productos a nadie que crea que (i) tiene la intenci\u00f3n de hacer un mal uso de estos productos o (ii) es menor de 18 a\u00f1os.<\/p><p>\u00a0<\/p><p><strong>Declaraci\u00f3n 4.<\/strong> Confirmo que no utilizar\u00e9 ni vender\u00e9 a sabiendas estos productos por sus efectos psicoactivos o m\u00e9dicos.<\/p><p>\u00a0<\/p><p class=\" translation-block\"><strong>Declaraci\u00f3n 5.<\/strong> Confirmo que tomar\u00e9 todas las medidas razonables para garantizar que los Bienes se utilicen<br> \u00fanicamente de acuerdo con las instrucciones del fabricante.<\/p><p>\u00a0<\/p><p><strong>Declaraci\u00f3n 6.<\/strong> Confirmo que tomar\u00e9 todas las medidas razonables para garantizar que los bienes se mantengan en un lugar seguro, de modo que no sean accesibles a los menores o a los usuarios indebidos.<\/p><p>\u00a0<\/p><p class=\" translation-block\"><strong>Declaraci\u00f3n 7.<\/strong> Confirmo que, en caso de que planee revender los bienes, toda la se\u00f1alizaci\u00f3n, el etiquetado y\/o la informaci\u00f3n requerida que se relaciona con los bienes o los acompa\u00f1a explica que es para uso de restauraci\u00f3n<br> y no sugiere ning\u00fan otro uso.<\/p><p>\u00a0<\/p><p class=\" translation-block\"><strong>Declaraci\u00f3n 8.<\/strong> Confirmo que soy consciente de la naturaleza PELIGROSA del \u00d3xido Nitroso y que no<br>interferir\u00e9 el envase para ocultar ninguna de las informaciones de seguridad y que tomar\u00e9 todas las medidas necesarias<br>respecto al almacenamiento y al transporte.<\/p><p>\u00a0<\/p><p><strong>Declaraci\u00f3n 9.<\/strong> Confirmo que los bienes NUNCA se pondr\u00e1n a bordo de ning\u00fan tipo de aeronave y tomar\u00e9 las medidas de diligencia debidas para garantizar que cualquier persona a la que suministre los bienes de acuerdo con esta declaraci\u00f3n tome las mismas precauciones.<\/p><p>\u00a0<\/p><p class=\" translation-block\"><strong>Declaraci\u00f3n 10.<\/strong> Confirmo que los Cargadores de N2O nunca ser\u00e1n calentados de ninguna manera ni perforados por<br>cualquier cosa que no sea un dispensador de crema batida certificado y tomar\u00e9 las medidas de diligencia debida para asegurar que cualquier persona a la que suministre los Productos de acuerdo con esta declaraci\u00f3n tomar\u00e1 las mismas<br>precauciones.<\/p><p>\u00a0<\/p><p class=\" translation-block\"><strong>Declaraci\u00f3n 11.<\/strong> Confirmo que entiendo que el uso de estos Bienes est\u00e1 estrictamente limitado a fines leg\u00edtimos y legales y me comprometo a cumplir con la Ley Francesa... seg\u00fan sea aplicable<br> y seg\u00fan se actualice de vez en cuando.<\/p>\t\t\t\t\t\t<\/div>\n\t\t\t\t<\/div>\n\t\t\t\t\t<\/div>\n\t\t<\/div>\n\t\t\t\t\t<\/div>\n\t\t<\/section>\n\t\t\t\t<\/div>","protected":false},"excerpt":{"rendered":"<p>Declaraci\u00f3n de pol\u00edtica legal 1. Confirmo que entiendo que la inhalaci\u00f3n de \u00d3xido Nitroso conlleva un riesgo de graves consecuencias para la salud. Los riesgos incluyen narcosis, asfixia y potencialmente, la muerte.   Declaraci\u00f3n 2. Confirmo que soy el comprador designado y que soy mayor de 18 a\u00f1os y act\u00fao en nombre de [...]<\/p>","protected":false},"author":3022,"featured_media":0,"parent":0,"menu_order":0,"comment_status":"closed","ping_status":"closed","template":"","meta":{"_acf_changed":false,"footnotes":""},"categories":[],"tags":[],"class_list":["post-8278","page","type-page","status-publish","hentry"],"acf":[],"_links":{"self":[{"href":"https:\/\/cream-deluxe.com\/es\/wp-json\/wp\/v2\/pages\/8278","targetHints":{"allow":["GET"]}}],"collection":[{"href":"https:\/\/cream-deluxe.com\/es\/wp-json\/wp\/v2\/pages"}],"about":[{"href":"https:\/\/cream-deluxe.com\/es\/wp-json\/wp\/v2\/types\/page"}],"author":[{"embeddable":true,"href":"https:\/\/cream-deluxe.com\/es\/wp-json\/wp\/v2\/users\/3022"}],"replies":[{"embeddable":true,"href":"https:\/\/cream-deluxe.com\/es\/wp-json\/wp\/v2\/comments?post=8278"}],"version-history":[{"count":3,"href":"https:\/\/cream-deluxe.com\/es\/wp-json\/wp\/v2\/pages\/8278\/revisions"}],"predecessor-version":[{"id":8281,"href":"https:\/\/cream-deluxe.com\/es\/wp-json\/wp\/v2\/pages\/8278\/revisions\/8281"}],"wp:attachment":[{"href":"https:\/\/cream-deluxe.com\/es\/wp-json\/wp\/v2\/media?parent=8278"}],"wp:term":[{"taxonomy":"category","embeddable":true,"href":"https:\/\/cream-deluxe.com\/es\/wp-json\/wp\/v2\/categories?post=8278"},{"taxonomy":"post_tag","embeddable":true,"href":"https:\/\/cream-deluxe.com\/es\/wp-json\/wp\/v2\/tags?post=8278"}],"curies":[{"name":"wp","href":"https:\/\/api.w.org\/{rel}","templated":true}]}}