{"id":31686,"date":"2025-07-01T04:52:48","date_gmt":"2025-07-01T02:52:48","guid":{"rendered":"https:\/\/cream-deluxe.com\/?page_id=31686"},"modified":"2025-11-28T10:57:19","modified_gmt":"2025-11-28T09:57:19","slug":"authentication-and-counterfeits-dis","status":"publish","type":"page","link":"https:\/\/cream-deluxe.com\/es\/authentication-and-counterfeits-dis\/","title":{"rendered":"Autenticaci\u00f3n y falsificaciones-z"},"content":{"rendered":"<div data-elementor-type=\"wp-page\" data-elementor-id=\"31686\" class=\"elementor elementor-31686\" data-elementor-post-type=\"page\">\n\t\t\t\t<div class=\"elementor-element elementor-element-7a99e45 elementor-hidden-mobile e-flex e-con-boxed e-con e-parent\" data-id=\"7a99e45\" data-element_type=\"container\" data-settings=\"{&quot;background_background&quot;:&quot;classic&quot;}\">\n\t\t\t\t\t<div class=\"e-con-inner\">\n\t\t<div class=\"elementor-element elementor-element-e07d6bd e-con-full e-flex e-con e-child\" data-id=\"e07d6bd\" data-element_type=\"container\">\n\t\t\t\t<div class=\"elementor-element elementor-element-9e96813 elementor-widget elementor-widget-heading\" data-id=\"9e96813\" data-element_type=\"widget\" data-widget_type=\"heading.default\">\n\t\t\t\t<div class=\"elementor-widget-container\">\n\t\t\t<style>\/*! elementor - v3.21.0 - 30-04-2024 *\/\n.elementor-heading-title{padding:0;margin:0;line-height:1}.elementor-widget-heading .elementor-heading-title[class*=elementor-size-]>a{color:inherit;font-size:inherit;line-height:inherit}.elementor-widget-heading .elementor-heading-title.elementor-size-small{font-size:15px}.elementor-widget-heading .elementor-heading-title.elementor-size-medium{font-size:19px}.elementor-widget-heading .elementor-heading-title.elementor-size-large{font-size:29px}.elementor-widget-heading .elementor-heading-title.elementor-size-xl{font-size:39px}.elementor-widget-heading .elementor-heading-title.elementor-size-xxl{font-size:59px}<\/style><h2 class=\"elementor-heading-title elementor-size-default\">Autenticaci\u00f3n\ny falsificaciones<\/h2>\t\t<\/div>\n\t\t\t\t<\/div>\n\t\t\t\t<div class=\"elementor-element elementor-element-323e832 elementor-widget elementor-widget-text-editor\" data-id=\"323e832\" data-element_type=\"widget\" data-widget_type=\"text-editor.default\">\n\t\t\t\t<div class=\"elementor-widget-container\">\n\t\t\t<style>\/*! elementor - v3.21.0 - 30-04-2024 *\/\n.elementor-widget-text-editor.elementor-drop-cap-view-stacked .elementor-drop-cap{background-color:#69727d;color:#fff}.elementor-widget-text-editor.elementor-drop-cap-view-framed .elementor-drop-cap{color:#69727d;border:3px solid;background-color:transparent}.elementor-widget-text-editor:not(.elementor-drop-cap-view-default) .elementor-drop-cap{margin-top:8px}.elementor-widget-text-editor:not(.elementor-drop-cap-view-default) .elementor-drop-cap-letter{width:1em;height:1em}.elementor-widget-text-editor .elementor-drop-cap{float:left;text-align:center;line-height:1;font-size:50px}.elementor-widget-text-editor .elementor-drop-cap-letter{display:inline-block}<\/style>\t\t\t\t<p>Cream Deluxe ha tomado medidas para acabar con las falsificaciones delictivas para todos.<\/p>\t\t\t\t\t\t<\/div>\n\t\t\t\t<\/div>\n\t\t\t\t<div class=\"elementor-element elementor-element-fd7086d elementor-widget elementor-widget-text-editor\" data-id=\"fd7086d\" data-element_type=\"widget\" data-widget_type=\"text-editor.default\">\n\t\t\t\t<div class=\"elementor-widget-container\">\n\t\t\t\t\t\t\t<p>En colaboraci\u00f3n con\u00a0<a href=\"https:\/\/www.piqr.io\/\" target=\"_blank\" rel=\"noopener\">Piqr.io<\/a>\u00a0y Scantrusthemos integrado un c\u00f3digo QR \u00fanico y seguro para que pueda verificar cada cilindro y confirmar f\u00e1cilmente la originalidad de su producto en nuestro sitio web oficial. Cada cilindro tiene su c\u00f3digo QR \u00fanico y no se puede copiar.<\/p>\t\t\t\t\t\t<\/div>\n\t\t\t\t<\/div>\n\t\t\t\t<div class=\"elementor-element elementor-element-76ecb78 elementor-widget elementor-widget-button\" data-id=\"76ecb78\" data-element_type=\"widget\" data-widget_type=\"button.default\">\n\t\t\t\t<div class=\"elementor-widget-container\">\n\t\t\t\t\t<div class=\"elementor-button-wrapper\">\n\t\t\t<a class=\"elementor-button elementor-button-link elementor-size-sm\" href=\"#scroll-down\">\n\t\t\t\t\t\t<span class=\"elementor-button-content-wrapper\">\n\t\t\t\t\t\t\t\t\t<span class=\"elementor-button-text\">\u00bfC\u00f3mo funciona?<\/span>\n\t\t\t\t\t<\/span>\n\t\t\t\t\t<\/a>\n\t\t<\/div>\n\t\t\t\t<\/div>\n\t\t\t\t<\/div>\n\t\t\t\t<\/div>\n\t\t\t\t\t<\/div>\n\t\t\t\t<\/div>\n\t\t<div class=\"elementor-element elementor-element-248d2fa elementor-hidden-mobile e-flex e-con-boxed e-con e-parent\" data-id=\"248d2fa\" data-element_type=\"container\" data-settings=\"{&quot;background_background&quot;:&quot;classic&quot;}\">\n\t\t\t\t\t<div class=\"e-con-inner\">\n\t\t<div class=\"elementor-element elementor-element-bdfc3da e-con-full e-flex e-con e-child\" data-id=\"bdfc3da\" data-element_type=\"container\">\n\t\t\t\t<\/div>\n\t\t<div class=\"elementor-element elementor-element-b19ea25 e-con-full e-flex e-con e-child\" data-id=\"b19ea25\" data-element_type=\"container\">\n\t\t<div class=\"elementor-element elementor-element-5e6a72e e-flex e-con-boxed e-con e-child\" data-id=\"5e6a72e\" data-element_type=\"container\" data-settings=\"{&quot;background_background&quot;:&quot;classic&quot;}\">\n\t\t\t\t\t<div class=\"e-con-inner\">\n\t\t\t\t<div class=\"elementor-element elementor-element-c4ebf2d elementor-widget elementor-widget-heading\" data-id=\"c4ebf2d\" data-element_type=\"widget\" data-widget_type=\"heading.default\">\n\t\t\t\t<div class=\"elementor-widget-container\">\n\t\t\t<h2 class=\"elementor-heading-title elementor-size-default\">M\u00e1s informaci\u00f3n<\/h2>\t\t<\/div>\n\t\t\t\t<\/div>\n\t\t\t\t<div class=\"elementor-element elementor-element-5333da7 elementor-widget elementor-widget-heading\" data-id=\"5333da7\" data-element_type=\"widget\" data-widget_type=\"heading.default\">\n\t\t\t\t<div class=\"elementor-widget-container\">\n\t\t\t<h2 class=\"elementor-heading-title elementor-size-default\">\u00bfPor qu\u00e9 son un problema los productos falsificados?<\/h2>\t\t<\/div>\n\t\t\t\t<\/div>\n\t\t\t\t<div class=\"elementor-element elementor-element-5655a0b elementor-widget elementor-widget-text-editor\" data-id=\"5655a0b\" data-element_type=\"widget\" data-widget_type=\"text-editor.default\">\n\t\t\t\t<div class=\"elementor-widget-container\">\n\t\t\t\t\t\t\t<p>Las falsificaciones suelen ser de muy mala calidad y pueden entra\u00f1ar diversos riesgos. Para garantizar sus propios intereses, elija sabiamente y apoye los productos aut\u00e9nticos.<br \/>Tambi\u00e9n puede obtener m\u00e1s informaci\u00f3n sobre las acciones de lucha contra la falsificaci\u00f3n de Cream Deluxe en <a href=\"https:\/\/www.piqr.io\/blog\" target=\"_blank\" rel=\"noopener\">este art\u00edculo<\/a>. Si desea obtener m\u00e1s informaci\u00f3n sobre la lucha contra la falsificaci\u00f3n y las tecnolog\u00edas Piqr, <a href=\"https:\/\/www.piqr.io\/blog\" target=\"_blank\" rel=\"noopener\">leer esto<\/a>.<\/p>\t\t\t\t\t\t<\/div>\n\t\t\t\t<\/div>\n\t\t\t\t\t<\/div>\n\t\t\t\t<\/div>\n\t\t<div class=\"elementor-element elementor-element-afdcb24 e-flex e-con-boxed e-con e-child\" data-id=\"afdcb24\" data-element_type=\"container\">\n\t\t\t\t\t<div class=\"e-con-inner\">\n\t\t<div class=\"elementor-element elementor-element-9b9ae88 e-con-full e-flex e-con e-child\" data-id=\"9b9ae88\" data-element_type=\"container\" data-settings=\"{&quot;background_background&quot;:&quot;classic&quot;}\">\n\t\t\t\t<\/div>\n\t\t<div class=\"elementor-element elementor-element-9220089 e-con-full e-flex e-con e-child\" data-id=\"9220089\" data-element_type=\"container\" data-settings=\"{&quot;background_background&quot;:&quot;classic&quot;}\">\n\t\t\t\t<\/div>\n\t\t<div class=\"elementor-element elementor-element-5db462b e-con-full e-flex e-con e-child\" data-id=\"5db462b\" data-element_type=\"container\" data-settings=\"{&quot;background_background&quot;:&quot;classic&quot;}\">\n\t\t\t\t<\/div>\n\t\t\t\t\t<\/div>\n\t\t\t\t<\/div>\n\t\t\t\t<\/div>\n\t\t\t\t\t<\/div>\n\t\t\t\t<\/div>\n\t\t<div class=\"elementor-element elementor-element-2e03cc5 elementor-hidden-mobile e-flex e-con-boxed e-con e-parent\" data-id=\"2e03cc5\" data-element_type=\"container\" data-settings=\"{&quot;background_background&quot;:&quot;classic&quot;}\">\n\t\t\t\t\t<div class=\"e-con-inner\">\n\t\t\t\t<div class=\"elementor-element elementor-element-e54fa2a elementor-widget elementor-widget-heading\" data-id=\"e54fa2a\" data-element_type=\"widget\" data-widget_type=\"heading.default\">\n\t\t\t\t<div class=\"elementor-widget-container\">\n\t\t\t<h2 class=\"elementor-heading-title elementor-size-default\">Advertencia a los vendedores\n<\/h2>\t\t<\/div>\n\t\t\t\t<\/div>\n\t\t\t\t<div class=\"elementor-element elementor-element-8a1fbf3 elementor-widget elementor-widget-text-editor\" data-id=\"8a1fbf3\" data-element_type=\"widget\" data-widget_type=\"text-editor.default\">\n\t\t\t\t<div class=\"elementor-widget-container\">\n\t\t\t\t\t\t\t<p><strong>Nos tomamos la falsificaci\u00f3n muy en serio. Todo intento ser\u00e1 denunciado a las fuerzas de seguridad e investigado. Los productos verificados en nuestro sitio web oficial son productos originales. Cualquier producto que no pase la autentificaci\u00f3n es una falsificaci\u00f3n. Nos reservamos el derecho a emprender acciones legales si un producto se considera falsificado.<\/strong><\/p><p>Si sospecha que se est\u00e1n vendiendo productos falsificados, notif\u00edquelo a trav\u00e9s de <a href=\"https:\/\/cream-deluxe.com\/es\/contact\/\">Denunciar falsificaci\u00f3n.<\/a><br \/>Le agradecer\u00edamos que difundiera esta informaci\u00f3n.<\/p>\t\t\t\t\t\t<\/div>\n\t\t\t\t<\/div>\n\t\t\t\t\t<\/div>\n\t\t\t\t<\/div>\n\t\t<div class=\"elementor-element elementor-element-352649a elementor-hidden-mobile e-flex e-con-boxed e-con e-parent\" data-id=\"352649a\" data-element_type=\"container\" data-settings=\"{&quot;background_background&quot;:&quot;classic&quot;}\">\n\t\t\t\t\t<div class=\"e-con-inner\">\n\t\t\t\t<div class=\"elementor-element elementor-element-8d11b5c elementor-widget elementor-widget-heading\" data-id=\"8d11b5c\" data-element_type=\"widget\" id=\"scroll-down\" data-widget_type=\"heading.default\">\n\t\t\t\t<div class=\"elementor-widget-container\">\n\t\t\t<h2 class=\"elementor-heading-title elementor-size-default\">F\u00e1brica certificada<\/h2>\t\t<\/div>\n\t\t\t\t<\/div>\n\t\t\t\t<div class=\"elementor-element elementor-element-f1b0812 elementor-widget elementor-widget-heading\" data-id=\"f1b0812\" data-element_type=\"widget\" data-widget_type=\"heading.default\">\n\t\t\t\t<div class=\"elementor-widget-container\">\n\t\t\t<h2 class=\"elementor-heading-title elementor-size-default\">Calidad Cream Deluxe\n<\/h2>\t\t<\/div>\n\t\t\t\t<\/div>\n\t\t\t\t<div class=\"elementor-element elementor-element-632dd42 elementor-widget__width-initial elementor-widget elementor-widget-text-editor\" data-id=\"632dd42\" data-element_type=\"widget\" data-widget_type=\"text-editor.default\">\n\t\t\t\t<div class=\"elementor-widget-container\">\n\t\t\t\t\t\t\t<p>La calidad es nuestro valor m\u00e1s importante. Todos nuestros productos est\u00e1n certificados por TUV y auditados por auditores de calidad externos.Eche un vistazo en nuestra f\u00e1brica certificada:<\/p>\t\t\t\t\t\t<\/div>\n\t\t\t\t<\/div>\n\t\t\t\t<div class=\"elementor-element elementor-element-614def4 elementor-widget elementor-widget-video\" data-id=\"614def4\" data-element_type=\"widget\" id=\"fa-vedio\" data-settings=\"{&quot;video_type&quot;:&quot;hosted&quot;,&quot;controls&quot;:&quot;yes&quot;}\" data-widget_type=\"video.default\">\n\t\t\t\t<div class=\"elementor-widget-container\">\n\t\t\t<style>\/*! elementor - v3.21.0 - 30-04-2024 *\/\n.elementor-widget-video .elementor-widget-container{overflow:hidden;transform:translateZ(0)}.elementor-widget-video .elementor-wrapper{aspect-ratio:var(--video-aspect-ratio)}.elementor-widget-video .elementor-wrapper iframe,.elementor-widget-video .elementor-wrapper video{height:100%;width:100%;display:flex;border:none;background-color:#000}@supports not (aspect-ratio:1\/1){.elementor-widget-video .elementor-wrapper{position:relative;overflow:hidden;height:0;padding-bottom:calc(100% \/ var(--video-aspect-ratio))}.elementor-widget-video .elementor-wrapper iframe,.elementor-widget-video .elementor-wrapper video{position:absolute;top:0;right:0;bottom:0;left:0}}.elementor-widget-video .elementor-open-inline .elementor-custom-embed-image-overlay{position:absolute;top:0;right:0;bottom:0;left:0;background-size:cover;background-position:50%}.elementor-widget-video .elementor-custom-embed-image-overlay{cursor:pointer;text-align:center}.elementor-widget-video .elementor-custom-embed-image-overlay:hover .elementor-custom-embed-play i{opacity:1}.elementor-widget-video .elementor-custom-embed-image-overlay img{display:block;width:100%;aspect-ratio:var(--video-aspect-ratio);-o-object-fit:cover;object-fit:cover;-o-object-position:center center;object-position:center center}@supports not (aspect-ratio:1\/1){.elementor-widget-video .elementor-custom-embed-image-overlay{position:relative;overflow:hidden;height:0;padding-bottom:calc(100% \/ var(--video-aspect-ratio))}.elementor-widget-video .elementor-custom-embed-image-overlay img{position:absolute;top:0;right:0;bottom:0;left:0}}.elementor-widget-video .e-hosted-video .elementor-video{-o-object-fit:cover;object-fit:cover}.e-con-inner>.elementor-widget-video,.e-con>.elementor-widget-video{width:var(--container-widget-width);--flex-grow:var(--container-widget-flex-grow)}<\/style>\t\t<div class=\"e-hosted-video elementor-wrapper elementor-open-inline\">\n\t\t\t\t\t<video class=\"elementor-video\" src=\"https:\/\/cream-deluxe.com\/wp-content\/uploads\/2024\/01\/Cream-Deluxe-2024-01-12-Promotional-Video-V2-HD.mp4\" controls=\"\" preload=\"metadata\" controlslist=\"nodownload\" poster=\"https:\/\/cream-deluxe.com\/wp-content\/uploads\/2025\/07\/Rectangle-13-3-1.jpg\"><\/video>\n\t\t\t\t<\/div>\n\t\t\t\t<\/div>\n\t\t\t\t<\/div>\n\t\t\t\t\t<\/div>\n\t\t\t\t<\/div>\n\t\t<div class=\"elementor-element elementor-element-71234cd e-con-full elementor-hidden-desktop e-flex e-con e-parent\" data-id=\"71234cd\" data-element_type=\"container\" data-settings=\"{&quot;background_background&quot;:&quot;classic&quot;}\">\n\t\t<div class=\"elementor-element elementor-element-ce79247 e-con-full e-flex e-con e-child\" data-id=\"ce79247\" data-element_type=\"container\">\n\t\t\t\t<div class=\"elementor-element elementor-element-3987bd0 elementor-widget elementor-widget-heading\" data-id=\"3987bd0\" data-element_type=\"widget\" data-widget_type=\"heading.default\">\n\t\t\t\t<div class=\"elementor-widget-container\">\n\t\t\t<h2 class=\"elementor-heading-title elementor-size-default\">Autenticaci\u00f3n\ny falsificaciones<\/h2>\t\t<\/div>\n\t\t\t\t<\/div>\n\t\t\t\t<div class=\"elementor-element elementor-element-bc5fd89 elementor-widget elementor-widget-text-editor\" data-id=\"bc5fd89\" data-element_type=\"widget\" data-widget_type=\"text-editor.default\">\n\t\t\t\t<div class=\"elementor-widget-container\">\n\t\t\t\t\t\t\t<p>Cream Deluxe ha tomado medidas para acabar con las falsificaciones delictivas para todos.<\/p>\t\t\t\t\t\t<\/div>\n\t\t\t\t<\/div>\n\t\t\t\t<div class=\"elementor-element elementor-element-8bc6fa1 elementor-widget elementor-widget-text-editor\" data-id=\"8bc6fa1\" data-element_type=\"widget\" data-widget_type=\"text-editor.default\">\n\t\t\t\t<div class=\"elementor-widget-container\">\n\t\t\t\t\t\t\t<p>En colaboraci\u00f3n con\u00a0<a href=\"https:\/\/www.piqr.io\/\" target=\"_blank\" rel=\"noopener\">Piqr.io<\/a>\u00a0y Scantrusthemos integrado un c\u00f3digo QR \u00fanico y seguro para que pueda verificar cada cilindro y confirmar f\u00e1cilmente la originalidad de su producto en nuestro sitio web oficial. Cada cilindro tiene su c\u00f3digo QR \u00fanico y no se puede copiar.<\/p>\t\t\t\t\t\t<\/div>\n\t\t\t\t<\/div>\n\t\t\t\t<div class=\"elementor-element elementor-element-2cea983 elementor-mobile-align-center elementor-widget elementor-widget-button\" data-id=\"2cea983\" data-element_type=\"widget\" data-widget_type=\"button.default\">\n\t\t\t\t<div class=\"elementor-widget-container\">\n\t\t\t\t\t<div class=\"elementor-button-wrapper\">\n\t\t\t<a class=\"elementor-button elementor-button-link elementor-size-sm\" href=\"#scroll-down2\">\n\t\t\t\t\t\t<span class=\"elementor-button-content-wrapper\">\n\t\t\t\t\t\t\t\t\t<span class=\"elementor-button-text\">\u00bfC\u00f3mo funciona?<\/span>\n\t\t\t\t\t<\/span>\n\t\t\t\t\t<\/a>\n\t\t<\/div>\n\t\t\t\t<\/div>\n\t\t\t\t<\/div>\n\t\t\t\t<\/div>\n\t\t\t\t<\/div>\n\t\t<div class=\"elementor-element elementor-element-33dfc11 elementor-hidden-desktop e-flex e-con-boxed e-con e-parent\" data-id=\"33dfc11\" data-element_type=\"container\" data-settings=\"{&quot;background_background&quot;:&quot;classic&quot;}\">\n\t\t\t\t\t<div class=\"e-con-inner\">\n\t\t\t\t\t<\/div>\n\t\t\t\t<\/div>\n\t\t<div class=\"elementor-element elementor-element-cc06533 elementor-hidden-desktop e-flex e-con-boxed e-con e-parent\" data-id=\"cc06533\" data-element_type=\"container\">\n\t\t\t\t\t<div class=\"e-con-inner\">\n\t\t<div class=\"elementor-element elementor-element-ef9206d e-con-full e-flex e-con e-child\" data-id=\"ef9206d\" data-element_type=\"container\">\n\t\t<div class=\"elementor-element elementor-element-9e99307 e-flex e-con-boxed e-con e-child\" data-id=\"9e99307\" data-element_type=\"container\" data-settings=\"{&quot;background_background&quot;:&quot;classic&quot;}\">\n\t\t\t\t\t<div class=\"e-con-inner\">\n\t\t\t\t<div class=\"elementor-element elementor-element-c561db6 elementor-widget elementor-widget-heading\" data-id=\"c561db6\" data-element_type=\"widget\" data-widget_type=\"heading.default\">\n\t\t\t\t<div class=\"elementor-widget-container\">\n\t\t\t<h2 class=\"elementor-heading-title elementor-size-default\">M\u00e1s informaci\u00f3n<\/h2>\t\t<\/div>\n\t\t\t\t<\/div>\n\t\t\t\t<div class=\"elementor-element elementor-element-f1751d5 elementor-widget elementor-widget-heading\" data-id=\"f1751d5\" data-element_type=\"widget\" data-widget_type=\"heading.default\">\n\t\t\t\t<div class=\"elementor-widget-container\">\n\t\t\t<h2 class=\"elementor-heading-title elementor-size-default\">\u00bfPor qu\u00e9 son un problema los productos falsificados?<\/h2>\t\t<\/div>\n\t\t\t\t<\/div>\n\t\t\t\t<div class=\"elementor-element elementor-element-eb7673b elementor-widget elementor-widget-text-editor\" data-id=\"eb7673b\" data-element_type=\"widget\" data-widget_type=\"text-editor.default\">\n\t\t\t\t<div class=\"elementor-widget-container\">\n\t\t\t\t\t\t\t<p>Las falsificaciones suelen ser de muy mala calidad y pueden entra\u00f1ar diversos riesgos. Para garantizar sus propios intereses, elija sabiamente y apoye los productos aut\u00e9nticos.<br \/>Tambi\u00e9n puede obtener m\u00e1s informaci\u00f3n sobre las acciones de lucha contra la falsificaci\u00f3n de Cream Deluxe en <a href=\"https:\/\/www.piqr.io\/blog\" target=\"_blank\" rel=\"noopener\">este art\u00edculo<\/a>. Si desea obtener m\u00e1s informaci\u00f3n sobre la lucha contra la falsificaci\u00f3n y las tecnolog\u00edas Piqr, <a href=\"https:\/\/www.piqr.io\/blog\" target=\"_blank\" rel=\"noopener\">leer esto<\/a>.<\/p>\t\t\t\t\t\t<\/div>\n\t\t\t\t<\/div>\n\t\t\t\t\t<\/div>\n\t\t\t\t<\/div>\n\t\t<div class=\"elementor-element elementor-element-c2faadb e-flex e-con-boxed e-con e-child\" data-id=\"c2faadb\" data-element_type=\"container\">\n\t\t\t\t\t<div class=\"e-con-inner\">\n\t\t<div class=\"elementor-element elementor-element-59fb40e e-con-full e-flex e-con e-child\" data-id=\"59fb40e\" data-element_type=\"container\" data-settings=\"{&quot;background_background&quot;:&quot;classic&quot;}\">\n\t\t\t\t<\/div>\n\t\t<div class=\"elementor-element elementor-element-3cb0bd4 e-con-full e-flex e-con e-child\" data-id=\"3cb0bd4\" data-element_type=\"container\" data-settings=\"{&quot;background_background&quot;:&quot;classic&quot;}\">\n\t\t\t\t<\/div>\n\t\t<div class=\"elementor-element elementor-element-5327ce6 e-con-full e-flex e-con e-child\" data-id=\"5327ce6\" data-element_type=\"container\" data-settings=\"{&quot;background_background&quot;:&quot;classic&quot;}\">\n\t\t\t\t<\/div>\n\t\t\t\t\t<\/div>\n\t\t\t\t<\/div>\n\t\t\t\t<\/div>\n\t\t\t\t\t<\/div>\n\t\t\t\t<\/div>\n\t\t<div class=\"elementor-element elementor-element-2dfb5ab elementor-hidden-desktop e-flex e-con-boxed e-con e-parent\" data-id=\"2dfb5ab\" data-element_type=\"container\">\n\t\t\t\t\t<div class=\"e-con-inner\">\n\t\t<div class=\"elementor-element elementor-element-4a3a077 elementor-hidden-desktop e-flex e-con-boxed e-con e-child\" data-id=\"4a3a077\" data-element_type=\"container\" data-settings=\"{&quot;background_background&quot;:&quot;classic&quot;}\">\n\t\t\t\t\t<div class=\"e-con-inner\">\n\t\t\t\t<div class=\"elementor-element elementor-element-b1b1f44 elementor-widget elementor-widget-heading\" data-id=\"b1b1f44\" data-element_type=\"widget\" data-widget_type=\"heading.default\">\n\t\t\t\t<div class=\"elementor-widget-container\">\n\t\t\t<h2 class=\"elementor-heading-title elementor-size-default\">Advertencia a los vendedores\n<\/h2>\t\t<\/div>\n\t\t\t\t<\/div>\n\t\t\t\t<div class=\"elementor-element elementor-element-6ed5592 elementor-widget elementor-widget-text-editor\" data-id=\"6ed5592\" data-element_type=\"widget\" data-widget_type=\"text-editor.default\">\n\t\t\t\t<div class=\"elementor-widget-container\">\n\t\t\t\t\t\t\t<p><strong>Nos tomamos la falsificaci\u00f3n muy en serio. Todo intento ser\u00e1 denunciado a las fuerzas de seguridad e investigado. Los productos verificados en nuestro sitio web oficial son productos originales. Cualquier producto que no pase la autentificaci\u00f3n es una falsificaci\u00f3n. Nos reservamos el derecho a emprender acciones legales si un producto se considera falsificado.<\/strong><\/p><p>Si sospecha que se est\u00e1n vendiendo productos falsificados, notif\u00edquelo a trav\u00e9s de <a href=\"https:\/\/cream-deluxe.com\/es\/contact\/\">Denunciar falsificaci\u00f3n.<\/a><br \/>Le agradecer\u00edamos que difundiera esta informaci\u00f3n.<\/p>\t\t\t\t\t\t<\/div>\n\t\t\t\t<\/div>\n\t\t\t\t\t<\/div>\n\t\t\t\t<\/div>\n\t\t\t\t\t<\/div>\n\t\t\t\t<\/div>\n\t\t<div class=\"elementor-element elementor-element-d8d4edb elementor-hidden-desktop e-flex e-con-boxed e-con e-parent\" data-id=\"d8d4edb\" data-element_type=\"container\">\n\t\t\t\t\t<div class=\"e-con-inner\">\n\t\t<div class=\"elementor-element elementor-element-47bfc39 elementor-hidden-desktop e-flex e-con-boxed e-con e-child\" data-id=\"47bfc39\" data-element_type=\"container\" data-settings=\"{&quot;background_background&quot;:&quot;classic&quot;}\">\n\t\t\t\t\t<div class=\"e-con-inner\">\n\t\t\t\t<div class=\"elementor-element elementor-element-f43b2bc elementor-widget elementor-widget-heading\" data-id=\"f43b2bc\" data-element_type=\"widget\" id=\"scroll-down2\" data-widget_type=\"heading.default\">\n\t\t\t\t<div class=\"elementor-widget-container\">\n\t\t\t<h2 class=\"elementor-heading-title elementor-size-default\">F\u00e1brica certificada<\/h2>\t\t<\/div>\n\t\t\t\t<\/div>\n\t\t\t\t<div class=\"elementor-element elementor-element-e996b4b elementor-widget elementor-widget-heading\" data-id=\"e996b4b\" data-element_type=\"widget\" data-widget_type=\"heading.default\">\n\t\t\t\t<div class=\"elementor-widget-container\">\n\t\t\t<h2 class=\"elementor-heading-title elementor-size-default\">Calidad Cream Deluxe\n<\/h2>\t\t<\/div>\n\t\t\t\t<\/div>\n\t\t\t\t<div class=\"elementor-element elementor-element-3f88ec4 elementor-widget__width-initial elementor-widget elementor-widget-text-editor\" data-id=\"3f88ec4\" data-element_type=\"widget\" data-widget_type=\"text-editor.default\">\n\t\t\t\t<div class=\"elementor-widget-container\">\n\t\t\t\t\t\t\t<p>La calidad es nuestro valor m\u00e1s importante. Todos nuestros productos est\u00e1n certificados por TUV y auditados por auditores de calidad externos.Eche un vistazo en nuestra f\u00e1brica certificada:<\/p>\t\t\t\t\t\t<\/div>\n\t\t\t\t<\/div>\n\t\t\t\t<div class=\"elementor-element elementor-element-9b342a9 elementor-widget elementor-widget-video\" data-id=\"9b342a9\" data-element_type=\"widget\" data-settings=\"{&quot;video_type&quot;:&quot;hosted&quot;,&quot;controls&quot;:&quot;yes&quot;}\" data-widget_type=\"video.default\">\n\t\t\t\t<div class=\"elementor-widget-container\">\n\t\t\t\t\t<div class=\"e-hosted-video elementor-wrapper elementor-open-inline\">\n\t\t\t\t\t<video class=\"elementor-video\" src=\"https:\/\/cream-deluxe.com\/wp-content\/uploads\/2024\/01\/Cream-Deluxe-2024-01-12-Promotional-Video-V2-HD.mp4\" controls=\"\" preload=\"metadata\" controlslist=\"nodownload\" poster=\"https:\/\/cream-deluxe.com\/wp-content\/uploads\/2025\/07\/Rectangle-13-3-1.jpg\"><\/video>\n\t\t\t\t<\/div>\n\t\t\t\t<\/div>\n\t\t\t\t<\/div>\n\t\t\t\t\t<\/div>\n\t\t\t\t<\/div>\n\t\t\t\t\t<\/div>\n\t\t\t\t<\/div>\n\t\t\t\t<\/div>","protected":false},"excerpt":{"rendered":"<p>Authentication and Counterfeits Cream Deluxe has taken measures to end criminal counterfeit efforts for all. In collaboration with\u00a0Piqr.io\u00a0and Scantrustwe have integrated\u2028a unique, secure QR code so you can verify each single cylinder and easily confirm the originality of your product on our official website. Each cylinder has its unique QR code and can\u2019t be copied. [&hellip;]<\/p>","protected":false},"author":3028,"featured_media":0,"parent":0,"menu_order":0,"comment_status":"closed","ping_status":"closed","template":"","meta":{"_acf_changed":false,"footnotes":""},"categories":[],"tags":[],"class_list":["post-31686","page","type-page","status-publish","hentry"],"acf":[],"_links":{"self":[{"href":"https:\/\/cream-deluxe.com\/es\/wp-json\/wp\/v2\/pages\/31686","targetHints":{"allow":["GET"]}}],"collection":[{"href":"https:\/\/cream-deluxe.com\/es\/wp-json\/wp\/v2\/pages"}],"about":[{"href":"https:\/\/cream-deluxe.com\/es\/wp-json\/wp\/v2\/types\/page"}],"author":[{"embeddable":true,"href":"https:\/\/cream-deluxe.com\/es\/wp-json\/wp\/v2\/users\/3028"}],"replies":[{"embeddable":true,"href":"https:\/\/cream-deluxe.com\/es\/wp-json\/wp\/v2\/comments?post=31686"}],"version-history":[{"count":55,"href":"https:\/\/cream-deluxe.com\/es\/wp-json\/wp\/v2\/pages\/31686\/revisions"}],"predecessor-version":[{"id":33023,"href":"https:\/\/cream-deluxe.com\/es\/wp-json\/wp\/v2\/pages\/31686\/revisions\/33023"}],"wp:attachment":[{"href":"https:\/\/cream-deluxe.com\/es\/wp-json\/wp\/v2\/media?parent=31686"}],"wp:term":[{"taxonomy":"category","embeddable":true,"href":"https:\/\/cream-deluxe.com\/es\/wp-json\/wp\/v2\/categories?post=31686"},{"taxonomy":"post_tag","embeddable":true,"href":"https:\/\/cream-deluxe.com\/es\/wp-json\/wp\/v2\/tags?post=31686"}],"curies":[{"name":"wp","href":"https:\/\/api.w.org\/{rel}","templated":true}]}}