{"id":31443,"date":"2025-06-27T03:55:48","date_gmt":"2025-06-27T01:55:48","guid":{"rendered":"https:\/\/cream-deluxe.com\/?page_id=31443"},"modified":"2025-11-28T10:59:09","modified_gmt":"2025-11-28T09:59:09","slug":"our-story-dis","status":"publish","type":"page","link":"https:\/\/cream-deluxe.com\/es\/our-story-dis\/","title":{"rendered":"Nuestra historia"},"content":{"rendered":"<div data-elementor-type=\"wp-page\" data-elementor-id=\"31443\" class=\"elementor elementor-31443\" data-elementor-post-type=\"page\">\n\t\t\t\t<div class=\"elementor-element elementor-element-585646c e-con-full elementor-hidden-mobile e-flex e-con e-parent\" data-id=\"585646c\" data-element_type=\"container\" data-settings=\"{&quot;background_background&quot;:&quot;classic&quot;}\">\n\t\t<div class=\"elementor-element elementor-element-ef5aab8 e-con-full e-flex e-con e-child\" data-id=\"ef5aab8\" data-element_type=\"container\">\n\t\t\t\t<div class=\"elementor-element elementor-element-0328036 elementor-widget elementor-widget-heading\" data-id=\"0328036\" data-element_type=\"widget\" data-widget_type=\"heading.default\">\n\t\t\t\t<div class=\"elementor-widget-container\">\n\t\t\t<style>\/*! elementor - v3.21.0 - 30-04-2024 *\/\n.elementor-heading-title{padding:0;margin:0;line-height:1}.elementor-widget-heading .elementor-heading-title[class*=elementor-size-]>a{color:inherit;font-size:inherit;line-height:inherit}.elementor-widget-heading .elementor-heading-title.elementor-size-small{font-size:15px}.elementor-widget-heading .elementor-heading-title.elementor-size-medium{font-size:19px}.elementor-widget-heading .elementor-heading-title.elementor-size-large{font-size:29px}.elementor-widget-heading .elementor-heading-title.elementor-size-xl{font-size:39px}.elementor-widget-heading .elementor-heading-title.elementor-size-xxl{font-size:59px}<\/style><h1 class=\"elementor-heading-title elementor-size-default\">Nuestra historia<\/h1>\t\t<\/div>\n\t\t\t\t<\/div>\n\t\t\t\t<div class=\"elementor-element elementor-element-6b6a450 elementor-widget elementor-widget-heading\" data-id=\"6b6a450\" data-element_type=\"widget\" data-widget_type=\"heading.default\">\n\t\t\t\t<div class=\"elementor-widget-container\">\n\t\t\t<h2 class=\"elementor-heading-title elementor-size-default\">Creando experiencias impresionantes desde 2019<span style=\"font-family: &quot;Arpona Bold&quot;, &quot;Arpona Light&quot;, sans-serif;\"><\/span><\/h2>\t\t<\/div>\n\t\t\t\t<\/div>\n\t\t\t\t<\/div>\n\t\t\t\t<\/div>\n\t\t<div class=\"elementor-element elementor-element-cebc773 elementor-hidden-mobile e-con-full e-flex e-con e-parent\" data-id=\"cebc773\" data-element_type=\"container\" data-settings=\"{&quot;background_background&quot;:&quot;classic&quot;}\">\n\t\t<div class=\"elementor-element elementor-element-0133027 e-con-full e-flex e-con e-child\" data-id=\"0133027\" data-element_type=\"container\" data-settings=\"{&quot;background_background&quot;:&quot;classic&quot;}\">\n\t\t\t\t<div class=\"elementor-element elementor-element-d3b54c3 elementor-widget elementor-widget-heading\" data-id=\"d3b54c3\" data-element_type=\"widget\" data-widget_type=\"heading.default\">\n\t\t\t\t<div class=\"elementor-widget-container\">\n\t\t\t<h1 class=\"elementor-heading-title elementor-size-default\">Nuestra historia<\/h1>\t\t<\/div>\n\t\t\t\t<\/div>\n\t\t\t\t<div class=\"elementor-element elementor-element-043cd3a elementor-widget elementor-widget-text-editor\" data-id=\"043cd3a\" data-element_type=\"widget\" data-widget_type=\"text-editor.default\">\n\t\t\t\t<div class=\"elementor-widget-container\">\n\t\t\t<style>\/*! elementor - v3.21.0 - 30-04-2024 *\/\n.elementor-widget-text-editor.elementor-drop-cap-view-stacked .elementor-drop-cap{background-color:#69727d;color:#fff}.elementor-widget-text-editor.elementor-drop-cap-view-framed .elementor-drop-cap{color:#69727d;border:3px solid;background-color:transparent}.elementor-widget-text-editor:not(.elementor-drop-cap-view-default) .elementor-drop-cap{margin-top:8px}.elementor-widget-text-editor:not(.elementor-drop-cap-view-default) .elementor-drop-cap-letter{width:1em;height:1em}.elementor-widget-text-editor .elementor-drop-cap{float:left;text-align:center;line-height:1;font-size:50px}.elementor-widget-text-editor .elementor-drop-cap-letter{display:inline-block}<\/style>\t\t\t\t<p>Somos Cream Deluxe, una ambiciosa start-up que da vida a la industria del gas de uso alimentario. La vida se ve de todo tipo y forma, pero aqu\u00ed en Cream Deluxe nos referimos a mostrar al mundo las exquisitas maneras de combinar los recursos m\u00e1s premium para crear experiencias impresionantes.<\/p><p>Ya sea en un restaurante o en un bar: Las mejores y m\u00e1s bellas cosas del mundo no se pueden ver ni tocar, sino que hay que sentirlas con el coraz\u00f3n. Crear las bebidas m\u00e1s singulares para compartir con los amigos es solo una parte de la ecuaci\u00f3n.<\/p><p>Cream Deluxe est\u00e1 aqu\u00ed para ayudarte a conectar y crear preciosos lazos para fortalecer estas valiosas experiencias. Cada aventura con nosotros est\u00e1 destinada a ser un recuerdo que nunca olvidar\u00e1s.<\/p><p>Con nuestro revolucionario kit de carga de cremas, Cream Deluxe limpia el polvo de esta anticuada industria y se enfrenta al mundo para cualquiera que busque acelerar la carga de cremas con una velocidad rid\u00edcula. En \u00faltima instancia, le ayuda a escalar hasta alturas desconocidas.<\/p><p>Un hecho no menos importante es que tambi\u00e9n fabricamos productos de una calidad excepcional. <br \/>\u00bfQu\u00e9 m\u00e1s se puede pedir?<\/p>\t\t\t\t\t\t<\/div>\n\t\t\t\t<\/div>\n\t\t\t\t<\/div>\n\t\t\t\t<\/div>\n\t\t<div class=\"elementor-element elementor-element-597ec7f e-con-full elementor-hidden-desktop e-flex e-con e-parent\" data-id=\"597ec7f\" data-element_type=\"container\" data-settings=\"{&quot;background_background&quot;:&quot;classic&quot;}\">\n\t\t<div class=\"elementor-element elementor-element-0ee4c61 e-con-full e-flex e-con e-child\" data-id=\"0ee4c61\" data-element_type=\"container\">\n\t\t\t\t<div class=\"elementor-element elementor-element-4183b02 elementor-widget elementor-widget-heading\" data-id=\"4183b02\" data-element_type=\"widget\" data-widget_type=\"heading.default\">\n\t\t\t\t<div class=\"elementor-widget-container\">\n\t\t\t<h1 class=\"elementor-heading-title elementor-size-default\">Nuestra historia<\/h1>\t\t<\/div>\n\t\t\t\t<\/div>\n\t\t\t\t<div class=\"elementor-element elementor-element-376852f elementor-widget elementor-widget-heading\" data-id=\"376852f\" data-element_type=\"widget\" data-widget_type=\"heading.default\">\n\t\t\t\t<div class=\"elementor-widget-container\">\n\t\t\t<h2 class=\"elementor-heading-title elementor-size-default\">Creando experiencias impresionantes desde 2019<\/h2>\t\t<\/div>\n\t\t\t\t<\/div>\n\t\t\t\t<\/div>\n\t\t\t\t<\/div>\n\t\t<div class=\"elementor-element elementor-element-fbe1d46 elementor-hidden-desktop e-flex e-con-boxed e-con e-parent\" data-id=\"fbe1d46\" data-element_type=\"container\" id=\"story-box\" data-settings=\"{&quot;background_background&quot;:&quot;classic&quot;}\">\n\t\t\t\t\t<div class=\"e-con-inner\">\n\t\t<div class=\"elementor-element elementor-element-b74e605 e-con-full elementor-hidden-desktop e-flex e-con e-child\" data-id=\"b74e605\" data-element_type=\"container\" id=\"daa\" data-settings=\"{&quot;background_background&quot;:&quot;classic&quot;}\">\n\t\t\t\t<div class=\"elementor-element elementor-element-ac45dfc elementor-widget elementor-widget-heading\" data-id=\"ac45dfc\" data-element_type=\"widget\" data-widget_type=\"heading.default\">\n\t\t\t\t<div class=\"elementor-widget-container\">\n\t\t\t<h1 class=\"elementor-heading-title elementor-size-default\">Nuestra historia<\/h1>\t\t<\/div>\n\t\t\t\t<\/div>\n\t\t\t\t<div class=\"elementor-element elementor-element-48a404a elementor-widget elementor-widget-text-editor\" data-id=\"48a404a\" data-element_type=\"widget\" data-widget_type=\"text-editor.default\">\n\t\t\t\t<div class=\"elementor-widget-container\">\n\t\t\t\t\t\t\t<p>Somos Cream Deluxe, una ambiciosa start-up que da vida a la industria del gas de uso alimentario. La vida se ve de todo tipo y forma, pero aqu\u00ed en Cream Deluxe nos referimos a mostrar al mundo las exquisitas maneras de combinar los recursos m\u00e1s premium para crear experiencias impresionantes.<\/p><p>Ya sea en un restaurante o en un bar: Las mejores y m\u00e1s bellas cosas del mundo no se pueden ver ni tocar, sino que hay que sentirlas con el coraz\u00f3n. Crear las bebidas m\u00e1s singulares para compartir con los amigos es solo una parte de la ecuaci\u00f3n.<\/p><p>Cream Deluxe est\u00e1 aqu\u00ed para ayudarte a conectar y crear preciosos lazos para fortalecer estas valiosas experiencias. Cada aventura con nosotros est\u00e1 destinada a ser un recuerdo que nunca olvidar\u00e1s.<\/p><p>Con nuestro revolucionario kit de carga de cremas, Cream Deluxe limpia el polvo de esta anticuada industria y se enfrenta al mundo para cualquiera que busque acelerar la carga de cremas con una velocidad rid\u00edcula. En \u00faltima instancia, le ayuda a escalar hasta alturas desconocidas.<\/p><p>Un hecho no menos importante es que tambi\u00e9n fabricamos productos de una calidad excepcional. <br \/>\u00bfQu\u00e9 m\u00e1s se puede pedir?<\/p>\t\t\t\t\t\t<\/div>\n\t\t\t\t<\/div>\n\t\t\t\t<\/div>\n\t\t\t\t\t<\/div>\n\t\t\t\t<\/div>\n\t\t\t\t<\/div>","protected":false},"excerpt":{"rendered":"<p>Our Story Creating breathtaking experience since 2019 Our story We are Cream Deluxe \u2013 an ambitious start-up bringing life to the food-grade gas industry. Life is seen in all sorts and forms, but here at Cream Deluxe we mean showing to the world the exquisite ways of combining the most premium resources to create breathtaking [&hellip;]<\/p>","protected":false},"author":3028,"featured_media":0,"parent":0,"menu_order":0,"comment_status":"closed","ping_status":"closed","template":"","meta":{"_acf_changed":false,"footnotes":""},"categories":[],"tags":[],"class_list":["post-31443","page","type-page","status-publish","hentry"],"acf":[],"_links":{"self":[{"href":"https:\/\/cream-deluxe.com\/es\/wp-json\/wp\/v2\/pages\/31443","targetHints":{"allow":["GET"]}}],"collection":[{"href":"https:\/\/cream-deluxe.com\/es\/wp-json\/wp\/v2\/pages"}],"about":[{"href":"https:\/\/cream-deluxe.com\/es\/wp-json\/wp\/v2\/types\/page"}],"author":[{"embeddable":true,"href":"https:\/\/cream-deluxe.com\/es\/wp-json\/wp\/v2\/users\/3028"}],"replies":[{"embeddable":true,"href":"https:\/\/cream-deluxe.com\/es\/wp-json\/wp\/v2\/comments?post=31443"}],"version-history":[{"count":43,"href":"https:\/\/cream-deluxe.com\/es\/wp-json\/wp\/v2\/pages\/31443\/revisions"}],"predecessor-version":[{"id":33013,"href":"https:\/\/cream-deluxe.com\/es\/wp-json\/wp\/v2\/pages\/31443\/revisions\/33013"}],"wp:attachment":[{"href":"https:\/\/cream-deluxe.com\/es\/wp-json\/wp\/v2\/media?parent=31443"}],"wp:term":[{"taxonomy":"category","embeddable":true,"href":"https:\/\/cream-deluxe.com\/es\/wp-json\/wp\/v2\/categories?post=31443"},{"taxonomy":"post_tag","embeddable":true,"href":"https:\/\/cream-deluxe.com\/es\/wp-json\/wp\/v2\/tags?post=31443"}],"curies":[{"name":"wp","href":"https:\/\/api.w.org\/{rel}","templated":true}]}}