{"id":31145,"date":"2025-03-13T09:32:21","date_gmt":"2025-03-13T08:32:21","guid":{"rendered":"https:\/\/cream-deluxe.com\/?page_id=31145"},"modified":"2025-03-13T09:37:32","modified_gmt":"2025-03-13T08:37:32","slug":"how-to-choose-the-best-whipped-cream-dispenser-5-key-factors-to-avoid-pitfalls","status":"publish","type":"page","link":"https:\/\/cream-deluxe.com\/es\/how-to-choose-the-best-whipped-cream-dispenser-5-key-factors-to-avoid-pitfalls\/","title":{"rendered":"\u00bfC\u00f3mo elegir el mejor cargador de nata montada? 5 factores clave para evitar errores"},"content":{"rendered":"<p>En marzo de 2025, las negociaciones de alto el fuego entre Estados Unidos y Rusia en Arabia Saud\u00ed atrajeron la atenci\u00f3n mundial. El equipo de Trump propuso un \"acuerdo temporal de 30 d\u00edas\" para remodelar la situaci\u00f3n entre Rusia y Ucrania, mientras que Putin insisti\u00f3 en \"eliminar las causas profundas de la crisis.\" Esta partida de ajedrez diplom\u00e1tico revela una verdad fundamental: toda elecci\u00f3n es, en \u00faltima instancia, un equilibrio entre <strong>seguridad, eficacia y adaptabilidad.<\/strong>Tal y como recalcaron los pasteleros occidentales en el lanzamiento del nuevo producto de 2025: cuando su cargador de nata montada se despresuriza de repente en un<strong> <\/strong>32\u00b0C en la cocina, o los cartuchos de gas mezclados arruinan la perfecta cobertura de nata, la frustraci\u00f3n en ese momento no es menor que un error de c\u00e1lculo estrat\u00e9gico en la mesa de negociaciones.<\/p>\n\n\n\n<p><strong>Sin embargo, si a la hora de comprar te centras en la calidad de los materiales, la estanqueidad y la experiencia del usuario, puedes reducir considerablemente estos riesgos.<\/strong><\/p>\n\n\n\n<p>Ahora vamos a desglosar estos factores clave para ayudarle a evitar los errores m\u00e1s comunes.<strong><\/strong><\/p>\n\n\n\n<h2 class=\"wp-block-heading\"><strong>1. Seguridad de los materiales: Acero inoxidable 304 \u2260 Grado alimentario, los detalles importan para la salud.<\/strong><strong><\/strong><\/h2>\n\n\n\n<p>Escenario: Si se utiliza por error un dispensador de aluminio para montar nata \u00e1cida, pueden aparecer manchas negras en su interior al cabo de tres meses. Las pruebas podr\u00edan revelar una migraci\u00f3n de iones de aluminio tres veces superior al l\u00edmite.<\/p>\n\n\n<div class=\"wp-block-image\">\n<figure class=\"aligncenter size-large\"><img fetchpriority=\"high\" decoding=\"async\" width=\"1024\" height=\"596\" src=\"https:\/\/cream-deluxe.com\/wp-content\/uploads\/2025\/03\/\u907f\u5751_proc-1024x596.jpg\" alt=\"\" class=\"wp-image-31146\" srcset=\"https:\/\/cream-deluxe.com\/wp-content\/uploads\/2025\/03\/\u907f\u5751_proc-1024x596.jpg 1024w, https:\/\/cream-deluxe.com\/wp-content\/uploads\/2025\/03\/\u907f\u5751_proc-300x175.jpg 300w, https:\/\/cream-deluxe.com\/wp-content\/uploads\/2025\/03\/\u907f\u5751_proc-768x447.jpg 768w, https:\/\/cream-deluxe.com\/wp-content\/uploads\/2025\/03\/\u907f\u5751_proc-18x10.jpg 18w, https:\/\/cream-deluxe.com\/wp-content\/uploads\/2025\/03\/\u907f\u5751_proc.jpg 1032w\" sizes=\"(max-width: 1024px) 100vw, 1024px\" \/><\/figure><\/div>\n\n\n<p>\u2705 Normas clave:<\/p>\n\n\n\n<ul class=\"wp-block-list\">\n<li>Certificaci\u00f3n de contacto con alimentos: Elija <a href=\"https:\/\/food.ec.europa.eu\/food-safety\/chemical-safety\/food-contact-materials\/legislation_en\" target=\"_blank\" rel=\"noreferrer noopener nofollow\"><strong>Certificado FDA\/CE 1935\/2004<\/strong>\u00a0<\/a>Dispensadores de acero inoxidable 304 (como <strong>Buffet de nata<\/strong>\u00a0y <strong>iSi<\/strong>) para resistir a los \u00e1cidos y a la corrosi\u00f3n, garantizando un contacto seguro con la nata.<\/li>\n\n\n\n<li>Cuidado con el \"falso 304\": Utilice un <strong>prueba de im\u00e1n<\/strong>-El acero inoxidable 304 aut\u00e9ntico no es magn\u00e9tico, mientras que las versiones falsificadas contienen hierro y ser\u00e1n atra\u00eddas.<\/li>\n\n\n\n<li>Los dispensadores de aluminio s\u00f3lo son adecuados para <strong>uso a corto plazo, no \u00e1cido<\/strong>\u00a0(como montar nata l\u00e1ctea pura de un solo uso). Para uso prolongado, <strong>se recomienda el acero inoxidable.<\/strong><\/li>\n<\/ul>\n\n\n\n<h2 class=\"wp-block-heading\"><strong>2. Estanqueidad: Una tasa de fuga de 0,01MPa\/24h puede costarle m\u00e1s a largo plazo<\/strong><strong><\/strong><\/h2>\n\n\n\n<p>M\u00e9todos de prueba:<\/p>\n\n\n\n<ul class=\"wp-block-list\">\n<li>Compruebe la certificaci\u00f3n: En <strong>Norma EN286-1 de la UE<\/strong>\u00a0requiere un \u00edndice de fuga de <strong>menos de 0,01MPa\/24h<\/strong>\u00a0(para los modelos comerciales, debe ser <strong>menos de 0,005MPa<\/strong>).<\/li>\n\n\n\n<li>Material de la junta: <strong>La silicona de grado m\u00e9dico (-40\u00b0C a 230\u00b0C) es superior<\/strong>\u00a0a la goma de nitrilo (que s\u00f3lo es adecuada para temperatura ambiente). Pulse para probar<strong>El rebote lento indica envejecimiento.<\/strong><\/li>\n\n\n\n<li>Prueba de llenado: Despu\u00e9s de cargar el dispensador, <strong>invertirlo en agua durante 5 segundos<\/strong>. Si no aparecen burbujas, cumple la norma.<\/li>\n<\/ul>\n\n\n\n<h2 class=\"wp-block-heading\"><strong>3. Capacidad: 600 ml para uso dom\u00e9stico, 1 l o m\u00e1s para uso comercial, cuidado con las afirmaciones de \"falsa capacidad<\/strong><strong><\/strong><\/h2>\n\n\n\n<p>Comparaci\u00f3n de usos:<\/p>\n\n\n\n<figure class=\"wp-block-table\"><table class=\"has-fixed-layout\"><tbody><tr><td><strong>Escenario<\/strong><strong><\/strong><\/td><td><strong>Capacidad recomendada<\/strong><strong><\/strong><\/td><td><strong>Coste por uso<\/strong><strong><\/strong><\/td><td><strong>Frecuencia de rellenado<\/strong><strong><\/strong><\/td><\/tr><tr><td>Reposter\u00eda casera (2x\/semana)<\/td><td>600 ml<\/td><td>$0,8 por porci\u00f3n<\/td><td>Una vez al mes<\/td><\/tr><tr><td>Cafeter\u00eda (50 tazas\/d\u00eda)<\/td><td>1.2L<\/td><td>$0,5 por porci\u00f3n<\/td><td>Dos veces al d\u00eda<\/td><\/tr><\/tbody><\/table><\/figure>\n\n\n\n<p>Alerta: Algunos dispensadores de bajo coste afirman tener una capacidad de \"800 ml\", pero debido a la <strong>estructuras internas que ocupan espacio<\/strong>el volumen \u00fatil real puede ser s\u00f3lo <strong>650 ml.<\/strong><\/p>\n\n\n\n<h2 class=\"wp-block-heading\"><strong>4. Compatibilidad de los cartuchos de gas: Compatibilidad N2O\/CO\u2082 \u2260 Uso intercambiable de los mismos.<\/strong><strong><\/strong><\/h2>\n\n\n\n<p>Informaci\u00f3n t\u00e9cnica:<\/p>\n\n\n\n<ul class=\"wp-block-list\">\n<li><strong>N2O (\u00f3xido nitroso)<\/strong>\u00a0ampl\u00eda <strong>tres veces m\u00e1s<\/strong>\u00a0que el CO\u2082, por lo que es ideal para <strong>nata montada.<\/strong><\/li>\n\n\n\n<li><strong>CO\u2082<\/strong>\u00a0es m\u00e1s adecuado para <strong>bebidas gaseosas.<\/strong><\/li>\n<\/ul>\n\n\n\n<p>Gu\u00eda de compra:<\/p>\n\n\n\n<ul class=\"wp-block-list\">\n<li>Un dispensador realmente compatible debe llevar la etiqueta <strong>\"Doble v\u00e1lvula de gas\"<\/strong>\u00a0e incluyen <strong>directrices de compatibilidad de presi\u00f3n<\/strong>\u00a0tanto para gases (como el <strong>KitchenAid Serie Pro<\/strong>).<\/li>\n\n\n\n<li>Evite las marcas no certificadas: Pruebas en un <strong>1688 distribuidor de mercado<\/strong>\u00a0mostr\u00f3 <strong>presi\u00f3n inestable con CO\u2082<\/strong>causando un <strong>Tasa de fallos 30%<\/strong>\u00a0(la crema se volvi\u00f3 acuosa).<\/li>\n\n\n\n<li>Para uso comercial, opte por <strong>Dosificadores espec\u00edficos de N2O<\/strong>\u00a0(como <strong>Buffet de nata<\/strong>) para garantizar la coherencia de los resultados.<\/li>\n<\/ul>\n\n\n\n<h2 class=\"wp-block-heading\"><strong>5. Facilidad de Uso: Textura antideslizante \u2260 Verdadero agarre, estas caracter\u00edsticas de dise\u00f1o importan.<\/strong><strong><\/strong><\/h2>\n\n\n\n<p>Los estudios de usuarios muestran que <strong>72% de panaderos principiantes<\/strong>&nbsp;se quejan de que los dispensadores <strong>demasiado resbaladizo<\/strong>&nbsp;o <strong>los botones son dif\u00edciles de pulsar.<\/strong><\/p>\n\n\n\n<p>Caracter\u00edsticas de dise\u00f1o \u00fatiles:<\/p>\n\n\n\n<ul class=\"wp-block-list\">\n<li><strong>Empu\u00f1adura en forma de diamante con ranuras ergon\u00f3micas para los dedos<\/strong>\u00a0(como el <strong>Waring Pro<\/strong>) evita el deslizamiento, incluso con las manos mojadas.<\/li>\n\n\n\n<li><strong>Bot\u00f3n de liberaci\u00f3n de presi\u00f3n de un solo toque<\/strong>\u00a0permite una ventilaci\u00f3n segura dentro <strong>tres segundos<\/strong>eliminando el <strong>riesgo de pillarse los dedos<\/strong>\u00a0de los pomos tradicionales. <strong>40% m\u00e1s apto para principiantes.<\/strong><\/li>\n\n\n\n<li><strong>Ventana transparente con escala de medici\u00f3n<\/strong>\u00a0permite a los usuarios <strong>ver la crema restante<\/strong>\u00a0y evitar que se acabe inesperadamente.<\/li>\n<\/ul>\n\n\n\n<h2 class=\"wp-block-heading\"><strong>2025 mejores y peores elecciones<\/strong><strong><\/strong><\/h2>\n\n\n<div class=\"wp-block-image\">\n<figure class=\"aligncenter size-full is-resized\"><img decoding=\"async\" width=\"764\" height=\"965\" src=\"https:\/\/cream-deluxe.com\/wp-content\/uploads\/2025\/03\/\u907f\u57512_proc.jpg\" alt=\"\" class=\"wp-image-31147\" style=\"width:326px;height:auto\" srcset=\"https:\/\/cream-deluxe.com\/wp-content\/uploads\/2025\/03\/\u907f\u57512_proc.jpg 764w, https:\/\/cream-deluxe.com\/wp-content\/uploads\/2025\/03\/\u907f\u57512_proc-238x300.jpg 238w, https:\/\/cream-deluxe.com\/wp-content\/uploads\/2025\/03\/\u907f\u57512_proc-10x12.jpg 10w\" sizes=\"(max-width: 764px) 100vw, 764px\" \/><\/figure><\/div>\n\n\n<p>\u2705 <strong>La mejor opci\u00f3n:<a href=\"https:\/\/cream-deluxe.com\/es\/\" target=\"_blank\" rel=\"noreferrer noopener\">Crema Deluxe<\/a><\/strong>(acero inoxidable 304, certificado EN286, liberaci\u00f3n de presi\u00f3n con un solo toque) - ideal para uso dom\u00e9stico y peque\u00f1os comercios<br>\u2705 <strong>La mejor relaci\u00f3n calidad-precio:<\/strong>\u00a0<strong>Buffet de nata<\/strong>(compatibilidad con dos gases, escala de medici\u00f3n visible) - adecuado tanto para nata montada como para bebidas carbonatadas<br>\u274c <strong>Ev\u00edtalo:<\/strong>\u00a0Algunos dispensadores \"estilo Instagram\" de plataformas de compra en grupo (<strong>construcci\u00f3n de aluminio, sin certificaci\u00f3n, 38% cr\u00edticas negativas<\/strong>)<\/p>\n\n\n\n<h2 class=\"wp-block-heading\"><strong>Errores comunes<\/strong><strong><\/strong><\/h2>\n\n\n\n<p>\u00d7 Mito 1: \"Los dispensadores m\u00e1s pesados son mejores\" \u2192 El acero inoxidable es denso, pero <strong>el grosor de la pared importa<\/strong>. <strong>0,8 mm es suficiente<\/strong>-Ser demasiado grueso reduce la transferencia de calor.<br>\u00d7 Mito 2: \"Todos los cartuchos son intercambiables\" \u2192 Los cartuchos baratos suelen <strong>carecen de suficiente contenido de cobre<\/strong>que conduce a <strong>corrosi\u00f3n de la v\u00e1lvula de gas.<\/strong>&nbsp;Utilice siempre <strong>Cartuchos OEM<\/strong>.<\/p>\n\n\n\n<h2 class=\"wp-block-heading\"><strong>Conclusi\u00f3n<\/strong><strong><\/strong><\/h2>\n\n\n\n<p>Elegir un dispensador de nata montada es <strong>equilibrar seguridad, eficacia y coste.<\/strong>\u00a0La seguridad alimentaria es crucial: las certificaciones importan m\u00e1s que la apariencia, y las especificaciones son m\u00e1s fiables que el precio. Antes de realizar su pr\u00f3xima compra, compruebe estos cinco factores clave<strong>\u00a0<\/strong>para evitar un error costoso<\/p>\n\n\n\n<p><\/p>","protected":false},"excerpt":{"rendered":"<p>In March 2025, the ceasefire negotiations between the U.S. and Russia in Saudi Arabia drew global attention. Trump\u2019s team proposed a &#8220;30-day temporary agreement&#8221; to reshape the Russia-Ukraine situation, while Putin insisted on &#8220;eliminating the root causes of the crisis.&#8221; This diplomatic chess game reveals a fundamental truth: every choice is ultimately a balance between [&hellip;]<\/p>","protected":false},"author":3028,"featured_media":31081,"parent":0,"menu_order":0,"comment_status":"closed","ping_status":"closed","template":"","meta":{"_acf_changed":false,"footnotes":""},"categories":[42],"tags":[],"class_list":["post-31145","page","type-page","status-publish","has-post-thumbnail","hentry","category-blog"],"acf":[],"_links":{"self":[{"href":"https:\/\/cream-deluxe.com\/es\/wp-json\/wp\/v2\/pages\/31145","targetHints":{"allow":["GET"]}}],"collection":[{"href":"https:\/\/cream-deluxe.com\/es\/wp-json\/wp\/v2\/pages"}],"about":[{"href":"https:\/\/cream-deluxe.com\/es\/wp-json\/wp\/v2\/types\/page"}],"author":[{"embeddable":true,"href":"https:\/\/cream-deluxe.com\/es\/wp-json\/wp\/v2\/users\/3028"}],"replies":[{"embeddable":true,"href":"https:\/\/cream-deluxe.com\/es\/wp-json\/wp\/v2\/comments?post=31145"}],"version-history":[{"count":3,"href":"https:\/\/cream-deluxe.com\/es\/wp-json\/wp\/v2\/pages\/31145\/revisions"}],"predecessor-version":[{"id":31152,"href":"https:\/\/cream-deluxe.com\/es\/wp-json\/wp\/v2\/pages\/31145\/revisions\/31152"}],"wp:featuredmedia":[{"embeddable":true,"href":"https:\/\/cream-deluxe.com\/es\/wp-json\/wp\/v2\/media\/31081"}],"wp:attachment":[{"href":"https:\/\/cream-deluxe.com\/es\/wp-json\/wp\/v2\/media?parent=31145"}],"wp:term":[{"taxonomy":"category","embeddable":true,"href":"https:\/\/cream-deluxe.com\/es\/wp-json\/wp\/v2\/categories?post=31145"},{"taxonomy":"post_tag","embeddable":true,"href":"https:\/\/cream-deluxe.com\/es\/wp-json\/wp\/v2\/tags?post=31145"}],"curies":[{"name":"wp","href":"https:\/\/api.w.org\/{rel}","templated":true}]}}