{"id":1212,"date":"2020-04-29T15:19:01","date_gmt":"2020-04-29T15:19:01","guid":{"rendered":"https:\/\/cream-deluxe.com\/?page_id=1212"},"modified":"2020-09-02T17:13:44","modified_gmt":"2020-09-02T15:13:44","slug":"privacy-policy","status":"publish","type":"page","link":"https:\/\/cream-deluxe.com\/es\/privacy-policy\/","title":{"rendered":"Pol\u00edtica de privacidad"},"content":{"rendered":"<div data-elementor-type=\"wp-page\" data-elementor-id=\"1212\" class=\"elementor elementor-1212\" data-elementor-post-type=\"page\">\n\t\t\t\t\t\t<section class=\"elementor-section elementor-top-section elementor-element elementor-element-2cbe0128 elementor-section-boxed elementor-section-height-default elementor-section-height-default\" data-id=\"2cbe0128\" data-element_type=\"section\">\n\t\t\t\t\t\t<div class=\"elementor-container elementor-column-gap-default\">\n\t\t\t\t\t<div class=\"elementor-column elementor-col-100 elementor-top-column elementor-element elementor-element-c5ae15b\" data-id=\"c5ae15b\" data-element_type=\"column\">\n\t\t\t<div class=\"elementor-widget-wrap\">\n\t\t\t\t\t\t\t<\/div>\n\t\t<\/div>\n\t\t\t\t\t<\/div>\n\t\t<\/section>\n\t\t\t\t<section class=\"elementor-section elementor-top-section elementor-element elementor-element-9680bd7 elementor-section-boxed elementor-section-height-default elementor-section-height-default\" data-id=\"9680bd7\" data-element_type=\"section\">\n\t\t\t\t\t\t<div class=\"elementor-container elementor-column-gap-default\">\n\t\t\t\t\t<div class=\"elementor-column elementor-col-100 elementor-top-column elementor-element elementor-element-dcf421e\" data-id=\"dcf421e\" data-element_type=\"column\">\n\t\t\t<div class=\"elementor-widget-wrap elementor-element-populated\">\n\t\t\t\t\t\t<div class=\"elementor-element elementor-element-29972ac elementor-widget elementor-widget-heading\" data-id=\"29972ac\" data-element_type=\"widget\" data-widget_type=\"heading.default\">\n\t\t\t\t<div class=\"elementor-widget-container\">\n\t\t\t<style>\/*! elementor - v3.21.0 - 30-04-2024 *\/\n.elementor-heading-title{padding:0;margin:0;line-height:1}.elementor-widget-heading .elementor-heading-title[class*=elementor-size-]>a{color:inherit;font-size:inherit;line-height:inherit}.elementor-widget-heading .elementor-heading-title.elementor-size-small{font-size:15px}.elementor-widget-heading .elementor-heading-title.elementor-size-medium{font-size:19px}.elementor-widget-heading .elementor-heading-title.elementor-size-large{font-size:29px}.elementor-widget-heading .elementor-heading-title.elementor-size-xl{font-size:39px}.elementor-widget-heading .elementor-heading-title.elementor-size-xxl{font-size:59px}<\/style><h1 class=\"elementor-heading-title elementor-size-default\">Pol\u00edtica de privacidad<\/h1>\t\t<\/div>\n\t\t\t\t<\/div>\n\t\t\t\t<div class=\"elementor-element elementor-element-031647e elementor-widget elementor-widget-text-editor\" data-id=\"031647e\" data-element_type=\"widget\" data-widget_type=\"text-editor.default\">\n\t\t\t\t<div class=\"elementor-widget-container\">\n\t\t\t<style>\/*! elementor - v3.21.0 - 30-04-2024 *\/\n.elementor-widget-text-editor.elementor-drop-cap-view-stacked .elementor-drop-cap{background-color:#69727d;color:#fff}.elementor-widget-text-editor.elementor-drop-cap-view-framed .elementor-drop-cap{color:#69727d;border:3px solid;background-color:transparent}.elementor-widget-text-editor:not(.elementor-drop-cap-view-default) .elementor-drop-cap{margin-top:8px}.elementor-widget-text-editor:not(.elementor-drop-cap-view-default) .elementor-drop-cap-letter{width:1em;height:1em}.elementor-widget-text-editor .elementor-drop-cap{float:left;text-align:center;line-height:1;font-size:50px}.elementor-widget-text-editor .elementor-drop-cap-letter{display:inline-block}<\/style>\t\t\t\t<p>Esta p\u00e1gina se utiliza para informar a los visitantes del sitio web acerca de nuestras pol\u00edticas con respecto a la recopilaci\u00f3n, el uso y la divulgaci\u00f3n de informaci\u00f3n personal si alguien decide utilizar nuestro servicio, el sitio web Cream Deluxe.<\/p><p>Si decide utilizar nuestro Servicio, acepta la recopilaci\u00f3n y el uso de informaci\u00f3n en relaci\u00f3n con esta pol\u00edtica. La informaci\u00f3n personal que recogemos se utiliza para proporcionar y mejorar el Servicio. No utilizaremos ni compartiremos su informaci\u00f3n con nadie, excepto como se describe en esta Pol\u00edtica de Privacidad.<\/p><p>Los t\u00e9rminos utilizados en esta Pol\u00edtica de Privacidad tienen el mismo significado que en nuestros T\u00e9rminos y Condiciones, a los que se puede acceder en https:\/\/cream-deluxe.com, a menos que se defina lo contrario en esta Pol\u00edtica de Privacidad.<br \/><br \/><\/p><h2>Recogida y uso de la informaci\u00f3n<\/h2><p>Para una mejor experiencia en el uso de nuestro Servicio, es posible que le pidamos que nos proporcione cierta informaci\u00f3n de identificaci\u00f3n personal, incluyendo pero no limit\u00e1ndose a su nombre, n\u00famero de tel\u00e9fono y direcci\u00f3n postal. La informaci\u00f3n que recojamos se utilizar\u00e1 para contactar con usted o identificarle.<br \/><br \/><\/p><h2>Datos de registro<\/h2><p>Queremos informarle de que cada vez que visita nuestro Servicio, recogemos la informaci\u00f3n que su navegador nos env\u00eda y que se denomina Datos de Registro. Estos datos de registro pueden incluir informaci\u00f3n como la direcci\u00f3n de protocolo de Internet (\"IP\") de su ordenador, la versi\u00f3n del navegador, las p\u00e1ginas de nuestro Servicio que visita, la hora y la fecha de su visita, el tiempo que pasa en esas p\u00e1ginas y otras estad\u00edsticas.<br \/><br \/><\/p><h2>Galletas<\/h2><p>Las cookies son archivos con una peque\u00f1a cantidad de datos que suelen utilizarse como identificador \u00fanico an\u00f3nimo. Se env\u00edan a su navegador desde el sitio web que visita y se almacenan en el disco duro de su ordenador.<\/p><p>Nuestro sitio web utiliza estas \"cookies\" para recopilar informaci\u00f3n y mejorar nuestro servicio. Usted tiene la opci\u00f3n de aceptar o rechazar estas cookies, y saber cu\u00e1ndo se env\u00eda una cookie a su ordenador. Si decide rechazar nuestras cookies, es posible que no pueda utilizar algunas partes de nuestro Servicio.<\/p><p>Para m\u00e1s informaci\u00f3n sobre las cookies, lea\u00a0<a href=\"https:\/\/cream-deluxe.com\/es\/cookie-policy\/\" target=\"_blank\" rel=\"noopener\">nuestra pol\u00edtica de cookies<\/a>.<br \/><br \/><\/p><h2>Proveedores de servicios<\/h2><p>Podemos emplear a terceras empresas y personas por las siguientes razones:<\/p><ul><li>Para facilitar nuestro Servicio;<\/li><li>Para prestar el Servicio en nuestro nombre;<\/li><li>Para realizar servicios relacionados con el Servicio; o<\/li><li>Para ayudarnos a analizar c\u00f3mo se utiliza nuestro Servicio.<\/li><\/ul><p>Queremos informar a los usuarios de nuestro Servicio que estos terceros tienen acceso a su Informaci\u00f3n Personal. El motivo es realizar las tareas que se les asignan en nuestro nombre. Sin embargo, est\u00e1n obligados a no divulgar ni utilizar la informaci\u00f3n para ning\u00fan otro fin.<br \/><br \/><\/p><h2>Seguridad<\/h2><p>Valoramos su confianza al proporcionarnos su informaci\u00f3n personal, por lo que nos esforzamos en utilizar medios comercialmente aceptables para protegerla. Pero recuerde que ning\u00fan m\u00e9todo de transmisi\u00f3n por Internet, o m\u00e9todo de almacenamiento electr\u00f3nico es 100% seguro y fiable, y no podemos garantizar su absoluta seguridad.<br \/><br \/><\/p><h2>Enlaces a otros sitios<\/h2><p>Nuestro Servicio puede contener enlaces a otros sitios. Si hace clic en un enlace de terceros, ser\u00e1 dirigido a ese sitio. Tenga en cuenta que estos sitios externos no son operados por nosotros. Por lo tanto, le aconsejamos encarecidamente que revise la pol\u00edtica de privacidad de estos sitios web. No tenemos ning\u00fan control ni asumimos ninguna responsabilidad por el contenido, las pol\u00edticas de privacidad o las pr\u00e1cticas de los sitios o servicios de terceros.<\/p><p>Privacidad de los ni\u00f1os<\/p><p>Nuestros Servicios no se dirigen a menores de 13 a\u00f1os. No recopilamos conscientemente informaci\u00f3n personal identificable de ni\u00f1os menores de 13 a\u00f1os. En el caso de que descubramos que un ni\u00f1o menor de 13 a\u00f1os nos ha proporcionado informaci\u00f3n personal, la eliminamos inmediatamente de nuestros servidores. Si usted es un padre o tutor y tiene conocimiento de que su hijo nos ha proporcionado informaci\u00f3n personal, p\u00f3ngase en contacto con nosotros para que podamos tomar las medidas necesarias.<br \/><br \/><\/p><h2>Cambios en esta pol\u00edtica de privacidad<\/h2><p>Es posible que actualicemos nuestra pol\u00edtica de privacidad de vez en cuando. Por lo tanto, le aconsejamos que revise esta p\u00e1gina peri\u00f3dicamente para ver si hay cambios. Le notificaremos cualquier cambio publicando la nueva Pol\u00edtica de Privacidad en esta p\u00e1gina. Estos cambios entran en vigor inmediatamente despu\u00e9s de su publicaci\u00f3n en esta p\u00e1gina.<br \/><br \/><\/p><h2>Contacto<\/h2><p>Si tiene alguna pregunta o sugerencia sobre nuestra pol\u00edtica de privacidad, no dude en ponerse en contacto con nosotros.<\/p>\t\t\t\t\t\t<\/div>\n\t\t\t\t<\/div>\n\t\t\t\t\t<\/div>\n\t\t<\/div>\n\t\t\t\t\t<\/div>\n\t\t<\/section>\n\t\t\t\t<\/div>","protected":false},"excerpt":{"rendered":"<p>Pol\u00edtica de privacidad Esta p\u00e1gina se utiliza para informar a los visitantes del sitio web con respecto a nuestras pol\u00edticas con la recopilaci\u00f3n, el uso y la divulgaci\u00f3n de informaci\u00f3n personal si alguien decidi\u00f3 utilizar nuestro Servicio, el sitio web Cream Deluxe. Si usted decide utilizar nuestro Servicio, entonces usted est\u00e1 de acuerdo con la recopilaci\u00f3n y el uso de la informaci\u00f3n en relaci\u00f3n con esta pol\u00edtica. [...]<\/p>","protected":false},"author":3022,"featured_media":0,"parent":0,"menu_order":0,"comment_status":"closed","ping_status":"closed","template":"","meta":{"_acf_changed":false,"footnotes":""},"categories":[],"tags":[],"class_list":["post-1212","page","type-page","status-publish","hentry"],"acf":[],"_links":{"self":[{"href":"https:\/\/cream-deluxe.com\/es\/wp-json\/wp\/v2\/pages\/1212","targetHints":{"allow":["GET"]}}],"collection":[{"href":"https:\/\/cream-deluxe.com\/es\/wp-json\/wp\/v2\/pages"}],"about":[{"href":"https:\/\/cream-deluxe.com\/es\/wp-json\/wp\/v2\/types\/page"}],"author":[{"embeddable":true,"href":"https:\/\/cream-deluxe.com\/es\/wp-json\/wp\/v2\/users\/3022"}],"replies":[{"embeddable":true,"href":"https:\/\/cream-deluxe.com\/es\/wp-json\/wp\/v2\/comments?post=1212"}],"version-history":[{"count":10,"href":"https:\/\/cream-deluxe.com\/es\/wp-json\/wp\/v2\/pages\/1212\/revisions"}],"predecessor-version":[{"id":3981,"href":"https:\/\/cream-deluxe.com\/es\/wp-json\/wp\/v2\/pages\/1212\/revisions\/3981"}],"wp:attachment":[{"href":"https:\/\/cream-deluxe.com\/es\/wp-json\/wp\/v2\/media?parent=1212"}],"wp:term":[{"taxonomy":"category","embeddable":true,"href":"https:\/\/cream-deluxe.com\/es\/wp-json\/wp\/v2\/categories?post=1212"},{"taxonomy":"post_tag","embeddable":true,"href":"https:\/\/cream-deluxe.com\/es\/wp-json\/wp\/v2\/tags?post=1212"}],"curies":[{"name":"wp","href":"https:\/\/api.w.org\/{rel}","templated":true}]}}