{"id":1207,"date":"2020-04-29T15:11:46","date_gmt":"2020-04-29T15:11:46","guid":{"rendered":"https:\/\/cream-deluxe.com\/?page_id=1207"},"modified":"2020-04-30T19:31:24","modified_gmt":"2020-04-30T19:31:24","slug":"cookie-policy","status":"publish","type":"page","link":"https:\/\/cream-deluxe.com\/es\/cookie-policy\/","title":{"rendered":"Pol\u00edtica de cookies"},"content":{"rendered":"<div data-elementor-type=\"wp-page\" data-elementor-id=\"1207\" class=\"elementor elementor-1207\" data-elementor-post-type=\"page\">\n\t\t\t\t\t\t<section class=\"elementor-section elementor-top-section elementor-element elementor-element-27c33d16 elementor-section-boxed elementor-section-height-default elementor-section-height-default\" data-id=\"27c33d16\" data-element_type=\"section\">\n\t\t\t\t\t\t<div class=\"elementor-container elementor-column-gap-default\">\n\t\t\t\t\t<div class=\"elementor-column elementor-col-100 elementor-top-column elementor-element elementor-element-449a840b\" data-id=\"449a840b\" data-element_type=\"column\">\n\t\t\t<div class=\"elementor-widget-wrap elementor-element-populated\">\n\t\t\t\t\t\t<div class=\"elementor-element elementor-element-3fafe4c1 elementor-align-left elementor-widget elementor-widget-breadcrumbs\" data-id=\"3fafe4c1\" data-element_type=\"widget\" data-widget_type=\"breadcrumbs.default\">\n\t\t\t\t<div class=\"elementor-widget-container\">\n\t\t\t<nav aria-label=\"pan rallado\" class=\"rank-math-breadcrumb\"><p><span class=\"last\">Inicio<\/span><\/p><\/nav>\t\t<\/div>\n\t\t\t\t<\/div>\n\t\t\t\t\t<\/div>\n\t\t<\/div>\n\t\t\t\t\t<\/div>\n\t\t<\/section>\n\t\t\t\t<section class=\"elementor-section elementor-top-section elementor-element elementor-element-9680bd7 elementor-section-boxed elementor-section-height-default elementor-section-height-default\" data-id=\"9680bd7\" data-element_type=\"section\">\n\t\t\t\t\t\t<div class=\"elementor-container elementor-column-gap-default\">\n\t\t\t\t\t<div class=\"elementor-column elementor-col-100 elementor-top-column elementor-element elementor-element-dcf421e\" data-id=\"dcf421e\" data-element_type=\"column\">\n\t\t\t<div class=\"elementor-widget-wrap elementor-element-populated\">\n\t\t\t\t\t\t<div class=\"elementor-element elementor-element-29972ac elementor-widget elementor-widget-heading\" data-id=\"29972ac\" data-element_type=\"widget\" data-widget_type=\"heading.default\">\n\t\t\t\t<div class=\"elementor-widget-container\">\n\t\t\t<style>\/*! elementor - v3.21.0 - 30-04-2024 *\/\n.elementor-heading-title{padding:0;margin:0;line-height:1}.elementor-widget-heading .elementor-heading-title[class*=elementor-size-]>a{color:inherit;font-size:inherit;line-height:inherit}.elementor-widget-heading .elementor-heading-title.elementor-size-small{font-size:15px}.elementor-widget-heading .elementor-heading-title.elementor-size-medium{font-size:19px}.elementor-widget-heading .elementor-heading-title.elementor-size-large{font-size:29px}.elementor-widget-heading .elementor-heading-title.elementor-size-xl{font-size:39px}.elementor-widget-heading .elementor-heading-title.elementor-size-xxl{font-size:59px}<\/style><h1 class=\"elementor-heading-title elementor-size-default\">Pol\u00edtica de cookies<\/h1>\t\t<\/div>\n\t\t\t\t<\/div>\n\t\t\t\t<div class=\"elementor-element elementor-element-031647e elementor-widget elementor-widget-text-editor\" data-id=\"031647e\" data-element_type=\"widget\" data-widget_type=\"text-editor.default\">\n\t\t\t\t<div class=\"elementor-widget-container\">\n\t\t\t<style>\/*! elementor - v3.21.0 - 30-04-2024 *\/\n.elementor-widget-text-editor.elementor-drop-cap-view-stacked .elementor-drop-cap{background-color:#69727d;color:#fff}.elementor-widget-text-editor.elementor-drop-cap-view-framed .elementor-drop-cap{color:#69727d;border:3px solid;background-color:transparent}.elementor-widget-text-editor:not(.elementor-drop-cap-view-default) .elementor-drop-cap{margin-top:8px}.elementor-widget-text-editor:not(.elementor-drop-cap-view-default) .elementor-drop-cap-letter{width:1em;height:1em}.elementor-widget-text-editor .elementor-drop-cap{float:left;text-align:center;line-height:1;font-size:50px}.elementor-widget-text-editor .elementor-drop-cap-letter{display:inline-block}<\/style>\t\t\t\t<h2>\u00bfQu\u00e9 son las cookies?<\/h2><p>Las cookies son unos peque\u00f1os archivos de texto que se almacenan en su navegador web y que permiten\u00a0<span class=\"website_name\">Crema Deluxe<\/span>\u00a0o un tercero para reconocerle. Las cookies pueden utilizarse para recopilar, almacenar y compartir informaci\u00f3n sobre sus actividades en distintos sitios web, por ejemplo en\u00a0<span class=\"website_name\">Crema Deluxe<\/span>\u00a0sitio web.<\/p><p>Las cookies pueden utilizarse para los siguientes fines:<\/p><ul><li>Para habilitar ciertas funciones<\/li><li>Para proporcionar an\u00e1lisis<\/li><li>Para almacenar sus preferencias<\/li><li>Para permitir la entrega de anuncios y la publicidad basada en el comportamiento<\/li><\/ul><p><span class=\"website_name\">Crema Deluxe<\/span>\u00a0utiliza tanto cookies de sesi\u00f3n como cookies persistentes.<\/p><p>Una cookie de sesi\u00f3n se utiliza para identificar una visita concreta a nuestro sitio web. Estas cookies caducan al cabo de poco tiempo, o cuando usted cierra su navegador despu\u00e9s de utilizar nuestro sitio web. Utilizamos estas cookies para identificarle durante una \u00fanica sesi\u00f3n de navegaci\u00f3n, como cuando se conecta a nuestro sitio web.<\/p><p>Una cookie persistente permanecer\u00e1 en sus dispositivos durante un periodo de tiempo determinado especificado en la cookie. Utilizamos estas cookies cuando necesitamos identificarle durante un periodo de tiempo m\u00e1s largo. Por ejemplo, utilizar\u00edamos una cookie persistente si usted nos pidiera que mantuvi\u00e9ramos su sesi\u00f3n iniciada.<br \/><br \/><\/p><h2>\u00bfC\u00f3mo utilizan los terceros las cookies en el\u00a0<span class=\"website_name\">Crema Deluxe<\/span>\u00a0\u00bfP\u00e1gina web?<\/h2><p>Las empresas de terceros, como las empresas de an\u00e1lisis y las redes publicitarias, suelen utilizar cookies para recopilar informaci\u00f3n del usuario de forma an\u00f3nima. Pueden utilizar esa informaci\u00f3n para elaborar un perfil de sus actividades en el\u00a0<span class=\"website_name\">Crema Deluxe<\/span>\u00a0Sitio web y otros sitios web que ha visitado.<br \/><br \/><\/p><h2>\u00bfCu\u00e1les son sus opciones de galletas?<\/h2><p>Si no le gusta la idea de las cookies o de ciertos tipos de cookies, puede cambiar la configuraci\u00f3n de su navegador para eliminar las cookies ya instaladas y no aceptar nuevas cookies. Para saber m\u00e1s sobre c\u00f3mo hacerlo, visite las p\u00e1ginas de ayuda de su navegador.<\/p><p>Sin embargo, tenga en cuenta que si elimina las cookies o no las acepta, es posible que no pueda utilizar todas las funciones que ofrecemos, que no pueda almacenar sus preferencias y que algunas de nuestras p\u00e1ginas no se muestren correctamente.<\/p>\t\t\t\t\t\t<\/div>\n\t\t\t\t<\/div>\n\t\t\t\t\t<\/div>\n\t\t<\/div>\n\t\t\t\t\t<\/div>\n\t\t<\/section>\n\t\t\t\t<\/div>","protected":false},"excerpt":{"rendered":"<p>Pol\u00edtica de cookies \u00bfQu\u00e9 son las cookies? Las cookies son peque\u00f1os archivos de texto que se almacenan en su navegador web y que permiten a Cream Deluxe o a un tercero reconocerle. Las cookies pueden utilizarse para recopilar, almacenar y compartir informaci\u00f3n sobre sus actividades en distintos sitios web, incluido el de Cream Deluxe. Las cookies pueden utilizarse para los siguientes fines [...]<\/p>","protected":false},"author":3022,"featured_media":0,"parent":0,"menu_order":0,"comment_status":"closed","ping_status":"closed","template":"","meta":{"_acf_changed":false,"footnotes":""},"categories":[],"tags":[],"class_list":["post-1207","page","type-page","status-publish","hentry"],"acf":[],"_links":{"self":[{"href":"https:\/\/cream-deluxe.com\/es\/wp-json\/wp\/v2\/pages\/1207","targetHints":{"allow":["GET"]}}],"collection":[{"href":"https:\/\/cream-deluxe.com\/es\/wp-json\/wp\/v2\/pages"}],"about":[{"href":"https:\/\/cream-deluxe.com\/es\/wp-json\/wp\/v2\/types\/page"}],"author":[{"embeddable":true,"href":"https:\/\/cream-deluxe.com\/es\/wp-json\/wp\/v2\/users\/3022"}],"replies":[{"embeddable":true,"href":"https:\/\/cream-deluxe.com\/es\/wp-json\/wp\/v2\/comments?post=1207"}],"version-history":[{"count":9,"href":"https:\/\/cream-deluxe.com\/es\/wp-json\/wp\/v2\/pages\/1207\/revisions"}],"predecessor-version":[{"id":1236,"href":"https:\/\/cream-deluxe.com\/es\/wp-json\/wp\/v2\/pages\/1207\/revisions\/1236"}],"wp:attachment":[{"href":"https:\/\/cream-deluxe.com\/es\/wp-json\/wp\/v2\/media?parent=1207"}],"wp:term":[{"taxonomy":"category","embeddable":true,"href":"https:\/\/cream-deluxe.com\/es\/wp-json\/wp\/v2\/categories?post=1207"},{"taxonomy":"post_tag","embeddable":true,"href":"https:\/\/cream-deluxe.com\/es\/wp-json\/wp\/v2\/tags?post=1207"}],"curies":[{"name":"wp","href":"https:\/\/api.w.org\/{rel}","templated":true}]}}