{"id":8278,"date":"2021-02-03T17:09:58","date_gmt":"2021-02-03T16:09:58","guid":{"rendered":"https:\/\/cream-deluxe.com\/?page_id=8278"},"modified":"2021-02-03T17:13:14","modified_gmt":"2021-02-03T16:13:14","slug":"legal-policy","status":"publish","type":"page","link":"https:\/\/cream-deluxe.com\/de\/legal-policy\/","title":{"rendered":"Rechtspolitik"},"content":{"rendered":"<div data-elementor-type=\"wp-page\" data-elementor-id=\"8278\" class=\"elementor elementor-8278\" data-elementor-post-type=\"page\">\n\t\t\t\t\t\t<section class=\"elementor-section elementor-top-section elementor-element elementor-element-2cbe0128 elementor-section-boxed elementor-section-height-default elementor-section-height-default\" data-id=\"2cbe0128\" data-element_type=\"section\">\n\t\t\t\t\t\t<div class=\"elementor-container elementor-column-gap-default\">\n\t\t\t\t\t<div class=\"elementor-column elementor-col-100 elementor-top-column elementor-element elementor-element-c5ae15b\" data-id=\"c5ae15b\" data-element_type=\"column\">\n\t\t\t<div class=\"elementor-widget-wrap\">\n\t\t\t\t\t\t\t<\/div>\n\t\t<\/div>\n\t\t\t\t\t<\/div>\n\t\t<\/section>\n\t\t\t\t<section class=\"elementor-section elementor-top-section elementor-element elementor-element-9680bd7 elementor-section-boxed elementor-section-height-default elementor-section-height-default\" data-id=\"9680bd7\" data-element_type=\"section\">\n\t\t\t\t\t\t<div class=\"elementor-container elementor-column-gap-default\">\n\t\t\t\t\t<div class=\"elementor-column elementor-col-100 elementor-top-column elementor-element elementor-element-dcf421e\" data-id=\"dcf421e\" data-element_type=\"column\">\n\t\t\t<div class=\"elementor-widget-wrap elementor-element-populated\">\n\t\t\t\t\t\t<div class=\"elementor-element elementor-element-29972ac elementor-widget elementor-widget-heading\" data-id=\"29972ac\" data-element_type=\"widget\" data-widget_type=\"heading.default\">\n\t\t\t\t<div class=\"elementor-widget-container\">\n\t\t\t<style>\/*! elementor - v3.21.0 - 30-04-2024 *\/\n.elementor-heading-title{padding:0;margin:0;line-height:1}.elementor-widget-heading .elementor-heading-title[class*=elementor-size-]>a{color:inherit;font-size:inherit;line-height:inherit}.elementor-widget-heading .elementor-heading-title.elementor-size-small{font-size:15px}.elementor-widget-heading .elementor-heading-title.elementor-size-medium{font-size:19px}.elementor-widget-heading .elementor-heading-title.elementor-size-large{font-size:29px}.elementor-widget-heading .elementor-heading-title.elementor-size-xl{font-size:39px}.elementor-widget-heading .elementor-heading-title.elementor-size-xxl{font-size:59px}<\/style><h1 class=\"elementor-heading-title elementor-size-default\">Rechtspolitik<\/h1>\t\t<\/div>\n\t\t\t\t<\/div>\n\t\t\t\t<div class=\"elementor-element elementor-element-031647e elementor-widget elementor-widget-text-editor\" data-id=\"031647e\" data-element_type=\"widget\" data-widget_type=\"text-editor.default\">\n\t\t\t\t<div class=\"elementor-widget-container\">\n\t\t\t<style>\/*! elementor - v3.21.0 - 30-04-2024 *\/\n.elementor-widget-text-editor.elementor-drop-cap-view-stacked .elementor-drop-cap{background-color:#69727d;color:#fff}.elementor-widget-text-editor.elementor-drop-cap-view-framed .elementor-drop-cap{color:#69727d;border:3px solid;background-color:transparent}.elementor-widget-text-editor:not(.elementor-drop-cap-view-default) .elementor-drop-cap{margin-top:8px}.elementor-widget-text-editor:not(.elementor-drop-cap-view-default) .elementor-drop-cap-letter{width:1em;height:1em}.elementor-widget-text-editor .elementor-drop-cap{float:left;text-align:center;line-height:1;font-size:50px}.elementor-widget-text-editor .elementor-drop-cap-letter{display:inline-block}<\/style>\t\t\t\t<p><strong>Aussage 1.<\/strong> Ich best\u00e4tige, dass mir bewusst ist, dass die Inhalation von Stickstoffmonoxid das Risiko einer schweren<br \/>gesundheitliche Folgen. Zu den Risiken geh\u00f6ren Narkose, Erstickung und m\u00f6glicherweise der Tod.<\/p><p>\u00a0<\/p><p><strong>Aussage 2.<\/strong> Ich best\u00e4tige, dass ich der genannte K\u00e4ufer bin und dass ich \u00fcber 18 Jahre alt bin und im Namen des angegebenen Unternehmens oder Gewerbes handle.<\/p><p>\u00a0<\/p><p><strong>Aussage 3.<\/strong> Ich best\u00e4tige, dass ich nicht vorhabe, die Waren missbr\u00e4uchlich zu verwenden oder vorhabe, die Waren an Personen zu liefern, von denen ich annehme, dass sie (i) beabsichtigen, diese Produkte missbr\u00e4uchlich zu verwenden oder (ii) unter 18 Jahre alt sind.<\/p><p>\u00a0<\/p><p><strong>Aussage 4.<\/strong> Ich best\u00e4tige, dass ich diese Waren nicht wissentlich wegen ihrer psychoaktiven oder medizinischen Wirkung verwenden oder verkaufen werde.<\/p><p>\u00a0<\/p><p class=\" translation-block\"><strong>Erkl\u00e4rung 5.<\/strong> Ich best\u00e4tige, dass ich alle angemessenen Ma\u00dfnahmen ergreifen werde, um sicherzustellen, dass die Waren<br>ausschlie\u00dflich in \u00dcbereinstimmung mit den Anweisungen des Herstellers verwendet werden.<\/p><p>\u00a0<\/p><p><strong>Aussage 6.<\/strong> Ich best\u00e4tige, dass ich alle angemessenen Ma\u00dfnahmen ergreifen werde, um sicherzustellen, dass die Waren in sicherer Verwahrung aufbewahrt werden, so dass sie f\u00fcr Minderj\u00e4hrige oder Missbraucher nicht zug\u00e4nglich sind.<\/p><p>\u00a0<\/p><p class=\" translation-block\"><strong>Erkl\u00e4rung 7.<\/strong> Ich best\u00e4tige, dass, sollte ich die Waren weiterverkaufen wollen, alle erforderlichen Schilder, Etiketten<br>und\/oder Informationen, die sich auf die Waren beziehen oder ihnen beiliegen, erkl\u00e4ren, dass sie f\u00fcr die Verwendung in der Gastronomie bestimmt sind<br>und keine andere Verwendung vorschlagen.<\/p><p>\u00a0<\/p><p class=\" translation-block\"><strong>Erkl\u00e4rung 8.<\/strong> Ich best\u00e4tige, dass ich mir der GEF\u00c4HRLICHKEIT von Distickstoffoxid bewusst bin und die Verpackung nicht ver\u00e4ndern werde, um die Sicherheitsinformationen zu verdecken, und dass ich alle notwendigen<br>Ma\u00dfnahmen in Bezug auf Lagerung und Transport treffen werde.<\/p><p>\u00a0<\/p><p><strong>Aussage 9.<\/strong> Ich best\u00e4tige, dass die Waren NIEMALS an Bord eines Flugzeugs gebracht werden, und ich werde mit der gebotenen Sorgfalt daf\u00fcr sorgen, dass jeder, dem ich die Waren gem\u00e4\u00df dieser Erkl\u00e4rung liefere, die gleichen Vorsichtsma\u00dfnahmen trifft.<\/p><p>\u00a0<\/p><p class=\" translation-block\"><strong>Erkl\u00e4rung 10.<\/strong> Ich best\u00e4tige, dass die N2O-Ladeger\u00e4te niemals in irgendeiner Weise erhitzt oder von<br>etwas anderem als einem zertifizierten Schlagsahne-Spender durchstochen werden, und ich werde die geb\u00fchrende Sorgfalt walten lassen, um sicherzustellen, dass jeder, an den ich die Waren in \u00dcbereinstimmung mit dieser Erkl\u00e4rung liefere, die gleichen<br>Vorsichtsma\u00dfnahmen trifft.<\/p><p>\u00a0<\/p><p class=\" translation-block\"><strong>Erkl\u00e4rung 11.<\/strong> Ich best\u00e4tige, dass mir bewusst ist, dass die Nutzung dieser Waren streng auf legitime und rechtm\u00e4\u00dfige Zwecke beschr\u00e4nkt ist und ich mich verpflichte, das franz\u00f6sische Recht ... in der jeweils geltenden<br>und aktualisierten Fassung einzuhalten.<\/p>\t\t\t\t\t\t<\/div>\n\t\t\t\t<\/div>\n\t\t\t\t\t<\/div>\n\t\t<\/div>\n\t\t\t\t\t<\/div>\n\t\t<\/section>\n\t\t\t\t<\/div>","protected":false},"excerpt":{"rendered":"<p>Erkl\u00e4rung zur Rechtspolitik 1. Ich best\u00e4tige, dass mir bewusst ist, dass das Einatmen von Distickstoffmonoxid das Risiko schwerwiegender gesundheitlicher Folgen birgt. Zu den Risiken geh\u00f6ren Narkose, Erstickung und m\u00f6glicherweise der Tod.   Erkl\u00e4rung 2. Ich best\u00e4tige, dass ich der genannte K\u00e4ufer bin und dass ich \u00fcber 18 Jahre alt bin und im Namen von [...] handle.<\/p>","protected":false},"author":3022,"featured_media":0,"parent":0,"menu_order":0,"comment_status":"closed","ping_status":"closed","template":"","meta":{"_acf_changed":false,"footnotes":""},"categories":[],"tags":[],"class_list":["post-8278","page","type-page","status-publish","hentry"],"acf":[],"_links":{"self":[{"href":"https:\/\/cream-deluxe.com\/de\/wp-json\/wp\/v2\/pages\/8278","targetHints":{"allow":["GET"]}}],"collection":[{"href":"https:\/\/cream-deluxe.com\/de\/wp-json\/wp\/v2\/pages"}],"about":[{"href":"https:\/\/cream-deluxe.com\/de\/wp-json\/wp\/v2\/types\/page"}],"author":[{"embeddable":true,"href":"https:\/\/cream-deluxe.com\/de\/wp-json\/wp\/v2\/users\/3022"}],"replies":[{"embeddable":true,"href":"https:\/\/cream-deluxe.com\/de\/wp-json\/wp\/v2\/comments?post=8278"}],"version-history":[{"count":3,"href":"https:\/\/cream-deluxe.com\/de\/wp-json\/wp\/v2\/pages\/8278\/revisions"}],"predecessor-version":[{"id":8281,"href":"https:\/\/cream-deluxe.com\/de\/wp-json\/wp\/v2\/pages\/8278\/revisions\/8281"}],"wp:attachment":[{"href":"https:\/\/cream-deluxe.com\/de\/wp-json\/wp\/v2\/media?parent=8278"}],"wp:term":[{"taxonomy":"category","embeddable":true,"href":"https:\/\/cream-deluxe.com\/de\/wp-json\/wp\/v2\/categories?post=8278"},{"taxonomy":"post_tag","embeddable":true,"href":"https:\/\/cream-deluxe.com\/de\/wp-json\/wp\/v2\/tags?post=8278"}],"curies":[{"name":"wp","href":"https:\/\/api.w.org\/{rel}","templated":true}]}}