{"id":5284,"date":"2020-10-12T11:42:31","date_gmt":"2020-10-12T09:42:31","guid":{"rendered":"https:\/\/cream-deluxe.com\/?page_id=5284"},"modified":"2022-09-26T15:57:19","modified_gmt":"2022-09-26T13:57:19","slug":"cream-deluxe-wholesale-how-does-it-work","status":"publish","type":"page","link":"https:\/\/cream-deluxe.com\/de\/cream-deluxe-wholesale-how-does-it-work\/","title":{"rendered":"Cream Deluxe-Gro\u00dfhandel: Wie funktioniert das?"},"content":{"rendered":"<div data-elementor-type=\"wp-page\" data-elementor-id=\"5284\" class=\"elementor elementor-5284\" data-elementor-post-type=\"page\">\n\t\t\t\t\t\t<section class=\"elementor-section elementor-top-section elementor-element elementor-element-4b6b7bed elementor-section-boxed elementor-section-height-default elementor-section-height-default\" data-id=\"4b6b7bed\" data-element_type=\"section\">\n\t\t\t\t\t\t<div class=\"elementor-container elementor-column-gap-default\">\n\t\t\t\t\t<div class=\"elementor-column elementor-col-100 elementor-top-column elementor-element elementor-element-a97c98 elementor-hidden-mobile\" data-id=\"a97c98\" data-element_type=\"column\">\n\t\t\t<div class=\"elementor-widget-wrap elementor-element-populated\">\n\t\t\t\t\t\t<div class=\"elementor-element elementor-element-1fe154e2 elementor-hidden-desktop elementor-hidden-tablet elementor-hidden-phone elementor-widget elementor-widget-shortcode\" data-id=\"1fe154e2\" data-element_type=\"widget\" data-widget_type=\"shortcode.default\">\n\t\t\t\t<div class=\"elementor-widget-container\">\n\t\t\t\t\t<div class=\"elementor-shortcode\"><nav aria-label=\"Semmelbr\u00f6sel\" class=\"rank-math-breadcrumb\"><p><span class=\"last\">Startseite<\/span><\/p><\/nav><\/div>\n\t\t\t\t<\/div>\n\t\t\t\t<\/div>\n\t\t\t\t\t<\/div>\n\t\t<\/div>\n\t\t\t\t\t<\/div>\n\t\t<\/section>\n\t\t\t\t<section class=\"elementor-section elementor-top-section elementor-element elementor-element-4f83777c elementor-section-boxed elementor-section-height-default elementor-section-height-default\" data-id=\"4f83777c\" data-element_type=\"section\">\n\t\t\t\t\t\t<div class=\"elementor-container elementor-column-gap-default\">\n\t\t\t\t\t<div class=\"elementor-column elementor-col-100 elementor-top-column elementor-element elementor-element-28386885\" data-id=\"28386885\" data-element_type=\"column\">\n\t\t\t<div class=\"elementor-widget-wrap elementor-element-populated\">\n\t\t\t\t\t\t<section class=\"elementor-section elementor-inner-section elementor-element elementor-element-2f16216 elementor-reverse-tablet elementor-reverse-mobile elementor-section-boxed elementor-section-height-default elementor-section-height-default\" data-id=\"2f16216\" data-element_type=\"section\">\n\t\t\t\t\t\t<div class=\"elementor-container elementor-column-gap-default\">\n\t\t\t\t\t<div class=\"elementor-column elementor-col-50 elementor-inner-column elementor-element elementor-element-be74890\" data-id=\"be74890\" data-element_type=\"column\">\n\t\t\t<div class=\"elementor-widget-wrap elementor-element-populated\">\n\t\t\t\t\t\t<div class=\"elementor-element elementor-element-5fa182e5 elementor-widget elementor-widget-heading\" data-id=\"5fa182e5\" data-element_type=\"widget\" data-widget_type=\"heading.default\">\n\t\t\t\t<div class=\"elementor-widget-container\">\n\t\t\t<style>\/*! elementor - v3.21.0 - 30-04-2024 *\/\n.elementor-heading-title{padding:0;margin:0;line-height:1}.elementor-widget-heading .elementor-heading-title[class*=elementor-size-]>a{color:inherit;font-size:inherit;line-height:inherit}.elementor-widget-heading .elementor-heading-title.elementor-size-small{font-size:15px}.elementor-widget-heading .elementor-heading-title.elementor-size-medium{font-size:19px}.elementor-widget-heading .elementor-heading-title.elementor-size-large{font-size:29px}.elementor-widget-heading .elementor-heading-title.elementor-size-xl{font-size:39px}.elementor-widget-heading .elementor-heading-title.elementor-size-xxl{font-size:59px}<\/style><h1 class=\"elementor-heading-title elementor-size-default\">Cream Deluxe Gro\u00dfhandel<\/h1>\t\t<\/div>\n\t\t\t\t<\/div>\n\t\t\t\t<div class=\"elementor-element elementor-element-d721701 elementor-widget elementor-widget-heading\" data-id=\"d721701\" data-element_type=\"widget\" data-widget_type=\"heading.default\">\n\t\t\t\t<div class=\"elementor-widget-container\">\n\t\t\t<h2 class=\"elementor-heading-title elementor-size-default\"><b>Lesen Sie mehr dar\u00fcber, wie Sie ein Angebot f\u00fcr Gro\u00dfhandelsprodukte von Cream Deluxe f\u00fcr Ihr Unternehmen anfordern k\u00f6nnen<\/b><\/h2>\t\t<\/div>\n\t\t\t\t<\/div>\n\t\t\t\t<div class=\"elementor-element elementor-element-43ce64f elementor-widget elementor-widget-text-editor\" data-id=\"43ce64f\" data-element_type=\"widget\" data-widget_type=\"text-editor.default\">\n\t\t\t\t<div class=\"elementor-widget-container\">\n\t\t\t<style>\/*! elementor - v3.21.0 - 30-04-2024 *\/\n.elementor-widget-text-editor.elementor-drop-cap-view-stacked .elementor-drop-cap{background-color:#69727d;color:#fff}.elementor-widget-text-editor.elementor-drop-cap-view-framed .elementor-drop-cap{color:#69727d;border:3px solid;background-color:transparent}.elementor-widget-text-editor:not(.elementor-drop-cap-view-default) .elementor-drop-cap{margin-top:8px}.elementor-widget-text-editor:not(.elementor-drop-cap-view-default) .elementor-drop-cap-letter{width:1em;height:1em}.elementor-widget-text-editor .elementor-drop-cap{float:left;text-align:center;line-height:1;font-size:50px}.elementor-widget-text-editor .elementor-drop-cap-letter{display:inline-block}<\/style>\t\t\t\t<h4><strong>Distickstoffoxid: ein schnell wachsender Markt mit vielen M\u00f6glichkeiten<\/strong><\/h4><ul><li>In den letzten Jahren ist die Nachfrage auf dem N2O-Markt erheblich gestiegen und hat einer gro\u00dfen Zahl von Investoren die T\u00fcr ge\u00f6ffnet.<\/li><\/ul><ul><li>Der Sektor expandiert st\u00e4ndig und bietet zahlreiche M\u00f6glichkeiten f\u00fcr diejenigen, die sich entscheiden, Gro\u00dfh\u00e4ndler in ihrer Region zu werden.\u00a0<\/li><\/ul>\t\t\t\t\t\t<\/div>\n\t\t\t\t<\/div>\n\t\t\t\t<div class=\"elementor-element elementor-element-aa91010 elementor-widget elementor-widget-button\" data-id=\"aa91010\" data-element_type=\"widget\" data-widget_type=\"button.default\">\n\t\t\t\t<div class=\"elementor-widget-container\">\n\t\t\t\t\t<div class=\"elementor-button-wrapper\">\n\t\t\t<a class=\"elementor-button elementor-button-link elementor-size-md\" href=\"https:\/\/cream-deluxe.com\/de\/wholesale\/\">\n\t\t\t\t\t\t<span class=\"elementor-button-content-wrapper\">\n\t\t\t\t\t\t\t\t\t<span class=\"elementor-button-text\">Angebot f\u00fcr Cream Deluxe-Gro\u00dfhandel erhalten<\/span>\n\t\t\t\t\t<\/span>\n\t\t\t\t\t<\/a>\n\t\t<\/div>\n\t\t\t\t<\/div>\n\t\t\t\t<\/div>\n\t\t\t\t<div class=\"elementor-element elementor-element-9005993 elementor-widget elementor-widget-text-editor\" data-id=\"9005993\" data-element_type=\"widget\" data-widget_type=\"text-editor.default\">\n\t\t\t\t<div class=\"elementor-widget-container\">\n\t\t\t\t\t\t\t<h4><strong>Sie suchen gro\u00dfe Mengen zu Gro\u00dfhandelspreisen? Wir haben Sie abgedeckt<\/strong><\/h4><p>Wir versenden Gro\u00dfhandelsmengen in ganz Europa und in den Rest der Welt, Hand in Hand mit den schnellsten Versandunternehmen.<\/p><p>Wenn also alle Voraussetzungen erf\u00fcllt sind, k\u00f6nnen Sie mit einer raschen Lieferung an den Ort Ihrer Wahl rechnen.<\/p><h4><strong><br \/>Einfach und zug\u00e4nglich f\u00fcr alle Unternehmer<\/strong><\/h4><ul><li>F\u00fcllen Sie das Formular aus <a href=\"https:\/\/cream-deluxe.com\/de\/wholesale\/\">hier<\/a> oder indem Sie auf die Schaltfl\u00e4che unten klicken.<\/li><\/ul><ul><li>\u00dcberpr\u00fcfen Sie Ihren Posteingang auf E-Mails, die von sales@cream-deluxe.com gesendet werden. Dies ist Ihre Hauptanlaufstelle f\u00fcr Gro\u00dfhandelsanfragen. Die Beantwortung kann einige Arbeitstage in Anspruch nehmen.<\/li><li>Schlie\u00dfen Sie die KYC-Pr\u00fcfung mit Erfolg ab.<\/li><\/ul><h4><strong><br \/>Sichere und garantierte Zustellung<\/strong><\/h4><p>Bei Cream Deluxe garantieren wir Ihnen eine sichere Lieferung und einen schnellen Kundendienst. Die Beantwortung Ihrer Fragen und die L\u00f6sung von Lieferproblemen hat f\u00fcr uns oberste Priorit\u00e4t.<\/p>\t\t\t\t\t\t<\/div>\n\t\t\t\t<\/div>\n\t\t\t\t<div class=\"elementor-element elementor-element-eb93d93 elementor-widget elementor-widget-button\" data-id=\"eb93d93\" data-element_type=\"widget\" data-widget_type=\"button.default\">\n\t\t\t\t<div class=\"elementor-widget-container\">\n\t\t\t\t\t<div class=\"elementor-button-wrapper\">\n\t\t\t<a class=\"elementor-button elementor-button-link elementor-size-md\" href=\"https:\/\/cream-deluxe.com\/de\/wholesale\/\">\n\t\t\t\t\t\t<span class=\"elementor-button-content-wrapper\">\n\t\t\t\t\t\t<span class=\"elementor-button-icon elementor-align-icon-left\">\n\t\t\t\t<svg aria-hidden=\"true\" class=\"e-font-icon-svg e-far-edit\" viewbox=\"0 0 576 512\" xmlns=\"http:\/\/www.w3.org\/2000\/svg\"><path d=\"M402.3 344.9l32-32c5-5 13.7-1.5 13.7 5.7V464c0 26.5-21.5 48-48 48H48c-26.5 0-48-21.5-48-48V112c0-26.5 21.5-48 48-48h273.5c7.1 0 10.7 8.6 5.7 13.7l-32 32c-1.5 1.5-3.5 2.3-5.7 2.3H48v352h352V350.5c0-2.1.8-4.1 2.3-5.6zm156.6-201.8L296.3 405.7l-90.4 10c-26.2 2.9-48.5-19.2-45.6-45.6l10-90.4L432.9 17.1c22.9-22.9 59.9-22.9 82.7 0l43.2 43.2c22.9 22.9 22.9 60 .1 82.8zM460.1 174L402 115.9 216.2 301.8l-7.3 65.3 65.3-7.3L460.1 174zm64.8-79.7l-43.2-43.2c-4.1-4.1-10.8-4.1-14.8 0L436 82l58.1 58.1 30.9-30.9c4-4.2 4-10.8-.1-14.9z\"><\/path><\/svg>\t\t\t<\/span>\n\t\t\t\t\t\t\t\t\t<span class=\"elementor-button-text\">Jetzt Angebot einholen<\/span>\n\t\t\t\t\t<\/span>\n\t\t\t\t\t<\/a>\n\t\t<\/div>\n\t\t\t\t<\/div>\n\t\t\t\t<\/div>\n\t\t\t\t\t<\/div>\n\t\t<\/div>\n\t\t\t\t<div class=\"elementor-column elementor-col-50 elementor-inner-column elementor-element elementor-element-a4b6e66\" data-id=\"a4b6e66\" data-element_type=\"column\">\n\t\t\t<div class=\"elementor-widget-wrap elementor-element-populated\">\n\t\t\t\t\t\t<div class=\"elementor-element elementor-element-f84cda2 elementor-widget elementor-widget-image\" data-id=\"f84cda2\" data-element_type=\"widget\" data-widget_type=\"image.default\">\n\t\t\t\t<div class=\"elementor-widget-container\">\n\t\t\t<style>\/*! elementor - v3.21.0 - 30-04-2024 *\/\n.elementor-widget-image{text-align:center}.elementor-widget-image a{display:inline-block}.elementor-widget-image a img[src$=\".svg\"]{width:48px}.elementor-widget-image img{vertical-align:middle;display:inline-block}<\/style>\t\t\t\t\t\t\t\t\t\t<img fetchpriority=\"high\" decoding=\"async\" width=\"800\" height=\"800\" src=\"https:\/\/cream-deluxe.com\/wp-content\/uploads\/2020\/07\/Cream-Deluxe-Cream-Chargers-Pallet-1024x1024.png\" class=\"attachment-large size-large wp-image-3332\" alt=\"Cream Deluxe Creme-Ladeger\u00e4te Palette\" srcset=\"https:\/\/cream-deluxe.com\/wp-content\/uploads\/2020\/07\/Cream-Deluxe-Cream-Chargers-Pallet-1024x1024.png 1024w, https:\/\/cream-deluxe.com\/wp-content\/uploads\/2020\/07\/Cream-Deluxe-Cream-Chargers-Pallet-300x300.png 300w, https:\/\/cream-deluxe.com\/wp-content\/uploads\/2020\/07\/Cream-Deluxe-Cream-Chargers-Pallet-150x150.png 150w, https:\/\/cream-deluxe.com\/wp-content\/uploads\/2020\/07\/Cream-Deluxe-Cream-Chargers-Pallet-768x768.png 768w, https:\/\/cream-deluxe.com\/wp-content\/uploads\/2020\/07\/Cream-Deluxe-Cream-Chargers-Pallet-1536x1536.png 1536w, https:\/\/cream-deluxe.com\/wp-content\/uploads\/2020\/07\/Cream-Deluxe-Cream-Chargers-Pallet-600x600.png 600w, https:\/\/cream-deluxe.com\/wp-content\/uploads\/2020\/07\/Cream-Deluxe-Cream-Chargers-Pallet-100x100.png 100w, https:\/\/cream-deluxe.com\/wp-content\/uploads\/2020\/07\/Cream-Deluxe-Cream-Chargers-Pallet-e1607005933726.png 700w\" sizes=\"(max-width: 800px) 100vw, 800px\" \/>\t\t\t\t\t\t\t\t\t\t\t\t\t<\/div>\n\t\t\t\t<\/div>\n\t\t\t\t\t<\/div>\n\t\t<\/div>\n\t\t\t\t\t<\/div>\n\t\t<\/section>\n\t\t\t\t\t<\/div>\n\t\t<\/div>\n\t\t\t\t\t<\/div>\n\t\t<\/section>\n\t\t\t\t<\/div>","protected":false},"excerpt":{"rendered":"<p>Cream Deluxe Gro\u00dfhandel Lesen Sie mehr \u00fcber die Anforderung eines Angebots f\u00fcr Gro\u00dfhandelsprodukte von Cream Deluxe f\u00fcr Ihr Unternehmen Distickstoffoxid: ein schnell wachsender Markt voller M\u00f6glichkeiten In den letzten Jahren ist die Nachfrage auf dem N2O-Markt erheblich gestiegen und hat einer gro\u00dfen Anzahl von Investoren die T\u00fcr ge\u00f6ffnet. Der Sektor [...]<\/p>","protected":false},"author":3022,"featured_media":0,"parent":0,"menu_order":0,"comment_status":"closed","ping_status":"closed","template":"","meta":{"_acf_changed":false,"footnotes":""},"categories":[],"tags":[],"class_list":["post-5284","page","type-page","status-publish","hentry"],"acf":[],"_links":{"self":[{"href":"https:\/\/cream-deluxe.com\/de\/wp-json\/wp\/v2\/pages\/5284","targetHints":{"allow":["GET"]}}],"collection":[{"href":"https:\/\/cream-deluxe.com\/de\/wp-json\/wp\/v2\/pages"}],"about":[{"href":"https:\/\/cream-deluxe.com\/de\/wp-json\/wp\/v2\/types\/page"}],"author":[{"embeddable":true,"href":"https:\/\/cream-deluxe.com\/de\/wp-json\/wp\/v2\/users\/3022"}],"replies":[{"embeddable":true,"href":"https:\/\/cream-deluxe.com\/de\/wp-json\/wp\/v2\/comments?post=5284"}],"version-history":[{"count":10,"href":"https:\/\/cream-deluxe.com\/de\/wp-json\/wp\/v2\/pages\/5284\/revisions"}],"predecessor-version":[{"id":29803,"href":"https:\/\/cream-deluxe.com\/de\/wp-json\/wp\/v2\/pages\/5284\/revisions\/29803"}],"wp:attachment":[{"href":"https:\/\/cream-deluxe.com\/de\/wp-json\/wp\/v2\/media?parent=5284"}],"wp:term":[{"taxonomy":"category","embeddable":true,"href":"https:\/\/cream-deluxe.com\/de\/wp-json\/wp\/v2\/categories?post=5284"},{"taxonomy":"post_tag","embeddable":true,"href":"https:\/\/cream-deluxe.com\/de\/wp-json\/wp\/v2\/tags?post=5284"}],"curies":[{"name":"wp","href":"https:\/\/api.w.org\/{rel}","templated":true}]}}