{"id":33847,"date":"2025-09-16T10:38:28","date_gmt":"2025-09-16T08:38:28","guid":{"rendered":"https:\/\/cream-deluxe.com\/?page_id=33847"},"modified":"2026-02-10T09:03:54","modified_gmt":"2026-02-10T08:03:54","slug":"our-story","status":"publish","type":"page","link":"https:\/\/cream-deluxe.com\/de\/our-story\/","title":{"rendered":"Our Story-z-2"},"content":{"rendered":"<div data-elementor-type=\"wp-page\" data-elementor-id=\"33847\" class=\"elementor elementor-33847\" data-elementor-post-type=\"page\">\n\t\t\t\t<div class=\"elementor-element elementor-element-585646c e-con-full elementor-hidden-mobile e-flex e-con e-parent\" data-id=\"585646c\" data-element_type=\"container\" data-settings=\"{&quot;background_background&quot;:&quot;classic&quot;}\">\n\t\t<div class=\"elementor-element elementor-element-ef5aab8 e-con-full e-flex e-con e-child\" data-id=\"ef5aab8\" data-element_type=\"container\">\n\t\t\t\t<div class=\"elementor-element elementor-element-0328036 elementor-widget elementor-widget-heading\" data-id=\"0328036\" data-element_type=\"widget\" data-widget_type=\"heading.default\">\n\t\t\t\t<div class=\"elementor-widget-container\">\n\t\t\t<style>\/*! elementor - v3.21.0 - 30-04-2024 *\/\n.elementor-heading-title{padding:0;margin:0;line-height:1}.elementor-widget-heading .elementor-heading-title[class*=elementor-size-]>a{color:inherit;font-size:inherit;line-height:inherit}.elementor-widget-heading .elementor-heading-title.elementor-size-small{font-size:15px}.elementor-widget-heading .elementor-heading-title.elementor-size-medium{font-size:19px}.elementor-widget-heading .elementor-heading-title.elementor-size-large{font-size:29px}.elementor-widget-heading .elementor-heading-title.elementor-size-xl{font-size:39px}.elementor-widget-heading .elementor-heading-title.elementor-size-xxl{font-size:59px}<\/style><h1 class=\"elementor-heading-title elementor-size-default\">Unsere Geschichte<\/h1>\t\t<\/div>\n\t\t\t\t<\/div>\n\t\t\t\t<div class=\"elementor-element elementor-element-6b6a450 elementor-widget elementor-widget-heading\" data-id=\"6b6a450\" data-element_type=\"widget\" data-widget_type=\"heading.default\">\n\t\t\t\t<div class=\"elementor-widget-container\">\n\t\t\t<h2 class=\"elementor-heading-title elementor-size-default\">Transforming the ordinary into the extraordinary since our first day.<\/h2>\t\t<\/div>\n\t\t\t\t<\/div>\n\t\t\t\t<\/div>\n\t\t\t\t<\/div>\n\t\t<div class=\"elementor-element elementor-element-cebc773 elementor-hidden-mobile e-con-full e-flex e-con e-parent\" data-id=\"cebc773\" data-element_type=\"container\" data-settings=\"{&quot;background_background&quot;:&quot;classic&quot;}\">\n\t\t<div class=\"elementor-element elementor-element-0133027 e-con-full e-flex e-con e-child\" data-id=\"0133027\" data-element_type=\"container\" data-settings=\"{&quot;background_background&quot;:&quot;classic&quot;}\">\n\t\t\t\t<div class=\"elementor-element elementor-element-d3b54c3 elementor-widget elementor-widget-heading\" data-id=\"d3b54c3\" data-element_type=\"widget\" data-widget_type=\"heading.default\">\n\t\t\t\t<div class=\"elementor-widget-container\">\n\t\t\t<h1 class=\"elementor-heading-title elementor-size-default\">Unsere Geschichte<\/h1>\t\t<\/div>\n\t\t\t\t<\/div>\n\t\t\t\t<div class=\"elementor-element elementor-element-043cd3a elementor-widget elementor-widget-text-editor\" data-id=\"043cd3a\" data-element_type=\"widget\" data-widget_type=\"text-editor.default\">\n\t\t\t\t<div class=\"elementor-widget-container\">\n\t\t\t<style>\/*! elementor - v3.21.0 - 30-04-2024 *\/\n.elementor-widget-text-editor.elementor-drop-cap-view-stacked .elementor-drop-cap{background-color:#69727d;color:#fff}.elementor-widget-text-editor.elementor-drop-cap-view-framed .elementor-drop-cap{color:#69727d;border:3px solid;background-color:transparent}.elementor-widget-text-editor:not(.elementor-drop-cap-view-default) .elementor-drop-cap{margin-top:8px}.elementor-widget-text-editor:not(.elementor-drop-cap-view-default) .elementor-drop-cap-letter{width:1em;height:1em}.elementor-widget-text-editor .elementor-drop-cap{float:left;text-align:center;line-height:1;font-size:50px}.elementor-widget-text-editor .elementor-drop-cap-letter{display:inline-block}<\/style>\t\t\t\t<p>Wir sind Cream Deluxe - ein aufstrebendes Start-up-Unternehmen, das Leben in die Lebensmittelgasindustrie bringt. Leben gibt es in allen Arten und Formen, aber hier bei Cream Deluxe wollen wir der Welt die exquisiten M\u00f6glichkeiten zeigen, die hochwertigsten Ressourcen zu kombinieren, um atemberaubende Erfahrungen zu schaffen.<\/p><p>Sei es in einem Restaurant oder einer Bar: Die besten und sch\u00f6nsten Dinge der Welt kann man nicht sehen oder anfassen, sondern nur mit dem Herzen f\u00fchlen. Einzigartige Getr\u00e4nke zu kreieren, um sie mit Freunden zu teilen, ist nur ein Teil der Gleichung.<\/p><p>Cream Deluxe ist hier, um Ihnen zu helfen, wertvolle Verbindungen zu kn\u00fcpfen und diese wertvollen Erfahrungen zu st\u00e4rken. Jedes Abenteuer mit uns ist dazu bestimmt, eine Erinnerung zu sein, die Sie nie vergessen werden.<\/p><p>Mit unserem revolution\u00e4ren Sahne-Ladekit wischt Cream Deluxe den Staub von dieser altmodischen Industrie und erobert die Welt f\u00fcr alle, die das Sahne-Laden mit einer l\u00e4cherlichen Geschwindigkeit beschleunigen wollen. Letztendlich hilft es Ihnen, unbekannte H\u00f6hen zu erklimmen.<\/p><p>Eine nicht ganz unwichtige Tatsache ist, dass wir auch Produkte von au\u00dfergew\u00f6hnlicher Qualit\u00e4t herstellen. <br \/>Was kann man daran nicht m\u00f6gen?<\/p>\t\t\t\t\t\t<\/div>\n\t\t\t\t<\/div>\n\t\t\t\t<\/div>\n\t\t\t\t<\/div>\n\t\t<div class=\"elementor-element elementor-element-597ec7f e-con-full elementor-hidden-desktop e-flex e-con e-parent\" data-id=\"597ec7f\" data-element_type=\"container\" data-settings=\"{&quot;background_background&quot;:&quot;classic&quot;}\">\n\t\t<div class=\"elementor-element elementor-element-0ee4c61 e-con-full e-flex e-con e-child\" data-id=\"0ee4c61\" data-element_type=\"container\">\n\t\t\t\t<div class=\"elementor-element elementor-element-4183b02 elementor-widget elementor-widget-heading\" data-id=\"4183b02\" data-element_type=\"widget\" data-widget_type=\"heading.default\">\n\t\t\t\t<div class=\"elementor-widget-container\">\n\t\t\t<h1 class=\"elementor-heading-title elementor-size-default\">Unsere Geschichte<\/h1>\t\t<\/div>\n\t\t\t\t<\/div>\n\t\t\t\t<div class=\"elementor-element elementor-element-376852f elementor-widget elementor-widget-heading\" data-id=\"376852f\" data-element_type=\"widget\" data-widget_type=\"heading.default\">\n\t\t\t\t<div class=\"elementor-widget-container\">\n\t\t\t<h2 class=\"elementor-heading-title elementor-size-default\">Atemberaubende Erlebnisse schaffen seit 2019<\/h2>\t\t<\/div>\n\t\t\t\t<\/div>\n\t\t\t\t<\/div>\n\t\t\t\t<\/div>\n\t\t<div class=\"elementor-element elementor-element-fbe1d46 elementor-hidden-desktop e-flex e-con-boxed e-con e-parent\" data-id=\"fbe1d46\" data-element_type=\"container\" id=\"story-box\" data-settings=\"{&quot;background_background&quot;:&quot;classic&quot;}\">\n\t\t\t\t\t<div class=\"e-con-inner\">\n\t\t<div class=\"elementor-element elementor-element-b74e605 e-con-full elementor-hidden-desktop e-flex e-con e-child\" data-id=\"b74e605\" data-element_type=\"container\" id=\"daa\" data-settings=\"{&quot;background_background&quot;:&quot;classic&quot;}\">\n\t\t\t\t<div class=\"elementor-element elementor-element-ac45dfc elementor-widget elementor-widget-heading\" data-id=\"ac45dfc\" data-element_type=\"widget\" data-widget_type=\"heading.default\">\n\t\t\t\t<div class=\"elementor-widget-container\">\n\t\t\t<h1 class=\"elementor-heading-title elementor-size-default\">Unsere Geschichte<\/h1>\t\t<\/div>\n\t\t\t\t<\/div>\n\t\t\t\t<div class=\"elementor-element elementor-element-48a404a elementor-widget elementor-widget-text-editor\" data-id=\"48a404a\" data-element_type=\"widget\" data-widget_type=\"text-editor.default\">\n\t\t\t\t<div class=\"elementor-widget-container\">\n\t\t\t\t\t\t\t<p>Wir sind Cream Deluxe - ein aufstrebendes Start-up-Unternehmen, das Leben in die Lebensmittelgasindustrie bringt. Leben gibt es in allen Arten und Formen, aber hier bei Cream Deluxe wollen wir der Welt die exquisiten M\u00f6glichkeiten zeigen, die hochwertigsten Ressourcen zu kombinieren, um atemberaubende Erfahrungen zu schaffen.<\/p><p>Sei es in einem Restaurant oder einer Bar: Die besten und sch\u00f6nsten Dinge der Welt kann man nicht sehen oder anfassen, sondern nur mit dem Herzen f\u00fchlen. Einzigartige Getr\u00e4nke zu kreieren, um sie mit Freunden zu teilen, ist nur ein Teil der Gleichung.<\/p><p>Cream Deluxe ist hier, um Ihnen zu helfen, wertvolle Verbindungen zu kn\u00fcpfen und diese wertvollen Erfahrungen zu st\u00e4rken. Jedes Abenteuer mit uns ist dazu bestimmt, eine Erinnerung zu sein, die Sie nie vergessen werden.<\/p><p>Mit unserem revolution\u00e4ren Sahne-Ladekit wischt Cream Deluxe den Staub von dieser altmodischen Industrie und erobert die Welt f\u00fcr alle, die das Sahne-Laden mit einer l\u00e4cherlichen Geschwindigkeit beschleunigen wollen. Letztendlich hilft es Ihnen, unbekannte H\u00f6hen zu erklimmen.<\/p><p>Eine nicht ganz unwichtige Tatsache ist, dass wir auch Produkte von au\u00dfergew\u00f6hnlicher Qualit\u00e4t herstellen. <br \/>Was kann man daran nicht m\u00f6gen?<\/p>\t\t\t\t\t\t<\/div>\n\t\t\t\t<\/div>\n\t\t\t\t<\/div>\n\t\t\t\t\t<\/div>\n\t\t\t\t<\/div>\n\t\t\t\t<\/div>","protected":false},"excerpt":{"rendered":"<p>Our Story Transforming the ordinary into the extraordinary since our first day. Our story We are Cream Deluxe \u2013 an ambitious start-up bringing life to the food-grade gas industry. Life is seen in all sorts and forms, but here at Cream Deluxe we mean showing to the world the exquisite ways of combining the most [&hellip;]<\/p>","protected":false},"author":3028,"featured_media":0,"parent":0,"menu_order":0,"comment_status":"closed","ping_status":"closed","template":"","meta":{"_acf_changed":false,"footnotes":""},"categories":[],"tags":[],"class_list":["post-33847","page","type-page","status-publish","hentry"],"acf":[],"_links":{"self":[{"href":"https:\/\/cream-deluxe.com\/de\/wp-json\/wp\/v2\/pages\/33847","targetHints":{"allow":["GET"]}}],"collection":[{"href":"https:\/\/cream-deluxe.com\/de\/wp-json\/wp\/v2\/pages"}],"about":[{"href":"https:\/\/cream-deluxe.com\/de\/wp-json\/wp\/v2\/types\/page"}],"author":[{"embeddable":true,"href":"https:\/\/cream-deluxe.com\/de\/wp-json\/wp\/v2\/users\/3028"}],"replies":[{"embeddable":true,"href":"https:\/\/cream-deluxe.com\/de\/wp-json\/wp\/v2\/comments?post=33847"}],"version-history":[{"count":9,"href":"https:\/\/cream-deluxe.com\/de\/wp-json\/wp\/v2\/pages\/33847\/revisions"}],"predecessor-version":[{"id":34679,"href":"https:\/\/cream-deluxe.com\/de\/wp-json\/wp\/v2\/pages\/33847\/revisions\/34679"}],"wp:attachment":[{"href":"https:\/\/cream-deluxe.com\/de\/wp-json\/wp\/v2\/media?parent=33847"}],"wp:term":[{"taxonomy":"category","embeddable":true,"href":"https:\/\/cream-deluxe.com\/de\/wp-json\/wp\/v2\/categories?post=33847"},{"taxonomy":"post_tag","embeddable":true,"href":"https:\/\/cream-deluxe.com\/de\/wp-json\/wp\/v2\/tags?post=33847"}],"curies":[{"name":"wp","href":"https:\/\/api.w.org\/{rel}","templated":true}]}}