{"id":31201,"date":"2025-04-21T07:55:39","date_gmt":"2025-04-21T05:55:39","guid":{"rendered":"https:\/\/cream-deluxe.com\/?page_id=31201"},"modified":"2025-04-21T07:55:42","modified_gmt":"2025-04-21T05:55:42","slug":"whipped-cream-charger-vs-traditional-hand-whipping-which-is-better","status":"publish","type":"page","link":"https:\/\/cream-deluxe.com\/de\/whipped-cream-charger-vs-traditional-hand-whipping-which-is-better\/","title":{"rendered":"Schlagsahne-Ladeger\u00e4t vs. traditionelles Hand-Schlagen: Was ist besser?"},"content":{"rendered":"<p>Haben Sie diese Erfahrung schon einmal gemacht? Sie bereiten gerade ein sch\u00f6nes Dessert f\u00fcr ein Treffen mit Freunden vor und denken, <em>\"Selbstgemachtes f\u00fchlt sich immer ehrlicher an.\"<\/em>&nbsp;Also krempelt man die \u00c4rmel hoch und f\u00e4ngt an, die Sahne von Hand zu schlagen, der Schwei\u00df tropft, die Arme brennen - nur um am Ende zu wenig Sahne zu schlagen, keine Zeit mehr zu haben und die Desserts nie auf den Tisch zu bringen. Die Stimmung? Peinlich, um es vorsichtig auszudr\u00fccken.<\/p>\n\n\n\n<p><strong>In puncto Textur, Zeitersparnis und Konsistenz sind Schlagsahne-Ladeger\u00e4te dem traditionellen Aufschlagen von Hand deutlich \u00fcberlegen, w\u00e4hrend das Aufschlagen von Hand seinen Charme durch die Zubereitung in kleinen Mengen und die handwerkliche Erfahrung bewahrt.<\/strong><\/p>\n\n\n\n<p>In einer Welt, in der <strong>Effizienzregeln<\/strong>Die Wahl des richtigen Werkzeugs ist nicht nur ein Detail - es ist der erste Schritt zur Beherrschung der Kunst des Desserts.<\/p>\n\n\n\n<h2 class=\"wp-block-heading\"><strong>I<\/strong><strong>\u3001<\/strong><strong>Rou<\/strong><strong>nd 1: <\/strong><strong>Sahneaufschlagger\u00e4te vs. Handaufschlag<\/strong><strong>- <\/strong><strong>Textur<\/strong><strong><\/strong><\/h2>\n\n\n\n<figure class=\"wp-block-image size-full\"><img fetchpriority=\"high\" decoding=\"async\" width=\"607\" height=\"418\" src=\"https:\/\/cream-deluxe.com\/wp-content\/uploads\/2025\/04\/\u56fe\u72471_proc-3.jpg\" alt=\"\" class=\"wp-image-31202\" srcset=\"https:\/\/cream-deluxe.com\/wp-content\/uploads\/2025\/04\/\u56fe\u72471_proc-3.jpg 607w, https:\/\/cream-deluxe.com\/wp-content\/uploads\/2025\/04\/\u56fe\u72471_proc-3-300x207.jpg 300w, https:\/\/cream-deluxe.com\/wp-content\/uploads\/2025\/04\/\u56fe\u72471_proc-3-18x12.jpg 18w\" sizes=\"(max-width: 607px) 100vw, 607px\" \/><\/figure>\n\n\n\n<p><strong>Traditionelles Auspeitschen von Hand<\/strong><br>Es hat einen gewissen Charme, Dinge auf die alte Art und Weise zu tun. Aber das Schlagen mit der Hand ist sehr uneinheitlich. Zu wenig und es ist fl\u00fcssig. Zu viel und es wird zu Butter.<br>Struktur? Oft instabil. Form? Ein Gl\u00fccksspiel.<br>Wenn Sie eine aufwendige Dessertdekoration anstreben, k\u00f6nnte handgeschlagene Sahne ein Flop sein.<\/p>\n\n\n\n<p><strong>Creme-Ladeger\u00e4te<\/strong><br>Hier kommt der moderne Held: Mit einer <a href=\"https:\/\/www.sciencedirect.com\/science\/article\/abs\/pii\/B9780443190698000081\" target=\"_blank\" rel=\"noreferrer noopener nofollow\">Distickstoffoxid<\/a> Ladeger\u00e4t und einem Schlagsahne-Spender erhalten Sie fluffige, wolkenartige Sahne mit <strong>berufliche Konsistenz<\/strong>\u00a0jedes einzelne Mal. Er ist formstabil und eignet sich perfekt zum Aufspritzen, \u00dcberziehen, Schwenken - im Grunde f\u00fcr Dessertkunst auf Abruf.<\/p>\n\n\n\n<p><strong>Der Gef\u00fchlsunterschied<\/strong>: Einer ist ein Joker, der andere ist Seide auf einem L\u00f6ffel.<\/p>\n\n\n\n<hr class=\"wp-block-separator has-alpha-channel-opacity\"\/>\n\n\n\n<h2 class=\"wp-block-heading\"><strong>II<\/strong><strong>\u3001<\/strong><strong>Roun<\/strong><strong>d 2: <\/strong><strong>Sahneaufschlagger\u00e4te vs. Handaufschlag<\/strong><strong>-<\/strong><strong>Zeit<\/strong><strong><\/strong><\/h2>\n\n\n\n<figure class=\"wp-block-image size-full\"><img decoding=\"async\" width=\"600\" height=\"407\" src=\"https:\/\/cream-deluxe.com\/wp-content\/uploads\/2025\/04\/\u56fe\u72472_proc-3.jpg\" alt=\"\" class=\"wp-image-31203\" srcset=\"https:\/\/cream-deluxe.com\/wp-content\/uploads\/2025\/04\/\u56fe\u72472_proc-3.jpg 600w, https:\/\/cream-deluxe.com\/wp-content\/uploads\/2025\/04\/\u56fe\u72472_proc-3-300x204.jpg 300w, https:\/\/cream-deluxe.com\/wp-content\/uploads\/2025\/04\/\u56fe\u72472_proc-3-18x12.jpg 18w\" sizes=\"(max-width: 600px) 100vw, 600px\" \/><\/figure>\n\n\n\n<p><strong>Hand-Whipping<\/strong><br>5-10 Minuten st\u00e4ndiges R\u00fchren, wobei die Gefahr besteht, dass zu viel oder zu wenig aufgeschlagen wird. Nicht ideal f\u00fcr vielbesch\u00e4ftigte K\u00fcchen oder Desserts in letzter Minute.<\/p>\n\n\n\n<p><strong>Creme-Ladeger\u00e4te<\/strong><br>Laden, aufladen, sch\u00fctteln, spr\u00fchen - fertig in <strong>unter einer Minute<\/strong>. Egal, ob Sie in einer Profik\u00fcche arbeiten oder einfach nur nach dem Abendessen etwas zubereiten wollen - mit diesem Ger\u00e4t werden Schnelligkeit und Leichtigkeit neu definiert.<\/p>\n\n\n\n<p><strong>Echtes Gespr\u00e4ch<\/strong>: Es geht nicht darum, faul zu sein. Es geht darum, intelligent mit seiner Zeit umzugehen.<\/p>\n\n\n\n<hr class=\"wp-block-separator has-alpha-channel-opacity\"\/>\n\n\n\n<h2 class=\"wp-block-heading\"><strong>III<\/strong><strong>\u3001<\/strong><strong>Ro<\/strong><strong>und 3:<\/strong><strong>Sahneaufschlagger\u00e4te vs. Handaufschlag<\/strong><strong>-<\/strong><strong>Geschmack<\/strong><strong><\/strong><\/h2>\n\n\n\n<p><strong>Handgeschlagene Sahne<\/strong><br>Wenn es perfekt gemacht ist, ist es frisch und cremig. Aber dieses \"perfekt\" ist ein schmaler Grat, der leicht ins Flache oder Fettige f\u00fchrt.<\/p>\n\n\n\n<p><strong>Creme-Ladeger\u00e4te<\/strong><br>Lachgas ver\u00e4ndert den Geschmack nicht, sondern bewahrt die Frische der Sahne, indem es den Sauerstoff fernh\u00e4lt. Sie erhalten ein <strong>leichteres, geschmeidigeres Mundgef\u00fchl<\/strong>&nbsp;und eine verbesserte Wahrnehmung von S\u00fc\u00dfe, insbesondere wenn die Sahne aromatisiert ist.<\/p>\n\n\n\n<p><strong>Das Geschmacksurteil<\/strong>: Beide schmecken gut - aber nur eines ist zuverl\u00e4ssig gut <em>jedes einzelne Mal.<\/em><\/p>\n\n\n\n<hr class=\"wp-block-separator has-alpha-channel-opacity\"\/>\n\n\n\n<h2 class=\"wp-block-heading\"><strong>IV<\/strong><strong>\u3001<\/strong><strong>W<\/strong><strong>Warum w\u00e4hlen Sie Cream Deluxe f\u00fcr Ihre Creme-Ladeger\u00e4te?<\/strong><strong><\/strong><\/h2>\n\n\n\n<p>Wenn Sie in die Welt der Creme-Ladeger\u00e4te eintauchen wollen, sollten Sie sich f\u00fcr eine Marke entscheiden, die das gesamte Erlebnis aufwertet. <strong>Cream Deluxe<\/strong>.<\/p>\n\n\n\n<p><strong>Hochreines Distickstoffoxid<\/strong>&nbsp;f\u00fcr bessere Textur und reineren Geschmack<\/p>\n\n\n\n<p><strong>Schlanke, langlebige Zylinder<\/strong>&nbsp;die es in verschiedenen Gr\u00f6\u00dfen gibt<\/p>\n\n\n\n<p><strong>Schnelle, einfache Kompatibilit\u00e4t<\/strong>&nbsp;mit den meisten Spendern<\/p>\n\n\n\n<p><strong>Umweltbewusste Verpackung<\/strong>&nbsp;das den Abfall reduziert<\/p>\n\n\n\n<p>Egal, ob Sie zu Hause kochen, ein Barista sind oder eine epische Brunch-Party planen - Cream Deluxe hilft Ihnen, stressfrei Ergebnisse auf Profi-Niveau zu erzielen.<\/p>\n\n\n\n<hr class=\"wp-block-separator has-alpha-channel-opacity\"\/>\n\n\n\n<h2 class=\"wp-block-heading\"><strong>V<\/strong><strong>\u3001<\/strong><strong>\u2705 <\/strong><strong>Endg\u00fcltiges Urteil: Charme der alten Schule oder moderne Magie?<\/strong><strong><\/strong><\/h2>\n\n\n\n<p>Das traditionelle Aufschlagen von Hand mag f\u00fcr nostalgische Momente oder kleine Chargen noch einen Platz haben. Aber wenn es darum geht <strong>Konsistenz, Geschwindigkeit, Kontrolle und kreatives Potenzial<\/strong>Die Ladeger\u00e4te f\u00fcr Schlagsahne sind uns meilenweit voraus.<\/p>\n\n\n\n<p>Wenn Sie also das n\u00e4chste Mal nach dem Schneebesen greifen, halten Sie inne und denken Sie nach:<br>W\u00e4re es nicht s\u00fc\u00dfer, schneller und fluffiger mit ein wenig Hilfe von<a href=\"https:\/\/cream-deluxe.com\/de\/\" target=\"_blank\" rel=\"noreferrer noopener\"> Cream Deluxe<\/a>?<\/p>\n\n\n\n<p><\/p>","protected":false},"excerpt":{"rendered":"<p>Have you ever had this experience? You\u2019re prepping a beautiful dessert spread for a get-together with friends, thinking, \u201cHomemade always feels more sincere.\u201d&nbsp;So you roll up your sleeves and start whisking cream by hand, sweat dripping, arms burning \u2014 only to end up with under-whipped cream, no time left, and desserts that never make it [&hellip;]<\/p>","protected":false},"author":3028,"featured_media":31140,"parent":0,"menu_order":0,"comment_status":"closed","ping_status":"closed","template":"","meta":{"_acf_changed":false,"footnotes":""},"categories":[42],"tags":[],"class_list":["post-31201","page","type-page","status-publish","has-post-thumbnail","hentry","category-blog"],"acf":[],"_links":{"self":[{"href":"https:\/\/cream-deluxe.com\/de\/wp-json\/wp\/v2\/pages\/31201","targetHints":{"allow":["GET"]}}],"collection":[{"href":"https:\/\/cream-deluxe.com\/de\/wp-json\/wp\/v2\/pages"}],"about":[{"href":"https:\/\/cream-deluxe.com\/de\/wp-json\/wp\/v2\/types\/page"}],"author":[{"embeddable":true,"href":"https:\/\/cream-deluxe.com\/de\/wp-json\/wp\/v2\/users\/3028"}],"replies":[{"embeddable":true,"href":"https:\/\/cream-deluxe.com\/de\/wp-json\/wp\/v2\/comments?post=31201"}],"version-history":[{"count":1,"href":"https:\/\/cream-deluxe.com\/de\/wp-json\/wp\/v2\/pages\/31201\/revisions"}],"predecessor-version":[{"id":31204,"href":"https:\/\/cream-deluxe.com\/de\/wp-json\/wp\/v2\/pages\/31201\/revisions\/31204"}],"wp:featuredmedia":[{"embeddable":true,"href":"https:\/\/cream-deluxe.com\/de\/wp-json\/wp\/v2\/media\/31140"}],"wp:attachment":[{"href":"https:\/\/cream-deluxe.com\/de\/wp-json\/wp\/v2\/media?parent=31201"}],"wp:term":[{"taxonomy":"category","embeddable":true,"href":"https:\/\/cream-deluxe.com\/de\/wp-json\/wp\/v2\/categories?post=31201"},{"taxonomy":"post_tag","embeddable":true,"href":"https:\/\/cream-deluxe.com\/de\/wp-json\/wp\/v2\/tags?post=31201"}],"curies":[{"name":"wp","href":"https:\/\/api.w.org\/{rel}","templated":true}]}}