{"id":1212,"date":"2020-04-29T15:19:01","date_gmt":"2020-04-29T15:19:01","guid":{"rendered":"https:\/\/cream-deluxe.com\/?page_id=1212"},"modified":"2020-09-02T17:13:44","modified_gmt":"2020-09-02T15:13:44","slug":"privacy-policy","status":"publish","type":"page","link":"https:\/\/cream-deluxe.com\/de\/privacy-policy\/","title":{"rendered":"Datenschutzbestimmungen"},"content":{"rendered":"<div data-elementor-type=\"wp-page\" data-elementor-id=\"1212\" class=\"elementor elementor-1212\" data-elementor-post-type=\"page\">\n\t\t\t\t\t\t<section class=\"elementor-section elementor-top-section elementor-element elementor-element-2cbe0128 elementor-section-boxed elementor-section-height-default elementor-section-height-default\" data-id=\"2cbe0128\" data-element_type=\"section\">\n\t\t\t\t\t\t<div class=\"elementor-container elementor-column-gap-default\">\n\t\t\t\t\t<div class=\"elementor-column elementor-col-100 elementor-top-column elementor-element elementor-element-c5ae15b\" data-id=\"c5ae15b\" data-element_type=\"column\">\n\t\t\t<div class=\"elementor-widget-wrap\">\n\t\t\t\t\t\t\t<\/div>\n\t\t<\/div>\n\t\t\t\t\t<\/div>\n\t\t<\/section>\n\t\t\t\t<section class=\"elementor-section elementor-top-section elementor-element elementor-element-9680bd7 elementor-section-boxed elementor-section-height-default elementor-section-height-default\" data-id=\"9680bd7\" data-element_type=\"section\">\n\t\t\t\t\t\t<div class=\"elementor-container elementor-column-gap-default\">\n\t\t\t\t\t<div class=\"elementor-column elementor-col-100 elementor-top-column elementor-element elementor-element-dcf421e\" data-id=\"dcf421e\" data-element_type=\"column\">\n\t\t\t<div class=\"elementor-widget-wrap elementor-element-populated\">\n\t\t\t\t\t\t<div class=\"elementor-element elementor-element-29972ac elementor-widget elementor-widget-heading\" data-id=\"29972ac\" data-element_type=\"widget\" data-widget_type=\"heading.default\">\n\t\t\t\t<div class=\"elementor-widget-container\">\n\t\t\t<style>\/*! elementor - v3.21.0 - 30-04-2024 *\/\n.elementor-heading-title{padding:0;margin:0;line-height:1}.elementor-widget-heading .elementor-heading-title[class*=elementor-size-]>a{color:inherit;font-size:inherit;line-height:inherit}.elementor-widget-heading .elementor-heading-title.elementor-size-small{font-size:15px}.elementor-widget-heading .elementor-heading-title.elementor-size-medium{font-size:19px}.elementor-widget-heading .elementor-heading-title.elementor-size-large{font-size:29px}.elementor-widget-heading .elementor-heading-title.elementor-size-xl{font-size:39px}.elementor-widget-heading .elementor-heading-title.elementor-size-xxl{font-size:59px}<\/style><h1 class=\"elementor-heading-title elementor-size-default\">Datenschutzbestimmungen<\/h1>\t\t<\/div>\n\t\t\t\t<\/div>\n\t\t\t\t<div class=\"elementor-element elementor-element-031647e elementor-widget elementor-widget-text-editor\" data-id=\"031647e\" data-element_type=\"widget\" data-widget_type=\"text-editor.default\">\n\t\t\t\t<div class=\"elementor-widget-container\">\n\t\t\t<style>\/*! elementor - v3.21.0 - 30-04-2024 *\/\n.elementor-widget-text-editor.elementor-drop-cap-view-stacked .elementor-drop-cap{background-color:#69727d;color:#fff}.elementor-widget-text-editor.elementor-drop-cap-view-framed .elementor-drop-cap{color:#69727d;border:3px solid;background-color:transparent}.elementor-widget-text-editor:not(.elementor-drop-cap-view-default) .elementor-drop-cap{margin-top:8px}.elementor-widget-text-editor:not(.elementor-drop-cap-view-default) .elementor-drop-cap-letter{width:1em;height:1em}.elementor-widget-text-editor .elementor-drop-cap{float:left;text-align:center;line-height:1;font-size:50px}.elementor-widget-text-editor .elementor-drop-cap-letter{display:inline-block}<\/style>\t\t\t\t<p>Diese Seite dient dazu, Website-Besucher \u00fcber unsere Richtlinien bez\u00fcglich der Sammlung, Verwendung und Offenlegung von pers\u00f6nlichen Daten zu informieren, falls sich jemand dazu entschlie\u00dft, unseren Service, die Cream Deluxe-Website, zu nutzen.<\/p><p>Wenn Sie sich entscheiden, unseren Service zu nutzen, erkl\u00e4ren Sie sich mit der Erfassung und Nutzung von Informationen in Verbindung mit dieser Richtlinie einverstanden. Die von uns gesammelten pers\u00f6nlichen Daten werden f\u00fcr die Bereitstellung und Verbesserung des Dienstes verwendet. Wir werden Ihre Informationen nur wie in dieser Datenschutzrichtlinie beschrieben verwenden oder weitergeben.<\/p><p>Die in dieser Datenschutzrichtlinie verwendeten Begriffe haben dieselbe Bedeutung wie in unseren Allgemeinen Gesch\u00e4ftsbedingungen, die unter https:\/\/cream-deluxe.com eingesehen werden k\u00f6nnen, sofern in dieser Datenschutzrichtlinie nicht anders definiert.<br \/><br \/><\/p><h2>Sammlung und Verwendung von Informationen<\/h2><p>Um Ihnen die Nutzung unseres Dienstes zu erleichtern, bitten wir Sie unter Umst\u00e4nden, uns bestimmte personenbezogene Daten mitzuteilen, einschlie\u00dflich, aber nicht beschr\u00e4nkt auf Ihren Namen, Ihre Telefonnummer und Ihre Postanschrift. Die von uns erfassten Informationen werden verwendet, um Sie zu kontaktieren oder zu identifizieren.<br \/><br \/><\/p><h2>Protokolldaten<\/h2><p>Wir m\u00f6chten Sie dar\u00fcber informieren, dass wir jedes Mal, wenn Sie unseren Dienst besuchen, Informationen sammeln, die Ihr Browser an uns sendet und die als Protokolldaten bezeichnet werden. Diese Protokolldaten k\u00f6nnen Informationen wie die Internetprotokolladresse (\"IP\") Ihres Computers, die Browserversion, die von Ihnen besuchten Seiten unseres Dienstes, die Uhrzeit und das Datum Ihres Besuchs, die auf diesen Seiten verbrachte Zeit und andere Statistiken enthalten.<br \/><br \/><\/p><h2>Cookies<\/h2><p>Cookies sind Dateien mit kleinen Datenmengen, die in der Regel als anonyme eindeutige Kennung verwendet werden. Sie werden von der Website, die Sie besuchen, an Ihren Browser gesendet und auf der Festplatte Ihres Computers gespeichert.<\/p><p>Unsere Website verwendet diese \"Cookies\", um Informationen zu sammeln und unseren Service zu verbessern. Sie haben die M\u00f6glichkeit, diese Cookies entweder zu akzeptieren oder abzulehnen und zu erfahren, wann ein Cookie an Ihren Computer gesendet wird. Wenn Sie sich entscheiden, unsere Cookies abzulehnen, k\u00f6nnen Sie m\u00f6glicherweise einige Teile unseres Dienstes nicht nutzen.<\/p><p>F\u00fcr weitere Informationen \u00fcber Cookies lesen Sie bitte\u00a0<a href=\"https:\/\/cream-deluxe.com\/de\/cookie-policy\/\" target=\"_blank\" rel=\"noopener\">unsere Cookie-Richtlinie<\/a>.<br \/><br \/><\/p><h2>Anbieter von Dienstleistungen<\/h2><p>Wir k\u00f6nnen aus den folgenden Gr\u00fcnden Drittunternehmen und Einzelpersonen besch\u00e4ftigen:<\/p><ul><li>Um unseren Service zu erleichtern;<\/li><li>Zur Bereitstellung des Dienstes in unserem Namen;<\/li><li>um dienstbezogene Dienstleistungen zu erbringen; oder<\/li><li>Um uns bei der Analyse der Nutzung unseres Dienstes zu unterst\u00fctzen.<\/li><\/ul><p>Wir m\u00f6chten unsere Dienstnutzer dar\u00fcber informieren, dass diese Dritten Zugang zu Ihren pers\u00f6nlichen Daten haben. Der Grund daf\u00fcr ist, dass sie die ihnen \u00fcbertragenen Aufgaben in unserem Namen ausf\u00fchren. Sie sind jedoch verpflichtet, die Informationen nicht f\u00fcr andere Zwecke weiterzugeben oder zu verwenden.<br \/><br \/><\/p><h2>Sicherheit<\/h2><p>Wir wissen es zu sch\u00e4tzen, dass Sie uns Ihre pers\u00f6nlichen Daten anvertrauen, und bem\u00fchen uns daher, sie mit kommerziell akzeptablen Mitteln zu sch\u00fctzen. Bedenken Sie jedoch, dass keine Methode der \u00dcbertragung \u00fcber das Internet oder der elektronischen Speicherung 100% sicher und zuverl\u00e4ssig ist, und wir k\u00f6nnen keine absolute Sicherheit garantieren.<br \/><br \/><\/p><h2>Links zu anderen Seiten<\/h2><p>Unser Service kann Links zu anderen Websites enthalten. Wenn Sie auf einen Link eines Dritten klicken, werden Sie zu dieser Seite weitergeleitet. Beachten Sie, dass diese externen Websites nicht von uns betrieben werden. Wir raten Ihnen daher dringend, die Datenschutzrichtlinien dieser Websites zu lesen. Wir haben keine Kontrolle \u00fcber und \u00fcbernehmen keine Verantwortung f\u00fcr den Inhalt, die Datenschutzrichtlinien oder die Praktiken von Websites oder Diensten Dritter.<\/p><p>Datenschutz f\u00fcr Kinder<\/p><p>Unsere Dienste richten sich nicht an Personen unter 13 Jahren. Wir sammeln nicht wissentlich personenbezogene Daten von Kindern unter 13 Jahren. Sollten wir feststellen, dass ein Kind unter 13 Jahren uns personenbezogene Daten zur Verf\u00fcgung gestellt hat, l\u00f6schen wir diese sofort von unseren Servern. Wenn Sie ein Elternteil oder Erziehungsberechtigter sind und wissen, dass Ihr Kind uns personenbezogene Daten zur Verf\u00fcgung gestellt hat, kontaktieren Sie uns bitte, damit wir die notwendigen Ma\u00dfnahmen ergreifen k\u00f6nnen.<br \/><br \/><\/p><h2>\u00c4nderungen an dieser Datenschutzrichtlinie<\/h2><p>Wir k\u00f6nnen unsere Datenschutzrichtlinie von Zeit zu Zeit aktualisieren. Wir empfehlen Ihnen daher, diese Seite regelm\u00e4\u00dfig auf \u00c4nderungen zu \u00fcberpr\u00fcfen. Wir werden Sie \u00fcber alle \u00c4nderungen informieren, indem wir die neue Datenschutzrichtlinie auf dieser Seite ver\u00f6ffentlichen. Diese \u00c4nderungen treten sofort in Kraft, nachdem sie auf dieser Seite ver\u00f6ffentlicht wurden.<br \/><br \/><\/p><h2>Kontakt<\/h2><p>Wenn Sie Fragen oder Anregungen zu unserer Datenschutzpolitik haben, z\u00f6gern Sie nicht, uns zu kontaktieren.<\/p>\t\t\t\t\t\t<\/div>\n\t\t\t\t<\/div>\n\t\t\t\t\t<\/div>\n\t\t<\/div>\n\t\t\t\t\t<\/div>\n\t\t<\/section>\n\t\t\t\t<\/div>","protected":false},"excerpt":{"rendered":"<p>Datenschutzerkl\u00e4rung Diese Seite dient dazu, die Besucher der Website \u00fcber unsere Richtlinien bez\u00fcglich der Sammlung, Verwendung und Weitergabe von pers\u00f6nlichen Daten zu informieren, falls sich jemand f\u00fcr die Nutzung unseres Dienstes, der Cream Deluxe-Website, entscheidet. Wenn Sie sich entscheiden, unseren Service zu nutzen, dann stimmen Sie der Sammlung und Nutzung von Informationen in Bezug auf diese Politik zu. [...]<\/p>","protected":false},"author":3022,"featured_media":0,"parent":0,"menu_order":0,"comment_status":"closed","ping_status":"closed","template":"","meta":{"_acf_changed":false,"footnotes":""},"categories":[],"tags":[],"class_list":["post-1212","page","type-page","status-publish","hentry"],"acf":[],"_links":{"self":[{"href":"https:\/\/cream-deluxe.com\/de\/wp-json\/wp\/v2\/pages\/1212","targetHints":{"allow":["GET"]}}],"collection":[{"href":"https:\/\/cream-deluxe.com\/de\/wp-json\/wp\/v2\/pages"}],"about":[{"href":"https:\/\/cream-deluxe.com\/de\/wp-json\/wp\/v2\/types\/page"}],"author":[{"embeddable":true,"href":"https:\/\/cream-deluxe.com\/de\/wp-json\/wp\/v2\/users\/3022"}],"replies":[{"embeddable":true,"href":"https:\/\/cream-deluxe.com\/de\/wp-json\/wp\/v2\/comments?post=1212"}],"version-history":[{"count":10,"href":"https:\/\/cream-deluxe.com\/de\/wp-json\/wp\/v2\/pages\/1212\/revisions"}],"predecessor-version":[{"id":3981,"href":"https:\/\/cream-deluxe.com\/de\/wp-json\/wp\/v2\/pages\/1212\/revisions\/3981"}],"wp:attachment":[{"href":"https:\/\/cream-deluxe.com\/de\/wp-json\/wp\/v2\/media?parent=1212"}],"wp:term":[{"taxonomy":"category","embeddable":true,"href":"https:\/\/cream-deluxe.com\/de\/wp-json\/wp\/v2\/categories?post=1212"},{"taxonomy":"post_tag","embeddable":true,"href":"https:\/\/cream-deluxe.com\/de\/wp-json\/wp\/v2\/tags?post=1212"}],"curies":[{"name":"wp","href":"https:\/\/api.w.org\/{rel}","templated":true}]}}