{"id":1207,"date":"2020-04-29T15:11:46","date_gmt":"2020-04-29T15:11:46","guid":{"rendered":"https:\/\/cream-deluxe.com\/?page_id=1207"},"modified":"2020-04-30T19:31:24","modified_gmt":"2020-04-30T19:31:24","slug":"cookie-policy","status":"publish","type":"page","link":"https:\/\/cream-deluxe.com\/de\/cookie-policy\/","title":{"rendered":"Cookie-Politik"},"content":{"rendered":"<div data-elementor-type=\"wp-page\" data-elementor-id=\"1207\" class=\"elementor elementor-1207\" data-elementor-post-type=\"page\">\n\t\t\t\t\t\t<section class=\"elementor-section elementor-top-section elementor-element elementor-element-27c33d16 elementor-section-boxed elementor-section-height-default elementor-section-height-default\" data-id=\"27c33d16\" data-element_type=\"section\">\n\t\t\t\t\t\t<div class=\"elementor-container elementor-column-gap-default\">\n\t\t\t\t\t<div class=\"elementor-column elementor-col-100 elementor-top-column elementor-element elementor-element-449a840b\" data-id=\"449a840b\" data-element_type=\"column\">\n\t\t\t<div class=\"elementor-widget-wrap elementor-element-populated\">\n\t\t\t\t\t\t<div class=\"elementor-element elementor-element-3fafe4c1 elementor-align-left elementor-widget elementor-widget-breadcrumbs\" data-id=\"3fafe4c1\" data-element_type=\"widget\" data-widget_type=\"breadcrumbs.default\">\n\t\t\t\t<div class=\"elementor-widget-container\">\n\t\t\t<nav aria-label=\"Semmelbr\u00f6sel\" class=\"rank-math-breadcrumb\"><p><span class=\"last\">Startseite<\/span><\/p><\/nav>\t\t<\/div>\n\t\t\t\t<\/div>\n\t\t\t\t\t<\/div>\n\t\t<\/div>\n\t\t\t\t\t<\/div>\n\t\t<\/section>\n\t\t\t\t<section class=\"elementor-section elementor-top-section elementor-element elementor-element-9680bd7 elementor-section-boxed elementor-section-height-default elementor-section-height-default\" data-id=\"9680bd7\" data-element_type=\"section\">\n\t\t\t\t\t\t<div class=\"elementor-container elementor-column-gap-default\">\n\t\t\t\t\t<div class=\"elementor-column elementor-col-100 elementor-top-column elementor-element elementor-element-dcf421e\" data-id=\"dcf421e\" data-element_type=\"column\">\n\t\t\t<div class=\"elementor-widget-wrap elementor-element-populated\">\n\t\t\t\t\t\t<div class=\"elementor-element elementor-element-29972ac elementor-widget elementor-widget-heading\" data-id=\"29972ac\" data-element_type=\"widget\" data-widget_type=\"heading.default\">\n\t\t\t\t<div class=\"elementor-widget-container\">\n\t\t\t<style>\/*! elementor - v3.21.0 - 30-04-2024 *\/\n.elementor-heading-title{padding:0;margin:0;line-height:1}.elementor-widget-heading .elementor-heading-title[class*=elementor-size-]>a{color:inherit;font-size:inherit;line-height:inherit}.elementor-widget-heading .elementor-heading-title.elementor-size-small{font-size:15px}.elementor-widget-heading .elementor-heading-title.elementor-size-medium{font-size:19px}.elementor-widget-heading .elementor-heading-title.elementor-size-large{font-size:29px}.elementor-widget-heading .elementor-heading-title.elementor-size-xl{font-size:39px}.elementor-widget-heading .elementor-heading-title.elementor-size-xxl{font-size:59px}<\/style><h1 class=\"elementor-heading-title elementor-size-default\">Cookie-Politik<\/h1>\t\t<\/div>\n\t\t\t\t<\/div>\n\t\t\t\t<div class=\"elementor-element elementor-element-031647e elementor-widget elementor-widget-text-editor\" data-id=\"031647e\" data-element_type=\"widget\" data-widget_type=\"text-editor.default\">\n\t\t\t\t<div class=\"elementor-widget-container\">\n\t\t\t<style>\/*! elementor - v3.21.0 - 30-04-2024 *\/\n.elementor-widget-text-editor.elementor-drop-cap-view-stacked .elementor-drop-cap{background-color:#69727d;color:#fff}.elementor-widget-text-editor.elementor-drop-cap-view-framed .elementor-drop-cap{color:#69727d;border:3px solid;background-color:transparent}.elementor-widget-text-editor:not(.elementor-drop-cap-view-default) .elementor-drop-cap{margin-top:8px}.elementor-widget-text-editor:not(.elementor-drop-cap-view-default) .elementor-drop-cap-letter{width:1em;height:1em}.elementor-widget-text-editor .elementor-drop-cap{float:left;text-align:center;line-height:1;font-size:50px}.elementor-widget-text-editor .elementor-drop-cap-letter{display:inline-block}<\/style>\t\t\t\t<h2>Was sind Cookies?<\/h2><p>Cookies sind kleine Textdateien, die in Ihrem Webbrowser gespeichert werden und Folgendes erm\u00f6glichen\u00a0<span class=\"website_name\">Cream Deluxe<\/span>\u00a0oder eine dritte Partei, um Sie zu erkennen. Cookies k\u00f6nnen verwendet werden, um Informationen \u00fcber Ihre Aktivit\u00e4ten auf verschiedenen Websites zu sammeln, zu speichern und weiterzugeben, unter anderem auf\u00a0<span class=\"website_name\">Cream Deluxe<\/span>\u00a0Website.<\/p><p>Cookies k\u00f6nnen f\u00fcr die folgenden Zwecke verwendet werden:<\/p><ul><li>Um bestimmte Funktionen zu aktivieren<\/li><li>Bereitstellung von Analysen<\/li><li>So speichern Sie Ihre Pr\u00e4ferenzen<\/li><li>Zur Erm\u00f6glichung von Anzeigenschaltung und verhaltensorientierter Werbung<\/li><\/ul><p><span class=\"website_name\">Cream Deluxe<\/span>\u00a0verwendet sowohl Sitzungscookies als auch dauerhafte Cookies.<\/p><p>Ein Sitzungscookie wird verwendet, um einen bestimmten Besuch auf unserer Website zu identifizieren. Diese Cookies verfallen nach einer kurzen Zeit oder wenn Sie Ihren Webbrowser nach der Nutzung unserer Website schlie\u00dfen. Wir verwenden diese Cookies, um Sie w\u00e4hrend einer einzelnen Browsing-Sitzung zu identifizieren, z. B. wenn Sie sich bei unserer Website anmelden.<\/p><p>Ein dauerhafter Cookie verbleibt f\u00fcr einen bestimmten, im Cookie angegebenen Zeitraum auf Ihren Ger\u00e4ten. Wir verwenden diese Cookies, wenn wir Sie \u00fcber einen l\u00e4ngeren Zeitraum hinweg identifizieren m\u00fcssen. Wir w\u00fcrden zum Beispiel ein dauerhaftes Cookie verwenden, wenn Sie darum bitten, dass wir Sie angemeldet lassen.<br \/><br \/><\/p><h2>Wie verwenden Dritte Cookies auf der Website\u00a0<span class=\"website_name\">Cream Deluxe<\/span>\u00a0Website?<\/h2><p>Drittunternehmen wie Analyseunternehmen und Werbenetzwerke verwenden im Allgemeinen Cookies, um Benutzerinformationen auf anonymer Basis zu sammeln. Sie k\u00f6nnen diese Informationen verwenden, um ein Profil Ihrer Aktivit\u00e4ten auf der Website zu erstellen.\u00a0<span class=\"website_name\">Cream Deluxe<\/span>\u00a0Website und andere Websites, die Sie besucht haben.<br \/><br \/><\/p><h2>Welche M\u00f6glichkeiten haben Sie bei den Cookies?<\/h2><p>Wenn Sie Cookies oder bestimmte Arten von Cookies nicht m\u00f6gen, k\u00f6nnen Sie die Einstellungen Ihres Browsers so \u00e4ndern, dass bereits gesetzte Cookies gel\u00f6scht und neue Cookies nicht akzeptiert werden. Weitere Informationen dazu finden Sie auf den Hilfeseiten Ihres Browsers.<\/p><p>Bitte beachten Sie jedoch, dass Sie, wenn Sie Cookies l\u00f6schen oder nicht akzeptieren, m\u00f6glicherweise nicht alle von uns angebotenen Funktionen nutzen k\u00f6nnen, dass Sie m\u00f6glicherweise Ihre Einstellungen nicht speichern k\u00f6nnen und dass einige unserer Seiten m\u00f6glicherweise nicht richtig angezeigt werden.<\/p>\t\t\t\t\t\t<\/div>\n\t\t\t\t<\/div>\n\t\t\t\t\t<\/div>\n\t\t<\/div>\n\t\t\t\t\t<\/div>\n\t\t<\/section>\n\t\t\t\t<\/div>","protected":false},"excerpt":{"rendered":"<p>Cookie-Richtlinie Was sind Cookies? Cookies sind kleine Textdateien, die in Ihrem Webbrowser gespeichert werden und es Cream Deluxe oder einem Dritten erm\u00f6glichen, Sie zu erkennen. Cookies k\u00f6nnen verwendet werden, um Informationen \u00fcber Ihre Aktivit\u00e4ten auf verschiedenen Websites zu sammeln, zu speichern und weiterzugeben, auch auf der Website von Cream Deluxe. Cookies k\u00f6nnen f\u00fcr die folgenden Zwecke verwendet werden: [...]<\/p>","protected":false},"author":3022,"featured_media":0,"parent":0,"menu_order":0,"comment_status":"closed","ping_status":"closed","template":"","meta":{"_acf_changed":false,"footnotes":""},"categories":[],"tags":[],"class_list":["post-1207","page","type-page","status-publish","hentry"],"acf":[],"_links":{"self":[{"href":"https:\/\/cream-deluxe.com\/de\/wp-json\/wp\/v2\/pages\/1207","targetHints":{"allow":["GET"]}}],"collection":[{"href":"https:\/\/cream-deluxe.com\/de\/wp-json\/wp\/v2\/pages"}],"about":[{"href":"https:\/\/cream-deluxe.com\/de\/wp-json\/wp\/v2\/types\/page"}],"author":[{"embeddable":true,"href":"https:\/\/cream-deluxe.com\/de\/wp-json\/wp\/v2\/users\/3022"}],"replies":[{"embeddable":true,"href":"https:\/\/cream-deluxe.com\/de\/wp-json\/wp\/v2\/comments?post=1207"}],"version-history":[{"count":9,"href":"https:\/\/cream-deluxe.com\/de\/wp-json\/wp\/v2\/pages\/1207\/revisions"}],"predecessor-version":[{"id":1236,"href":"https:\/\/cream-deluxe.com\/de\/wp-json\/wp\/v2\/pages\/1207\/revisions\/1236"}],"wp:attachment":[{"href":"https:\/\/cream-deluxe.com\/de\/wp-json\/wp\/v2\/media?parent=1207"}],"wp:term":[{"taxonomy":"category","embeddable":true,"href":"https:\/\/cream-deluxe.com\/de\/wp-json\/wp\/v2\/categories?post=1207"},{"taxonomy":"post_tag","embeddable":true,"href":"https:\/\/cream-deluxe.com\/de\/wp-json\/wp\/v2\/tags?post=1207"}],"curies":[{"name":"wp","href":"https:\/\/api.w.org\/{rel}","templated":true}]}}