{"id":8278,"date":"2021-02-03T17:09:58","date_gmt":"2021-02-03T16:09:58","guid":{"rendered":"https:\/\/cream-deluxe.com\/?page_id=8278"},"modified":"2021-02-03T17:13:14","modified_gmt":"2021-02-03T16:13:14","slug":"legal-policy","status":"publish","type":"page","link":"https:\/\/cream-deluxe.com\/da\/legal-policy\/","title":{"rendered":"Juridisk politik"},"content":{"rendered":"<div data-elementor-type=\"wp-page\" data-elementor-id=\"8278\" class=\"elementor elementor-8278\" data-elementor-post-type=\"page\">\n\t\t\t\t\t\t<section class=\"elementor-section elementor-top-section elementor-element elementor-element-2cbe0128 elementor-section-boxed elementor-section-height-default elementor-section-height-default\" data-id=\"2cbe0128\" data-element_type=\"section\">\n\t\t\t\t\t\t<div class=\"elementor-container elementor-column-gap-default\">\n\t\t\t\t\t<div class=\"elementor-column elementor-col-100 elementor-top-column elementor-element elementor-element-c5ae15b\" data-id=\"c5ae15b\" data-element_type=\"column\">\n\t\t\t<div class=\"elementor-widget-wrap\">\n\t\t\t\t\t\t\t<\/div>\n\t\t<\/div>\n\t\t\t\t\t<\/div>\n\t\t<\/section>\n\t\t\t\t<section class=\"elementor-section elementor-top-section elementor-element elementor-element-9680bd7 elementor-section-boxed elementor-section-height-default elementor-section-height-default\" data-id=\"9680bd7\" data-element_type=\"section\">\n\t\t\t\t\t\t<div class=\"elementor-container elementor-column-gap-default\">\n\t\t\t\t\t<div class=\"elementor-column elementor-col-100 elementor-top-column elementor-element elementor-element-dcf421e\" data-id=\"dcf421e\" data-element_type=\"column\">\n\t\t\t<div class=\"elementor-widget-wrap elementor-element-populated\">\n\t\t\t\t\t\t<div class=\"elementor-element elementor-element-29972ac elementor-widget elementor-widget-heading\" data-id=\"29972ac\" data-element_type=\"widget\" data-widget_type=\"heading.default\">\n\t\t\t\t<div class=\"elementor-widget-container\">\n\t\t\t<style>\/*! elementor - v3.21.0 - 30-04-2024 *\/\n.elementor-heading-title{padding:0;margin:0;line-height:1}.elementor-widget-heading .elementor-heading-title[class*=elementor-size-]>a{color:inherit;font-size:inherit;line-height:inherit}.elementor-widget-heading .elementor-heading-title.elementor-size-small{font-size:15px}.elementor-widget-heading .elementor-heading-title.elementor-size-medium{font-size:19px}.elementor-widget-heading .elementor-heading-title.elementor-size-large{font-size:29px}.elementor-widget-heading .elementor-heading-title.elementor-size-xl{font-size:39px}.elementor-widget-heading .elementor-heading-title.elementor-size-xxl{font-size:59px}<\/style><h1 class=\"elementor-heading-title elementor-size-default\">Juridisk politik<\/h1>\t\t<\/div>\n\t\t\t\t<\/div>\n\t\t\t\t<div class=\"elementor-element elementor-element-031647e elementor-widget elementor-widget-text-editor\" data-id=\"031647e\" data-element_type=\"widget\" data-widget_type=\"text-editor.default\">\n\t\t\t\t<div class=\"elementor-widget-container\">\n\t\t\t<style>\/*! elementor - v3.21.0 - 30-04-2024 *\/\n.elementor-widget-text-editor.elementor-drop-cap-view-stacked .elementor-drop-cap{background-color:#69727d;color:#fff}.elementor-widget-text-editor.elementor-drop-cap-view-framed .elementor-drop-cap{color:#69727d;border:3px solid;background-color:transparent}.elementor-widget-text-editor:not(.elementor-drop-cap-view-default) .elementor-drop-cap{margin-top:8px}.elementor-widget-text-editor:not(.elementor-drop-cap-view-default) .elementor-drop-cap-letter{width:1em;height:1em}.elementor-widget-text-editor .elementor-drop-cap{float:left;text-align:center;line-height:1;font-size:50px}.elementor-widget-text-editor .elementor-drop-cap-letter{display:inline-block}<\/style>\t\t\t\t<p><strong>Erkl\u00e6ring 1.<\/strong> Jeg bekr\u00e6fter, at jeg er klar over, at ind\u00e5nding af lattergas indeb\u00e6rer en risiko for alvorlig<br \/>sundhedsm\u00e6ssige konsekvenser. Risikoen omfatter narkose, kv\u00e6lning og potentielt d\u00f8d.<\/p><p>\u00a0<\/p><p><strong>Erkl\u00e6ring 2.<\/strong> Jeg bekr\u00e6fter, at jeg er den navngivne k\u00f8ber, og at jeg er over 18 \u00e5r og handler p\u00e5 vegne af den angivne virksomhed eller branche.<\/p><p>\u00a0<\/p><p><strong>Erkl\u00e6ring 3.<\/strong> Jeg bekr\u00e6fter, at jeg ikke har til hensigt at misbruge varerne eller at jeg ikke har til hensigt at levere varerne til nogen, som jeg tror (i) har til hensigt at misbruge disse produkter eller (ii) er under 18 \u00e5r.<\/p><p>\u00a0<\/p><p><strong>Erkl\u00e6ring 4.<\/strong> Jeg bekr\u00e6fter, at jeg ikke bevidst vil bruge eller s\u00e6lge disse varer for deres psykoaktive eller medicinske virkninger.<\/p><p>\u00a0<\/p><p class=\" translation-block\"><strong>Udtalelse 5.<\/strong> Jeg bekr\u00e6fter, at jeg vil tr\u00e6ffe alle rimelige foranstaltninger for at sikre, at varerne kun anvendes<br>i overensstemmelse med producentens anvisninger.<\/p><p>\u00a0<\/p><p><strong>Erkl\u00e6ring 6.<\/strong> Jeg bekr\u00e6fter, at jeg vil tr\u00e6ffe alle rimelige foranstaltninger for at sikre, at varerne opbevares sikkert, s\u00e5ledes at de ikke er tilg\u00e6ngelige for mindre\u00e5rige eller misbrugere.<\/p><p>\u00a0<\/p><p class=\" translation-block\"><strong>Udtalelse 7.<\/strong> Jeg bekr\u00e6fter, at hvis jeg planl\u00e6gger at videres\u00e6lge varerne, skal al n\u00f8dvendig skiltning, m\u00e6rkning<br>og\/eller information, der vedr\u00f8rer eller ledsager varerne, forklare, at de er beregnet til cateringbrug<br>og ikke antyder nogen anden anvendelse.<\/p><p>\u00a0<\/p><p class=\" translation-block\"><strong>Udtalelse 8.<\/strong> Jeg bekr\u00e6fter, at jeg er klar over, at lattergas er farligt, og at jeg ikke vil \u00e6ndre emballagen for at skjule nogen af sikkerhedsoplysningerne, og at jeg vil tr\u00e6ffe alle n\u00f8dvendige foranstaltninger i forbindelse med opbevaring og transport.<\/p><p>\u00a0<\/p><p><strong>Erkl\u00e6ring 9.<\/strong> Jeg bekr\u00e6fter, at varerne ALDRIG vil blive bragt om bord p\u00e5 nogen form for fly, og jeg vil tr\u00e6ffe de forn\u00f8dne foranstaltninger for at sikre, at alle, som jeg leverer varerne til i overensstemmelse med denne erkl\u00e6ring, vil tage de samme forholdsregler.<\/p><p>\u00a0<\/p><p class=\" translation-block\"><strong>Udtalelse 10.<\/strong> Jeg bekr\u00e6fter, at N2O-opladerne aldrig vil blive opvarmet p\u00e5 nogen m\u00e5de eller gennemboret af andet end en certificeret fl\u00f8deskumsdispenser, og jeg vil tr\u00e6ffe de forn\u00f8dne foranstaltninger for at sikre, at alle, som jeg leverer varerne til i overensstemmelse med denne erkl\u00e6ring, vil tr\u00e6ffe de samme<br>forsigtighedsforanstaltninger.<\/p><p>\u00a0<\/p><p class=\" translation-block\"><strong>Udtalelse 11.<\/strong> Jeg bekr\u00e6fter, at jeg forst\u00e5r, at brugen af disse Varer er strengt begr\u00e6nset til legitime og lovlige form\u00e5l, og jeg accepterer at overholde den franske lovgivning ... som g\u00e6ldende<br>og som opdateret fra tid til anden.<\/p>\t\t\t\t\t\t<\/div>\n\t\t\t\t<\/div>\n\t\t\t\t\t<\/div>\n\t\t<\/div>\n\t\t\t\t\t<\/div>\n\t\t<\/section>\n\t\t\t\t<\/div>","protected":false},"excerpt":{"rendered":"<p>Juridisk erkl\u00e6ring 1. Jeg bekr\u00e6fter, at jeg forst\u00e5r, at ind\u00e5nding af lattergas indeb\u00e6rer en risiko for alvorlige sundhedsm\u00e6ssige konsekvenser. Risikoen omfatter narkose, kv\u00e6lning og potentielt d\u00f8dsfald.   Erkl\u00e6ring 2. Jeg bekr\u00e6fter, at jeg er den navngivne k\u00f8ber, og at jeg er over 18 \u00e5r gammel og handler p\u00e5 vegne af [...].<\/p>","protected":false},"author":3022,"featured_media":0,"parent":0,"menu_order":0,"comment_status":"closed","ping_status":"closed","template":"","meta":{"_acf_changed":false,"footnotes":""},"categories":[],"tags":[],"class_list":["post-8278","page","type-page","status-publish","hentry"],"acf":[],"_links":{"self":[{"href":"https:\/\/cream-deluxe.com\/da\/wp-json\/wp\/v2\/pages\/8278","targetHints":{"allow":["GET"]}}],"collection":[{"href":"https:\/\/cream-deluxe.com\/da\/wp-json\/wp\/v2\/pages"}],"about":[{"href":"https:\/\/cream-deluxe.com\/da\/wp-json\/wp\/v2\/types\/page"}],"author":[{"embeddable":true,"href":"https:\/\/cream-deluxe.com\/da\/wp-json\/wp\/v2\/users\/3022"}],"replies":[{"embeddable":true,"href":"https:\/\/cream-deluxe.com\/da\/wp-json\/wp\/v2\/comments?post=8278"}],"version-history":[{"count":3,"href":"https:\/\/cream-deluxe.com\/da\/wp-json\/wp\/v2\/pages\/8278\/revisions"}],"predecessor-version":[{"id":8281,"href":"https:\/\/cream-deluxe.com\/da\/wp-json\/wp\/v2\/pages\/8278\/revisions\/8281"}],"wp:attachment":[{"href":"https:\/\/cream-deluxe.com\/da\/wp-json\/wp\/v2\/media?parent=8278"}],"wp:term":[{"taxonomy":"category","embeddable":true,"href":"https:\/\/cream-deluxe.com\/da\/wp-json\/wp\/v2\/categories?post=8278"},{"taxonomy":"post_tag","embeddable":true,"href":"https:\/\/cream-deluxe.com\/da\/wp-json\/wp\/v2\/tags?post=8278"}],"curies":[{"name":"wp","href":"https:\/\/api.w.org\/{rel}","templated":true}]}}