{"id":31145,"date":"2025-03-13T09:32:21","date_gmt":"2025-03-13T08:32:21","guid":{"rendered":"https:\/\/cream-deluxe.com\/?page_id=31145"},"modified":"2025-03-13T09:37:32","modified_gmt":"2025-03-13T08:37:32","slug":"how-to-choose-the-best-whipped-cream-dispenser-5-key-factors-to-avoid-pitfalls","status":"publish","type":"page","link":"https:\/\/cream-deluxe.com\/da\/how-to-choose-the-best-whipped-cream-dispenser-5-key-factors-to-avoid-pitfalls\/","title":{"rendered":"Hvordan v\u00e6lger man den bedste fl\u00f8deskumsoplader? 5 vigtige faktorer for at undg\u00e5 faldgruber"},"content":{"rendered":"<p>I marts 2025 tiltrak forhandlingerne om v\u00e5benhvile mellem USA og Rusland i Saudi-Arabien sig global opm\u00e6rksomhed. Trumps team foreslog en \"30-dages midlertidig aftale\" for at omforme situationen mellem Rusland og Ukraine, mens Putin insisterede p\u00e5 at \"fjerne de grundl\u00e6ggende \u00e5rsager til krisen\". Dette diplomatiske skakspil afsl\u00f8rer en grundl\u00e6ggende sandhed: Ethvert valg er i sidste ende en balance mellem <strong>sikkerhed, effektivitet og tilpasningsevne.<\/strong>Ligesom vestlige konditorer understregede ved lanceringen af et nyt produkt i 2025: N\u00e5r din fl\u00f8deskumsoplader pludselig mister trykket i en<strong> <\/strong>32\u00b0C k\u00f8kken, eller blandede gaspatroner \u00f8del\u00e6gger den perfekte creme, er frustrationen i det \u00f8jeblik ikke mindre end en strategisk fejlberegning ved forhandlingsbordet.<\/p>\n\n\n\n<p><strong>Men ved at fokusere p\u00e5 materialekvalitet, luftt\u00e6thed og brugeroplevelse, n\u00e5r du foretager et k\u00f8b, kan du reducere disse risici betydeligt.<\/strong><\/p>\n\n\n\n<p>Lad os nu gennemg\u00e5 disse n\u00f8glefaktorer for at hj\u00e6lpe dig med at undg\u00e5 almindelige faldgruber.<strong><\/strong><\/p>\n\n\n\n<h2 class=\"wp-block-heading\"><strong>1. Materialesikkerhed: 304 rustfrit st\u00e5l \u2260 f\u00f8devaregodkendt, detaljer er vigtige for sundheden<\/strong><strong><\/strong><\/h2>\n\n\n\n<p>Scenarie: Hvis en aluminiumsdispenser fejlagtigt bruges til at piske sur creme, kan der opst\u00e5 sorte pletter indeni efter tre m\u00e5neder. Test kan afsl\u00f8re migration af aluminiumioner, der overskrider gr\u00e6nsen tre gange.<\/p>\n\n\n<div class=\"wp-block-image\">\n<figure class=\"aligncenter size-large\"><img fetchpriority=\"high\" decoding=\"async\" width=\"1024\" height=\"596\" src=\"https:\/\/cream-deluxe.com\/wp-content\/uploads\/2025\/03\/\u907f\u5751_proc-1024x596.jpg\" alt=\"\" class=\"wp-image-31146\" srcset=\"https:\/\/cream-deluxe.com\/wp-content\/uploads\/2025\/03\/\u907f\u5751_proc-1024x596.jpg 1024w, https:\/\/cream-deluxe.com\/wp-content\/uploads\/2025\/03\/\u907f\u5751_proc-300x175.jpg 300w, https:\/\/cream-deluxe.com\/wp-content\/uploads\/2025\/03\/\u907f\u5751_proc-768x447.jpg 768w, https:\/\/cream-deluxe.com\/wp-content\/uploads\/2025\/03\/\u907f\u5751_proc-18x10.jpg 18w, https:\/\/cream-deluxe.com\/wp-content\/uploads\/2025\/03\/\u907f\u5751_proc.jpg 1032w\" sizes=\"(max-width: 1024px) 100vw, 1024px\" \/><\/figure><\/div>\n\n\n<p>\u2705 Centrale standarder:<\/p>\n\n\n\n<ul class=\"wp-block-list\">\n<li>Certificering til kontakt med f\u00f8devarer: V\u00e6lg <a href=\"https:\/\/food.ec.europa.eu\/food-safety\/chemical-safety\/food-contact-materials\/legislation_en\" target=\"_blank\" rel=\"noreferrer noopener nofollow\"><strong>FDA\/EC 1935\/2004-certificeret<\/strong>\u00a0<\/a>304-dispensere i rustfrit st\u00e5l (som f.eks. <strong>Fl\u00f8debuffet<\/strong>\u00a0og <strong>iSi<\/strong>) for syre- og korrosionsbestandighed, hvilket sikrer sikker kontakt med fl\u00f8de.<\/li>\n\n\n\n<li>Pas p\u00e5 med \"fake 304\": Brug en <strong>Magnettest<\/strong>-\u00c6gte 304 rustfrit st\u00e5l er ikke-magnetisk, mens forfalskede versioner indeholder jern og vil blive tiltrukket.<\/li>\n\n\n\n<li>Aluminiumsdispensere er kun egnede til <strong>kortvarig, ikke-syrlig brug<\/strong>\u00a0(som f.eks. at piske ren m\u00e6lkefl\u00f8de til engangsbrug). Til langvarig brug, <strong>anbefales rustfrit st\u00e5l.<\/strong><\/li>\n<\/ul>\n\n\n\n<h2 class=\"wp-block-heading\"><strong>2. Luftt\u00e6thed: En l\u00e6kage p\u00e5 0,01 MPa\/24 timer kan koste dig mere i det lange l\u00f8b<\/strong><strong><\/strong><\/h2>\n\n\n\n<p>Testmetoder:<\/p>\n\n\n\n<ul class=\"wp-block-list\">\n<li>Tjek certificering: Den <strong>EU EN286-1 standard<\/strong>\u00a0kr\u00e6ver en l\u00e6kagehastighed p\u00e5 <strong>mindre end 0,01MPa\/24h<\/strong>\u00a0(for modeller af kommerciel kvalitet b\u00f8r det v\u00e6re <strong>mindre end 0,005MPa<\/strong>).<\/li>\n\n\n\n<li>Forseglingsmateriale: <strong>Silikone af medicinsk kvalitet (-40\u00b0C til 230\u00b0C) er overlegen<\/strong>\u00a0til nitrilgummi (som kun er egnet til stuetemperatur). Tryk for at teste-<strong>langsom rebound indikerer aldring.<\/strong><\/li>\n\n\n\n<li>Test af p\u00e5fyldning: Efter opladning af dispenseren, <strong>Vend den i vand i 5 sekunder<\/strong>. Hvis der ikke vises bobler, opfylder den standarden.<\/li>\n<\/ul>\n\n\n\n<h2 class=\"wp-block-heading\"><strong>3. Kapacitetstilpasning: 600 ml til hjemmebrug, 1L+ til kommerciel brug, pas p\u00e5 med p\u00e5stande om \"falsk kapacitet\"<\/strong><strong><\/strong><\/h2>\n\n\n\n<p>Sammenligning af brug:<\/p>\n\n\n\n<figure class=\"wp-block-table\"><table class=\"has-fixed-layout\"><tbody><tr><td><strong>Scenarie<\/strong><strong><\/strong><\/td><td><strong>Anbefalet kapacitet<\/strong><strong><\/strong><\/td><td><strong>Omkostninger pr. brug<\/strong><strong><\/strong><\/td><td><strong>Genopfyldningsfrekvens<\/strong><strong><\/strong><\/td><\/tr><tr><td>Hjemmebag (2x\/uge)<\/td><td>600 ml<\/td><td>$0,8 pr. portion<\/td><td>En gang om m\u00e5neden<\/td><\/tr><tr><td>Kaffebar (50 kopper\/dag)<\/td><td>1.2L<\/td><td>$0,5 pr. portion<\/td><td>To gange om dagen<\/td><\/tr><\/tbody><\/table><\/figure>\n\n\n\n<p>Faldgrube: Nogle lavprisdispensere h\u00e6vder en kapacitet p\u00e5 \"800 ml\", men p\u00e5 grund af <strong>Interne strukturer, der optager plads<\/strong>kan den faktiske brugbare volumen kun v\u00e6re <strong>650 ml.<\/strong><\/p>\n\n\n\n<h2 class=\"wp-block-heading\"><strong>4. Kompatibilitet med gaspatroner: N2O\/CO\u2082-kompatibilitet \u2260 Brug af dem i fl\u00e6ng<\/strong><strong><\/strong><\/h2>\n\n\n\n<p>Teknisk indsigt:<\/p>\n\n\n\n<ul class=\"wp-block-list\">\n<li><strong>N2O (lattergas)<\/strong>\u00a0udvider <strong>tre gange mere<\/strong>\u00a0end CO\u2082, hvilket g\u00f8r det ideelt til <strong>fl\u00f8deskum.<\/strong><\/li>\n\n\n\n<li><strong>CO\u2082<\/strong>\u00a0er bedre egnet til <strong>kulsyreholdige drikkevarer.<\/strong><\/li>\n<\/ul>\n\n\n\n<p>K\u00f8bsvejledning:<\/p>\n\n\n\n<ul class=\"wp-block-list\">\n<li>En virkelig kompatibel dispenser skal v\u00e6re m\u00e6rket <strong>\"Dobbelt gasventil\"<\/strong>\u00a0og inkluderer <strong>retningslinjer for trykkompatibilitet<\/strong>\u00a0for begge gasser (som f.eks. <strong>KitchenAid Pro-serien<\/strong>).<\/li>\n\n\n\n<li>Undg\u00e5 ucertificerede m\u00e6rker: Test p\u00e5 en <strong>1688 markedsplads-dispenser<\/strong>\u00a0viste <strong>ustabilt tryk med CO\u2082<\/strong>og for\u00e5rsager en <strong>30% fejlrate<\/strong>\u00a0(cremen blev vandig).<\/li>\n\n\n\n<li>Til kommerciel brug skal du v\u00e6lge <strong>N2O-specifikke dispensere<\/strong>\u00a0(som f.eks. <strong>Fl\u00f8debuffet<\/strong>) for at sikre konsistens i resultaterne.<\/li>\n<\/ul>\n\n\n\n<h2 class=\"wp-block-heading\"><strong>5. Brugervenlighed: Skridsikker tekstur \u2260 \u00e6gte greb, disse designfunktioner er vigtige<\/strong><strong><\/strong><\/h2>\n\n\n\n<p>Brugerunders\u00f8gelser viser, at <strong>72% af nybegynderbagere<\/strong>&nbsp;klager over, at dispensere er <strong>for glat<\/strong>&nbsp;eller <strong>knapperne er sv\u00e6re at trykke p\u00e5.<\/strong><\/p>\n\n\n\n<p>Nyttige designfunktioner:<\/p>\n\n\n\n<ul class=\"wp-block-list\">\n<li><strong>Diamantm\u00f8nstret greb med ergonomiske fingerriller<\/strong>\u00a0(som f.eks. <strong>Waring Pro<\/strong>) forhindrer, at man glider, selv med v\u00e5de h\u00e6nder.<\/li>\n\n\n\n<li><strong>Trykudl\u00f8serknap med \u00e9t tryk<\/strong>\u00a0tillader sikker udluftning inden for <strong>tre sekunder<\/strong>hvilket eliminerer <strong>risiko for klemte fingre<\/strong>\u00a0fra traditionelle knapper. <strong>40% er mere begyndervenlig.<\/strong><\/li>\n\n\n\n<li><strong>Gennemsigtigt vindue med m\u00e5leskala<\/strong>\u00a0giver brugerne mulighed for at <strong>se den resterende creme<\/strong>\u00a0og undg\u00e5 at l\u00f8be t\u00f8r i utide.<\/li>\n<\/ul>\n\n\n\n<h2 class=\"wp-block-heading\"><strong>2025 bedste og v\u00e6rste valg<\/strong><strong><\/strong><\/h2>\n\n\n<div class=\"wp-block-image\">\n<figure class=\"aligncenter size-full is-resized\"><img decoding=\"async\" width=\"764\" height=\"965\" src=\"https:\/\/cream-deluxe.com\/wp-content\/uploads\/2025\/03\/\u907f\u57512_proc.jpg\" alt=\"\" class=\"wp-image-31147\" style=\"width:326px;height:auto\" srcset=\"https:\/\/cream-deluxe.com\/wp-content\/uploads\/2025\/03\/\u907f\u57512_proc.jpg 764w, https:\/\/cream-deluxe.com\/wp-content\/uploads\/2025\/03\/\u907f\u57512_proc-238x300.jpg 238w, https:\/\/cream-deluxe.com\/wp-content\/uploads\/2025\/03\/\u907f\u57512_proc-10x12.jpg 10w\" sizes=\"(max-width: 764px) 100vw, 764px\" \/><\/figure><\/div>\n\n\n<p>\u2705 <strong>Det bedste valg:<a href=\"https:\/\/cream-deluxe.com\/da\/\" target=\"_blank\" rel=\"noreferrer noopener\">Creme Deluxe<\/a><\/strong>(304 rustfrit st\u00e5l, EN286-certificeret, trykudl\u00f8ser med et enkelt tryk) - ideel til hjemmet og mindre virksomheder<br>\u2705 <strong>Bedste v\u00e6rdi:<\/strong>\u00a0<strong>Fl\u00f8debuffet<\/strong>(dobbelt gaskompatibilitet, synlig m\u00e5leskala) - velegnet til b\u00e5de fl\u00f8deskum og kulsyreholdige drikke<br>\u274c <strong>Undg\u00e5 det:<\/strong>\u00a0Nogle dispensere i \"Instagram-stil\" fra gruppek\u00f8bsplatforme (<strong>aluminiumskonstruktion, ingen certificering, 38% negative anmeldelser<\/strong>)<\/p>\n\n\n\n<h2 class=\"wp-block-heading\"><strong>Almindelige misforst\u00e5elser<\/strong><strong><\/strong><\/h2>\n\n\n\n<p>\u00d7 Myte 1: \"Tungere dispensere er bedre\" \u2192 Rustfrit st\u00e5l er t\u00e6t, men <strong>V\u00e6gtykkelse har betydning<\/strong>. <strong>0,8 mm er tilstr\u00e6kkeligt<\/strong>-at v\u00e6re for tyk reducerer varmeoverf\u00f8rslen.<br>\u00d7 Myte 2: \"Alle patroner er udskiftelige\" \u2192 Billige patroner er ofte <strong>mangler tilstr\u00e6kkeligt kobberindhold<\/strong>hvilket f\u00f8rer til <strong>Korrosion i gasventilen.<\/strong>&nbsp;Brug altid <strong>OEM-patroner<\/strong>.<\/p>\n\n\n\n<h2 class=\"wp-block-heading\"><strong>Konklusion<\/strong><strong><\/strong><\/h2>\n\n\n\n<p>At v\u00e6lge en fl\u00f8deskumsdispenser handler om <strong>afbalancering af sikkerhed, effektivitet og omkostninger.<\/strong>\u00a0F\u00f8devaresikkerhed er afg\u00f8rende - certificeringer betyder mere end udseende, og specifikationer er mere p\u00e5lidelige end pris. F\u00f8r du foretager dit n\u00e6ste k\u00f8b, skal du tjekke disse fem n\u00f8glefaktorer<strong>\u00a0<\/strong>for at undg\u00e5 en dyr fejltagelse!<\/p>\n\n\n\n<p><\/p>","protected":false},"excerpt":{"rendered":"<p>In March 2025, the ceasefire negotiations between the U.S. and Russia in Saudi Arabia drew global attention. Trump\u2019s team proposed a &#8220;30-day temporary agreement&#8221; to reshape the Russia-Ukraine situation, while Putin insisted on &#8220;eliminating the root causes of the crisis.&#8221; This diplomatic chess game reveals a fundamental truth: every choice is ultimately a balance between [&hellip;]<\/p>","protected":false},"author":3028,"featured_media":31081,"parent":0,"menu_order":0,"comment_status":"closed","ping_status":"closed","template":"","meta":{"_acf_changed":false,"footnotes":""},"categories":[42],"tags":[],"class_list":["post-31145","page","type-page","status-publish","has-post-thumbnail","hentry","category-blog"],"acf":[],"_links":{"self":[{"href":"https:\/\/cream-deluxe.com\/da\/wp-json\/wp\/v2\/pages\/31145","targetHints":{"allow":["GET"]}}],"collection":[{"href":"https:\/\/cream-deluxe.com\/da\/wp-json\/wp\/v2\/pages"}],"about":[{"href":"https:\/\/cream-deluxe.com\/da\/wp-json\/wp\/v2\/types\/page"}],"author":[{"embeddable":true,"href":"https:\/\/cream-deluxe.com\/da\/wp-json\/wp\/v2\/users\/3028"}],"replies":[{"embeddable":true,"href":"https:\/\/cream-deluxe.com\/da\/wp-json\/wp\/v2\/comments?post=31145"}],"version-history":[{"count":3,"href":"https:\/\/cream-deluxe.com\/da\/wp-json\/wp\/v2\/pages\/31145\/revisions"}],"predecessor-version":[{"id":31152,"href":"https:\/\/cream-deluxe.com\/da\/wp-json\/wp\/v2\/pages\/31145\/revisions\/31152"}],"wp:featuredmedia":[{"embeddable":true,"href":"https:\/\/cream-deluxe.com\/da\/wp-json\/wp\/v2\/media\/31081"}],"wp:attachment":[{"href":"https:\/\/cream-deluxe.com\/da\/wp-json\/wp\/v2\/media?parent=31145"}],"wp:term":[{"taxonomy":"category","embeddable":true,"href":"https:\/\/cream-deluxe.com\/da\/wp-json\/wp\/v2\/categories?post=31145"},{"taxonomy":"post_tag","embeddable":true,"href":"https:\/\/cream-deluxe.com\/da\/wp-json\/wp\/v2\/tags?post=31145"}],"curies":[{"name":"wp","href":"https:\/\/api.w.org\/{rel}","templated":true}]}}