{"id":2584,"date":"2020-06-17T08:23:52","date_gmt":"2020-06-17T08:23:52","guid":{"rendered":"https:\/\/cream-deluxe.com\/?page_id=2584"},"modified":"2022-11-02T15:50:29","modified_gmt":"2022-11-02T14:50:29","slug":"cream-chargers-wholesale","status":"publish","type":"page","link":"https:\/\/cream-deluxe.com\/da\/cream-chargers-wholesale\/","title":{"rendered":"Cream Chargers Engros: Bestil direkte"},"content":{"rendered":"<div data-elementor-type=\"wp-page\" data-elementor-id=\"2584\" class=\"elementor elementor-2584\" data-elementor-post-type=\"page\">\n\t\t\t\t\t\t<section class=\"elementor-section elementor-top-section elementor-element elementor-element-6319be3 elementor-section-boxed elementor-section-height-default elementor-section-height-default\" data-id=\"6319be3\" data-element_type=\"section\">\n\t\t\t\t\t\t<div class=\"elementor-container elementor-column-gap-default\">\n\t\t\t\t\t<div class=\"elementor-column elementor-col-100 elementor-top-column elementor-element elementor-element-d594725\" data-id=\"d594725\" data-element_type=\"column\">\n\t\t\t<div class=\"elementor-widget-wrap elementor-element-populated\">\n\t\t\t\t\t\t<div class=\"elementor-element elementor-element-2412112 elementor-widget elementor-widget-shortcode\" data-id=\"2412112\" data-element_type=\"widget\" data-widget_type=\"shortcode.default\">\n\t\t\t\t<div class=\"elementor-widget-container\">\n\t\t\t\t\t<div class=\"elementor-shortcode\"><nav aria-label=\"br\u00f8dkrummer\" class=\"rank-math-breadcrumb\"><p><span class=\"last\">Hjem<\/span><\/p><\/nav><\/div>\n\t\t\t\t<\/div>\n\t\t\t\t<\/div>\n\t\t\t\t\t<\/div>\n\t\t<\/div>\n\t\t\t\t\t<\/div>\n\t\t<\/section>\n\t\t\t\t<section class=\"elementor-section elementor-top-section elementor-element elementor-element-b156834 elementor-section-boxed elementor-section-height-default elementor-section-height-default\" data-id=\"b156834\" data-element_type=\"section\">\n\t\t\t\t\t\t<div class=\"elementor-container elementor-column-gap-default\">\n\t\t\t\t\t<div class=\"elementor-column elementor-col-100 elementor-top-column elementor-element elementor-element-47ef4a4\" data-id=\"47ef4a4\" data-element_type=\"column\">\n\t\t\t<div class=\"elementor-widget-wrap elementor-element-populated\">\n\t\t\t\t\t\t<div class=\"elementor-element elementor-element-aea2e4b elementor-widget elementor-widget-heading\" data-id=\"aea2e4b\" data-element_type=\"widget\" data-widget_type=\"heading.default\">\n\t\t\t\t<div class=\"elementor-widget-container\">\n\t\t\t<style>\/*! elementor - v3.21.0 - 30-04-2024 *\/\n.elementor-heading-title{padding:0;margin:0;line-height:1}.elementor-widget-heading .elementor-heading-title[class*=elementor-size-]>a{color:inherit;font-size:inherit;line-height:inherit}.elementor-widget-heading .elementor-heading-title.elementor-size-small{font-size:15px}.elementor-widget-heading .elementor-heading-title.elementor-size-medium{font-size:19px}.elementor-widget-heading .elementor-heading-title.elementor-size-large{font-size:29px}.elementor-widget-heading .elementor-heading-title.elementor-size-xl{font-size:39px}.elementor-widget-heading .elementor-heading-title.elementor-size-xxl{font-size:59px}<\/style><h1 class=\"elementor-heading-title elementor-size-default\">Fl\u00f8de opladere engros<\/h1>\t\t<\/div>\n\t\t\t\t<\/div>\n\t\t\t\t<div class=\"elementor-element elementor-element-68aee81 elementor-widget elementor-widget-heading\" data-id=\"68aee81\" data-element_type=\"widget\" data-widget_type=\"heading.default\">\n\t\t\t\t<div class=\"elementor-widget-container\">\n\t\t\t<h2 class=\"elementor-heading-title elementor-size-default\">K\u00d8B BILLIGE FL\u00d8DEOPLADERE TIL DIN VIRKSOMHED I ENGROS M\u00c6NGDER<\/h2>\t\t<\/div>\n\t\t\t\t<\/div>\n\t\t\t\t<div class=\"elementor-element elementor-element-d1c4cf2 elementor-mobile-align-justify elementor-hidden-desktop elementor-hidden-tablet elementor-widget elementor-widget-button\" data-id=\"d1c4cf2\" data-element_type=\"widget\" data-widget_type=\"button.default\">\n\t\t\t\t<div class=\"elementor-widget-container\">\n\t\t\t\t\t<div class=\"elementor-button-wrapper\">\n\t\t\t<a class=\"elementor-button elementor-button-link elementor-size-xs\" href=\"#send-inquiry\">\n\t\t\t\t\t\t<span class=\"elementor-button-content-wrapper\">\n\t\t\t\t\t\t\t\t\t<span class=\"elementor-button-text\">Send foresp\u00f8rgsel<\/span>\n\t\t\t\t\t<\/span>\n\t\t\t\t\t<\/a>\n\t\t<\/div>\n\t\t\t\t<\/div>\n\t\t\t\t<\/div>\n\t\t\t\t\t<\/div>\n\t\t<\/div>\n\t\t\t\t\t<\/div>\n\t\t<\/section>\n\t\t\t\t<section class=\"elementor-section elementor-top-section elementor-element elementor-element-6d2e2e9 elementor-section-boxed elementor-section-height-default elementor-section-height-default\" data-id=\"6d2e2e9\" data-element_type=\"section\">\n\t\t\t\t\t\t<div class=\"elementor-container elementor-column-gap-default\">\n\t\t\t\t\t<div class=\"elementor-column elementor-col-100 elementor-top-column elementor-element elementor-element-ba5e9f1\" data-id=\"ba5e9f1\" data-element_type=\"column\">\n\t\t\t<div class=\"elementor-widget-wrap elementor-element-populated\">\n\t\t\t\t\t\t<section class=\"elementor-section elementor-inner-section elementor-element elementor-element-ec2d547 elementor-section-boxed elementor-section-height-default elementor-section-height-default\" data-id=\"ec2d547\" data-element_type=\"section\">\n\t\t\t\t\t\t<div class=\"elementor-container elementor-column-gap-default\">\n\t\t\t\t\t<div class=\"elementor-column elementor-col-50 elementor-inner-column elementor-element elementor-element-0f6426b\" data-id=\"0f6426b\" data-element_type=\"column\">\n\t\t\t<div class=\"elementor-widget-wrap elementor-element-populated\">\n\t\t\t\t\t\t<div class=\"elementor-element elementor-element-400ee54 elementor-widget elementor-widget-image\" data-id=\"400ee54\" data-element_type=\"widget\" data-widget_type=\"image.default\">\n\t\t\t\t<div class=\"elementor-widget-container\">\n\t\t\t<style>\/*! elementor - v3.21.0 - 30-04-2024 *\/\n.elementor-widget-image{text-align:center}.elementor-widget-image a{display:inline-block}.elementor-widget-image a img[src$=\".svg\"]{width:48px}.elementor-widget-image img{vertical-align:middle;display:inline-block}<\/style>\t\t\t\t\t\t\t\t\t\t<img fetchpriority=\"high\" decoding=\"async\" width=\"800\" height=\"800\" src=\"https:\/\/cream-deluxe.com\/wp-content\/uploads\/2022\/07\/CREAMDELUXE-MAXXI-PHOTOSHOOT-5OCT2022-38-scaled-e1666344400389-1024x1024.jpg\" class=\"attachment-large size-large wp-image-29887\" alt=\"Cream Deluxe Maxxi pink bl\u00e5 neon deco lys\" srcset=\"https:\/\/cream-deluxe.com\/wp-content\/uploads\/2022\/07\/CREAMDELUXE-MAXXI-PHOTOSHOOT-5OCT2022-38-scaled-e1666344400389-1024x1024.jpg 1024w, https:\/\/cream-deluxe.com\/wp-content\/uploads\/2022\/07\/CREAMDELUXE-MAXXI-PHOTOSHOOT-5OCT2022-38-scaled-e1666344400389-300x300.jpg 300w, https:\/\/cream-deluxe.com\/wp-content\/uploads\/2022\/07\/CREAMDELUXE-MAXXI-PHOTOSHOOT-5OCT2022-38-scaled-e1666344400389-150x150.jpg 150w, https:\/\/cream-deluxe.com\/wp-content\/uploads\/2022\/07\/CREAMDELUXE-MAXXI-PHOTOSHOOT-5OCT2022-38-scaled-e1666344400389-768x769.jpg 768w, https:\/\/cream-deluxe.com\/wp-content\/uploads\/2022\/07\/CREAMDELUXE-MAXXI-PHOTOSHOOT-5OCT2022-38-scaled-e1666344400389-1534x1536.jpg 1534w, https:\/\/cream-deluxe.com\/wp-content\/uploads\/2022\/07\/CREAMDELUXE-MAXXI-PHOTOSHOOT-5OCT2022-38-scaled-e1666344400389-12x12.jpg 12w, https:\/\/cream-deluxe.com\/wp-content\/uploads\/2022\/07\/CREAMDELUXE-MAXXI-PHOTOSHOOT-5OCT2022-38-scaled-e1666344400389-400x400.jpg 400w, https:\/\/cream-deluxe.com\/wp-content\/uploads\/2022\/07\/CREAMDELUXE-MAXXI-PHOTOSHOOT-5OCT2022-38-scaled-e1666344400389-600x601.jpg 600w, https:\/\/cream-deluxe.com\/wp-content\/uploads\/2022\/07\/CREAMDELUXE-MAXXI-PHOTOSHOOT-5OCT2022-38-scaled-e1666344400389-100x100.jpg 100w, https:\/\/cream-deluxe.com\/wp-content\/uploads\/2022\/07\/CREAMDELUXE-MAXXI-PHOTOSHOOT-5OCT2022-38-scaled-e1666344400389.jpg 1706w\" sizes=\"(max-width: 800px) 100vw, 800px\" \/>\t\t\t\t\t\t\t\t\t\t\t\t\t<\/div>\n\t\t\t\t<\/div>\n\t\t\t\t<div class=\"elementor-element elementor-element-a14273a elementor-widget elementor-widget-heading\" data-id=\"a14273a\" data-element_type=\"widget\" data-widget_type=\"heading.default\">\n\t\t\t\t<div class=\"elementor-widget-container\">\n\t\t\t<h2 class=\"elementor-heading-title elementor-size-default\">Fl\u00f8de Deluxe engros<\/h2>\t\t<\/div>\n\t\t\t\t<\/div>\n\t\t\t\t<div class=\"elementor-element elementor-element-17c9672 elementor-widget elementor-widget-text-editor\" data-id=\"17c9672\" data-element_type=\"widget\" data-widget_type=\"text-editor.default\">\n\t\t\t\t<div class=\"elementor-widget-container\">\n\t\t\t<style>\/*! elementor - v3.21.0 - 30-04-2024 *\/\n.elementor-widget-text-editor.elementor-drop-cap-view-stacked .elementor-drop-cap{background-color:#69727d;color:#fff}.elementor-widget-text-editor.elementor-drop-cap-view-framed .elementor-drop-cap{color:#69727d;border:3px solid;background-color:transparent}.elementor-widget-text-editor:not(.elementor-drop-cap-view-default) .elementor-drop-cap{margin-top:8px}.elementor-widget-text-editor:not(.elementor-drop-cap-view-default) .elementor-drop-cap-letter{width:1em;height:1em}.elementor-widget-text-editor .elementor-drop-cap{float:left;text-align:center;line-height:1;font-size:50px}.elementor-widget-text-editor .elementor-drop-cap-letter{display:inline-block}<\/style>\t\t\t\t<p>Fl\u00f8deopladere s\u00e6lges til engrosform\u00e5l i forskellige farver, st\u00f8rrelser og m\u00e6rker. K\u00f8ber du fl\u00f8deopladere i store m\u00e6ngder til din virksomhed? Hvis ja, s\u00e5 kan du spare op til tusindvis af euro om m\u00e5neden.&nbsp;<\/p><p>Bestil engros fl\u00f8deopladere med Cream Deluxe via vores bestillingsformular, og nyd fordelene ved at f\u00e5 mere for mindre.&nbsp;<\/p>\t\t\t\t\t\t<\/div>\n\t\t\t\t<\/div>\n\t\t\t\t<div class=\"elementor-element elementor-element-a547b82 elementor-widget elementor-widget-heading\" data-id=\"a547b82\" data-element_type=\"widget\" data-widget_type=\"heading.default\">\n\t\t\t\t<div class=\"elementor-widget-container\">\n\t\t\t<h2 class=\"elementor-heading-title elementor-size-default\">Cream Charger 580g Cylinder<\/h2>\t\t<\/div>\n\t\t\t\t<\/div>\n\t\t\t\t<div class=\"elementor-element elementor-element-96f3407 elementor-widget elementor-widget-text-editor\" data-id=\"96f3407\" data-element_type=\"widget\" data-widget_type=\"text-editor.default\">\n\t\t\t\t<div class=\"elementor-widget-container\">\n\t\t\t\t\t\t\t<p>En fl\u00f8deoplader fyldt med 580 g N2O er en helt anden verden end de traditionelle fl\u00f8deopladere p\u00e5 8 g. Caterere og restauranter kan nu effektivt oplade fl\u00f8deautomater med st\u00f8rre hastighed og pr\u00e6cision takket v\u00e6re en trykregulator og en flaske, der indeholder op til 78 gange mere gas . Overdrevent gasspild minimeres ogs\u00e5 betydeligt ved pr\u00e6cis portionsstyring.<\/p>\t\t\t\t\t\t<\/div>\n\t\t\t\t<\/div>\n\t\t\t\t\t<\/div>\n\t\t<\/div>\n\t\t\t\t<div class=\"elementor-column elementor-col-50 elementor-inner-column elementor-element elementor-element-1ef8d7f\" data-id=\"1ef8d7f\" data-element_type=\"column\">\n\t\t\t<div class=\"elementor-widget-wrap elementor-element-populated\">\n\t\t\t\t\t\t<div class=\"elementor-element elementor-element-dac9683 elementor-widget elementor-widget-shortcode\" data-id=\"dac9683\" data-element_type=\"widget\" id=\"send-inquiry\" data-widget_type=\"shortcode.default\">\n\t\t\t\t<div class=\"elementor-widget-container\">\n\t\t\t\t\t<div class=\"elementor-shortcode\"><div id=\"cbox-37LDQeJZM1CKlEsl\"><\/div><\/div>\n\t\t\t\t<\/div>\n\t\t\t\t<\/div>\n\t\t\t\t\t<\/div>\n\t\t<\/div>\n\t\t\t\t\t<\/div>\n\t\t<\/section>\n\t\t\t\t\t<\/div>\n\t\t<\/div>\n\t\t\t\t\t<\/div>\n\t\t<\/section>\n\t\t\t\t<\/div>","protected":false},"excerpt":{"rendered":"<p>Fl\u00f8deopladere til engroshandel K\u00d8B BILLIGE Fl\u00f8deopladere til din virksomhed til engrosbel\u00f8b Send foresp\u00f8rgsel Cream Deluxe Engroshandel Fl\u00f8deopladere s\u00e6lges til engrosform\u00e5l i forskellige farver, st\u00f8rrelser og m\u00e6rker. K\u00f8ber du fl\u00f8deopladere i store m\u00e6ngder til din virksomhed? Hvis ja, s\u00e5 kan du spare op til tusindvis af [...]<\/p>","protected":false},"author":3022,"featured_media":2611,"parent":0,"menu_order":0,"comment_status":"closed","ping_status":"closed","template":"elementor_header_footer","meta":{"_acf_changed":false,"footnotes":""},"categories":[42],"tags":[],"class_list":["post-2584","page","type-page","status-publish","has-post-thumbnail","hentry","category-blog"],"acf":[],"_links":{"self":[{"href":"https:\/\/cream-deluxe.com\/da\/wp-json\/wp\/v2\/pages\/2584","targetHints":{"allow":["GET"]}}],"collection":[{"href":"https:\/\/cream-deluxe.com\/da\/wp-json\/wp\/v2\/pages"}],"about":[{"href":"https:\/\/cream-deluxe.com\/da\/wp-json\/wp\/v2\/types\/page"}],"author":[{"embeddable":true,"href":"https:\/\/cream-deluxe.com\/da\/wp-json\/wp\/v2\/users\/3022"}],"replies":[{"embeddable":true,"href":"https:\/\/cream-deluxe.com\/da\/wp-json\/wp\/v2\/comments?post=2584"}],"version-history":[{"count":10,"href":"https:\/\/cream-deluxe.com\/da\/wp-json\/wp\/v2\/pages\/2584\/revisions"}],"predecessor-version":[{"id":29964,"href":"https:\/\/cream-deluxe.com\/da\/wp-json\/wp\/v2\/pages\/2584\/revisions\/29964"}],"wp:featuredmedia":[{"embeddable":true,"href":"https:\/\/cream-deluxe.com\/da\/wp-json\/wp\/v2\/media\/2611"}],"wp:attachment":[{"href":"https:\/\/cream-deluxe.com\/da\/wp-json\/wp\/v2\/media?parent=2584"}],"wp:term":[{"taxonomy":"category","embeddable":true,"href":"https:\/\/cream-deluxe.com\/da\/wp-json\/wp\/v2\/categories?post=2584"},{"taxonomy":"post_tag","embeddable":true,"href":"https:\/\/cream-deluxe.com\/da\/wp-json\/wp\/v2\/tags?post=2584"}],"curies":[{"name":"wp","href":"https:\/\/api.w.org\/{rel}","templated":true}]}}