{"id":1212,"date":"2020-04-29T15:19:01","date_gmt":"2020-04-29T15:19:01","guid":{"rendered":"https:\/\/cream-deluxe.com\/?page_id=1212"},"modified":"2020-09-02T17:13:44","modified_gmt":"2020-09-02T15:13:44","slug":"privacy-policy","status":"publish","type":"page","link":"https:\/\/cream-deluxe.com\/da\/privacy-policy\/","title":{"rendered":"Politik om beskyttelse af personlige oplysninger"},"content":{"rendered":"<div data-elementor-type=\"wp-page\" data-elementor-id=\"1212\" class=\"elementor elementor-1212\" data-elementor-post-type=\"page\">\n\t\t\t\t\t\t<section class=\"elementor-section elementor-top-section elementor-element elementor-element-2cbe0128 elementor-section-boxed elementor-section-height-default elementor-section-height-default\" data-id=\"2cbe0128\" data-element_type=\"section\">\n\t\t\t\t\t\t<div class=\"elementor-container elementor-column-gap-default\">\n\t\t\t\t\t<div class=\"elementor-column elementor-col-100 elementor-top-column elementor-element elementor-element-c5ae15b\" data-id=\"c5ae15b\" data-element_type=\"column\">\n\t\t\t<div class=\"elementor-widget-wrap\">\n\t\t\t\t\t\t\t<\/div>\n\t\t<\/div>\n\t\t\t\t\t<\/div>\n\t\t<\/section>\n\t\t\t\t<section class=\"elementor-section elementor-top-section elementor-element elementor-element-9680bd7 elementor-section-boxed elementor-section-height-default elementor-section-height-default\" data-id=\"9680bd7\" data-element_type=\"section\">\n\t\t\t\t\t\t<div class=\"elementor-container elementor-column-gap-default\">\n\t\t\t\t\t<div class=\"elementor-column elementor-col-100 elementor-top-column elementor-element elementor-element-dcf421e\" data-id=\"dcf421e\" data-element_type=\"column\">\n\t\t\t<div class=\"elementor-widget-wrap elementor-element-populated\">\n\t\t\t\t\t\t<div class=\"elementor-element elementor-element-29972ac elementor-widget elementor-widget-heading\" data-id=\"29972ac\" data-element_type=\"widget\" data-widget_type=\"heading.default\">\n\t\t\t\t<div class=\"elementor-widget-container\">\n\t\t\t<style>\/*! elementor - v3.21.0 - 30-04-2024 *\/\n.elementor-heading-title{padding:0;margin:0;line-height:1}.elementor-widget-heading .elementor-heading-title[class*=elementor-size-]>a{color:inherit;font-size:inherit;line-height:inherit}.elementor-widget-heading .elementor-heading-title.elementor-size-small{font-size:15px}.elementor-widget-heading .elementor-heading-title.elementor-size-medium{font-size:19px}.elementor-widget-heading .elementor-heading-title.elementor-size-large{font-size:29px}.elementor-widget-heading .elementor-heading-title.elementor-size-xl{font-size:39px}.elementor-widget-heading .elementor-heading-title.elementor-size-xxl{font-size:59px}<\/style><h1 class=\"elementor-heading-title elementor-size-default\">Politik om beskyttelse af personlige oplysninger<\/h1>\t\t<\/div>\n\t\t\t\t<\/div>\n\t\t\t\t<div class=\"elementor-element elementor-element-031647e elementor-widget elementor-widget-text-editor\" data-id=\"031647e\" data-element_type=\"widget\" data-widget_type=\"text-editor.default\">\n\t\t\t\t<div class=\"elementor-widget-container\">\n\t\t\t<style>\/*! elementor - v3.21.0 - 30-04-2024 *\/\n.elementor-widget-text-editor.elementor-drop-cap-view-stacked .elementor-drop-cap{background-color:#69727d;color:#fff}.elementor-widget-text-editor.elementor-drop-cap-view-framed .elementor-drop-cap{color:#69727d;border:3px solid;background-color:transparent}.elementor-widget-text-editor:not(.elementor-drop-cap-view-default) .elementor-drop-cap{margin-top:8px}.elementor-widget-text-editor:not(.elementor-drop-cap-view-default) .elementor-drop-cap-letter{width:1em;height:1em}.elementor-widget-text-editor .elementor-drop-cap{float:left;text-align:center;line-height:1;font-size:50px}.elementor-widget-text-editor .elementor-drop-cap-letter{display:inline-block}<\/style>\t\t\t\t<p>Denne side bruges til at informere bes\u00f8gende p\u00e5 hjemmesiden om vores politikker for indsamling, brug og videregivelse af personlige oplysninger, hvis nogen beslutter at bruge vores service, Cream Deluxe-webstedet.<\/p><p>Hvis du v\u00e6lger at bruge vores tjeneste, accepterer du indsamling og brug af oplysninger i overensstemmelse med denne politik. De personlige oplysninger, som vi indsamler, bruges til at levere og forbedre tjenesten. Vi vil ikke bruge eller dele dine oplysninger med andre end dem, der er beskrevet i denne politik om beskyttelse af personlige oplysninger.<\/p><p>De udtryk, der anvendes i denne privatlivspolitik, har samme betydning som i vores vilk\u00e5r og betingelser, som er tilg\u00e6ngelige p\u00e5 https:\/\/cream-deluxe.com, medmindre andet er defineret i denne privatlivspolitik.<br \/><br \/><\/p><h2>Indsamling og anvendelse af oplysninger<\/h2><p>For at f\u00e5 en bedre oplevelse, n\u00e5r du bruger vores tjeneste, kan vi kr\u00e6ve, at du giver os visse personligt identificerbare oplysninger, herunder, men ikke begr\u00e6nset til, dit navn, telefonnummer og din postadresse. De oplysninger, som vi indsamler, vil blive brugt til at kontakte eller identificere dig.<br \/><br \/><\/p><h2>Logdata<\/h2><p>Vi vil gerne oplyse dig om, at n\u00e5r du bes\u00f8ger vores tjeneste, indsamler vi oplysninger, som din browser sender til os, og som kaldes logdata. Disse logdata kan omfatte oplysninger som f.eks. din computers internetprotokoladresse (\"IP\"), browserversion, de sider p\u00e5 vores tjeneste, som du bes\u00f8ger, tidspunkt og dato for dit bes\u00f8g, den tid, du bruger p\u00e5 disse sider, og andre statistikker.<br \/><br \/><\/p><h2>Cookies<\/h2><p>Cookies er filer med en lille m\u00e6ngde data, der almindeligvis bruges som en anonym unik identifikator. De sendes til din browser fra det websted, som du bes\u00f8ger, og gemmes p\u00e5 din computers harddisk.<\/p><p>Vores websted bruger disse \"cookies\" til at indsamle oplysninger og til at forbedre vores service. Du har mulighed for enten at acceptere eller afvise disse cookies og vide, hvorn\u00e5r en cookie sendes til din computer. Hvis du v\u00e6lger at afvise vores cookies, kan du muligvis ikke bruge visse dele af vores tjeneste.<\/p><p>Du kan f\u00e5 flere oplysninger om cookies ved at l\u00e6se\u00a0<a href=\"https:\/\/cream-deluxe.com\/da\/cookie-policy\/\" target=\"_blank\" rel=\"noopener\">vores cookie-politik<\/a>.<br \/><br \/><\/p><h2>Tjenesteudbydere<\/h2><p>Vi kan ans\u00e6tte tredjepartsvirksomheder og -personer af f\u00f8lgende \u00e5rsager:<\/p><ul><li>For at lette vores service;<\/li><li>Til at levere tjenesten p\u00e5 vores vegne;<\/li><li>til at udf\u00f8re tjenesterelaterede tjenester, eller<\/li><li>For at hj\u00e6lpe os med at analysere, hvordan vores tjeneste bruges.<\/li><\/ul><p>Vi \u00f8nsker at informere vores brugere af tjenesten om, at disse tredjeparter har adgang til dine personlige oplysninger. Grunden er at udf\u00f8re de opgaver, der er tildelt dem p\u00e5 vores vegne. De er dog forpligtet til ikke at videregive eller bruge oplysningerne til andre form\u00e5l.<br \/><br \/><\/p><h2>Sikkerhed<\/h2><p>Vi v\u00e6rds\u00e6tter din tillid til at give os dine personlige oplysninger, og derfor bestr\u00e6ber vi os p\u00e5 at bruge kommercielt acceptable midler til at beskytte dem. Men husk, at ingen transmissionsmetode over internettet eller metode til elektronisk lagring er 100% sikker og p\u00e5lidelig, og vi kan ikke garantere den absolutte sikkerhed.<br \/><br \/><\/p><h2>Links til andre websteder<\/h2><p>Vores tjeneste kan indeholde links til andre websteder. Hvis du klikker p\u00e5 et link fra en tredjepart, vil du blive ledt til det p\u00e5g\u00e6ldende websted. Bem\u00e6rk, at disse eksterne websteder ikke drives af os. Vi anbefaler derfor kraftigt, at du gennemg\u00e5r disse websteders privatlivspolitik. Vi har ingen kontrol over og p\u00e5tager os intet ansvar for indholdet, fortrolighedspolitikken eller praksis p\u00e5 tredjepartswebsteder eller -tjenester.<\/p><p>B\u00f8rns privatliv<\/p><p>Vores tjenester henvender sig ikke til personer under 13 \u00e5r. Vi indsamler ikke bevidst personlige identificerbare oplysninger fra b\u00f8rn under 13 \u00e5r. Hvis vi opdager, at et barn under 13 \u00e5r har givet os personlige oplysninger, sletter vi dem straks fra vores servere. Hvis du er for\u00e6lder eller v\u00e6rge, og du er klar over, at dit barn har givet os personlige oplysninger, bedes du kontakte os, s\u00e5 vi kan foretage de n\u00f8dvendige handlinger.<br \/><br \/><\/p><h2>\u00c6ndringer af denne politik om beskyttelse af personlige oplysninger<\/h2><p>Vi kan opdatere vores privatlivspolitik fra tid til anden. Vi anbefaler derfor, at du regelm\u00e6ssigt gennemg\u00e5r denne side for at se eventuelle \u00e6ndringer. Vi vil underrette dig om eventuelle \u00e6ndringer ved at offentligg\u00f8re den nye fortrolighedspolitik p\u00e5 denne side. Disse \u00e6ndringer tr\u00e6der i kraft med det samme, efter at de er blevet offentliggjort p\u00e5 denne side.<br \/><br \/><\/p><h2>Kontakt os<\/h2><p>Hvis du har sp\u00f8rgsm\u00e5l eller forslag om vores privatlivspolitik, er du velkommen til at kontakte os.<\/p>\t\t\t\t\t\t<\/div>\n\t\t\t\t<\/div>\n\t\t\t\t\t<\/div>\n\t\t<\/div>\n\t\t\t\t\t<\/div>\n\t\t<\/section>\n\t\t\t\t<\/div>","protected":false},"excerpt":{"rendered":"<p>Fortrolighedspolitik Denne side bruges til at informere bes\u00f8gende p\u00e5 hjemmesiden om vores politikker for indsamling, brug og videregivelse af personlige oplysninger, hvis nogen besluttede at bruge vores service, Cream Deluxe-webstedet. Hvis du v\u00e6lger at bruge vores tjeneste, accepterer du indsamling og brug af oplysninger i forhold til denne politik. [...]<\/p>","protected":false},"author":3022,"featured_media":0,"parent":0,"menu_order":0,"comment_status":"closed","ping_status":"closed","template":"","meta":{"_acf_changed":false,"footnotes":""},"categories":[],"tags":[],"class_list":["post-1212","page","type-page","status-publish","hentry"],"acf":[],"_links":{"self":[{"href":"https:\/\/cream-deluxe.com\/da\/wp-json\/wp\/v2\/pages\/1212","targetHints":{"allow":["GET"]}}],"collection":[{"href":"https:\/\/cream-deluxe.com\/da\/wp-json\/wp\/v2\/pages"}],"about":[{"href":"https:\/\/cream-deluxe.com\/da\/wp-json\/wp\/v2\/types\/page"}],"author":[{"embeddable":true,"href":"https:\/\/cream-deluxe.com\/da\/wp-json\/wp\/v2\/users\/3022"}],"replies":[{"embeddable":true,"href":"https:\/\/cream-deluxe.com\/da\/wp-json\/wp\/v2\/comments?post=1212"}],"version-history":[{"count":10,"href":"https:\/\/cream-deluxe.com\/da\/wp-json\/wp\/v2\/pages\/1212\/revisions"}],"predecessor-version":[{"id":3981,"href":"https:\/\/cream-deluxe.com\/da\/wp-json\/wp\/v2\/pages\/1212\/revisions\/3981"}],"wp:attachment":[{"href":"https:\/\/cream-deluxe.com\/da\/wp-json\/wp\/v2\/media?parent=1212"}],"wp:term":[{"taxonomy":"category","embeddable":true,"href":"https:\/\/cream-deluxe.com\/da\/wp-json\/wp\/v2\/categories?post=1212"},{"taxonomy":"post_tag","embeddable":true,"href":"https:\/\/cream-deluxe.com\/da\/wp-json\/wp\/v2\/tags?post=1212"}],"curies":[{"name":"wp","href":"https:\/\/api.w.org\/{rel}","templated":true}]}}