{"id":1207,"date":"2020-04-29T15:11:46","date_gmt":"2020-04-29T15:11:46","guid":{"rendered":"https:\/\/cream-deluxe.com\/?page_id=1207"},"modified":"2020-04-30T19:31:24","modified_gmt":"2020-04-30T19:31:24","slug":"cookie-policy","status":"publish","type":"page","link":"https:\/\/cream-deluxe.com\/da\/cookie-policy\/","title":{"rendered":"Cookie-politik"},"content":{"rendered":"<div data-elementor-type=\"wp-page\" data-elementor-id=\"1207\" class=\"elementor elementor-1207\" data-elementor-post-type=\"page\">\n\t\t\t\t\t\t<section class=\"elementor-section elementor-top-section elementor-element elementor-element-27c33d16 elementor-section-boxed elementor-section-height-default elementor-section-height-default\" data-id=\"27c33d16\" data-element_type=\"section\">\n\t\t\t\t\t\t<div class=\"elementor-container elementor-column-gap-default\">\n\t\t\t\t\t<div class=\"elementor-column elementor-col-100 elementor-top-column elementor-element elementor-element-449a840b\" data-id=\"449a840b\" data-element_type=\"column\">\n\t\t\t<div class=\"elementor-widget-wrap elementor-element-populated\">\n\t\t\t\t\t\t<div class=\"elementor-element elementor-element-3fafe4c1 elementor-align-left elementor-widget elementor-widget-breadcrumbs\" data-id=\"3fafe4c1\" data-element_type=\"widget\" data-widget_type=\"breadcrumbs.default\">\n\t\t\t\t<div class=\"elementor-widget-container\">\n\t\t\t<nav aria-label=\"br\u00f8dkrummer\" class=\"rank-math-breadcrumb\"><p><span class=\"last\">Hjem<\/span><\/p><\/nav>\t\t<\/div>\n\t\t\t\t<\/div>\n\t\t\t\t\t<\/div>\n\t\t<\/div>\n\t\t\t\t\t<\/div>\n\t\t<\/section>\n\t\t\t\t<section class=\"elementor-section elementor-top-section elementor-element elementor-element-9680bd7 elementor-section-boxed elementor-section-height-default elementor-section-height-default\" data-id=\"9680bd7\" data-element_type=\"section\">\n\t\t\t\t\t\t<div class=\"elementor-container elementor-column-gap-default\">\n\t\t\t\t\t<div class=\"elementor-column elementor-col-100 elementor-top-column elementor-element elementor-element-dcf421e\" data-id=\"dcf421e\" data-element_type=\"column\">\n\t\t\t<div class=\"elementor-widget-wrap elementor-element-populated\">\n\t\t\t\t\t\t<div class=\"elementor-element elementor-element-29972ac elementor-widget elementor-widget-heading\" data-id=\"29972ac\" data-element_type=\"widget\" data-widget_type=\"heading.default\">\n\t\t\t\t<div class=\"elementor-widget-container\">\n\t\t\t<style>\/*! elementor - v3.21.0 - 30-04-2024 *\/\n.elementor-heading-title{padding:0;margin:0;line-height:1}.elementor-widget-heading .elementor-heading-title[class*=elementor-size-]>a{color:inherit;font-size:inherit;line-height:inherit}.elementor-widget-heading .elementor-heading-title.elementor-size-small{font-size:15px}.elementor-widget-heading .elementor-heading-title.elementor-size-medium{font-size:19px}.elementor-widget-heading .elementor-heading-title.elementor-size-large{font-size:29px}.elementor-widget-heading .elementor-heading-title.elementor-size-xl{font-size:39px}.elementor-widget-heading .elementor-heading-title.elementor-size-xxl{font-size:59px}<\/style><h1 class=\"elementor-heading-title elementor-size-default\">Cookie-politik<\/h1>\t\t<\/div>\n\t\t\t\t<\/div>\n\t\t\t\t<div class=\"elementor-element elementor-element-031647e elementor-widget elementor-widget-text-editor\" data-id=\"031647e\" data-element_type=\"widget\" data-widget_type=\"text-editor.default\">\n\t\t\t\t<div class=\"elementor-widget-container\">\n\t\t\t<style>\/*! elementor - v3.21.0 - 30-04-2024 *\/\n.elementor-widget-text-editor.elementor-drop-cap-view-stacked .elementor-drop-cap{background-color:#69727d;color:#fff}.elementor-widget-text-editor.elementor-drop-cap-view-framed .elementor-drop-cap{color:#69727d;border:3px solid;background-color:transparent}.elementor-widget-text-editor:not(.elementor-drop-cap-view-default) .elementor-drop-cap{margin-top:8px}.elementor-widget-text-editor:not(.elementor-drop-cap-view-default) .elementor-drop-cap-letter{width:1em;height:1em}.elementor-widget-text-editor .elementor-drop-cap{float:left;text-align:center;line-height:1;font-size:50px}.elementor-widget-text-editor .elementor-drop-cap-letter{display:inline-block}<\/style>\t\t\t\t<h2>Hvad er cookies?<\/h2><p>Cookies er sm\u00e5 tekstfiler, der gemmes i din webbrowser, og som g\u00f8r det muligt at\u00a0<span class=\"website_name\">Creme Deluxe<\/span>\u00a0eller en tredjepart til at genkende dig. Cookies kan bruges til at indsamle, gemme og dele sm\u00e5 bidder af oplysninger om dine aktiviteter p\u00e5 tv\u00e6rs af websteder, herunder p\u00e5\u00a0<span class=\"website_name\">Creme Deluxe<\/span>\u00a0websted.<\/p><p>Cookies kan bruges til f\u00f8lgende form\u00e5l:<\/p><ul><li>For at aktivere visse funktioner<\/li><li>Tilvejebringelse af analyser<\/li><li>S\u00e5dan gemmer du dine pr\u00e6ferencer<\/li><li>For at muligg\u00f8re annoncering og adf\u00e6rdsbaseret annoncering<\/li><\/ul><p><span class=\"website_name\">Creme Deluxe<\/span>\u00a0bruger b\u00e5de sessionscookies og permanente cookies.<\/p><p>En session cookie bruges til at identificere et bestemt bes\u00f8g p\u00e5 vores websted. Disse cookies udl\u00f8ber efter kort tid, eller n\u00e5r du lukker din webbrowser efter at have brugt vores websted. Vi bruger disse cookies til at identificere dig under en enkelt browsing-session, f.eks. n\u00e5r du logger ind p\u00e5 vores websted.<\/p><p>En vedvarende cookie forbliver p\u00e5 dine enheder i en bestemt periode, der er angivet i cookien. Vi bruger disse cookies, n\u00e5r vi har brug for at kunne identificere dig i en l\u00e6ngere periode. Vi ville f.eks. bruge en vedvarende cookie, hvis du bad os om at holde dig logget ind.<br \/><br \/><\/p><h2>Hvordan bruger tredjeparter cookies p\u00e5 webstedet\u00a0<span class=\"website_name\">Creme Deluxe<\/span>\u00a0Websted?<\/h2><p>Tredjepartsvirksomheder som analysevirksomheder og annoncenetv\u00e6rk bruger generelt cookies til at indsamle brugeroplysninger p\u00e5 et anonymt grundlag. De kan bruge disse oplysninger til at opbygge en profil af dine aktiviteter p\u00e5\u00a0<span class=\"website_name\">Creme Deluxe<\/span>\u00a0Websted og andre websteder, som du har bes\u00f8gt.<br \/><br \/><\/p><h2>Hvad er dine muligheder for cookies?<\/h2><p>Hvis du ikke kan lide tanken om cookies eller visse typer cookies, kan du \u00e6ndre din browsers indstillinger for at slette allerede indstillede cookies og for ikke at acceptere nye cookies. Du kan f\u00e5 mere at vide om, hvordan du g\u00f8r dette, ved at bes\u00f8ge din browsers hj\u00e6lpesider.<\/p><p>Bem\u00e6rk dog, at hvis du sletter cookies eller ikke accepterer dem, kan du muligvis ikke bruge alle de funktioner, vi tilbyder, du kan muligvis ikke gemme dine pr\u00e6ferencer, og nogle af vores sider vises muligvis ikke korrekt.<\/p>\t\t\t\t\t\t<\/div>\n\t\t\t\t<\/div>\n\t\t\t\t\t<\/div>\n\t\t<\/div>\n\t\t\t\t\t<\/div>\n\t\t<\/section>\n\t\t\t\t<\/div>","protected":false},"excerpt":{"rendered":"<p>Cookiepolitik Hvad er cookies? Cookies er sm\u00e5 tekstfiler, der gemmes i din webbrowser, og som g\u00f8r det muligt for Cream Deluxe eller en tredjepart at genkende dig. Cookies kan bruges til at indsamle, gemme og dele bits af information om dine aktiviteter p\u00e5 tv\u00e6rs af hjemmesider, herunder p\u00e5 Cream Deluxe's hjemmeside. Cookies kan bruges til f\u00f8lgende form\u00e5l: [...]<\/p>","protected":false},"author":3022,"featured_media":0,"parent":0,"menu_order":0,"comment_status":"closed","ping_status":"closed","template":"","meta":{"_acf_changed":false,"footnotes":""},"categories":[],"tags":[],"class_list":["post-1207","page","type-page","status-publish","hentry"],"acf":[],"_links":{"self":[{"href":"https:\/\/cream-deluxe.com\/da\/wp-json\/wp\/v2\/pages\/1207","targetHints":{"allow":["GET"]}}],"collection":[{"href":"https:\/\/cream-deluxe.com\/da\/wp-json\/wp\/v2\/pages"}],"about":[{"href":"https:\/\/cream-deluxe.com\/da\/wp-json\/wp\/v2\/types\/page"}],"author":[{"embeddable":true,"href":"https:\/\/cream-deluxe.com\/da\/wp-json\/wp\/v2\/users\/3022"}],"replies":[{"embeddable":true,"href":"https:\/\/cream-deluxe.com\/da\/wp-json\/wp\/v2\/comments?post=1207"}],"version-history":[{"count":9,"href":"https:\/\/cream-deluxe.com\/da\/wp-json\/wp\/v2\/pages\/1207\/revisions"}],"predecessor-version":[{"id":1236,"href":"https:\/\/cream-deluxe.com\/da\/wp-json\/wp\/v2\/pages\/1207\/revisions\/1236"}],"wp:attachment":[{"href":"https:\/\/cream-deluxe.com\/da\/wp-json\/wp\/v2\/media?parent=1207"}],"wp:term":[{"taxonomy":"category","embeddable":true,"href":"https:\/\/cream-deluxe.com\/da\/wp-json\/wp\/v2\/categories?post=1207"},{"taxonomy":"post_tag","embeddable":true,"href":"https:\/\/cream-deluxe.com\/da\/wp-json\/wp\/v2\/tags?post=1207"}],"curies":[{"name":"wp","href":"https:\/\/api.w.org\/{rel}","templated":true}]}}