{"id":8278,"date":"2021-02-03T17:09:58","date_gmt":"2021-02-03T16:09:58","guid":{"rendered":"https:\/\/cream-deluxe.com\/?page_id=8278"},"modified":"2021-02-03T17:13:14","modified_gmt":"2021-02-03T16:13:14","slug":"legal-policy","status":"publish","type":"page","link":"https:\/\/cream-deluxe.com\/cs\/legal-policy\/","title":{"rendered":"Pr\u00e1vn\u00ed politika"},"content":{"rendered":"<div data-elementor-type=\"wp-page\" data-elementor-id=\"8278\" class=\"elementor elementor-8278\" data-elementor-post-type=\"page\">\n\t\t\t\t\t\t<section class=\"elementor-section elementor-top-section elementor-element elementor-element-2cbe0128 elementor-section-boxed elementor-section-height-default elementor-section-height-default\" data-id=\"2cbe0128\" data-element_type=\"section\">\n\t\t\t\t\t\t<div class=\"elementor-container elementor-column-gap-default\">\n\t\t\t\t\t<div class=\"elementor-column elementor-col-100 elementor-top-column elementor-element elementor-element-c5ae15b\" data-id=\"c5ae15b\" data-element_type=\"column\">\n\t\t\t<div class=\"elementor-widget-wrap\">\n\t\t\t\t\t\t\t<\/div>\n\t\t<\/div>\n\t\t\t\t\t<\/div>\n\t\t<\/section>\n\t\t\t\t<section class=\"elementor-section elementor-top-section elementor-element elementor-element-9680bd7 elementor-section-boxed elementor-section-height-default elementor-section-height-default\" data-id=\"9680bd7\" data-element_type=\"section\">\n\t\t\t\t\t\t<div class=\"elementor-container elementor-column-gap-default\">\n\t\t\t\t\t<div class=\"elementor-column elementor-col-100 elementor-top-column elementor-element elementor-element-dcf421e\" data-id=\"dcf421e\" data-element_type=\"column\">\n\t\t\t<div class=\"elementor-widget-wrap elementor-element-populated\">\n\t\t\t\t\t\t<div class=\"elementor-element elementor-element-29972ac elementor-widget elementor-widget-heading\" data-id=\"29972ac\" data-element_type=\"widget\" data-widget_type=\"heading.default\">\n\t\t\t\t<div class=\"elementor-widget-container\">\n\t\t\t<style>\/*! elementor - v3.21.0 - 30-04-2024 *\/\n.elementor-heading-title{padding:0;margin:0;line-height:1}.elementor-widget-heading .elementor-heading-title[class*=elementor-size-]>a{color:inherit;font-size:inherit;line-height:inherit}.elementor-widget-heading .elementor-heading-title.elementor-size-small{font-size:15px}.elementor-widget-heading .elementor-heading-title.elementor-size-medium{font-size:19px}.elementor-widget-heading .elementor-heading-title.elementor-size-large{font-size:29px}.elementor-widget-heading .elementor-heading-title.elementor-size-xl{font-size:39px}.elementor-widget-heading .elementor-heading-title.elementor-size-xxl{font-size:59px}<\/style><h1 class=\"elementor-heading-title elementor-size-default\">Pr\u00e1vn\u00ed politika<\/h1>\t\t<\/div>\n\t\t\t\t<\/div>\n\t\t\t\t<div class=\"elementor-element elementor-element-031647e elementor-widget elementor-widget-text-editor\" data-id=\"031647e\" data-element_type=\"widget\" data-widget_type=\"text-editor.default\">\n\t\t\t\t<div class=\"elementor-widget-container\">\n\t\t\t<style>\/*! elementor - v3.21.0 - 30-04-2024 *\/\n.elementor-widget-text-editor.elementor-drop-cap-view-stacked .elementor-drop-cap{background-color:#69727d;color:#fff}.elementor-widget-text-editor.elementor-drop-cap-view-framed .elementor-drop-cap{color:#69727d;border:3px solid;background-color:transparent}.elementor-widget-text-editor:not(.elementor-drop-cap-view-default) .elementor-drop-cap{margin-top:8px}.elementor-widget-text-editor:not(.elementor-drop-cap-view-default) .elementor-drop-cap-letter{width:1em;height:1em}.elementor-widget-text-editor .elementor-drop-cap{float:left;text-align:center;line-height:1;font-size:50px}.elementor-widget-text-editor .elementor-drop-cap-letter{display:inline-block}<\/style>\t\t\t\t<p><strong>V\u00fdrok 1.<\/strong> Potvrzuji, \u017ee jsem srozum\u011bn\/a s t\u00edm, \u017ee inhalace oxidu dusn\u00e9ho s sebou nese riziko v\u00e1\u017en\u00e9ho po\u0161kozen\u00ed zdrav\u00ed.<br \/>zdravotn\u00ed d\u016fsledky. Mezi rizika pat\u0159\u00ed nark\u00f3za, udu\u0161en\u00ed a p\u0159\u00edpadn\u011b i smrt.<\/p><p>\u00a0<\/p><p><strong>Prohl\u00e1\u0161en\u00ed 2.<\/strong> Potvrzuji, \u017ee jsem jmenovan\u00fd kupuj\u00edc\u00ed a \u017ee jsem star\u0161\u00ed 18 let a jedn\u00e1m jm\u00e9nem uveden\u00e9 spole\u010dnosti nebo obchodu.<\/p><p>\u00a0<\/p><p><strong>Prohl\u00e1\u0161en\u00ed 3.<\/strong> Potvrzuji, \u017ee nenavrhuji zneu\u017eit\u00ed Zbo\u017e\u00ed ani nenavrhuji dod\u00e1n\u00ed Zbo\u017e\u00ed osob\u00e1m, o kter\u00fdch se domn\u00edv\u00e1m, \u017ee (i) maj\u00ed v \u00famyslu tyto produkty zneu\u017e\u00edt nebo (ii) jsou mlad\u0161\u00ed 18 let.<\/p><p>\u00a0<\/p><p><strong>V\u00fdrok 4.<\/strong> Potvrzuji, \u017ee toto zbo\u017e\u00ed nebudu v\u011bdom\u011b pou\u017e\u00edvat ani prod\u00e1vat pro jeho psychoaktivn\u00ed nebo l\u00e9\u010debn\u00e9 \u00fa\u010dinky.<\/p><p>\u00a0<\/p><p class=\" translation-block\"><strong>Prohl\u00e1\u0161en\u00ed 5.<\/strong> Potvrzuji, \u017ee p\u0159ijmu ve\u0161ker\u00e1 p\u0159im\u011b\u0159en\u00e1 opat\u0159en\u00ed, aby bylo Zbo\u017e\u00ed pou\u017e\u00edv\u00e1no<br>pouze v souladu s pokyny v\u00fdrobce.<\/p><p>\u00a0<\/p><p><strong>Prohl\u00e1\u0161en\u00ed 6.<\/strong> Potvrzuji, \u017ee p\u0159ijmu ve\u0161ker\u00e1 p\u0159im\u011b\u0159en\u00e1 opat\u0159en\u00ed k zaji\u0161t\u011bn\u00ed bezpe\u010dn\u00e9ho ulo\u017een\u00ed zbo\u017e\u00ed tak, aby se k n\u011bmu nedostaly nezletil\u00e9 osoby ani osoby, kter\u00e9 jej zneu\u017eij\u00ed.<\/p><p>\u00a0<\/p><p class=\" translation-block\"><strong>Prohl\u00e1\u0161en\u00ed 7.<\/strong> Potvrzuji, \u017ee pokud m\u00e1m v pl\u00e1nu Zbo\u017e\u00ed d\u00e1le prodat, ve\u0161ker\u00e9 po\u017eadovan\u00e9 ozna\u010den\u00ed, \u0161t\u00edtky<br>a\/nebo informace, kter\u00e9 se vztahuj\u00ed ke Zbo\u017e\u00ed nebo jsou k n\u011bmu p\u0159ilo\u017eeny, vysv\u011btluj\u00ed, \u017ee je ur\u010deno pro stravovac\u00ed \u00fa\u010dely<br>a nenazna\u010duj\u00ed jin\u00e9 pou\u017eit\u00ed.<\/p><p>\u00a0<\/p><p class=\" translation-block\"><strong>Prohl\u00e1\u0161en\u00ed 8.<\/strong> Potvrzuji, \u017ee jsem si v\u011bdom(a) NEBEZPE\u010cN\u00c9 povahy oxidu dusn\u00e9ho a nebudu<br> zasahovat do obalu tak, abych zakryl(a) bezpe\u010dnostn\u00ed informace, a u\u010din\u00edm ve\u0161ker\u00e1 nezbytn\u00e1<br>opat\u0159en\u00ed t\u00fdkaj\u00edc\u00ed se skladov\u00e1n\u00ed a p\u0159epravy.<\/p><p>\u00a0<\/p><p><strong>V\u00fdrok 9.<\/strong> Potvrzuji, \u017ee Zbo\u017e\u00ed nebude NIKDY um\u00edst\u011bno na palubu jak\u00e9hokoli typu letadla, a \u017ee p\u0159ijmu n\u00e1le\u017eit\u00e1 opat\u0159en\u00ed, abych zajistil, \u017ee kdokoli, komu Zbo\u017e\u00ed dod\u00e1m v souladu s t\u00edmto prohl\u00e1\u0161en\u00edm, p\u0159ijme stejn\u00e1 opat\u0159en\u00ed.<\/p><p>\u00a0<\/p><p class=\" translation-block\"><strong>Prohl\u00e1\u0161en\u00ed 10.<\/strong> Potvrzuji, \u017ee nab\u00edje\u010dky N2O nebudou nikdy \u017e\u00e1dn\u00fdm zp\u016fsobem zah\u0159\u00edv\u00e1ny ani propichov\u00e1ny<br>jin\u00fdm ne\u017e certifikovan\u00fdm d\u00e1vkova\u010dem \u0161leha\u010dky, a p\u0159ijmu n\u00e1le\u017eit\u00e1 opat\u0159en\u00ed, abych zajistil, \u017ee kdokoli, komu zbo\u017e\u00ed dod\u00e1m v souladu s t\u00edmto prohl\u00e1\u0161en\u00edm, p\u0159ijme stejn\u00e1<br>opat\u0159en\u00ed.<\/p><p>\u00a0<\/p><p class=\" translation-block\"><strong>Prohl\u00e1\u0161en\u00ed 11.<\/strong> Potvrzuji, \u017ee jsem srozum\u011bn\/a s t\u00edm, \u017ee pou\u017e\u00edv\u00e1n\u00ed tohoto zbo\u017e\u00ed je p\u0159\u00edsn\u011b omezeno na legitimn\u00ed a z\u00e1konn\u00e9 \u00fa\u010dely, a souhlas\u00edm s t\u00edm, \u017ee budu dodr\u017eovat francouzsk\u00e9 z\u00e1kony ... v platn\u00e9m<br>a \u010das od \u010dasu aktualizovan\u00e9m zn\u011bn\u00ed.<\/p>\t\t\t\t\t\t<\/div>\n\t\t\t\t<\/div>\n\t\t\t\t\t<\/div>\n\t\t<\/div>\n\t\t\t\t\t<\/div>\n\t\t<\/section>\n\t\t\t\t<\/div>","protected":false},"excerpt":{"rendered":"<p>Prohl\u00e1\u0161en\u00ed o pr\u00e1vn\u00edch z\u00e1sad\u00e1ch 1. Potvrzuji, \u017ee jsem si v\u011bdom\/a, \u017ee vdechov\u00e1n\u00ed oxidu dusn\u00e9ho s sebou nese riziko v\u00e1\u017en\u00fdchzdravotn\u00edch n\u00e1sledk\u016f. Mezi tato rizika pat\u0159\u00ed nark\u00f3za, udu\u0161en\u00ed a p\u0159\u00edpadn\u011b smrt.   Prohl\u00e1\u0161en\u00ed 2. Potvrzuji, \u017ee jsem jmenovan\u00fd kupuj\u00edc\u00ed a \u017ee jsem star\u0161\u00ed 18 let a jedn\u00e1m jm\u00e9nem [...].<\/p>","protected":false},"author":3022,"featured_media":0,"parent":0,"menu_order":0,"comment_status":"closed","ping_status":"closed","template":"","meta":{"_acf_changed":false,"footnotes":""},"categories":[],"tags":[],"class_list":["post-8278","page","type-page","status-publish","hentry"],"acf":[],"_links":{"self":[{"href":"https:\/\/cream-deluxe.com\/cs\/wp-json\/wp\/v2\/pages\/8278","targetHints":{"allow":["GET"]}}],"collection":[{"href":"https:\/\/cream-deluxe.com\/cs\/wp-json\/wp\/v2\/pages"}],"about":[{"href":"https:\/\/cream-deluxe.com\/cs\/wp-json\/wp\/v2\/types\/page"}],"author":[{"embeddable":true,"href":"https:\/\/cream-deluxe.com\/cs\/wp-json\/wp\/v2\/users\/3022"}],"replies":[{"embeddable":true,"href":"https:\/\/cream-deluxe.com\/cs\/wp-json\/wp\/v2\/comments?post=8278"}],"version-history":[{"count":3,"href":"https:\/\/cream-deluxe.com\/cs\/wp-json\/wp\/v2\/pages\/8278\/revisions"}],"predecessor-version":[{"id":8281,"href":"https:\/\/cream-deluxe.com\/cs\/wp-json\/wp\/v2\/pages\/8278\/revisions\/8281"}],"wp:attachment":[{"href":"https:\/\/cream-deluxe.com\/cs\/wp-json\/wp\/v2\/media?parent=8278"}],"wp:term":[{"taxonomy":"category","embeddable":true,"href":"https:\/\/cream-deluxe.com\/cs\/wp-json\/wp\/v2\/categories?post=8278"},{"taxonomy":"post_tag","embeddable":true,"href":"https:\/\/cream-deluxe.com\/cs\/wp-json\/wp\/v2\/tags?post=8278"}],"curies":[{"name":"wp","href":"https:\/\/api.w.org\/{rel}","templated":true}]}}