{"id":33847,"date":"2025-09-16T10:38:28","date_gmt":"2025-09-16T08:38:28","guid":{"rendered":"https:\/\/cream-deluxe.com\/?page_id=33847"},"modified":"2026-02-10T09:03:54","modified_gmt":"2026-02-10T08:03:54","slug":"our-story","status":"publish","type":"page","link":"https:\/\/cream-deluxe.com\/cs\/our-story\/","title":{"rendered":"Our Story-z-2"},"content":{"rendered":"<div data-elementor-type=\"wp-page\" data-elementor-id=\"33847\" class=\"elementor elementor-33847\" data-elementor-post-type=\"page\">\n\t\t\t\t<div class=\"elementor-element elementor-element-585646c e-con-full elementor-hidden-mobile e-flex e-con e-parent\" data-id=\"585646c\" data-element_type=\"container\" data-settings=\"{&quot;background_background&quot;:&quot;classic&quot;}\">\n\t\t<div class=\"elementor-element elementor-element-ef5aab8 e-con-full e-flex e-con e-child\" data-id=\"ef5aab8\" data-element_type=\"container\">\n\t\t\t\t<div class=\"elementor-element elementor-element-0328036 elementor-widget elementor-widget-heading\" data-id=\"0328036\" data-element_type=\"widget\" data-widget_type=\"heading.default\">\n\t\t\t\t<div class=\"elementor-widget-container\">\n\t\t\t<style>\/*! elementor - v3.21.0 - 30-04-2024 *\/\n.elementor-heading-title{padding:0;margin:0;line-height:1}.elementor-widget-heading .elementor-heading-title[class*=elementor-size-]>a{color:inherit;font-size:inherit;line-height:inherit}.elementor-widget-heading .elementor-heading-title.elementor-size-small{font-size:15px}.elementor-widget-heading .elementor-heading-title.elementor-size-medium{font-size:19px}.elementor-widget-heading .elementor-heading-title.elementor-size-large{font-size:29px}.elementor-widget-heading .elementor-heading-title.elementor-size-xl{font-size:39px}.elementor-widget-heading .elementor-heading-title.elementor-size-xxl{font-size:59px}<\/style><h1 class=\"elementor-heading-title elementor-size-default\">N\u00e1\u0161 p\u0159\u00edb\u011bh<\/h1>\t\t<\/div>\n\t\t\t\t<\/div>\n\t\t\t\t<div class=\"elementor-element elementor-element-6b6a450 elementor-widget elementor-widget-heading\" data-id=\"6b6a450\" data-element_type=\"widget\" data-widget_type=\"heading.default\">\n\t\t\t\t<div class=\"elementor-widget-container\">\n\t\t\t<h2 class=\"elementor-heading-title elementor-size-default\">Transforming the ordinary into the extraordinary since our first day.<\/h2>\t\t<\/div>\n\t\t\t\t<\/div>\n\t\t\t\t<\/div>\n\t\t\t\t<\/div>\n\t\t<div class=\"elementor-element elementor-element-cebc773 elementor-hidden-mobile e-con-full e-flex e-con e-parent\" data-id=\"cebc773\" data-element_type=\"container\" data-settings=\"{&quot;background_background&quot;:&quot;classic&quot;}\">\n\t\t<div class=\"elementor-element elementor-element-0133027 e-con-full e-flex e-con e-child\" data-id=\"0133027\" data-element_type=\"container\" data-settings=\"{&quot;background_background&quot;:&quot;classic&quot;}\">\n\t\t\t\t<div class=\"elementor-element elementor-element-d3b54c3 elementor-widget elementor-widget-heading\" data-id=\"d3b54c3\" data-element_type=\"widget\" data-widget_type=\"heading.default\">\n\t\t\t\t<div class=\"elementor-widget-container\">\n\t\t\t<h1 class=\"elementor-heading-title elementor-size-default\">N\u00e1\u0161 p\u0159\u00edb\u011bh<\/h1>\t\t<\/div>\n\t\t\t\t<\/div>\n\t\t\t\t<div class=\"elementor-element elementor-element-043cd3a elementor-widget elementor-widget-text-editor\" data-id=\"043cd3a\" data-element_type=\"widget\" data-widget_type=\"text-editor.default\">\n\t\t\t\t<div class=\"elementor-widget-container\">\n\t\t\t<style>\/*! elementor - v3.21.0 - 30-04-2024 *\/\n.elementor-widget-text-editor.elementor-drop-cap-view-stacked .elementor-drop-cap{background-color:#69727d;color:#fff}.elementor-widget-text-editor.elementor-drop-cap-view-framed .elementor-drop-cap{color:#69727d;border:3px solid;background-color:transparent}.elementor-widget-text-editor:not(.elementor-drop-cap-view-default) .elementor-drop-cap{margin-top:8px}.elementor-widget-text-editor:not(.elementor-drop-cap-view-default) .elementor-drop-cap-letter{width:1em;height:1em}.elementor-widget-text-editor .elementor-drop-cap{float:left;text-align:center;line-height:1;font-size:50px}.elementor-widget-text-editor .elementor-drop-cap-letter{display:inline-block}<\/style>\t\t\t\t<p>Jsme Cream Deluxe - ambici\u00f3zn\u00ed start-up, kter\u00fd p\u0159in\u00e1\u0161\u00ed \u017eivot do potravin\u00e1\u0159sk\u00e9ho plyn\u00e1rensk\u00e9ho pr\u016fmyslu. \u017divot m\u00e1 nejr\u016fzn\u011bj\u0161\u00ed podoby, ale ve spole\u010dnosti Cream Deluxe chceme sv\u011btu uk\u00e1zat vynikaj\u00edc\u00ed zp\u016fsoby, jak kombinovat ty nejkvalitn\u011bj\u0161\u00ed zdroje a vytv\u00e1\u0159et dechberouc\u00ed z\u00e1\u017eitky.<\/p><p>A\u0165 u\u017e v restauraci, nebo v baru: Nejlep\u0161\u00ed a nejkr\u00e1sn\u011bj\u0161\u00ed v\u011bci na sv\u011bt\u011b nelze vid\u011bt ani se jich dotknout, ale je t\u0159eba je c\u00edtit srdcem. Vytv\u00e1\u0159en\u00ed t\u011bch nejjedine\u010dn\u011bj\u0161\u00edch n\u00e1poj\u016f, o kter\u00e9 se m\u016f\u017eete pod\u011blit s p\u0159\u00e1teli, je jen \u010d\u00e1st\u00ed rovnice.<\/p><p>Spole\u010dnost Cream Deluxe je zde proto, aby v\u00e1m pomohla nav\u00e1zat spojen\u00ed a cenn\u00e9 vazby, kter\u00e9 tyto cenn\u00e9 zku\u0161enosti pos\u00edl\u00ed. Ka\u017ed\u00e9 dobrodru\u017estv\u00ed s n\u00e1mi je p\u0159edur\u010deno k tomu, aby se stalo vzpom\u00ednkou, na kterou nikdy nezapomenete.<\/p><p>S na\u0161\u00ed revolu\u010dn\u00ed sadou pro nab\u00edjen\u00ed kr\u00e9m\u016f Cream Deluxe st\u00edr\u00e1 prach z tohoto starom\u00f3dn\u00edho odv\u011btv\u00ed a dob\u00fdv\u00e1 sv\u011bt pro v\u0161echny, kte\u0159\u00ed cht\u011bj\u00ed urychlit nab\u00edjen\u00ed kr\u00e9m\u016f sm\u011b\u0161nou rychlost\u00ed. Nakonec v\u00e1m pom\u016f\u017ee vy\u0161plhat se do nepoznan\u00fdch v\u00fd\u0161in.<\/p><p>Ne nepodstatnou skute\u010dnost\u00ed je, \u017ee vyr\u00e1b\u00edme tak\u00e9 produkty v\u00fdjime\u010dn\u00e9 kvality. <br \/>Co se v\u00e1m nel\u00edb\u00ed?<\/p>\t\t\t\t\t\t<\/div>\n\t\t\t\t<\/div>\n\t\t\t\t<\/div>\n\t\t\t\t<\/div>\n\t\t<div class=\"elementor-element elementor-element-597ec7f e-con-full elementor-hidden-desktop e-flex e-con e-parent\" data-id=\"597ec7f\" data-element_type=\"container\" data-settings=\"{&quot;background_background&quot;:&quot;classic&quot;}\">\n\t\t<div class=\"elementor-element elementor-element-0ee4c61 e-con-full e-flex e-con e-child\" data-id=\"0ee4c61\" data-element_type=\"container\">\n\t\t\t\t<div class=\"elementor-element elementor-element-4183b02 elementor-widget elementor-widget-heading\" data-id=\"4183b02\" data-element_type=\"widget\" data-widget_type=\"heading.default\">\n\t\t\t\t<div class=\"elementor-widget-container\">\n\t\t\t<h1 class=\"elementor-heading-title elementor-size-default\">N\u00e1\u0161 p\u0159\u00edb\u011bh<\/h1>\t\t<\/div>\n\t\t\t\t<\/div>\n\t\t\t\t<div class=\"elementor-element elementor-element-376852f elementor-widget elementor-widget-heading\" data-id=\"376852f\" data-element_type=\"widget\" data-widget_type=\"heading.default\">\n\t\t\t\t<div class=\"elementor-widget-container\">\n\t\t\t<h2 class=\"elementor-heading-title elementor-size-default\">Vytv\u00e1\u0159en\u00ed dechberouc\u00edch z\u00e1\u017eitk\u016f od roku 2019<\/h2>\t\t<\/div>\n\t\t\t\t<\/div>\n\t\t\t\t<\/div>\n\t\t\t\t<\/div>\n\t\t<div class=\"elementor-element elementor-element-fbe1d46 elementor-hidden-desktop e-flex e-con-boxed e-con e-parent\" data-id=\"fbe1d46\" data-element_type=\"container\" id=\"story-box\" data-settings=\"{&quot;background_background&quot;:&quot;classic&quot;}\">\n\t\t\t\t\t<div class=\"e-con-inner\">\n\t\t<div class=\"elementor-element elementor-element-b74e605 e-con-full elementor-hidden-desktop e-flex e-con e-child\" data-id=\"b74e605\" data-element_type=\"container\" id=\"daa\" data-settings=\"{&quot;background_background&quot;:&quot;classic&quot;}\">\n\t\t\t\t<div class=\"elementor-element elementor-element-ac45dfc elementor-widget elementor-widget-heading\" data-id=\"ac45dfc\" data-element_type=\"widget\" data-widget_type=\"heading.default\">\n\t\t\t\t<div class=\"elementor-widget-container\">\n\t\t\t<h1 class=\"elementor-heading-title elementor-size-default\">N\u00e1\u0161 p\u0159\u00edb\u011bh<\/h1>\t\t<\/div>\n\t\t\t\t<\/div>\n\t\t\t\t<div class=\"elementor-element elementor-element-48a404a elementor-widget elementor-widget-text-editor\" data-id=\"48a404a\" data-element_type=\"widget\" data-widget_type=\"text-editor.default\">\n\t\t\t\t<div class=\"elementor-widget-container\">\n\t\t\t\t\t\t\t<p>Jsme Cream Deluxe - ambici\u00f3zn\u00ed start-up, kter\u00fd p\u0159in\u00e1\u0161\u00ed \u017eivot do potravin\u00e1\u0159sk\u00e9ho plyn\u00e1rensk\u00e9ho pr\u016fmyslu. \u017divot m\u00e1 nejr\u016fzn\u011bj\u0161\u00ed podoby, ale ve spole\u010dnosti Cream Deluxe chceme sv\u011btu uk\u00e1zat vynikaj\u00edc\u00ed zp\u016fsoby, jak kombinovat ty nejkvalitn\u011bj\u0161\u00ed zdroje a vytv\u00e1\u0159et dechberouc\u00ed z\u00e1\u017eitky.<\/p><p>A\u0165 u\u017e v restauraci, nebo v baru: Nejlep\u0161\u00ed a nejkr\u00e1sn\u011bj\u0161\u00ed v\u011bci na sv\u011bt\u011b nelze vid\u011bt ani se jich dotknout, ale je t\u0159eba je c\u00edtit srdcem. Vytv\u00e1\u0159en\u00ed t\u011bch nejjedine\u010dn\u011bj\u0161\u00edch n\u00e1poj\u016f, o kter\u00e9 se m\u016f\u017eete pod\u011blit s p\u0159\u00e1teli, je jen \u010d\u00e1st\u00ed rovnice.<\/p><p>Spole\u010dnost Cream Deluxe je zde proto, aby v\u00e1m pomohla nav\u00e1zat spojen\u00ed a cenn\u00e9 vazby, kter\u00e9 tyto cenn\u00e9 zku\u0161enosti pos\u00edl\u00ed. Ka\u017ed\u00e9 dobrodru\u017estv\u00ed s n\u00e1mi je p\u0159edur\u010deno k tomu, aby se stalo vzpom\u00ednkou, na kterou nikdy nezapomenete.<\/p><p>S na\u0161\u00ed revolu\u010dn\u00ed sadou pro nab\u00edjen\u00ed kr\u00e9m\u016f Cream Deluxe st\u00edr\u00e1 prach z tohoto starom\u00f3dn\u00edho odv\u011btv\u00ed a dob\u00fdv\u00e1 sv\u011bt pro v\u0161echny, kte\u0159\u00ed cht\u011bj\u00ed urychlit nab\u00edjen\u00ed kr\u00e9m\u016f sm\u011b\u0161nou rychlost\u00ed. Nakonec v\u00e1m pom\u016f\u017ee vy\u0161plhat se do nepoznan\u00fdch v\u00fd\u0161in.<\/p><p>Ne nepodstatnou skute\u010dnost\u00ed je, \u017ee vyr\u00e1b\u00edme tak\u00e9 produkty v\u00fdjime\u010dn\u00e9 kvality. <br \/>Co se v\u00e1m nel\u00edb\u00ed?<\/p>\t\t\t\t\t\t<\/div>\n\t\t\t\t<\/div>\n\t\t\t\t<\/div>\n\t\t\t\t\t<\/div>\n\t\t\t\t<\/div>\n\t\t\t\t<\/div>","protected":false},"excerpt":{"rendered":"<p>Our Story Transforming the ordinary into the extraordinary since our first day. Our story We are Cream Deluxe \u2013 an ambitious start-up bringing life to the food-grade gas industry. Life is seen in all sorts and forms, but here at Cream Deluxe we mean showing to the world the exquisite ways of combining the most [&hellip;]<\/p>","protected":false},"author":3028,"featured_media":0,"parent":0,"menu_order":0,"comment_status":"closed","ping_status":"closed","template":"","meta":{"_acf_changed":false,"footnotes":""},"categories":[],"tags":[],"class_list":["post-33847","page","type-page","status-publish","hentry"],"acf":[],"_links":{"self":[{"href":"https:\/\/cream-deluxe.com\/cs\/wp-json\/wp\/v2\/pages\/33847","targetHints":{"allow":["GET"]}}],"collection":[{"href":"https:\/\/cream-deluxe.com\/cs\/wp-json\/wp\/v2\/pages"}],"about":[{"href":"https:\/\/cream-deluxe.com\/cs\/wp-json\/wp\/v2\/types\/page"}],"author":[{"embeddable":true,"href":"https:\/\/cream-deluxe.com\/cs\/wp-json\/wp\/v2\/users\/3028"}],"replies":[{"embeddable":true,"href":"https:\/\/cream-deluxe.com\/cs\/wp-json\/wp\/v2\/comments?post=33847"}],"version-history":[{"count":9,"href":"https:\/\/cream-deluxe.com\/cs\/wp-json\/wp\/v2\/pages\/33847\/revisions"}],"predecessor-version":[{"id":34679,"href":"https:\/\/cream-deluxe.com\/cs\/wp-json\/wp\/v2\/pages\/33847\/revisions\/34679"}],"wp:attachment":[{"href":"https:\/\/cream-deluxe.com\/cs\/wp-json\/wp\/v2\/media?parent=33847"}],"wp:term":[{"taxonomy":"category","embeddable":true,"href":"https:\/\/cream-deluxe.com\/cs\/wp-json\/wp\/v2\/categories?post=33847"},{"taxonomy":"post_tag","embeddable":true,"href":"https:\/\/cream-deluxe.com\/cs\/wp-json\/wp\/v2\/tags?post=33847"}],"curies":[{"name":"wp","href":"https:\/\/api.w.org\/{rel}","templated":true}]}}