{"id":31201,"date":"2025-04-21T07:55:39","date_gmt":"2025-04-21T05:55:39","guid":{"rendered":"https:\/\/cream-deluxe.com\/?page_id=31201"},"modified":"2025-04-21T07:55:42","modified_gmt":"2025-04-21T05:55:42","slug":"whipped-cream-charger-vs-traditional-hand-whipping-which-is-better","status":"publish","type":"page","link":"https:\/\/cream-deluxe.com\/cs\/whipped-cream-charger-vs-traditional-hand-whipping-which-is-better\/","title":{"rendered":"Nab\u00edje\u010dka \u0161leha\u010dky vs. tradi\u010dn\u00ed ru\u010dn\u00ed \u0161leh\u00e1n\u00ed: Co je lep\u0161\u00ed?"},"content":{"rendered":"<p>Za\u017eili jste n\u011bkdy n\u011bco podobn\u00e9ho? P\u0159ipravujete kr\u00e1sn\u00fd dezert na setk\u00e1n\u00ed s p\u0159\u00e1teli a p\u0159em\u00fd\u0161l\u00edte, <em>\"Dom\u00e1c\u00ed v\u00fdroba je v\u017edy up\u0159\u00edmn\u011bj\u0161\u00ed.\"<\/em>&nbsp;Tak\u017ee si vyhrnete ruk\u00e1vy a za\u010dnete \u0161lehat kr\u00e9m ru\u010dn\u011b, pot z v\u00e1s kape, ruce ho\u0159\u00ed - a nakonec m\u00e1te \u0161leha\u010dky m\u00e1lo, nezb\u00fdv\u00e1 v\u00e1m \u010das a mou\u010dn\u00edk se nikdy nedostane na st\u016fl. N\u00e1lada? P\u0159inejmen\u0161\u00edm trapn\u00e1.<\/p>\n\n\n\n<p><strong>Z hlediska textury, \u010dasov\u00e9 efektivity a konzistence \u0161leha\u010dky nab\u00edje\u010dky jednozna\u010dn\u011b p\u0159ekon\u00e1vaj\u00ed tradi\u010dn\u00ed ru\u010dn\u00ed \u0161leh\u00e1n\u00ed, zat\u00edmco ru\u010dn\u00ed \u0161leh\u00e1n\u00ed si zachov\u00e1v\u00e1 sv\u00e9 kouzlo v p\u0159\u00edprav\u011b mal\u00fdch d\u00e1vek a praktick\u00e9m z\u00e1\u017eitku z v\u00fdroby.<\/strong><\/p>\n\n\n\n<p>Ve sv\u011bt\u011b, kde <strong>pravidla efektivity<\/strong>, v\u00fdb\u011br spr\u00e1vn\u00e9ho n\u00e1stroje nen\u00ed jen detail - je to prvn\u00ed krok ke zvl\u00e1dnut\u00ed um\u011bn\u00ed dezert\u016f.<\/p>\n\n\n\n<h2 class=\"wp-block-heading\"><strong>I<\/strong><strong>\u3001<\/strong><strong>Rou<\/strong><strong>nd 1: <\/strong><strong>Smetanov\u00e9 nab\u00edje\u010dky vs. ru\u010dn\u00ed \u0161leh\u00e1n\u00ed<\/strong><strong>- <\/strong><strong>Textura<\/strong><strong><\/strong><\/h2>\n\n\n\n<figure class=\"wp-block-image size-full\"><img fetchpriority=\"high\" decoding=\"async\" width=\"607\" height=\"418\" src=\"https:\/\/cream-deluxe.com\/wp-content\/uploads\/2025\/04\/\u56fe\u72471_proc-3.jpg\" alt=\"\" class=\"wp-image-31202\" srcset=\"https:\/\/cream-deluxe.com\/wp-content\/uploads\/2025\/04\/\u56fe\u72471_proc-3.jpg 607w, https:\/\/cream-deluxe.com\/wp-content\/uploads\/2025\/04\/\u56fe\u72471_proc-3-300x207.jpg 300w, https:\/\/cream-deluxe.com\/wp-content\/uploads\/2025\/04\/\u56fe\u72471_proc-3-18x12.jpg 18w\" sizes=\"(max-width: 607px) 100vw, 607px\" \/><\/figure>\n\n\n\n<p><strong>Tradi\u010dn\u00ed ru\u010dn\u00ed bi\u010dov\u00e1n\u00ed<\/strong><br>D\u011blat v\u011bci postaru m\u00e1 sv\u00e9 kouzlo. Ale ru\u010dn\u00ed bi\u010dov\u00e1n\u00ed je velmi ned\u016fsledn\u00e9. Je ho m\u00e1lo a je \u0159\u00eddk\u00e9. P\u0159\u00edli\u0161 mnoho a zm\u011bn\u00ed se v m\u00e1slo.<br>Struktura? \u010casto nestabiln\u00ed. Tvar? Hazard.<br>Pokud se sna\u017e\u00edte o slo\u017eitou v\u00fdzdobu dezertu, ru\u010dn\u011b \u0161lehan\u00e1 smetana by mohla propadnout.<\/p>\n\n\n\n<p><strong>Smetanov\u00e9 nab\u00edje\u010dky<\/strong><br>P\u0159ich\u00e1z\u00ed modern\u00ed hrdina: S <a href=\"https:\/\/www.sciencedirect.com\/science\/article\/abs\/pii\/B9780443190698000081\" target=\"_blank\" rel=\"noreferrer noopener nofollow\">oxid dusn\u00fd<\/a> a d\u00e1vkova\u010dem \u0161leha\u010dky z\u00edsk\u00e1te nad\u00fdchanou \u0161leha\u010dku p\u0159ipom\u00ednaj\u00edc\u00ed obl\u00e1\u010dek s obsahem <strong>profesion\u00e1ln\u00ed konzistence<\/strong>\u00a0poka\u017ed\u00e9. Dr\u017e\u00ed tvar, je ide\u00e1ln\u00ed pro zdoben\u00ed, pol\u00e9v\u00e1n\u00ed, v\u00ed\u0159en\u00ed - v podstat\u011b dezertn\u00ed um\u011bn\u00ed na p\u0159\u00e1n\u00ed.<\/p>\n\n\n\n<p><strong>Rozd\u00edl v pocitu<\/strong>: Jedna je divok\u00e1 karta, druh\u00e1 je hedv\u00e1b\u00ed na l\u017e\u00edci.<\/p>\n\n\n\n<hr class=\"wp-block-separator has-alpha-channel-opacity\"\/>\n\n\n\n<h2 class=\"wp-block-heading\"><strong>II<\/strong><strong>\u3001<\/strong><strong>Roun<\/strong><strong>d 2: <\/strong><strong>Smetanov\u00e9 nab\u00edje\u010dky vs. ru\u010dn\u00ed \u0161leh\u00e1n\u00ed<\/strong><strong>-<\/strong><strong>\u010cas<\/strong><strong><\/strong><\/h2>\n\n\n\n<figure class=\"wp-block-image size-full\"><img decoding=\"async\" width=\"600\" height=\"407\" src=\"https:\/\/cream-deluxe.com\/wp-content\/uploads\/2025\/04\/\u56fe\u72472_proc-3.jpg\" alt=\"\" class=\"wp-image-31203\" srcset=\"https:\/\/cream-deluxe.com\/wp-content\/uploads\/2025\/04\/\u56fe\u72472_proc-3.jpg 600w, https:\/\/cream-deluxe.com\/wp-content\/uploads\/2025\/04\/\u56fe\u72472_proc-3-300x204.jpg 300w, https:\/\/cream-deluxe.com\/wp-content\/uploads\/2025\/04\/\u56fe\u72472_proc-3-18x12.jpg 18w\" sizes=\"(max-width: 600px) 100vw, 600px\" \/><\/figure>\n\n\n\n<p><strong>Ru\u010dn\u00ed \u0161leh\u00e1n\u00ed<\/strong><br>5 a\u017e 10 minut neust\u00e1l\u00e9ho pohybu s velk\u00fdm rizikem p\u0159e\u0161vihnut\u00ed nebo nedo\u0161vihnut\u00ed. Nen\u00ed ide\u00e1ln\u00ed pro ru\u0161n\u00e9 kuchyn\u011b nebo pro p\u0159\u00edpravu dezert\u016f na posledn\u00ed chv\u00edli.<\/p>\n\n\n\n<p><strong>Smetanov\u00e9 nab\u00edje\u010dky<\/strong><br>Nalo\u017ete, nabijte, prot\u0159epejte, nast\u0159\u00edkejte - hotovo v <strong>pod minutu<\/strong>. A\u0165 u\u017e pracujete v profesion\u00e1ln\u00ed kuchyni, nebo si jen chcete n\u011bco uva\u0159it po ve\u010de\u0159i, tento p\u0159\u00edstroj je rychl\u00fd a snadn\u00fd.<\/p>\n\n\n\n<p><strong>Real Talk<\/strong>: Nejde o lenost. Jde o to, jak chyt\u0159e nakl\u00e1dat se sv\u00fdm \u010dasem.<\/p>\n\n\n\n<hr class=\"wp-block-separator has-alpha-channel-opacity\"\/>\n\n\n\n<h2 class=\"wp-block-heading\"><strong>III<\/strong><strong>\u3001<\/strong><strong>Ro<\/strong><strong>und 3:<\/strong><strong>Smetanov\u00e9 nab\u00edje\u010dky vs. ru\u010dn\u00ed \u0161leh\u00e1n\u00ed<\/strong><strong>-<\/strong><strong>Chu\u0165<\/strong><strong><\/strong><\/h2>\n\n\n\n<p><strong>Ru\u010dn\u011b \u0161lehan\u00e1 smetana<\/strong><br>Pokud je dokonale p\u0159ipraven\u00e1, je sv\u011b\u017e\u00ed a kr\u00e9mov\u00e1. Ale to \"dokonal\u00e9\" je tenk\u00e1 hranice, kterou lze snadno p\u0159ekro\u010dit a p\u0159ej\u00edt do ploch\u00e9ho nebo mastn\u00e9ho prost\u0159ed\u00ed.<\/p>\n\n\n\n<p><strong>Smetanov\u00e9 nab\u00edje\u010dky<\/strong><br>Oxid dusn\u00fd nem\u011bn\u00ed chu\u0165 - ve skute\u010dnosti zachov\u00e1v\u00e1 \u010derstvost smetany d\u00e9le, proto\u017ee se do n\u00ed nedostane kysl\u00edk. Z\u00edsk\u00e1te <strong>leh\u010d\u00ed, hlad\u0161\u00ed chu\u0165 v \u00fastech<\/strong>&nbsp;a lep\u0161\u00ed vn\u00edm\u00e1n\u00ed sladkosti, zejm\u00e9na pokud je kr\u00e9m ochucen\u00fd.<\/p>\n\n\n\n<p><strong>Verdikt o chuti<\/strong>: Ob\u011b chutnaj\u00ed skv\u011ble - ale jen jedna je spolehliv\u011b skv\u011bl\u00e1. <em>poka\u017ed\u00e9.<\/em><\/p>\n\n\n\n<hr class=\"wp-block-separator has-alpha-channel-opacity\"\/>\n\n\n\n<h2 class=\"wp-block-heading\"><strong>IV<\/strong><strong>\u3001<\/strong><strong>W<\/strong><strong>pro\u010d si pro sv\u00e9 nab\u00edje\u010dky kr\u00e9m\u016f vybrat Cream Deluxe?<\/strong><strong><\/strong><\/h2>\n\n\n\n<p>Pokud se chyst\u00e1te vstoupit do sv\u011bta nab\u00edje\u010dek kr\u00e9m\u016f, vyberte si zna\u010dku, kter\u00e1 cel\u00fd z\u00e1\u017eitek pov\u00fd\u0161\u00ed na vy\u0161\u0161\u00ed \u00farove\u0148 - <strong>Cream Deluxe<\/strong>.<\/p>\n\n\n\n<p><strong>Oxid dusn\u00fd vysok\u00e9 \u010distoty<\/strong>&nbsp;pro lep\u0161\u00ed texturu a \u010dist\u0161\u00ed chu\u0165<\/p>\n\n\n\n<p><strong>Elegantn\u00ed, odoln\u00e9 v\u00e1lce<\/strong>&nbsp;kter\u00e9 se dod\u00e1vaj\u00ed v r\u016fzn\u00fdch velikostech<\/p>\n\n\n\n<p><strong>Rychl\u00e1 a snadn\u00e1 kompatibilita<\/strong>&nbsp;s v\u011bt\u0161inou d\u00e1vkova\u010d\u016f<\/p>\n\n\n\n<p><strong>Ekologicky \u0161etrn\u00e9 balen\u00ed<\/strong>&nbsp;kter\u00e1 sni\u017euje mno\u017estv\u00ed odpadu<\/p>\n\n\n\n<p>A\u0165 u\u017e jste dom\u00e1c\u00ed kucha\u0159, barista nebo pl\u00e1nujete velkolepou brunch party, Cream Deluxe v\u00e1m pom\u016f\u017ee dos\u00e1hnout profesion\u00e1ln\u00edch v\u00fdsledk\u016f bez stresu.<\/p>\n\n\n\n<hr class=\"wp-block-separator has-alpha-channel-opacity\"\/>\n\n\n\n<h2 class=\"wp-block-heading\"><strong>V<\/strong><strong>\u3001<\/strong><strong>\u2705 <\/strong><strong>Kone\u010dn\u00fd verdikt: Kouzlo star\u00e9 \u0161koly, nebo modern\u00ed magie?<\/strong><strong><\/strong><\/h2>\n\n\n\n<p>Tradi\u010dn\u00ed ru\u010dn\u00ed \u0161leh\u00e1n\u00ed m\u016f\u017ee m\u00edt st\u00e1le sv\u00e9 m\u00edsto pro nostalgick\u00e9 chv\u00edle nebo mal\u00e9 d\u00e1vky. Ale pokud jde o <strong>konzistence, rychlost, kontrola a tv\u016fr\u010d\u00ed potenci\u00e1l<\/strong>, nab\u00edje\u010dky \u0161leha\u010dky jsou na m\u00edle daleko.<\/p>\n\n\n\n<p>A\u017e budete p\u0159\u00ed\u0161t\u011b sahat po metli\u010dce, zastavte se a zamyslete:<br>Nebylo by to slad\u0161\u00ed, rychlej\u0161\u00ed a nad\u00fdchan\u011bj\u0161\u00ed s malou pomoc\u00ed od<a href=\"https:\/\/cream-deluxe.com\/cs\/\" target=\"_blank\" rel=\"noreferrer noopener\"> Cream Deluxe<\/a>?<\/p>\n\n\n\n<p><\/p>","protected":false},"excerpt":{"rendered":"<p>Have you ever had this experience? You\u2019re prepping a beautiful dessert spread for a get-together with friends, thinking, \u201cHomemade always feels more sincere.\u201d&nbsp;So you roll up your sleeves and start whisking cream by hand, sweat dripping, arms burning \u2014 only to end up with under-whipped cream, no time left, and desserts that never make it [&hellip;]<\/p>","protected":false},"author":3028,"featured_media":31140,"parent":0,"menu_order":0,"comment_status":"closed","ping_status":"closed","template":"","meta":{"_acf_changed":false,"footnotes":""},"categories":[42],"tags":[],"class_list":["post-31201","page","type-page","status-publish","has-post-thumbnail","hentry","category-blog"],"acf":[],"_links":{"self":[{"href":"https:\/\/cream-deluxe.com\/cs\/wp-json\/wp\/v2\/pages\/31201","targetHints":{"allow":["GET"]}}],"collection":[{"href":"https:\/\/cream-deluxe.com\/cs\/wp-json\/wp\/v2\/pages"}],"about":[{"href":"https:\/\/cream-deluxe.com\/cs\/wp-json\/wp\/v2\/types\/page"}],"author":[{"embeddable":true,"href":"https:\/\/cream-deluxe.com\/cs\/wp-json\/wp\/v2\/users\/3028"}],"replies":[{"embeddable":true,"href":"https:\/\/cream-deluxe.com\/cs\/wp-json\/wp\/v2\/comments?post=31201"}],"version-history":[{"count":1,"href":"https:\/\/cream-deluxe.com\/cs\/wp-json\/wp\/v2\/pages\/31201\/revisions"}],"predecessor-version":[{"id":31204,"href":"https:\/\/cream-deluxe.com\/cs\/wp-json\/wp\/v2\/pages\/31201\/revisions\/31204"}],"wp:featuredmedia":[{"embeddable":true,"href":"https:\/\/cream-deluxe.com\/cs\/wp-json\/wp\/v2\/media\/31140"}],"wp:attachment":[{"href":"https:\/\/cream-deluxe.com\/cs\/wp-json\/wp\/v2\/media?parent=31201"}],"wp:term":[{"taxonomy":"category","embeddable":true,"href":"https:\/\/cream-deluxe.com\/cs\/wp-json\/wp\/v2\/categories?post=31201"},{"taxonomy":"post_tag","embeddable":true,"href":"https:\/\/cream-deluxe.com\/cs\/wp-json\/wp\/v2\/tags?post=31201"}],"curies":[{"name":"wp","href":"https:\/\/api.w.org\/{rel}","templated":true}]}}