{"id":30681,"date":"2024-06-17T15:15:35","date_gmt":"2024-06-17T13:15:35","guid":{"rendered":"https:\/\/cream-deluxe.com\/?page_id=30681"},"modified":"2025-07-11T14:32:25","modified_gmt":"2025-07-11T12:32:25","slug":"authentication-and-counterfeits-3","status":"publish","type":"page","link":"https:\/\/cream-deluxe.com\/cs\/authentication-and-counterfeits-3\/","title":{"rendered":"Ov\u011b\u0159ov\u00e1n\u00ed pravosti a pad\u011blky"},"content":{"rendered":"","protected":false},"excerpt":{"rendered":"","protected":false},"author":3025,"featured_media":0,"parent":0,"menu_order":0,"comment_status":"closed","ping_status":"closed","template":"template-verify-read-more.php","meta":{"_acf_changed":false,"footnotes":""},"categories":[],"tags":[],"class_list":["post-30681","page","type-page","status-publish","hentry"],"acf":[],"_links":{"self":[{"href":"https:\/\/cream-deluxe.com\/cs\/wp-json\/wp\/v2\/pages\/30681","targetHints":{"allow":["GET"]}}],"collection":[{"href":"https:\/\/cream-deluxe.com\/cs\/wp-json\/wp\/v2\/pages"}],"about":[{"href":"https:\/\/cream-deluxe.com\/cs\/wp-json\/wp\/v2\/types\/page"}],"author":[{"embeddable":true,"href":"https:\/\/cream-deluxe.com\/cs\/wp-json\/wp\/v2\/users\/3025"}],"replies":[{"embeddable":true,"href":"https:\/\/cream-deluxe.com\/cs\/wp-json\/wp\/v2\/comments?post=30681"}],"version-history":[{"count":4,"href":"https:\/\/cream-deluxe.com\/cs\/wp-json\/wp\/v2\/pages\/30681\/revisions"}],"predecessor-version":[{"id":30687,"href":"https:\/\/cream-deluxe.com\/cs\/wp-json\/wp\/v2\/pages\/30681\/revisions\/30687"}],"wp:attachment":[{"href":"https:\/\/cream-deluxe.com\/cs\/wp-json\/wp\/v2\/media?parent=30681"}],"wp:term":[{"taxonomy":"category","embeddable":true,"href":"https:\/\/cream-deluxe.com\/cs\/wp-json\/wp\/v2\/categories?post=30681"},{"taxonomy":"post_tag","embeddable":true,"href":"https:\/\/cream-deluxe.com\/cs\/wp-json\/wp\/v2\/tags?post=30681"}],"curies":[{"name":"wp","href":"https:\/\/api.w.org\/{rel}","templated":true}]}}