{"id":273,"date":"2020-03-25T15:01:14","date_gmt":"2020-03-25T15:01:14","guid":{"rendered":"https:\/\/cream-deluxe.com\/?page_id=273"},"modified":"2021-10-29T11:09:12","modified_gmt":"2021-10-29T09:09:12","slug":"checkout","status":"publish","type":"page","link":"https:\/\/cream-deluxe.com\/cs\/checkout\/","title":{"rendered":"Pokladna"},"content":{"rendered":"<div data-elementor-type=\"wp-page\" data-elementor-id=\"273\" class=\"elementor elementor-273\" data-elementor-post-type=\"page\">\n\t\t\t\t\t\t<header class=\"elementor-section elementor-top-section elementor-element elementor-element-b8f76c4 elementor-section-content-middle elementor-section-height-min-height elementor-hidden-tablet elementor-hidden-phone elementor-section-boxed elementor-section-height-default elementor-section-items-middle\" data-id=\"b8f76c4\" data-element_type=\"section\" data-settings=\"{&quot;background_background&quot;:&quot;classic&quot;}\">\n\t\t\t\t\t\t<div class=\"elementor-container elementor-column-gap-no\">\n\t\t\t\t\t<div class=\"elementor-column elementor-col-20 elementor-top-column elementor-element elementor-element-6b48674\" data-id=\"6b48674\" data-element_type=\"column\">\n\t\t\t<div class=\"elementor-widget-wrap elementor-element-populated\">\n\t\t\t\t\t\t<div class=\"elementor-element elementor-element-8be93cb elementor-widget elementor-widget-theme-site-logo elementor-widget-image\" data-id=\"8be93cb\" data-element_type=\"widget\" data-widget_type=\"theme-site-logo.default\">\n\t\t\t\t<div class=\"elementor-widget-container\">\n\t\t\t<style>\/*! elementor - v3.21.0 - 30-04-2024 *\/\n.elementor-widget-image{text-align:center}.elementor-widget-image a{display:inline-block}.elementor-widget-image a img[src$=\".svg\"]{width:48px}.elementor-widget-image img{vertical-align:middle;display:inline-block}<\/style>\t\t\t\t\t\t<a href=\"https:\/\/cream-deluxe.com\/cs\/\">\n\t\t\t<img fetchpriority=\"high\" decoding=\"async\" width=\"2976\" height=\"1725\" src=\"https:\/\/cream-deluxe.com\/wp-content\/uploads\/2020\/05\/CREAMDELUXE-LOGO-NEW-YELLOW.png\" class=\"attachment-full size-full wp-image-2162\" alt=\"Cream Deluxe Logo \u017dlut\u00e1\" srcset=\"https:\/\/cream-deluxe.com\/wp-content\/uploads\/2020\/05\/CREAMDELUXE-LOGO-NEW-YELLOW.png 2976w, https:\/\/cream-deluxe.com\/wp-content\/uploads\/2020\/05\/CREAMDELUXE-LOGO-NEW-YELLOW-300x174.png 300w, https:\/\/cream-deluxe.com\/wp-content\/uploads\/2020\/05\/CREAMDELUXE-LOGO-NEW-YELLOW-1024x594.png 1024w, https:\/\/cream-deluxe.com\/wp-content\/uploads\/2020\/05\/CREAMDELUXE-LOGO-NEW-YELLOW-768x445.png 768w, https:\/\/cream-deluxe.com\/wp-content\/uploads\/2020\/05\/CREAMDELUXE-LOGO-NEW-YELLOW-1536x890.png 1536w, https:\/\/cream-deluxe.com\/wp-content\/uploads\/2020\/05\/CREAMDELUXE-LOGO-NEW-YELLOW-2048x1187.png 2048w, https:\/\/cream-deluxe.com\/wp-content\/uploads\/2020\/05\/CREAMDELUXE-LOGO-NEW-YELLOW-600x348.png 600w\" sizes=\"(max-width: 2976px) 100vw, 2976px\" \/>\t\t\t\t<\/a>\n\t\t\t\t\t\t\t\t\t<\/div>\n\t\t\t\t<\/div>\n\t\t\t\t\t<\/div>\n\t\t<\/div>\n\t\t\t\t<div class=\"elementor-column elementor-col-20 elementor-top-column elementor-element elementor-element-d29c866 elementor-hidden-phone\" data-id=\"d29c866\" data-element_type=\"column\">\n\t\t\t<div class=\"elementor-widget-wrap\">\n\t\t\t\t\t\t\t<\/div>\n\t\t<\/div>\n\t\t\t\t<div class=\"elementor-column elementor-col-20 elementor-top-column elementor-element elementor-element-8cb857a elementor-hidden-tablet elementor-hidden-phone\" data-id=\"8cb857a\" data-element_type=\"column\" data-settings=\"{&quot;motion_fx_motion_fx_mouse&quot;:&quot;yes&quot;}\">\n\t\t\t<div class=\"elementor-widget-wrap\">\n\t\t\t\t\t\t\t<\/div>\n\t\t<\/div>\n\t\t\t\t<div class=\"elementor-column elementor-col-20 elementor-top-column elementor-element elementor-element-cf14639\" data-id=\"cf14639\" data-element_type=\"column\">\n\t\t\t<div class=\"elementor-widget-wrap\">\n\t\t\t\t\t\t\t<\/div>\n\t\t<\/div>\n\t\t\t\t<div class=\"elementor-column elementor-col-20 elementor-top-column elementor-element elementor-element-c9753c7\" data-id=\"c9753c7\" data-element_type=\"column\">\n\t\t\t<div class=\"elementor-widget-wrap\">\n\t\t\t\t\t\t\t<\/div>\n\t\t<\/div>\n\t\t\t\t\t<\/div>\n\t\t<\/header>\n\t\t\t\t<header class=\"elementor-section elementor-top-section elementor-element elementor-element-85cdb55 elementor-section-content-middle elementor-section-height-min-height elementor-section-full_width elementor-hidden-desktop elementor-hidden-phone elementor-section-height-default elementor-section-items-middle\" data-id=\"85cdb55\" data-element_type=\"section\" data-settings=\"{&quot;background_background&quot;:&quot;classic&quot;}\">\n\t\t\t\t\t\t<div class=\"elementor-container elementor-column-gap-no\">\n\t\t\t\t\t<div class=\"elementor-column elementor-col-20 elementor-top-column elementor-element elementor-element-69b3237\" data-id=\"69b3237\" data-element_type=\"column\">\n\t\t\t<div class=\"elementor-widget-wrap elementor-element-populated\">\n\t\t\t\t\t\t<div class=\"elementor-element elementor-element-49700f4 elementor-widget elementor-widget-theme-site-logo elementor-widget-image\" data-id=\"49700f4\" data-element_type=\"widget\" data-widget_type=\"theme-site-logo.default\">\n\t\t\t\t<div class=\"elementor-widget-container\">\n\t\t\t\t\t\t\t\t\t<a href=\"https:\/\/cream-deluxe.com\/cs\/\">\n\t\t\t<img decoding=\"async\" width=\"800\" height=\"464\" src=\"https:\/\/cream-deluxe.com\/wp-content\/uploads\/2020\/05\/CREAMDELUXE-LOGO-NEW-YELLOW-1024x594.png\" class=\"attachment-large size-large wp-image-2162\" alt=\"Cream Deluxe Logo \u017dlut\u00e1\" srcset=\"https:\/\/cream-deluxe.com\/wp-content\/uploads\/2020\/05\/CREAMDELUXE-LOGO-NEW-YELLOW-1024x594.png 1024w, https:\/\/cream-deluxe.com\/wp-content\/uploads\/2020\/05\/CREAMDELUXE-LOGO-NEW-YELLOW-300x174.png 300w, https:\/\/cream-deluxe.com\/wp-content\/uploads\/2020\/05\/CREAMDELUXE-LOGO-NEW-YELLOW-768x445.png 768w, https:\/\/cream-deluxe.com\/wp-content\/uploads\/2020\/05\/CREAMDELUXE-LOGO-NEW-YELLOW-1536x890.png 1536w, https:\/\/cream-deluxe.com\/wp-content\/uploads\/2020\/05\/CREAMDELUXE-LOGO-NEW-YELLOW-2048x1187.png 2048w, https:\/\/cream-deluxe.com\/wp-content\/uploads\/2020\/05\/CREAMDELUXE-LOGO-NEW-YELLOW-600x348.png 600w\" sizes=\"(max-width: 800px) 100vw, 800px\" \/>\t\t\t\t<\/a>\n\t\t\t\t\t\t\t\t\t<\/div>\n\t\t\t\t<\/div>\n\t\t\t\t\t<\/div>\n\t\t<\/div>\n\t\t\t\t<div class=\"elementor-column elementor-col-20 elementor-top-column elementor-element elementor-element-e596818 elementor-hidden-desktop elementor-hidden-phone\" data-id=\"e596818\" data-element_type=\"column\">\n\t\t\t<div class=\"elementor-widget-wrap\">\n\t\t\t\t\t\t\t<\/div>\n\t\t<\/div>\n\t\t\t\t<div class=\"elementor-column elementor-col-20 elementor-top-column elementor-element elementor-element-4f4f249 elementor-hidden-desktop\" data-id=\"4f4f249\" data-element_type=\"column\">\n\t\t\t<div class=\"elementor-widget-wrap\">\n\t\t\t\t\t\t\t<\/div>\n\t\t<\/div>\n\t\t\t\t<div class=\"elementor-column elementor-col-20 elementor-top-column elementor-element elementor-element-7451fbb elementor-hidden-desktop\" data-id=\"7451fbb\" data-element_type=\"column\">\n\t\t\t<div class=\"elementor-widget-wrap\">\n\t\t\t\t\t\t\t<\/div>\n\t\t<\/div>\n\t\t\t\t<div class=\"elementor-column elementor-col-20 elementor-top-column elementor-element elementor-element-5843d8e elementor-hidden-phone\" data-id=\"5843d8e\" data-element_type=\"column\">\n\t\t\t<div class=\"elementor-widget-wrap\">\n\t\t\t\t\t\t\t<\/div>\n\t\t<\/div>\n\t\t\t\t\t<\/div>\n\t\t<\/header>\n\t\t\t\t<header class=\"elementor-section elementor-top-section elementor-element elementor-element-23e821a elementor-section-content-middle elementor-section-height-min-height elementor-section-full_width elementor-hidden-desktop elementor-hidden-tablet elementor-section-height-default elementor-section-items-middle\" data-id=\"23e821a\" data-element_type=\"section\" data-settings=\"{&quot;background_background&quot;:&quot;classic&quot;,&quot;sticky&quot;:&quot;top&quot;,&quot;sticky_on&quot;:[],&quot;sticky_offset&quot;:0,&quot;sticky_effects_offset&quot;:0}\">\n\t\t\t\t\t\t<div class=\"elementor-container elementor-column-gap-no\">\n\t\t\t\t\t<div class=\"elementor-column elementor-col-25 elementor-top-column elementor-element elementor-element-5097706\" data-id=\"5097706\" data-element_type=\"column\">\n\t\t\t<div class=\"elementor-widget-wrap elementor-element-populated\">\n\t\t\t\t\t\t<div class=\"elementor-element elementor-element-53c1304 elementor-widget elementor-widget-theme-site-logo elementor-widget-image\" data-id=\"53c1304\" data-element_type=\"widget\" data-widget_type=\"theme-site-logo.default\">\n\t\t\t\t<div class=\"elementor-widget-container\">\n\t\t\t\t\t\t\t\t\t<a href=\"https:\/\/cream-deluxe.com\/cs\/\">\n\t\t\t<img decoding=\"async\" width=\"300\" height=\"174\" src=\"https:\/\/cream-deluxe.com\/wp-content\/uploads\/2020\/05\/CREAMDELUXE-LOGO-NEW-YELLOW-300x174.png\" class=\"attachment-medium size-medium wp-image-2162\" alt=\"Cream Deluxe Logo \u017dlut\u00e1\" srcset=\"https:\/\/cream-deluxe.com\/wp-content\/uploads\/2020\/05\/CREAMDELUXE-LOGO-NEW-YELLOW-300x174.png 300w, https:\/\/cream-deluxe.com\/wp-content\/uploads\/2020\/05\/CREAMDELUXE-LOGO-NEW-YELLOW-1024x594.png 1024w, https:\/\/cream-deluxe.com\/wp-content\/uploads\/2020\/05\/CREAMDELUXE-LOGO-NEW-YELLOW-768x445.png 768w, https:\/\/cream-deluxe.com\/wp-content\/uploads\/2020\/05\/CREAMDELUXE-LOGO-NEW-YELLOW-1536x890.png 1536w, https:\/\/cream-deluxe.com\/wp-content\/uploads\/2020\/05\/CREAMDELUXE-LOGO-NEW-YELLOW-2048x1187.png 2048w, https:\/\/cream-deluxe.com\/wp-content\/uploads\/2020\/05\/CREAMDELUXE-LOGO-NEW-YELLOW-600x348.png 600w\" sizes=\"(max-width: 300px) 100vw, 300px\" \/>\t\t\t\t<\/a>\n\t\t\t\t\t\t\t\t\t<\/div>\n\t\t\t\t<\/div>\n\t\t\t\t\t<\/div>\n\t\t<\/div>\n\t\t\t\t<div class=\"elementor-column elementor-col-25 elementor-top-column elementor-element elementor-element-9ba43f3 elementor-hidden-desktop\" data-id=\"9ba43f3\" data-element_type=\"column\">\n\t\t\t<div class=\"elementor-widget-wrap\">\n\t\t\t\t\t\t\t<\/div>\n\t\t<\/div>\n\t\t\t\t<div class=\"elementor-column elementor-col-25 elementor-top-column elementor-element elementor-element-517c933 elementor-hidden-desktop\" data-id=\"517c933\" data-element_type=\"column\">\n\t\t\t<div class=\"elementor-widget-wrap\">\n\t\t\t\t\t\t\t<\/div>\n\t\t<\/div>\n\t\t\t\t<div class=\"elementor-column elementor-col-25 elementor-top-column elementor-element elementor-element-dfb2279 elementor-hidden-desktop elementor-hidden-tablet\" data-id=\"dfb2279\" data-element_type=\"column\">\n\t\t\t<div class=\"elementor-widget-wrap\">\n\t\t\t\t\t\t\t<\/div>\n\t\t<\/div>\n\t\t\t\t\t<\/div>\n\t\t<\/header>\n\t\t\t\t<section class=\"elementor-section elementor-top-section elementor-element elementor-element-abaa719 elementor-section-boxed elementor-section-height-default elementor-section-height-default\" data-id=\"abaa719\" data-element_type=\"section\">\n\t\t\t\t\t\t<div class=\"elementor-container elementor-column-gap-default\">\n\t\t\t\t\t<div class=\"elementor-column elementor-col-100 elementor-top-column elementor-element elementor-element-a83c0f1\" data-id=\"a83c0f1\" data-element_type=\"column\">\n\t\t\t<div class=\"elementor-widget-wrap elementor-element-populated\">\n\t\t\t\t\t\t<section class=\"elementor-section elementor-inner-section elementor-element elementor-element-94468dd elementor-section-boxed elementor-section-height-default elementor-section-height-default\" data-id=\"94468dd\" data-element_type=\"section\">\n\t\t\t\t\t\t<div class=\"elementor-container elementor-column-gap-default\">\n\t\t\t\t\t<div class=\"elementor-column elementor-col-50 elementor-inner-column elementor-element elementor-element-5bae4f8\" data-id=\"5bae4f8\" data-element_type=\"column\">\n\t\t\t<div class=\"elementor-widget-wrap elementor-element-populated\">\n\t\t\t\t\t\t<div class=\"elementor-element elementor-element-b086827 elementor-view-default elementor-widget elementor-widget-icon\" data-id=\"b086827\" data-element_type=\"widget\" data-widget_type=\"icon.default\">\n\t\t\t\t<div class=\"elementor-widget-container\">\n\t\t\t\t\t<div class=\"elementor-icon-wrapper\">\n\t\t\t<div class=\"elementor-icon\">\n\t\t\t<svg aria-hidden=\"true\" class=\"e-font-icon-svg e-fas-lock\" viewbox=\"0 0 448 512\" xmlns=\"http:\/\/www.w3.org\/2000\/svg\"><path d=\"M400 224h-24v-72C376 68.2 307.8 0 224 0S72 68.2 72 152v72H48c-26.5 0-48 21.5-48 48v192c0 26.5 21.5 48 48 48h352c26.5 0 48-21.5 48-48V272c0-26.5-21.5-48-48-48zm-104 0H152v-72c0-39.7 32.3-72 72-72s72 32.3 72 72v72z\"><\/path><\/svg>\t\t\t<\/div>\n\t\t<\/div>\n\t\t\t\t<\/div>\n\t\t\t\t<\/div>\n\t\t\t\t\t<\/div>\n\t\t<\/div>\n\t\t\t\t<div class=\"elementor-column elementor-col-50 elementor-inner-column elementor-element elementor-element-0fe0e36\" data-id=\"0fe0e36\" data-element_type=\"column\">\n\t\t\t<div class=\"elementor-widget-wrap elementor-element-populated\">\n\t\t\t\t\t\t<div class=\"elementor-element elementor-element-de26daf elementor-widget elementor-widget-heading\" data-id=\"de26daf\" data-element_type=\"widget\" data-widget_type=\"heading.default\">\n\t\t\t\t<div class=\"elementor-widget-container\">\n\t\t\t<style>\/*! elementor - v3.21.0 - 30-04-2024 *\/\n.elementor-heading-title{padding:0;margin:0;line-height:1}.elementor-widget-heading .elementor-heading-title[class*=elementor-size-]>a{color:inherit;font-size:inherit;line-height:inherit}.elementor-widget-heading .elementor-heading-title.elementor-size-small{font-size:15px}.elementor-widget-heading .elementor-heading-title.elementor-size-medium{font-size:19px}.elementor-widget-heading .elementor-heading-title.elementor-size-large{font-size:29px}.elementor-widget-heading .elementor-heading-title.elementor-size-xl{font-size:39px}.elementor-widget-heading .elementor-heading-title.elementor-size-xxl{font-size:59px}<\/style><h1 class=\"elementor-heading-title elementor-size-default\">Zabezpe\u010den\u00e9 odhl\u00e1\u0161en\u00ed<\/h1>\t\t<\/div>\n\t\t\t\t<\/div>\n\t\t\t\t\t<\/div>\n\t\t<\/div>\n\t\t\t\t\t<\/div>\n\t\t<\/section>\n\t\t\t\t<section class=\"elementor-section elementor-inner-section elementor-element elementor-element-cc448a3 elementor-section-boxed elementor-section-height-default elementor-section-height-default\" data-id=\"cc448a3\" data-element_type=\"section\">\n\t\t\t\t\t\t<div class=\"elementor-container elementor-column-gap-default\">\n\t\t\t\t\t<div class=\"elementor-column elementor-col-50 elementor-inner-column elementor-element elementor-element-31be7ce elementor-hidden-desktop elementor-hidden-tablet elementor-hidden-mobile\" data-id=\"31be7ce\" data-element_type=\"column\">\n\t\t\t<div class=\"elementor-widget-wrap elementor-element-populated\">\n\t\t\t\t\t\t<div class=\"elementor-element elementor-element-243d133 elementor-widget elementor-widget-image\" data-id=\"243d133\" data-element_type=\"widget\" data-widget_type=\"image.default\">\n\t\t\t\t<div class=\"elementor-widget-container\">\n\t\t\t\t\t\t\t\t\t\t\t\t\t<img loading=\"lazy\" decoding=\"async\" width=\"465\" height=\"127\" src=\"https:\/\/cream-deluxe.com\/wp-content\/uploads\/2020\/05\/secure-images.png\" class=\"attachment-large size-large wp-image-1250\" alt=\"\" srcset=\"https:\/\/cream-deluxe.com\/wp-content\/uploads\/2020\/05\/secure-images.png 465w, https:\/\/cream-deluxe.com\/wp-content\/uploads\/2020\/05\/secure-images-300x82.png 300w\" sizes=\"(max-width: 465px) 100vw, 465px\" \/>\t\t\t\t\t\t\t\t\t\t\t\t\t<\/div>\n\t\t\t\t<\/div>\n\t\t\t\t\t<\/div>\n\t\t<\/div>\n\t\t\t\t<div class=\"elementor-column elementor-col-50 elementor-inner-column elementor-element elementor-element-353c8d9\" data-id=\"353c8d9\" data-element_type=\"column\">\n\t\t\t<div class=\"elementor-widget-wrap elementor-element-populated\">\n\t\t\t\t\t\t<div class=\"elementor-element elementor-element-a7d8f8b elementor-widget elementor-widget-text-editor\" data-id=\"a7d8f8b\" data-element_type=\"widget\" data-widget_type=\"text-editor.default\">\n\t\t\t\t<div class=\"elementor-widget-container\">\n\t\t\t<style>\/*! elementor - v3.21.0 - 30-04-2024 *\/\n.elementor-widget-text-editor.elementor-drop-cap-view-stacked .elementor-drop-cap{background-color:#69727d;color:#fff}.elementor-widget-text-editor.elementor-drop-cap-view-framed .elementor-drop-cap{color:#69727d;border:3px solid;background-color:transparent}.elementor-widget-text-editor:not(.elementor-drop-cap-view-default) .elementor-drop-cap{margin-top:8px}.elementor-widget-text-editor:not(.elementor-drop-cap-view-default) .elementor-drop-cap-letter{width:1em;height:1em}.elementor-widget-text-editor .elementor-drop-cap{float:left;text-align:center;line-height:1;font-size:50px}.elementor-widget-text-editor .elementor-drop-cap-letter{display:inline-block}<\/style>\t\t\t\t<p><b>\u0160ifrov\u00e1n\u00ed Point-to-Point (P2PE) na seznamu PCI<\/b><\/p>\t\t\t\t\t\t<\/div>\n\t\t\t\t<\/div>\n\t\t\t\t\t<\/div>\n\t\t<\/div>\n\t\t\t\t\t<\/div>\n\t\t<\/section>\n\t\t\t\t<section class=\"elementor-section elementor-inner-section elementor-element elementor-element-ddb8fee elementor-section-boxed elementor-section-height-default elementor-section-height-default\" data-id=\"ddb8fee\" data-element_type=\"section\">\n\t\t\t\t\t\t<div class=\"elementor-container elementor-column-gap-default\">\n\t\t\t\t\t<div class=\"elementor-column elementor-col-50 elementor-inner-column elementor-element elementor-element-2a6610f\" data-id=\"2a6610f\" data-element_type=\"column\">\n\t\t\t<div class=\"elementor-widget-wrap elementor-element-populated\">\n\t\t\t\t\t\t<div class=\"elementor-element elementor-element-6ea14bd elementor-widget elementor-widget-image\" data-id=\"6ea14bd\" data-element_type=\"widget\" data-widget_type=\"image.default\">\n\t\t\t\t<div class=\"elementor-widget-container\">\n\t\t\t\t\t\t\t\t\t\t\t\t\t<img loading=\"lazy\" decoding=\"async\" width=\"60\" height=\"60\" src=\"https:\/\/cream-deluxe.com\/wp-content\/uploads\/2021\/10\/age-checker-logo.png\" class=\"attachment-large size-large wp-image-18933\" alt=\"Logo Age Checker\" srcset=\"https:\/\/cream-deluxe.com\/wp-content\/uploads\/2021\/10\/age-checker-logo.png 60w, https:\/\/cream-deluxe.com\/wp-content\/uploads\/2021\/10\/age-checker-logo-12x12.png 12w\" sizes=\"(max-width: 60px) 100vw, 60px\" \/>\t\t\t\t\t\t\t\t\t\t\t\t\t<\/div>\n\t\t\t\t<\/div>\n\t\t\t\t\t<\/div>\n\t\t<\/div>\n\t\t\t\t<div class=\"elementor-column elementor-col-50 elementor-inner-column elementor-element elementor-element-af191ab\" data-id=\"af191ab\" data-element_type=\"column\">\n\t\t\t<div class=\"elementor-widget-wrap elementor-element-populated\">\n\t\t\t\t\t\t<div class=\"elementor-element elementor-element-c2f2f23 elementor-widget elementor-widget-text-editor\" data-id=\"c2f2f23\" data-element_type=\"widget\" data-widget_type=\"text-editor.default\">\n\t\t\t\t<div class=\"elementor-widget-container\">\n\t\t\t\t\t\t\t<p>AgeChecker.net n\u00e1m pom\u00e1h\u00e1 ov\u011b\u0159ovat v\u011bk na\u0161ich z\u00e1kazn\u00edk\u016f. Tyto \u00fadaje jsou po ov\u011b\u0159en\u00ed okam\u017eit\u011b smaz\u00e1ny.<\/p>\t\t\t\t\t\t<\/div>\n\t\t\t\t<\/div>\n\t\t\t\t\t<\/div>\n\t\t<\/div>\n\t\t\t\t\t<\/div>\n\t\t<\/section>\n\t\t\t\t<div class=\"elementor-element elementor-element-6640dc9 elementor-list-item-link-full_width elementor-widget elementor-widget-icon-list\" data-id=\"6640dc9\" data-element_type=\"widget\" data-widget_type=\"icon-list.default\">\n\t\t\t\t<div class=\"elementor-widget-container\">\n\t\t\t<link rel=\"stylesheet\" href=\"https:\/\/cream-deluxe.com\/wp-content\/plugins\/elementor\/assets\/css\/widget-icon-list.min.css\">\t\t<ul class=\"elementor-icon-list-items\">\n\t\t\t\t\t\t\t<li class=\"elementor-icon-list-item\">\n\t\t\t\t\t\t\t\t\t\t\t<span class=\"elementor-icon-list-icon\">\n\t\t\t\t\t\t\t<svg aria-hidden=\"true\" class=\"e-font-icon-svg e-fas-check\" viewbox=\"0 0 512 512\" xmlns=\"http:\/\/www.w3.org\/2000\/svg\"><path d=\"M173.898 439.404l-166.4-166.4c-9.997-9.997-9.997-26.206 0-36.204l36.203-36.204c9.997-9.998 26.207-9.998 36.204 0L192 312.69 432.095 72.596c9.997-9.997 26.207-9.997 36.204 0l36.203 36.204c9.997 9.997 9.997 26.206 0 36.204l-294.4 294.401c-9.998 9.997-26.207 9.997-36.204-.001z\"><\/path><\/svg>\t\t\t\t\t\t<\/span>\n\t\t\t\t\t\t\t\t\t\t<span class=\"elementor-icon-list-text\">Kdykoli budete v\u011bd\u011bt, kde se v\u00e1\u0161 bal\u00ed\u010dek nach\u00e1z\u00ed. <b>Sledov\u00e1n\u00ed a dohled\u00e1v\u00e1n\u00ed (cream-deluxe.com\/track-my-order\/)<\/b><\/span>\n\t\t\t\t\t\t\t\t\t<\/li>\n\t\t\t\t\t\t\t\t<li class=\"elementor-icon-list-item\">\n\t\t\t\t\t\t\t\t\t\t\t<span class=\"elementor-icon-list-icon\">\n\t\t\t\t\t\t\t<svg aria-hidden=\"true\" class=\"e-font-icon-svg e-fas-check\" viewbox=\"0 0 512 512\" xmlns=\"http:\/\/www.w3.org\/2000\/svg\"><path d=\"M173.898 439.404l-166.4-166.4c-9.997-9.997-9.997-26.206 0-36.204l36.203-36.204c9.997-9.998 26.207-9.998 36.204 0L192 312.69 432.095 72.596c9.997-9.997 26.207-9.997 36.204 0l36.203 36.204c9.997 9.997 9.997 26.206 0 36.204l-294.4 294.401c-9.998 9.997-26.207 9.997-36.204-.001z\"><\/path><\/svg>\t\t\t\t\t\t<\/span>\n\t\t\t\t\t\t\t\t\t\t<span class=\"elementor-icon-list-text\"><b>Nen\u00ed to dobr\u00e9?<\/b> Rychl\u00e1 v\u00fdm\u011bna<\/span>\n\t\t\t\t\t\t\t\t\t<\/li>\n\t\t\t\t\t\t<\/ul>\n\t\t\t\t<\/div>\n\t\t\t\t<\/div>\n\t\t\t\t\t<\/div>\n\t\t<\/div>\n\t\t\t\t\t<\/div>\n\t\t<\/section>\n\t\t\t\t<\/div>","protected":false},"excerpt":{"rendered":"<p>Secure Checkout PCI-listed Point-to-Point Encryption (P2PE) AgeChecker.net helps us to verify the age of our customers. This data is instantly deleted after verification. Know where your package is at all times with Track &amp; Trace (cream-deluxe.com\/track-my-order\/) Not good? Get a replacement quickly [woocommerce_checkout ]<\/p>","protected":false},"author":3022,"featured_media":0,"parent":0,"menu_order":0,"comment_status":"closed","ping_status":"closed","template":"elementor_canvas","meta":{"_acf_changed":false,"footnotes":""},"categories":[],"tags":[],"class_list":["post-273","page","type-page","status-publish","hentry"],"acf":[],"_links":{"self":[{"href":"https:\/\/cream-deluxe.com\/cs\/wp-json\/wp\/v2\/pages\/273","targetHints":{"allow":["GET"]}}],"collection":[{"href":"https:\/\/cream-deluxe.com\/cs\/wp-json\/wp\/v2\/pages"}],"about":[{"href":"https:\/\/cream-deluxe.com\/cs\/wp-json\/wp\/v2\/types\/page"}],"author":[{"embeddable":true,"href":"https:\/\/cream-deluxe.com\/cs\/wp-json\/wp\/v2\/users\/3022"}],"replies":[{"embeddable":true,"href":"https:\/\/cream-deluxe.com\/cs\/wp-json\/wp\/v2\/comments?post=273"}],"version-history":[{"count":10,"href":"https:\/\/cream-deluxe.com\/cs\/wp-json\/wp\/v2\/pages\/273\/revisions"}],"predecessor-version":[{"id":20219,"href":"https:\/\/cream-deluxe.com\/cs\/wp-json\/wp\/v2\/pages\/273\/revisions\/20219"}],"wp:attachment":[{"href":"https:\/\/cream-deluxe.com\/cs\/wp-json\/wp\/v2\/media?parent=273"}],"wp:term":[{"taxonomy":"category","embeddable":true,"href":"https:\/\/cream-deluxe.com\/cs\/wp-json\/wp\/v2\/categories?post=273"},{"taxonomy":"post_tag","embeddable":true,"href":"https:\/\/cream-deluxe.com\/cs\/wp-json\/wp\/v2\/tags?post=273"}],"curies":[{"name":"wp","href":"https:\/\/api.w.org\/{rel}","templated":true}]}}