{"id":2584,"date":"2020-06-17T08:23:52","date_gmt":"2020-06-17T08:23:52","guid":{"rendered":"https:\/\/cream-deluxe.com\/?page_id=2584"},"modified":"2022-11-02T15:50:29","modified_gmt":"2022-11-02T14:50:29","slug":"cream-chargers-wholesale","status":"publish","type":"page","link":"https:\/\/cream-deluxe.com\/cs\/cream-chargers-wholesale\/","title":{"rendered":"Velkoobchodn\u00ed prodej kr\u00e9mov\u00fdch nab\u00edje\u010dek: Objedn\u00e1vejte p\u0159\u00edmo"},"content":{"rendered":"<div data-elementor-type=\"wp-page\" data-elementor-id=\"2584\" class=\"elementor elementor-2584\" data-elementor-post-type=\"page\">\n\t\t\t\t\t\t<section class=\"elementor-section elementor-top-section elementor-element elementor-element-6319be3 elementor-section-boxed elementor-section-height-default elementor-section-height-default\" data-id=\"6319be3\" data-element_type=\"section\">\n\t\t\t\t\t\t<div class=\"elementor-container elementor-column-gap-default\">\n\t\t\t\t\t<div class=\"elementor-column elementor-col-100 elementor-top-column elementor-element elementor-element-d594725\" data-id=\"d594725\" data-element_type=\"column\">\n\t\t\t<div class=\"elementor-widget-wrap elementor-element-populated\">\n\t\t\t\t\t\t<div class=\"elementor-element elementor-element-2412112 elementor-widget elementor-widget-shortcode\" data-id=\"2412112\" data-element_type=\"widget\" data-widget_type=\"shortcode.default\">\n\t\t\t\t<div class=\"elementor-widget-container\">\n\t\t\t\t\t<div class=\"elementor-shortcode\"><nav aria-label=\"strouhanka\" class=\"rank-math-breadcrumb\"><p><span class=\"last\">Home<\/span><\/p><\/nav><\/div>\n\t\t\t\t<\/div>\n\t\t\t\t<\/div>\n\t\t\t\t\t<\/div>\n\t\t<\/div>\n\t\t\t\t\t<\/div>\n\t\t<\/section>\n\t\t\t\t<section class=\"elementor-section elementor-top-section elementor-element elementor-element-b156834 elementor-section-boxed elementor-section-height-default elementor-section-height-default\" data-id=\"b156834\" data-element_type=\"section\">\n\t\t\t\t\t\t<div class=\"elementor-container elementor-column-gap-default\">\n\t\t\t\t\t<div class=\"elementor-column elementor-col-100 elementor-top-column elementor-element elementor-element-47ef4a4\" data-id=\"47ef4a4\" data-element_type=\"column\">\n\t\t\t<div class=\"elementor-widget-wrap elementor-element-populated\">\n\t\t\t\t\t\t<div class=\"elementor-element elementor-element-aea2e4b elementor-widget elementor-widget-heading\" data-id=\"aea2e4b\" data-element_type=\"widget\" data-widget_type=\"heading.default\">\n\t\t\t\t<div class=\"elementor-widget-container\">\n\t\t\t<style>\/*! elementor - v3.21.0 - 30-04-2024 *\/\n.elementor-heading-title{padding:0;margin:0;line-height:1}.elementor-widget-heading .elementor-heading-title[class*=elementor-size-]>a{color:inherit;font-size:inherit;line-height:inherit}.elementor-widget-heading .elementor-heading-title.elementor-size-small{font-size:15px}.elementor-widget-heading .elementor-heading-title.elementor-size-medium{font-size:19px}.elementor-widget-heading .elementor-heading-title.elementor-size-large{font-size:29px}.elementor-widget-heading .elementor-heading-title.elementor-size-xl{font-size:39px}.elementor-widget-heading .elementor-heading-title.elementor-size-xxl{font-size:59px}<\/style><h1 class=\"elementor-heading-title elementor-size-default\">Velkoobchodn\u00ed nab\u00edje\u010dky kr\u00e9m\u016f<\/h1>\t\t<\/div>\n\t\t\t\t<\/div>\n\t\t\t\t<div class=\"elementor-element elementor-element-68aee81 elementor-widget elementor-widget-heading\" data-id=\"68aee81\" data-element_type=\"widget\" data-widget_type=\"heading.default\">\n\t\t\t\t<div class=\"elementor-widget-container\">\n\t\t\t<h2 class=\"elementor-heading-title elementor-size-default\">NAKUPUJTE LEVN\u00c9 KR\u00c9MOV\u00c9 NAB\u00cdJE\u010cKY PRO SV\u00c9 PODNIK\u00c1N\u00cd VE VELKOOBCHODN\u00cdM MNO\u017dSTV\u00cd<\/h2>\t\t<\/div>\n\t\t\t\t<\/div>\n\t\t\t\t<div class=\"elementor-element elementor-element-d1c4cf2 elementor-mobile-align-justify elementor-hidden-desktop elementor-hidden-tablet elementor-widget elementor-widget-button\" data-id=\"d1c4cf2\" data-element_type=\"widget\" data-widget_type=\"button.default\">\n\t\t\t\t<div class=\"elementor-widget-container\">\n\t\t\t\t\t<div class=\"elementor-button-wrapper\">\n\t\t\t<a class=\"elementor-button elementor-button-link elementor-size-xs\" href=\"#send-inquiry\">\n\t\t\t\t\t\t<span class=\"elementor-button-content-wrapper\">\n\t\t\t\t\t\t\t\t\t<span class=\"elementor-button-text\">Odeslat popt\u00e1vku<\/span>\n\t\t\t\t\t<\/span>\n\t\t\t\t\t<\/a>\n\t\t<\/div>\n\t\t\t\t<\/div>\n\t\t\t\t<\/div>\n\t\t\t\t\t<\/div>\n\t\t<\/div>\n\t\t\t\t\t<\/div>\n\t\t<\/section>\n\t\t\t\t<section class=\"elementor-section elementor-top-section elementor-element elementor-element-6d2e2e9 elementor-section-boxed elementor-section-height-default elementor-section-height-default\" data-id=\"6d2e2e9\" data-element_type=\"section\">\n\t\t\t\t\t\t<div class=\"elementor-container elementor-column-gap-default\">\n\t\t\t\t\t<div class=\"elementor-column elementor-col-100 elementor-top-column elementor-element elementor-element-ba5e9f1\" data-id=\"ba5e9f1\" data-element_type=\"column\">\n\t\t\t<div class=\"elementor-widget-wrap elementor-element-populated\">\n\t\t\t\t\t\t<section class=\"elementor-section elementor-inner-section elementor-element elementor-element-ec2d547 elementor-section-boxed elementor-section-height-default elementor-section-height-default\" data-id=\"ec2d547\" data-element_type=\"section\">\n\t\t\t\t\t\t<div class=\"elementor-container elementor-column-gap-default\">\n\t\t\t\t\t<div class=\"elementor-column elementor-col-50 elementor-inner-column elementor-element elementor-element-0f6426b\" data-id=\"0f6426b\" data-element_type=\"column\">\n\t\t\t<div class=\"elementor-widget-wrap elementor-element-populated\">\n\t\t\t\t\t\t<div class=\"elementor-element elementor-element-400ee54 elementor-widget elementor-widget-image\" data-id=\"400ee54\" data-element_type=\"widget\" data-widget_type=\"image.default\">\n\t\t\t\t<div class=\"elementor-widget-container\">\n\t\t\t<style>\/*! elementor - v3.21.0 - 30-04-2024 *\/\n.elementor-widget-image{text-align:center}.elementor-widget-image a{display:inline-block}.elementor-widget-image a img[src$=\".svg\"]{width:48px}.elementor-widget-image img{vertical-align:middle;display:inline-block}<\/style>\t\t\t\t\t\t\t\t\t\t<img fetchpriority=\"high\" decoding=\"async\" width=\"800\" height=\"800\" src=\"https:\/\/cream-deluxe.com\/wp-content\/uploads\/2022\/07\/CREAMDELUXE-MAXXI-PHOTOSHOOT-5OCT2022-38-scaled-e1666344400389-1024x1024.jpg\" class=\"attachment-large size-large wp-image-29887\" alt=\"Cream Deluxe Maxxi r\u016f\u017eov\u00e1 modr\u00e1 neonov\u00e1 dekora\u010dn\u00ed sv\u011btla\" srcset=\"https:\/\/cream-deluxe.com\/wp-content\/uploads\/2022\/07\/CREAMDELUXE-MAXXI-PHOTOSHOOT-5OCT2022-38-scaled-e1666344400389-1024x1024.jpg 1024w, https:\/\/cream-deluxe.com\/wp-content\/uploads\/2022\/07\/CREAMDELUXE-MAXXI-PHOTOSHOOT-5OCT2022-38-scaled-e1666344400389-300x300.jpg 300w, https:\/\/cream-deluxe.com\/wp-content\/uploads\/2022\/07\/CREAMDELUXE-MAXXI-PHOTOSHOOT-5OCT2022-38-scaled-e1666344400389-150x150.jpg 150w, https:\/\/cream-deluxe.com\/wp-content\/uploads\/2022\/07\/CREAMDELUXE-MAXXI-PHOTOSHOOT-5OCT2022-38-scaled-e1666344400389-768x769.jpg 768w, https:\/\/cream-deluxe.com\/wp-content\/uploads\/2022\/07\/CREAMDELUXE-MAXXI-PHOTOSHOOT-5OCT2022-38-scaled-e1666344400389-1534x1536.jpg 1534w, https:\/\/cream-deluxe.com\/wp-content\/uploads\/2022\/07\/CREAMDELUXE-MAXXI-PHOTOSHOOT-5OCT2022-38-scaled-e1666344400389-12x12.jpg 12w, https:\/\/cream-deluxe.com\/wp-content\/uploads\/2022\/07\/CREAMDELUXE-MAXXI-PHOTOSHOOT-5OCT2022-38-scaled-e1666344400389-400x400.jpg 400w, https:\/\/cream-deluxe.com\/wp-content\/uploads\/2022\/07\/CREAMDELUXE-MAXXI-PHOTOSHOOT-5OCT2022-38-scaled-e1666344400389-600x601.jpg 600w, https:\/\/cream-deluxe.com\/wp-content\/uploads\/2022\/07\/CREAMDELUXE-MAXXI-PHOTOSHOOT-5OCT2022-38-scaled-e1666344400389-100x100.jpg 100w, https:\/\/cream-deluxe.com\/wp-content\/uploads\/2022\/07\/CREAMDELUXE-MAXXI-PHOTOSHOOT-5OCT2022-38-scaled-e1666344400389.jpg 1706w\" sizes=\"(max-width: 800px) 100vw, 800px\" \/>\t\t\t\t\t\t\t\t\t\t\t\t\t<\/div>\n\t\t\t\t<\/div>\n\t\t\t\t<div class=\"elementor-element elementor-element-a14273a elementor-widget elementor-widget-heading\" data-id=\"a14273a\" data-element_type=\"widget\" data-widget_type=\"heading.default\">\n\t\t\t\t<div class=\"elementor-widget-container\">\n\t\t\t<h2 class=\"elementor-heading-title elementor-size-default\">Cream Deluxe Velkoobchod<\/h2>\t\t<\/div>\n\t\t\t\t<\/div>\n\t\t\t\t<div class=\"elementor-element elementor-element-17c9672 elementor-widget elementor-widget-text-editor\" data-id=\"17c9672\" data-element_type=\"widget\" data-widget_type=\"text-editor.default\">\n\t\t\t\t<div class=\"elementor-widget-container\">\n\t\t\t<style>\/*! elementor - v3.21.0 - 30-04-2024 *\/\n.elementor-widget-text-editor.elementor-drop-cap-view-stacked .elementor-drop-cap{background-color:#69727d;color:#fff}.elementor-widget-text-editor.elementor-drop-cap-view-framed .elementor-drop-cap{color:#69727d;border:3px solid;background-color:transparent}.elementor-widget-text-editor:not(.elementor-drop-cap-view-default) .elementor-drop-cap{margin-top:8px}.elementor-widget-text-editor:not(.elementor-drop-cap-view-default) .elementor-drop-cap-letter{width:1em;height:1em}.elementor-widget-text-editor .elementor-drop-cap{float:left;text-align:center;line-height:1;font-size:50px}.elementor-widget-text-editor .elementor-drop-cap-letter{display:inline-block}<\/style>\t\t\t\t<p>Kr\u00e9mov\u00e9 nab\u00edje\u010dky se prod\u00e1vaj\u00ed pro velkoobchodn\u00ed \u00fa\u010dely v r\u016fzn\u00fdch barv\u00e1ch, velikostech a zna\u010dk\u00e1ch. Nakupujete kr\u00e9mov\u00e9 nab\u00edje\u010dky ve velk\u00e9m mno\u017estv\u00ed pro sv\u00e9 podnik\u00e1n\u00ed? Pokud ano, pak m\u016f\u017eete u\u0161et\u0159it a\u017e tis\u00edce eur m\u011bs\u00ed\u010dn\u011b.&nbsp;<\/p><p>Objednejte si velkoobchodn\u00ed nab\u00edje\u010dky kr\u00e9m\u016f s Cream Deluxe prost\u0159ednictv\u00edm na\u0161eho objedn\u00e1vkov\u00e9ho formul\u00e1\u0159e a vyu\u017eijte v\u00fdhod v\u00edce za m\u00e9n\u011b pen\u011bz.&nbsp;<\/p>\t\t\t\t\t\t<\/div>\n\t\t\t\t<\/div>\n\t\t\t\t<div class=\"elementor-element elementor-element-a547b82 elementor-widget elementor-widget-heading\" data-id=\"a547b82\" data-element_type=\"widget\" data-widget_type=\"heading.default\">\n\t\t\t\t<div class=\"elementor-widget-container\">\n\t\t\t<h2 class=\"elementor-heading-title elementor-size-default\">Kr\u00e9mov\u00e1 nab\u00edje\u010dka 580g v\u00e1lec<\/h2>\t\t<\/div>\n\t\t\t\t<\/div>\n\t\t\t\t<div class=\"elementor-element elementor-element-96f3407 elementor-widget elementor-widget-text-editor\" data-id=\"96f3407\" data-element_type=\"widget\" data-widget_type=\"text-editor.default\">\n\t\t\t\t<div class=\"elementor-widget-container\">\n\t\t\t\t\t\t\t<p>Kr\u00e9mov\u00e1 nab\u00edje\u010dka napln\u011bn\u00e1 580 gramy N2O je ve srovn\u00e1n\u00ed s tradi\u010dn\u00edmi kr\u00e9mov\u00fdmi nab\u00edje\u010dkami o hmotnosti 8 gram\u016f \u00fapln\u011b jin\u00fd sv\u011bt. Stravovac\u00ed za\u0159\u00edzen\u00ed a restaurace jsou nyn\u00ed schopny efektivn\u011b nab\u00edjet d\u00e1vkova\u010de smetany s v\u011bt\u0161\u00ed rychlost\u00ed a p\u0159esnost\u00ed d\u00edky regul\u00e1toru tlaku a lahvi obsahuj\u00edc\u00ed a\u017e 78kr\u00e1t v\u00edce plynu . Nadm\u011brn\u00e9 pl\u00fdtv\u00e1n\u00ed plynem se tak\u00e9 v\u00fdrazn\u011b minimalizuje d\u00edky p\u0159esn\u00e9 kontrole porc\u00ed.<\/p>\t\t\t\t\t\t<\/div>\n\t\t\t\t<\/div>\n\t\t\t\t\t<\/div>\n\t\t<\/div>\n\t\t\t\t<div class=\"elementor-column elementor-col-50 elementor-inner-column elementor-element elementor-element-1ef8d7f\" data-id=\"1ef8d7f\" data-element_type=\"column\">\n\t\t\t<div class=\"elementor-widget-wrap elementor-element-populated\">\n\t\t\t\t\t\t<div class=\"elementor-element elementor-element-dac9683 elementor-widget elementor-widget-shortcode\" data-id=\"dac9683\" data-element_type=\"widget\" id=\"send-inquiry\" data-widget_type=\"shortcode.default\">\n\t\t\t\t<div class=\"elementor-widget-container\">\n\t\t\t\t\t<div class=\"elementor-shortcode\"><div id=\"cbox-37LDQeJZM1CKlEsl\"><\/div><\/div>\n\t\t\t\t<\/div>\n\t\t\t\t<\/div>\n\t\t\t\t\t<\/div>\n\t\t<\/div>\n\t\t\t\t\t<\/div>\n\t\t<\/section>\n\t\t\t\t\t<\/div>\n\t\t<\/div>\n\t\t\t\t\t<\/div>\n\t\t<\/section>\n\t\t\t\t<\/div>","protected":false},"excerpt":{"rendered":"<p>Velkoobchodn\u00ed prodej kr\u00e9mov\u00fdch nab\u00edje\u010dek Nakupujte levn\u00e9 kr\u00e9mov\u00e9 nab\u00edje\u010dky pro sv\u016fj obchod ve velkoobchodn\u00edch mno\u017estv\u00edch Odeslat popt\u00e1vku Cream Deluxe Velkoobchodn\u00ed prodej kr\u00e9mov\u00fdch nab\u00edje\u010dek se prod\u00e1v\u00e1 pro velkoobchodn\u00ed \u00fa\u010dely v r\u016fzn\u00fdch barv\u00e1ch, velikostech a zna\u010dk\u00e1ch. Nakupujete kr\u00e9mov\u00e9 nab\u00edje\u010dky ve velk\u00e9m mno\u017estv\u00ed pro sv\u00e9 podnik\u00e1n\u00ed? Pokud ano, pak byste mohli u\u0161et\u0159it a\u017e tis\u00edce eur.<\/p>","protected":false},"author":3022,"featured_media":2611,"parent":0,"menu_order":0,"comment_status":"closed","ping_status":"closed","template":"elementor_header_footer","meta":{"_acf_changed":false,"footnotes":""},"categories":[42],"tags":[],"class_list":["post-2584","page","type-page","status-publish","has-post-thumbnail","hentry","category-blog"],"acf":[],"_links":{"self":[{"href":"https:\/\/cream-deluxe.com\/cs\/wp-json\/wp\/v2\/pages\/2584","targetHints":{"allow":["GET"]}}],"collection":[{"href":"https:\/\/cream-deluxe.com\/cs\/wp-json\/wp\/v2\/pages"}],"about":[{"href":"https:\/\/cream-deluxe.com\/cs\/wp-json\/wp\/v2\/types\/page"}],"author":[{"embeddable":true,"href":"https:\/\/cream-deluxe.com\/cs\/wp-json\/wp\/v2\/users\/3022"}],"replies":[{"embeddable":true,"href":"https:\/\/cream-deluxe.com\/cs\/wp-json\/wp\/v2\/comments?post=2584"}],"version-history":[{"count":10,"href":"https:\/\/cream-deluxe.com\/cs\/wp-json\/wp\/v2\/pages\/2584\/revisions"}],"predecessor-version":[{"id":29964,"href":"https:\/\/cream-deluxe.com\/cs\/wp-json\/wp\/v2\/pages\/2584\/revisions\/29964"}],"wp:featuredmedia":[{"embeddable":true,"href":"https:\/\/cream-deluxe.com\/cs\/wp-json\/wp\/v2\/media\/2611"}],"wp:attachment":[{"href":"https:\/\/cream-deluxe.com\/cs\/wp-json\/wp\/v2\/media?parent=2584"}],"wp:term":[{"taxonomy":"category","embeddable":true,"href":"https:\/\/cream-deluxe.com\/cs\/wp-json\/wp\/v2\/categories?post=2584"},{"taxonomy":"post_tag","embeddable":true,"href":"https:\/\/cream-deluxe.com\/cs\/wp-json\/wp\/v2\/tags?post=2584"}],"curies":[{"name":"wp","href":"https:\/\/api.w.org\/{rel}","templated":true}]}}