{"id":1212,"date":"2020-04-29T15:19:01","date_gmt":"2020-04-29T15:19:01","guid":{"rendered":"https:\/\/cream-deluxe.com\/?page_id=1212"},"modified":"2020-09-02T17:13:44","modified_gmt":"2020-09-02T15:13:44","slug":"privacy-policy","status":"publish","type":"page","link":"https:\/\/cream-deluxe.com\/cs\/privacy-policy\/","title":{"rendered":"Z\u00e1sady ochrany osobn\u00edch \u00fadaj\u016f"},"content":{"rendered":"<div data-elementor-type=\"wp-page\" data-elementor-id=\"1212\" class=\"elementor elementor-1212\" data-elementor-post-type=\"page\">\n\t\t\t\t\t\t<section class=\"elementor-section elementor-top-section elementor-element elementor-element-2cbe0128 elementor-section-boxed elementor-section-height-default elementor-section-height-default\" data-id=\"2cbe0128\" data-element_type=\"section\">\n\t\t\t\t\t\t<div class=\"elementor-container elementor-column-gap-default\">\n\t\t\t\t\t<div class=\"elementor-column elementor-col-100 elementor-top-column elementor-element elementor-element-c5ae15b\" data-id=\"c5ae15b\" data-element_type=\"column\">\n\t\t\t<div class=\"elementor-widget-wrap\">\n\t\t\t\t\t\t\t<\/div>\n\t\t<\/div>\n\t\t\t\t\t<\/div>\n\t\t<\/section>\n\t\t\t\t<section class=\"elementor-section elementor-top-section elementor-element elementor-element-9680bd7 elementor-section-boxed elementor-section-height-default elementor-section-height-default\" data-id=\"9680bd7\" data-element_type=\"section\">\n\t\t\t\t\t\t<div class=\"elementor-container elementor-column-gap-default\">\n\t\t\t\t\t<div class=\"elementor-column elementor-col-100 elementor-top-column elementor-element elementor-element-dcf421e\" data-id=\"dcf421e\" data-element_type=\"column\">\n\t\t\t<div class=\"elementor-widget-wrap elementor-element-populated\">\n\t\t\t\t\t\t<div class=\"elementor-element elementor-element-29972ac elementor-widget elementor-widget-heading\" data-id=\"29972ac\" data-element_type=\"widget\" data-widget_type=\"heading.default\">\n\t\t\t\t<div class=\"elementor-widget-container\">\n\t\t\t<style>\/*! elementor - v3.21.0 - 30-04-2024 *\/\n.elementor-heading-title{padding:0;margin:0;line-height:1}.elementor-widget-heading .elementor-heading-title[class*=elementor-size-]>a{color:inherit;font-size:inherit;line-height:inherit}.elementor-widget-heading .elementor-heading-title.elementor-size-small{font-size:15px}.elementor-widget-heading .elementor-heading-title.elementor-size-medium{font-size:19px}.elementor-widget-heading .elementor-heading-title.elementor-size-large{font-size:29px}.elementor-widget-heading .elementor-heading-title.elementor-size-xl{font-size:39px}.elementor-widget-heading .elementor-heading-title.elementor-size-xxl{font-size:59px}<\/style><h1 class=\"elementor-heading-title elementor-size-default\">Z\u00e1sady ochrany osobn\u00edch \u00fadaj\u016f<\/h1>\t\t<\/div>\n\t\t\t\t<\/div>\n\t\t\t\t<div class=\"elementor-element elementor-element-031647e elementor-widget elementor-widget-text-editor\" data-id=\"031647e\" data-element_type=\"widget\" data-widget_type=\"text-editor.default\">\n\t\t\t\t<div class=\"elementor-widget-container\">\n\t\t\t<style>\/*! elementor - v3.21.0 - 30-04-2024 *\/\n.elementor-widget-text-editor.elementor-drop-cap-view-stacked .elementor-drop-cap{background-color:#69727d;color:#fff}.elementor-widget-text-editor.elementor-drop-cap-view-framed .elementor-drop-cap{color:#69727d;border:3px solid;background-color:transparent}.elementor-widget-text-editor:not(.elementor-drop-cap-view-default) .elementor-drop-cap{margin-top:8px}.elementor-widget-text-editor:not(.elementor-drop-cap-view-default) .elementor-drop-cap-letter{width:1em;height:1em}.elementor-widget-text-editor .elementor-drop-cap{float:left;text-align:center;line-height:1;font-size:50px}.elementor-widget-text-editor .elementor-drop-cap-letter{display:inline-block}<\/style>\t\t\t\t<p>Tato str\u00e1nka slou\u017e\u00ed k informov\u00e1n\u00ed n\u00e1v\u0161t\u011bvn\u00edk\u016f webov\u00fdch str\u00e1nek o na\u0161ich z\u00e1sad\u00e1ch t\u00fdkaj\u00edc\u00edch se shroma\u017e\u010fov\u00e1n\u00ed, pou\u017e\u00edv\u00e1n\u00ed a zve\u0159ej\u0148ov\u00e1n\u00ed osobn\u00edch \u00fadaj\u016f, pokud se n\u011bkdo rozhodne pou\u017e\u00edvat na\u0161e slu\u017eby, webov\u00e9 str\u00e1nky Cream Deluxe.<\/p><p>Pokud se rozhodnete pou\u017e\u00edvat na\u0161i slu\u017ebu, souhlas\u00edte se shroma\u017e\u010fov\u00e1n\u00edm a pou\u017e\u00edv\u00e1n\u00edm informac\u00ed v souladu s t\u011bmito z\u00e1sadami. Osobn\u00ed \u00fadaje, kter\u00e9 shroma\u017e\u010fujeme, slou\u017e\u00ed k poskytov\u00e1n\u00ed a zlep\u0161ov\u00e1n\u00ed slu\u017eby. Va\u0161e \u00fadaje nebudeme pou\u017e\u00edvat ani s nik\u00fdm sd\u00edlet jinak, ne\u017e jak je pops\u00e1no v t\u011bchto z\u00e1sad\u00e1ch ochrany osobn\u00edch \u00fadaj\u016f.<\/p><p>Pojmy pou\u017eit\u00e9 v t\u011bchto Z\u00e1sad\u00e1ch ochrany osobn\u00edch \u00fadaj\u016f maj\u00ed stejn\u00fd v\u00fdznam jako v na\u0161ich Smluvn\u00edch podm\u00ednk\u00e1ch, kter\u00e9 jsou k dispozici na adrese https:\/\/cream-deluxe.com, pokud nen\u00ed v t\u011bchto Z\u00e1sad\u00e1ch ochrany osobn\u00edch \u00fadaj\u016f definov\u00e1no jinak.<br \/><br \/><\/p><h2>Shroma\u017e\u010fov\u00e1n\u00ed a pou\u017e\u00edv\u00e1n\u00ed informac\u00ed<\/h2><p>Pro lep\u0161\u00ed z\u00e1\u017eitek z pou\u017e\u00edv\u00e1n\u00ed na\u0161\u00ed slu\u017eby m\u016f\u017eeme po\u017eadovat, abyste n\u00e1m poskytli ur\u010dit\u00e9 osobn\u00ed \u00fadaje, mimo jin\u00e9 jm\u00e9no, telefonn\u00ed \u010d\u00edslo a po\u0161tovn\u00ed adresu. Informace, kter\u00e9 shroma\u017e\u010fujeme, budou pou\u017eity ke kontaktov\u00e1n\u00ed nebo identifikaci va\u0161\u00ed osoby.<br \/><br \/><\/p><h2>Data protokolu<\/h2><p>Chceme v\u00e1s informovat, \u017ee kdykoli nav\u0161t\u00edv\u00edte na\u0161i slu\u017ebu, shroma\u017e\u010fujeme informace, kter\u00e9 n\u00e1m v\u00e1\u0161 prohl\u00ed\u017ee\u010d odes\u00edl\u00e1 a kter\u00e9 se naz\u00fdvaj\u00ed Log Data. Tyto \u00fadaje protokolu mohou obsahovat informace, jako je adresa internetov\u00e9ho protokolu (\"IP\") va\u0161eho po\u010d\u00edta\u010de, verze prohl\u00ed\u017ee\u010de, str\u00e1nky na\u0161\u00ed slu\u017eby, kter\u00e9 jste nav\u0161t\u00edvili, \u010das a datum va\u0161\u00ed n\u00e1v\u0161t\u011bvy, \u010das str\u00e1ven\u00fd na t\u011bchto str\u00e1nk\u00e1ch a dal\u0161\u00ed statistiky.<br \/><br \/><\/p><h2>Soubory cookie<\/h2><p>Soubory cookie jsou soubory s mal\u00fdm mno\u017estv\u00edm dat, kter\u00e9 se b\u011b\u017en\u011b pou\u017e\u00edvaj\u00ed jako anonymn\u00ed jedine\u010dn\u00fd identifik\u00e1tor. Jsou odes\u00edl\u00e1ny do va\u0161eho prohl\u00ed\u017ee\u010de z nav\u0161t\u00edven\u00fdch webov\u00fdch str\u00e1nek a ukl\u00e1daj\u00ed se na pevn\u00fd disk va\u0161eho po\u010d\u00edta\u010de.<\/p><p>Na\u0161e webov\u00e9 str\u00e1nky pou\u017e\u00edvaj\u00ed tyto \"cookies\" ke shroma\u017e\u010fov\u00e1n\u00ed informac\u00ed a ke zlep\u0161ov\u00e1n\u00ed na\u0161ich slu\u017eeb. M\u00e1te mo\u017enost tyto soubory cookie p\u0159ijmout nebo odm\u00edtnout a v\u011bd\u011bt, kdy je soubor cookie odesl\u00e1n do va\u0161eho po\u010d\u00edta\u010de. Pokud se rozhodnete na\u0161e soubory cookie odm\u00edtnout, je mo\u017en\u00e9, \u017ee nebudete moci pou\u017e\u00edvat n\u011bkter\u00e9 \u010d\u00e1sti na\u0161\u00ed Slu\u017eby.<\/p><p>Dal\u0161\u00ed informace o souborech cookie naleznete v \u010dl\u00e1nku\u00a0<a href=\"https:\/\/cream-deluxe.com\/cs\/cookie-policy\/\" target=\"_blank\" rel=\"noopener\">na\u0161e z\u00e1sady pou\u017e\u00edv\u00e1n\u00ed soubor\u016f cookie<\/a>.<br \/><br \/><\/p><h2>Poskytovatel\u00e9 slu\u017eeb<\/h2><p>Z n\u00e1sleduj\u00edc\u00edch d\u016fvod\u016f m\u016f\u017eeme zam\u011bstn\u00e1vat spole\u010dnosti a osoby t\u0159et\u00edch stran:<\/p><ul><li>Pro usnadn\u011bn\u00ed na\u0161ich slu\u017eeb;<\/li><li>Poskytov\u00e1n\u00ed slu\u017eby na\u0161\u00edm jm\u00e9nem;<\/li><li>Prov\u00e1d\u011bn\u00ed slu\u017eeb souvisej\u00edc\u00edch se slu\u017ebou nebo<\/li><li>Aby n\u00e1m pomohly analyzovat, jak je na\u0161e slu\u017eba vyu\u017e\u00edv\u00e1na.<\/li><\/ul><p>Chceme informovat u\u017eivatele na\u0161ich slu\u017eeb, \u017ee tyto t\u0159et\u00ed strany maj\u00ed p\u0159\u00edstup k va\u0161im osobn\u00edm \u00fadaj\u016fm. D\u016fvodem je pln\u011bn\u00ed \u00fakol\u016f, kter\u00e9 jim byly na\u0161\u00edm jm\u00e9nem p\u0159id\u011bleny. Jsou v\u0161ak povinny tyto informace nezve\u0159ej\u0148ovat ani nepou\u017e\u00edvat k jin\u00fdm \u00fa\u010del\u016fm.<br \/><br \/><\/p><h2>Zabezpe\u010den\u00ed<\/h2><p>V\u00e1\u017e\u00edme si va\u0161\u00ed d\u016fv\u011bry, s n\u00ed\u017e n\u00e1m poskytujete sv\u00e9 osobn\u00ed \u00fadaje, a proto se sna\u017e\u00edme pou\u017e\u00edvat komer\u010dn\u011b p\u0159ijateln\u00e9 prost\u0159edky k jejich ochran\u011b. Pamatujte v\u0161ak, \u017ee \u017e\u00e1dn\u00fd zp\u016fsob p\u0159enosu p\u0159es internet ani zp\u016fsob elektronick\u00e9ho ukl\u00e1d\u00e1n\u00ed nen\u00ed 100% bezpe\u010dn\u00fd a spolehliv\u00fd a nem\u016f\u017eeme zaru\u010dit jeho absolutn\u00ed bezpe\u010dnost.<br \/><br \/><\/p><h2>Odkazy na jin\u00e9 str\u00e1nky<\/h2><p>Na\u0161e slu\u017eba m\u016f\u017ee obsahovat odkazy na jin\u00e9 str\u00e1nky. Pokud kliknete na odkaz t\u0159et\u00ed strany, budete p\u0159esm\u011brov\u00e1ni na tuto str\u00e1nku. Upozor\u0148ujeme, \u017ee tyto extern\u00ed str\u00e1nky neprovozujeme. Proto v\u00e1m d\u016frazn\u011b doporu\u010dujeme, abyste se sezn\u00e1mili se z\u00e1sadami ochrany osobn\u00edch \u00fadaj\u016f t\u011bchto webov\u00fdch str\u00e1nek. Nem\u00e1me \u017e\u00e1dnou kontrolu nad obsahem, z\u00e1sadami ochrany osobn\u00edch \u00fadaj\u016f nebo postupy jak\u00fdchkoli str\u00e1nek nebo slu\u017eeb t\u0159et\u00edch stran a neneseme za n\u011b \u017e\u00e1dnou odpov\u011bdnost.<\/p><p>Ochrana soukrom\u00ed d\u011bt\u00ed<\/p><p>Na\u0161e slu\u017eby nejsou ur\u010deny osob\u00e1m mlad\u0161\u00edm 13 let. V\u011bdom\u011b neshroma\u017e\u010fujeme osobn\u00ed \u00fadaje od d\u011bt\u00ed mlad\u0161\u00edch 13 let. V p\u0159\u00edpad\u011b, \u017ee zjist\u00edme, \u017ee n\u00e1m d\u00edt\u011b mlad\u0161\u00ed 13 let poskytlo osobn\u00ed \u00fadaje, okam\u017eit\u011b je z na\u0161ich server\u016f odstran\u00edme. Pokud jste rodi\u010d nebo opatrovn\u00edk a v\u00edte, \u017ee n\u00e1m va\u0161e d\u00edt\u011b poskytlo osobn\u00ed \u00fadaje, kontaktujte n\u00e1s, abychom mohli u\u010dinit pot\u0159ebn\u00e9 kroky.<br \/><br \/><\/p><h2>Zm\u011bny t\u011bchto z\u00e1sad ochrany osobn\u00edch \u00fadaj\u016f<\/h2><p>Na\u0161e z\u00e1sady ochrany osobn\u00edch \u00fadaj\u016f m\u016f\u017eeme \u010das od \u010dasu aktualizovat. Proto v\u00e1m doporu\u010dujeme, abyste tuto str\u00e1nku pravideln\u011b kontrolovali, zda nedo\u0161lo ke zm\u011bn\u00e1m. O v\u0161ech zm\u011bn\u00e1ch v\u00e1s budeme informovat zve\u0159ejn\u011bn\u00edm nov\u00fdch Z\u00e1sad ochrany osobn\u00edch \u00fadaj\u016f na t\u00e9to str\u00e1nce. Tyto zm\u011bny jsou \u00fa\u010dinn\u00e9 okam\u017eit\u011b po jejich zve\u0159ejn\u011bn\u00ed na t\u00e9to str\u00e1nce.<br \/><br \/><\/p><h2>Kontaktujte n\u00e1s<\/h2><p>Pokud m\u00e1te jak\u00e9koli dotazy nebo p\u0159ipom\u00ednky k na\u0161im z\u00e1sad\u00e1m ochrany osobn\u00edch \u00fadaj\u016f, nev\u00e1hejte n\u00e1s kontaktovat.<\/p>\t\t\t\t\t\t<\/div>\n\t\t\t\t<\/div>\n\t\t\t\t\t<\/div>\n\t\t<\/div>\n\t\t\t\t\t<\/div>\n\t\t<\/section>\n\t\t\t\t<\/div>","protected":false},"excerpt":{"rendered":"<p>Z\u00e1sady ochrany osobn\u00edch \u00fadaj\u016f Tato str\u00e1nka slou\u017e\u00ed k informov\u00e1n\u00ed n\u00e1v\u0161t\u011bvn\u00edk\u016f webov\u00fdch str\u00e1nek o na\u0161ich z\u00e1sad\u00e1ch t\u00fdkaj\u00edc\u00edch se shroma\u017e\u010fov\u00e1n\u00ed, pou\u017e\u00edv\u00e1n\u00ed a zve\u0159ej\u0148ov\u00e1n\u00ed osobn\u00edch \u00fadaj\u016f, pokud se n\u011bkdo rozhodne pou\u017e\u00edvat na\u0161e slu\u017eby, webov\u00e9 str\u00e1nky Cream Deluxe. Pokud se rozhodnete pou\u017e\u00edvat na\u0161i Slu\u017ebu, pak souhlas\u00edte se shroma\u017e\u010fov\u00e1n\u00edm a pou\u017e\u00edv\u00e1n\u00edm informac\u00ed v souvislosti s t\u011bmito z\u00e1sadami. [...]<\/p>","protected":false},"author":3022,"featured_media":0,"parent":0,"menu_order":0,"comment_status":"closed","ping_status":"closed","template":"","meta":{"_acf_changed":false,"footnotes":""},"categories":[],"tags":[],"class_list":["post-1212","page","type-page","status-publish","hentry"],"acf":[],"_links":{"self":[{"href":"https:\/\/cream-deluxe.com\/cs\/wp-json\/wp\/v2\/pages\/1212","targetHints":{"allow":["GET"]}}],"collection":[{"href":"https:\/\/cream-deluxe.com\/cs\/wp-json\/wp\/v2\/pages"}],"about":[{"href":"https:\/\/cream-deluxe.com\/cs\/wp-json\/wp\/v2\/types\/page"}],"author":[{"embeddable":true,"href":"https:\/\/cream-deluxe.com\/cs\/wp-json\/wp\/v2\/users\/3022"}],"replies":[{"embeddable":true,"href":"https:\/\/cream-deluxe.com\/cs\/wp-json\/wp\/v2\/comments?post=1212"}],"version-history":[{"count":10,"href":"https:\/\/cream-deluxe.com\/cs\/wp-json\/wp\/v2\/pages\/1212\/revisions"}],"predecessor-version":[{"id":3981,"href":"https:\/\/cream-deluxe.com\/cs\/wp-json\/wp\/v2\/pages\/1212\/revisions\/3981"}],"wp:attachment":[{"href":"https:\/\/cream-deluxe.com\/cs\/wp-json\/wp\/v2\/media?parent=1212"}],"wp:term":[{"taxonomy":"category","embeddable":true,"href":"https:\/\/cream-deluxe.com\/cs\/wp-json\/wp\/v2\/categories?post=1212"},{"taxonomy":"post_tag","embeddable":true,"href":"https:\/\/cream-deluxe.com\/cs\/wp-json\/wp\/v2\/tags?post=1212"}],"curies":[{"name":"wp","href":"https:\/\/api.w.org\/{rel}","templated":true}]}}