{"id":1207,"date":"2020-04-29T15:11:46","date_gmt":"2020-04-29T15:11:46","guid":{"rendered":"https:\/\/cream-deluxe.com\/?page_id=1207"},"modified":"2020-04-30T19:31:24","modified_gmt":"2020-04-30T19:31:24","slug":"cookie-policy","status":"publish","type":"page","link":"https:\/\/cream-deluxe.com\/cs\/cookie-policy\/","title":{"rendered":"Z\u00e1sady pou\u017e\u00edv\u00e1n\u00ed soubor\u016f cookie"},"content":{"rendered":"<div data-elementor-type=\"wp-page\" data-elementor-id=\"1207\" class=\"elementor elementor-1207\" data-elementor-post-type=\"page\">\n\t\t\t\t\t\t<section class=\"elementor-section elementor-top-section elementor-element elementor-element-27c33d16 elementor-section-boxed elementor-section-height-default elementor-section-height-default\" data-id=\"27c33d16\" data-element_type=\"section\">\n\t\t\t\t\t\t<div class=\"elementor-container elementor-column-gap-default\">\n\t\t\t\t\t<div class=\"elementor-column elementor-col-100 elementor-top-column elementor-element elementor-element-449a840b\" data-id=\"449a840b\" data-element_type=\"column\">\n\t\t\t<div class=\"elementor-widget-wrap elementor-element-populated\">\n\t\t\t\t\t\t<div class=\"elementor-element elementor-element-3fafe4c1 elementor-align-left elementor-widget elementor-widget-breadcrumbs\" data-id=\"3fafe4c1\" data-element_type=\"widget\" data-widget_type=\"breadcrumbs.default\">\n\t\t\t\t<div class=\"elementor-widget-container\">\n\t\t\t<nav aria-label=\"strouhanka\" class=\"rank-math-breadcrumb\"><p><span class=\"last\">Home<\/span><\/p><\/nav>\t\t<\/div>\n\t\t\t\t<\/div>\n\t\t\t\t\t<\/div>\n\t\t<\/div>\n\t\t\t\t\t<\/div>\n\t\t<\/section>\n\t\t\t\t<section class=\"elementor-section elementor-top-section elementor-element elementor-element-9680bd7 elementor-section-boxed elementor-section-height-default elementor-section-height-default\" data-id=\"9680bd7\" data-element_type=\"section\">\n\t\t\t\t\t\t<div class=\"elementor-container elementor-column-gap-default\">\n\t\t\t\t\t<div class=\"elementor-column elementor-col-100 elementor-top-column elementor-element elementor-element-dcf421e\" data-id=\"dcf421e\" data-element_type=\"column\">\n\t\t\t<div class=\"elementor-widget-wrap elementor-element-populated\">\n\t\t\t\t\t\t<div class=\"elementor-element elementor-element-29972ac elementor-widget elementor-widget-heading\" data-id=\"29972ac\" data-element_type=\"widget\" data-widget_type=\"heading.default\">\n\t\t\t\t<div class=\"elementor-widget-container\">\n\t\t\t<style>\/*! elementor - v3.21.0 - 30-04-2024 *\/\n.elementor-heading-title{padding:0;margin:0;line-height:1}.elementor-widget-heading .elementor-heading-title[class*=elementor-size-]>a{color:inherit;font-size:inherit;line-height:inherit}.elementor-widget-heading .elementor-heading-title.elementor-size-small{font-size:15px}.elementor-widget-heading .elementor-heading-title.elementor-size-medium{font-size:19px}.elementor-widget-heading .elementor-heading-title.elementor-size-large{font-size:29px}.elementor-widget-heading .elementor-heading-title.elementor-size-xl{font-size:39px}.elementor-widget-heading .elementor-heading-title.elementor-size-xxl{font-size:59px}<\/style><h1 class=\"elementor-heading-title elementor-size-default\">Z\u00e1sady pou\u017e\u00edv\u00e1n\u00ed soubor\u016f cookie<\/h1>\t\t<\/div>\n\t\t\t\t<\/div>\n\t\t\t\t<div class=\"elementor-element elementor-element-031647e elementor-widget elementor-widget-text-editor\" data-id=\"031647e\" data-element_type=\"widget\" data-widget_type=\"text-editor.default\">\n\t\t\t\t<div class=\"elementor-widget-container\">\n\t\t\t<style>\/*! elementor - v3.21.0 - 30-04-2024 *\/\n.elementor-widget-text-editor.elementor-drop-cap-view-stacked .elementor-drop-cap{background-color:#69727d;color:#fff}.elementor-widget-text-editor.elementor-drop-cap-view-framed .elementor-drop-cap{color:#69727d;border:3px solid;background-color:transparent}.elementor-widget-text-editor:not(.elementor-drop-cap-view-default) .elementor-drop-cap{margin-top:8px}.elementor-widget-text-editor:not(.elementor-drop-cap-view-default) .elementor-drop-cap-letter{width:1em;height:1em}.elementor-widget-text-editor .elementor-drop-cap{float:left;text-align:center;line-height:1;font-size:50px}.elementor-widget-text-editor .elementor-drop-cap-letter{display:inline-block}<\/style>\t\t\t\t<h2>Co jsou to soubory cookie?<\/h2><p>Soubory cookie jsou mal\u00e9 textov\u00e9 soubory, kter\u00e9 se ukl\u00e1daj\u00ed ve webov\u00e9m prohl\u00ed\u017ee\u010di a kter\u00e9 umo\u017e\u0148uj\u00ed\u00a0<span class=\"website_name\">Cream Deluxe<\/span>\u00a0nebo t\u0159et\u00ed stranu, kter\u00e1 v\u00e1s rozpozn\u00e1. Soubory cookie mohou b\u00fdt pou\u017eity ke shroma\u017e\u010fov\u00e1n\u00ed, ukl\u00e1d\u00e1n\u00ed a sd\u00edlen\u00ed informac\u00ed o va\u0161ich aktivit\u00e1ch na r\u016fzn\u00fdch webov\u00fdch str\u00e1nk\u00e1ch, a to i na\u00a0<span class=\"website_name\">Cream Deluxe<\/span>\u00a0webov\u00e9 str\u00e1nky.<\/p><p>Soubory cookie mohou b\u00fdt pou\u017eity k n\u00e1sleduj\u00edc\u00edm \u00fa\u010del\u016fm:<\/p><ul><li>Povolen\u00ed ur\u010dit\u00fdch funkc\u00ed<\/li><li>Poskytov\u00e1n\u00ed anal\u00fdz<\/li><li>Ulo\u017een\u00ed p\u0159edvoleb<\/li><li>Umo\u017en\u011bn\u00ed doru\u010dov\u00e1n\u00ed reklam a behavior\u00e1ln\u00ed reklamy<\/li><\/ul><p><span class=\"website_name\">Cream Deluxe<\/span>\u00a0pou\u017e\u00edv\u00e1 soubory cookie relace i trval\u00e9 soubory cookie.<\/p><p>Soubor cookie relace se pou\u017e\u00edv\u00e1 k identifikaci konkr\u00e9tn\u00ed n\u00e1v\u0161t\u011bvy na\u0161ich webov\u00fdch str\u00e1nek. Platnost t\u011bchto soubor\u016f cookie vypr\u0161\u00ed po kr\u00e1tk\u00e9 dob\u011b nebo kdy\u017e po pou\u017eit\u00ed na\u0161ich webov\u00fdch str\u00e1nek zav\u0159ete webov\u00fd prohl\u00ed\u017ee\u010d. Tyto soubory cookie pou\u017e\u00edv\u00e1me k va\u0161\u00ed identifikaci b\u011bhem jedn\u00e9 relace prohl\u00ed\u017een\u00ed, nap\u0159\u00edklad kdy\u017e se p\u0159ihl\u00e1s\u00edte na na\u0161e Webov\u00e9 str\u00e1nky.<\/p><p>Trval\u00fd soubor cookie z\u016fstane ve va\u0161em za\u0159\u00edzen\u00ed po stanovenou dobu uvedenou v souboru cookie. Tyto soubory cookie pou\u017e\u00edv\u00e1me v p\u0159\u00edpadech, kdy v\u00e1s pot\u0159ebujeme identifikovat po del\u0161\u00ed dobu. Trval\u00fd soubor cookie bychom nap\u0159\u00edklad pou\u017eili, pokud byste n\u00e1s po\u017e\u00e1dali, abychom v\u00e1s p\u0159ihl\u00e1sili.<br \/><br \/><\/p><h2>Jak t\u0159et\u00ed strany pou\u017e\u00edvaj\u00ed soubory cookie na\u00a0<span class=\"website_name\">Cream Deluxe<\/span>\u00a0Webov\u00e9 str\u00e1nky?<\/h2><p>Spole\u010dnosti t\u0159et\u00edch stran, jako jsou analytick\u00e9 spole\u010dnosti a reklamn\u00ed s\u00edt\u011b, obvykle pou\u017e\u00edvaj\u00ed soubory cookie ke shroma\u017e\u010fov\u00e1n\u00ed anonymn\u00edch informac\u00ed o u\u017eivatel\u00edch. Tyto informace mohou pou\u017e\u00edt k vytvo\u0159en\u00ed profilu va\u0161ich aktivit na webu.\u00a0<span class=\"website_name\">Cream Deluxe<\/span>\u00a0Webov\u00e9 str\u00e1nky a dal\u0161\u00ed webov\u00e9 str\u00e1nky, kter\u00e9 jste nav\u0161t\u00edvili.<br \/><br \/><\/p><h2>Jak\u00e9 jsou va\u0161e mo\u017enosti soubor\u016f cookie?<\/h2><p>Pokud se v\u00e1m nel\u00edb\u00ed my\u0161lenka soubor\u016f cookie nebo ur\u010dit\u00fdch typ\u016f soubor\u016f cookie, m\u016f\u017eete zm\u011bnit nastaven\u00ed prohl\u00ed\u017ee\u010de a odstranit ji\u017e nastaven\u00e9 soubory cookie a nep\u0159ij\u00edmat nov\u00e9 soubory cookie. Dal\u0161\u00ed informace o tom, jak to prov\u00e9st, naleznete na str\u00e1nk\u00e1ch n\u00e1pov\u011bdy sv\u00e9ho prohl\u00ed\u017ee\u010de.<\/p><p>Upozor\u0148ujeme v\u0161ak, \u017ee pokud soubory cookie odstran\u00edte nebo je nep\u0159ijmete, mo\u017en\u00e1 nebudete moci vyu\u017e\u00edvat v\u0161echny funkce, kter\u00e9 nab\u00edz\u00edme, nebude mo\u017en\u00e9 ulo\u017eit va\u0161e p\u0159edvolby a n\u011bkter\u00e9 na\u0161e str\u00e1nky se nemus\u00ed zobrazovat spr\u00e1vn\u011b.<\/p>\t\t\t\t\t\t<\/div>\n\t\t\t\t<\/div>\n\t\t\t\t\t<\/div>\n\t\t<\/div>\n\t\t\t\t\t<\/div>\n\t\t<\/section>\n\t\t\t\t<\/div>","protected":false},"excerpt":{"rendered":"<p>Z\u00e1sady pou\u017e\u00edv\u00e1n\u00ed soubor\u016f cookie Co jsou to soubory cookie? Soubory cookie jsou mal\u00e9 textov\u00e9 soubory, kter\u00e9 se ukl\u00e1daj\u00ed ve va\u0161em webov\u00e9m prohl\u00ed\u017ee\u010di a umo\u017e\u0148uj\u00ed spole\u010dnosti Cream Deluxe nebo t\u0159et\u00ed stran\u011b rozpoznat v\u00e1s. Soubory cookie mohou b\u00fdt pou\u017eity ke shroma\u017e\u010fov\u00e1n\u00ed, ukl\u00e1d\u00e1n\u00ed a sd\u00edlen\u00ed informac\u00ed o va\u0161ich aktivit\u00e1ch na r\u016fzn\u00fdch webov\u00fdch str\u00e1nk\u00e1ch, v\u010detn\u011b webov\u00fdch str\u00e1nek Cream Deluxe. Soubory cookie mohou b\u00fdt pou\u017eity k n\u00e1sleduj\u00edc\u00edm \u00fa\u010del\u016fm: [...]<\/p>","protected":false},"author":3022,"featured_media":0,"parent":0,"menu_order":0,"comment_status":"closed","ping_status":"closed","template":"","meta":{"_acf_changed":false,"footnotes":""},"categories":[],"tags":[],"class_list":["post-1207","page","type-page","status-publish","hentry"],"acf":[],"_links":{"self":[{"href":"https:\/\/cream-deluxe.com\/cs\/wp-json\/wp\/v2\/pages\/1207","targetHints":{"allow":["GET"]}}],"collection":[{"href":"https:\/\/cream-deluxe.com\/cs\/wp-json\/wp\/v2\/pages"}],"about":[{"href":"https:\/\/cream-deluxe.com\/cs\/wp-json\/wp\/v2\/types\/page"}],"author":[{"embeddable":true,"href":"https:\/\/cream-deluxe.com\/cs\/wp-json\/wp\/v2\/users\/3022"}],"replies":[{"embeddable":true,"href":"https:\/\/cream-deluxe.com\/cs\/wp-json\/wp\/v2\/comments?post=1207"}],"version-history":[{"count":9,"href":"https:\/\/cream-deluxe.com\/cs\/wp-json\/wp\/v2\/pages\/1207\/revisions"}],"predecessor-version":[{"id":1236,"href":"https:\/\/cream-deluxe.com\/cs\/wp-json\/wp\/v2\/pages\/1207\/revisions\/1236"}],"wp:attachment":[{"href":"https:\/\/cream-deluxe.com\/cs\/wp-json\/wp\/v2\/media?parent=1207"}],"wp:term":[{"taxonomy":"category","embeddable":true,"href":"https:\/\/cream-deluxe.com\/cs\/wp-json\/wp\/v2\/categories?post=1207"},{"taxonomy":"post_tag","embeddable":true,"href":"https:\/\/cream-deluxe.com\/cs\/wp-json\/wp\/v2\/tags?post=1207"}],"curies":[{"name":"wp","href":"https:\/\/api.w.org\/{rel}","templated":true}]}}